{"id":7875,"date":"2023-06-14T11:41:40","date_gmt":"2023-06-14T17:41:40","guid":{"rendered":"https:\/\/datos.bcs.gob.mx\/?page_id=7875"},"modified":"2023-06-14T11:41:42","modified_gmt":"2023-06-14T17:41:42","slug":"padron-de-beneficiarios-instituto-sudcaliforniano-para-la-inclusion-de-las-personas-con-discapacidad","status":"publish","type":"page","link":"https:\/\/datos.bcs.gob.mx\/?page_id=7875","title":{"rendered":"Padr\u00f3n de Beneficiarios, Instituto Sudcaliforniano para la Inclusi\u00f3n de las Personas con Discapacidad"},"content":{"rendered":"<p>Padr\u00f3n de Beneficiarios, Instituto Sudcaliforniano para la Inclusi\u00f3n de las Personas con Discapacidad<\/p>\n<div class=\"col-md-6\"><strong>Descargar<\/strong> <a class=\"btn btn-success btn-xs\" href=\"\/wp-content\/themes\/TemaSEPUIT\/assets\/images\/doc\/discapacidad\/2023\/PADRON_BENEFICIARIOS_ISIPD.xlsx\">xls<\/a> <a class=\"btn btn-primary btn-xs\" href=\"\/wp-content\/themes\/TemaSEPUIT\/assets\/images\/doc\/discapacidad\/2023\/PADRON_BENEFICIARIOS_ISIPD.csv\">csv<br \/>\n<\/a><\/div>\n<div class=\"col-md-6\" style=\"padding-bottom: 35px;\"><strong>Diccionario Descargar<\/strong> <a class=\"btn btn-success btn-xs\" href=\"#\">xls<\/a> <a class=\"btn btn-primary btn-xs\" href=\"#\">csv<br \/>\n<\/a><\/div>\n<p style=\"text-align: center;\"><span style=\"font-size: 16px;\"><strong>Metadato<\/strong><\/span><\/p>\n<table class=\"table table-striped\" style=\"width: 451px;\" cellspacing=\"0\" cellpadding=\"0\">\n<colgroup>\n<col width=\"435\" \/>\n<col width=\"545\" \/> <\/colgroup>\n<tbody>\n<tr>\n<td style=\"width: 180.8px;\" bgcolor=\"#CCCCCC\"><strong>Campo<\/strong><\/td>\n<td style=\"width: 268.2px;\" bgcolor=\"#CCCCCC\"><strong>Valor<\/strong><\/td>\n<\/tr>\n<tr>\n<td style=\"width: 180.8px;\">T\u00edtulo<\/td>\n<td style=\"width: 268.2px;\">Padr\u00f3n de Beneficiarios, Instituto Sudcaliforniano para la Inclusi\u00f3n de las Personas con Discapacidad<\/td>\n<\/tr>\n<tr>\n<td style=\"width: 180.8px;\">Descripci\u00f3n<\/td>\n<td style=\"width: 268.2px;\">Padr\u00f3n de Beneficiarios del Instituto Sudcaliforniano para la Inclusi\u00f3n de las Personas con Discapacidad<\/td>\n<\/tr>\n<tr>\n<td style=\"width: 180.8px;\">Etiquetas<\/td>\n<td style=\"width: 268.2px;\">Padrones de beneficiarios<\/td>\n<\/tr>\n<tr>\n<td style=\"width: 180.8px;\">Publicado<\/td>\n<td style=\"width: 268.2px;\">30\/03\/2023<\/td>\n<\/tr>\n<tr>\n<td style=\"width: 180.8px;\">Frecuencia de Actualizaci\u00f3n<\/td>\n<td style=\"width: 268.2px;\">Trimestral<\/td>\n<\/tr>\n<tr>\n<td style=\"width: 180.8px;\">\u00daltima modificaci\u00f3n<\/td>\n<td style=\"width: 268.2px;\">30\/04\/2023<\/td>\n<\/tr>\n<tr>\n<td style=\"width: 180.8px;\">Tema<\/td>\n<td style=\"width: 268.2px;\">Geoespacial<\/td>\n<\/tr>\n<tr>\n<td style=\"width: 180.8px;\">Nombre del Publicador<\/td>\n<td style=\"width: 268.2px;\">ISIPD<\/td>\n<\/tr>\n<tr>\n<td style=\"width: 180.8px;\">Contacto<\/td>\n<td style=\"width: 268.2px;\">Alejandro Carlos Cota Castillo<\/td>\n<\/tr>\n<tr>\n<td style=\"width: 180.8px;\">Correo electr\u00f3nico<\/td>\n<td style=\"width: 268.2px;\"><a href=\"mailto:transparenciaisipdbcs@gmail.com\">transparenciaisipdbcs@gmail.com<\/a><\/td>\n<\/tr>\n<tr>\n<td style=\"width: 180.8px;\">Nivel de acceso.<\/td>\n<td style=\"width: 268.2px;\">P\u00fablico<\/td>\n<\/tr>\n<tr>\n<td style=\"width: 180.8px;\"><\/td>\n<td style=\"width: 268.2px;\"><\/td>\n<\/tr>\n<\/tbody>\n<\/table>\n","protected":false},"excerpt":{"rendered":"<p>Padr\u00f3n de Beneficiarios, Instituto Sudcaliforniano para la Inclusi\u00f3n de las Personas con Discapacidad Descargar xls csv Diccionario Descargar xls csv Metadato Campo Valor T\u00edtulo Padr\u00f3n de Beneficiarios, Instituto Sudcaliforniano para la Inclusi\u00f3n de las Personas con Discapacidad Descripci\u00f3n Padr\u00f3n de Beneficiarios del Instituto Sudcaliforniano para la Inclusi\u00f3n de las Personas con Discapacidad Etiquetas Padrones de &hellip; <a href=\"https:\/\/datos.bcs.gob.mx\/?page_id=7875\">Continued<\/a><\/p>\n","protected":false},"author":1,"featured_media":0,"parent":0,"menu_order":0,"comment_status":"closed","ping_status":"closed","template":"templates\/barra.php","meta":{"_acf_changed":false,"footnotes":"","_links_to":"","_links_to_target":""},"class_list":["post-7875","page","type-page","status-publish","hentry","catalogo_de_datos-registro-civil"],"acf":[],"_links":{"self":[{"href":"https:\/\/datos.bcs.gob.mx\/index.php?rest_route=\/wp\/v2\/pages\/7875"}],"collection":[{"href":"https:\/\/datos.bcs.gob.mx\/index.php?rest_route=\/wp\/v2\/pages"}],"about":[{"href":"https:\/\/datos.bcs.gob.mx\/index.php?rest_route=\/wp\/v2\/types\/page"}],"author":[{"embeddable":true,"href":"https:\/\/datos.bcs.gob.mx\/index.php?rest_route=\/wp\/v2\/users\/1"}],"replies":[{"embeddable":true,"href":"https:\/\/datos.bcs.gob.mx\/index.php?rest_route=%2Fwp%2Fv2%2Fcomments&post=7875"}],"version-history":[{"count":3,"href":"https:\/\/datos.bcs.gob.mx\/index.php?rest_route=\/wp\/v2\/pages\/7875\/revisions"}],"predecessor-version":[{"id":7878,"href":"https:\/\/datos.bcs.gob.mx\/index.php?rest_route=\/wp\/v2\/pages\/7875\/revisions\/7878"}],"wp:attachment":[{"href":"https:\/\/datos.bcs.gob.mx\/index.php?rest_route=%2Fwp%2Fv2%2Fmedia&parent=7875"}],"curies":[{"name":"wp","href":"https:\/\/api.w.org\/{rel}","templated":true}]}}