{"id":7752,"date":"2019-08-23T12:16:45","date_gmt":"2019-08-23T18:16:45","guid":{"rendered":"http:\/\/datos.bcs.gob.mx\/?page_id=7752"},"modified":"2019-08-23T12:16:45","modified_gmt":"2019-08-23T18:16:45","slug":"centros-atencion-infantil","status":"publish","type":"page","link":"https:\/\/datos.bcs.gob.mx\/?page_id=7752","title":{"rendered":"Centros de Atenci\u00f3n Infantil"},"content":{"rendered":"<p>Padr\u00f3n de centros educativos publicos que brindan servicio de guarderia para hijos de trabajadores de la Secretar\u00eda de Educaci\u00f3n P\u00fablica en el Estado de Baja California Sur.<\/p>\n<div class=\"alert alert-info text-center\"><strong style=\"font-size: 20px;\">2019<\/strong><\/div>\n<div class=\"col-md-6\"><strong>Descargar<\/strong> <a class=\"btn btn-success btn-xs\" href=\"wp-content\/themes\/TemaSEPUIT\/assets\/images\/doc\/sep\/2019\/PADRON DE CENTROS DE ATENCI\u00d3N INFANTIL.xlsx\">xls<\/a> <a class=\"btn btn-primary btn-xs\" href=\"wp-content\/themes\/TemaSEPUIT\/assets\/images\/doc\/sep\/2019\/PADRON DE CENTROS DE ATENCI\u00d3N INFANTIL.csv\">csv<br \/>\n<\/a><\/div>\n<div class=\"col-md-6\" style=\"padding-bottom: 35px;\">Diccionario Descargar <a class=\"btn btn-success btn-xs\" href=\"wp-content\/themes\/TemaSEPUIT\/assets\/images\/doc\/sep\/2019\/DICCIONARIO DE CENTROS DE ATENCI\u00d3N INFANTIL.xlsx\">xls<\/a> <a class=\"btn btn-primary btn-xs\" href=\"wp-content\/themes\/TemaSEPUIT\/assets\/images\/doc\/sep\/2019\/DICCIONARIO DE CENTROS DE ATENCI\u00d3N INFANTIL.csv\">csv<\/a><\/div>\n<p style=\"text-align: center;\"><span style=\"font-size: 16px;\"><strong>Metadato<\/strong><\/span><\/p>\n<table class=\"table table-striped\" width=\"960\" cellspacing=\"0\" cellpadding=\"0\">\n<tbody>\n<tr>\n<td bgcolor=\"#CCCCCC\"><strong>Campo<\/strong><\/td>\n<td bgcolor=\"#CCCCCC\"><strong>Valor<\/strong><\/td>\n<\/tr>\n<tr>\n<td><\/td>\n<td><\/td>\n<\/tr>\n<tr>\n<td>Llave<\/td>\n<td>Descripci\u00f3n<\/td>\n<\/tr>\n<tr>\n<td width=\"398\">T\u00edtulo<\/td>\n<td width=\"508\">Padr\u00f3n de Centros de Atenci\u00f3n Infantil.<\/td>\n<\/tr>\n<tr>\n<td width=\"398\">Descripci\u00f3n<\/td>\n<td width=\"508\">Padr\u00f3n de centros educativos publicos que brindan servicio de guarderia para hijos de trabajadores de la Secretar\u00eda de Educaci\u00f3n P\u00fablica en el Estado de Baja California Sur.<\/td>\n<\/tr>\n<tr>\n<td width=\"398\">Etiquetas<\/td>\n<td width=\"508\">\u201cplantel, matricula, localidad \u201d.<\/td>\n<\/tr>\n<tr>\n<td width=\"398\">Publicado<\/td>\n<td width=\"508\">29\/03\/2019,\u00a0 09:00:00 HRS<\/td>\n<\/tr>\n<tr>\n<td width=\"398\">Frecuencia de Actualizaci\u00f3n<\/td>\n<td width=\"508\">Ciclo escolar.<\/td>\n<\/tr>\n<tr>\n<td width=\"398\">\u00daltima modificaci\u00f3n<\/td>\n<td width=\"508\">11\/02\/2019,\u00a0 10:00:00 HRS<\/td>\n<\/tr>\n<tr>\n<td width=\"398\">Tema<\/td>\n<td width=\"508\">Educaci\u00f3n.<\/td>\n<\/tr>\n<tr>\n<td width=\"398\">Nombre del Publicador<\/td>\n<td width=\"508\">Departamento de Educaci\u00f3n Inicial.<\/td>\n<\/tr>\n<tr>\n<td width=\"398\">Contacto<\/td>\n<td width=\"508\">Yadira Osiris Davis Romero.<\/td>\n<\/tr>\n<tr>\n<td width=\"398\">Correo electr\u00f3nico<\/td>\n<td width=\"508\"><a href=\"mailto:inicial@sepbcs.gob.mx\">inicial@sepbcs.gob.mx<\/a><\/td>\n<\/tr>\n<tr>\n<td width=\"398\">Identificador \u00fanico del documento en el cat\u00e1logo de la entidad.<\/td>\n<td width=\"508\">Sin clave.<\/td>\n<\/tr>\n<tr>\n<td width=\"398\">Nivel de acceso.<\/td>\n<td width=\"508\">P\u00fablico.<\/td>\n<\/tr>\n<tr>\n<td><\/td>\n<td><\/td>\n<\/tr>\n<\/tbody>\n<\/table>\n<p>&nbsp;<\/p>\n","protected":false},"excerpt":{"rendered":"<p>Padr\u00f3n de centros educativos publicos que brindan servicio de guarderia para hijos de trabajadores de la Secretar\u00eda de Educaci\u00f3n P\u00fablica en el Estado de Baja California Sur. 2019 Descargar xls csv Diccionario Descargar xls csv Metadato Campo Valor Llave Descripci\u00f3n T\u00edtulo Padr\u00f3n de Centros de Atenci\u00f3n Infantil. Descripci\u00f3n Padr\u00f3n de centros educativos publicos que brindan &hellip; <a href=\"https:\/\/datos.bcs.gob.mx\/?page_id=7752\">Continued<\/a><\/p>\n","protected":false},"author":1,"featured_media":0,"parent":0,"menu_order":0,"comment_status":"closed","ping_status":"closed","template":"templates\/barra.php","meta":{"_acf_changed":false,"footnotes":"","_links_to":"","_links_to_target":""},"class_list":["post-7752","page","type-page","status-publish","hentry","catalogo_de_datos-educacion"],"acf":[],"_links":{"self":[{"href":"https:\/\/datos.bcs.gob.mx\/index.php?rest_route=\/wp\/v2\/pages\/7752"}],"collection":[{"href":"https:\/\/datos.bcs.gob.mx\/index.php?rest_route=\/wp\/v2\/pages"}],"about":[{"href":"https:\/\/datos.bcs.gob.mx\/index.php?rest_route=\/wp\/v2\/types\/page"}],"author":[{"embeddable":true,"href":"https:\/\/datos.bcs.gob.mx\/index.php?rest_route=\/wp\/v2\/users\/1"}],"replies":[{"embeddable":true,"href":"https:\/\/datos.bcs.gob.mx\/index.php?rest_route=%2Fwp%2Fv2%2Fcomments&post=7752"}],"version-history":[{"count":3,"href":"https:\/\/datos.bcs.gob.mx\/index.php?rest_route=\/wp\/v2\/pages\/7752\/revisions"}],"predecessor-version":[{"id":7756,"href":"https:\/\/datos.bcs.gob.mx\/index.php?rest_route=\/wp\/v2\/pages\/7752\/revisions\/7756"}],"wp:attachment":[{"href":"https:\/\/datos.bcs.gob.mx\/index.php?rest_route=%2Fwp%2Fv2%2Fmedia&parent=7752"}],"curies":[{"name":"wp","href":"https:\/\/api.w.org\/{rel}","templated":true}]}}