{"id":7445,"date":"2018-12-07T13:33:07","date_gmt":"2018-12-07T19:33:07","guid":{"rendered":"http:\/\/datos.bcs.gob.mx\/?page_id=7445"},"modified":"2024-09-10T14:33:15","modified_gmt":"2024-09-10T20:33:15","slug":"catalogo-estatal-tramites-servicios","status":"publish","type":"page","link":"https:\/\/datos.bcs.gob.mx\/?page_id=7445","title":{"rendered":"Cat\u00e1logo de Tr\u00e1mites y Servicios del Estado de Baja California Sur"},"content":{"rendered":"<p>Cat\u00e1logo Estatal de Tr\u00e1mites y Servicios en el Estado de Baja California Sur<\/p>\n<div class=\"col-md-6\"><strong>Descargar<\/strong> <a class=\"btn btn-success btn-xs\" href=\"wp-content\/themes\/TemaSEPUIT\/assets\/images\/doc\/politicas_publicas\/CONAMER_BD tr\u00e1mites y servicios_BCS.xlsx\">xls<\/a> <a class=\"btn btn-primary btn-xs\" href=\"wp-content\/themes\/TemaSEPUIT\/assets\/images\/doc\/politicas_publicas\/CONAMER_BD tr\u00e1mites y servicios_BCS.csv\">csv<br \/>\n<\/a><\/div>\n<div class=\"col-md-6\" style=\"padding-bottom: 35px;\"><strong>Diccionario Descargar<\/strong> <a class=\"btn btn-success btn-xs\" href=\"wp-content\/themes\/TemaSEPUIT\/assets\/images\/doc\/politicas_publicas\/direcinario_catalogo_tramites_servicios.xlsx\">xls<\/a> <a class=\"btn btn-primary btn-xs\" href=\"wp-content\/themes\/TemaSEPUIT\/assets\/images\/doc\/politicas_publicas\/direcinario_catalogo_tramites_servicios.csv\">csv<\/a><\/div>\n<p style=\"text-align: center;\"><span style=\"font-size: 16px;\"><strong>Metadato<\/strong><\/span><\/p>\n<table class=\"table table-striped\" width=\"816\" cellspacing=\"0\" cellpadding=\"0\">\n<tbody>\n<tr>\n<td bgcolor=\"#CCCCCC\"><strong>Campo<\/strong><\/td>\n<td bgcolor=\"#CCCCCC\"><strong>Valor<\/strong><\/td>\n<\/tr>\n<tr>\n<td width=\"343\">T\u00edtulo<\/td>\n<td width=\"336\">Cat\u00e1logo Estatal de Tr\u00e1mites y Servicios<\/td>\n<\/tr>\n<tr>\n<td width=\"343\">Descripci\u00f3n<\/td>\n<td width=\"336\">Cat\u00e1logo Estatal de Tr\u00e1mites y Servicios en el Estado de Baja California Sur<\/td>\n<\/tr>\n<tr>\n<td width=\"343\">Etiquetas<\/td>\n<td width=\"336\">&#8220;cat\u00e1logo&#8221;,&#8221;tr\u00e1mites&#8221;, &#8220;servicios&#8221;<\/td>\n<\/tr>\n<tr>\n<td width=\"343\">Publicado<\/td>\n<td width=\"336\">02\/09\/2024, 13:00:00 HRS<\/td>\n<\/tr>\n<tr>\n<td width=\"343\">Frecuencia de Actualizaci\u00f3n<\/td>\n<td width=\"336\">Anual<\/td>\n<\/tr>\n<tr>\n<td width=\"343\">\u00daltima modificaci\u00f3n<\/td>\n<td width=\"336\">02\/09\/2024, 13:00:00 HRS<\/td>\n<\/tr>\n<tr>\n<td width=\"343\">Tema<\/td>\n<td width=\"336\">Estad\u00edstico<\/td>\n<\/tr>\n<tr>\n<td width=\"343\">Nombre del Publicador<\/td>\n<td width=\"336\">Jefatura de la Oficina del Ejecutivo.<\/td>\n<\/tr>\n<tr>\n<td width=\"343\">Contacto<\/td>\n<td width=\"336\">Juan Ramon Rojas Ar\u00edpez<\/td>\n<\/tr>\n<tr>\n<td width=\"343\">Correo electr\u00f3nico<\/td>\n<td width=\"336\"><a href=\"mailto:juan.rojas@bcs.gob.mx\">juan.rojas@bcs.gob.mx<\/a><\/td>\n<\/tr>\n<tr>\n<td width=\"343\">Identificador \u00fanico del documento en el cat\u00e1logo de la entidad.<\/td>\n<td width=\"336\">BCS-CETS-TYS01<\/td>\n<\/tr>\n<tr>\n<td width=\"343\">Nivel de acceso.<\/td>\n<td width=\"336\">P\u00fablico<\/td>\n<\/tr>\n<\/tbody>\n<\/table>\n","protected":false},"excerpt":{"rendered":"<p>Cat\u00e1logo Estatal de Tr\u00e1mites y Servicios en el Estado de Baja California Sur Descargar xls csv Diccionario Descargar xls csv Metadato Campo Valor T\u00edtulo Cat\u00e1logo Estatal de Tr\u00e1mites y Servicios Descripci\u00f3n Cat\u00e1logo Estatal de Tr\u00e1mites y Servicios en el Estado de Baja California Sur Etiquetas &#8220;cat\u00e1logo&#8221;,&#8221;tr\u00e1mites&#8221;, &#8220;servicios&#8221; Publicado 02\/09\/2024, 13:00:00 HRS Frecuencia de Actualizaci\u00f3n Anual &hellip; <a href=\"https:\/\/datos.bcs.gob.mx\/?page_id=7445\">Continued<\/a><\/p>\n","protected":false},"author":1,"featured_media":0,"parent":0,"menu_order":0,"comment_status":"closed","ping_status":"closed","template":"templates\/barra.php","meta":{"_acf_changed":false,"footnotes":"","_links_to":"","_links_to_target":""},"class_list":["post-7445","page","type-page","status-publish","hentry","catalogo_de_datos-politicas-publicas"],"acf":[],"_links":{"self":[{"href":"https:\/\/datos.bcs.gob.mx\/index.php?rest_route=\/wp\/v2\/pages\/7445"}],"collection":[{"href":"https:\/\/datos.bcs.gob.mx\/index.php?rest_route=\/wp\/v2\/pages"}],"about":[{"href":"https:\/\/datos.bcs.gob.mx\/index.php?rest_route=\/wp\/v2\/types\/page"}],"author":[{"embeddable":true,"href":"https:\/\/datos.bcs.gob.mx\/index.php?rest_route=\/wp\/v2\/users\/1"}],"replies":[{"embeddable":true,"href":"https:\/\/datos.bcs.gob.mx\/index.php?rest_route=%2Fwp%2Fv2%2Fcomments&post=7445"}],"version-history":[{"count":7,"href":"https:\/\/datos.bcs.gob.mx\/index.php?rest_route=\/wp\/v2\/pages\/7445\/revisions"}],"predecessor-version":[{"id":7891,"href":"https:\/\/datos.bcs.gob.mx\/index.php?rest_route=\/wp\/v2\/pages\/7445\/revisions\/7891"}],"wp:attachment":[{"href":"https:\/\/datos.bcs.gob.mx\/index.php?rest_route=%2Fwp%2Fv2%2Fmedia&parent=7445"}],"curies":[{"name":"wp","href":"https:\/\/api.w.org\/{rel}","templated":true}]}}