{"id":7428,"date":"2018-11-28T14:25:47","date_gmt":"2018-11-28T20:25:47","guid":{"rendered":"http:\/\/datos.bcs.gob.mx\/?page_id=7428"},"modified":"2018-12-10T15:10:17","modified_gmt":"2018-12-10T21:10:17","slug":"padron-depositos-reglamentos-interiores-trabajo-2018","status":"publish","type":"page","link":"https:\/\/datos.bcs.gob.mx\/?page_id=7428","title":{"rendered":"Dep\u00f3sitos de Reglamentos Interiores de Trabajo 2018"},"content":{"rendered":"<p><\/br><br \/>\nMuestra el n\u00famero de Depositos de Reglamentos Interiores de Trabajo ante la Junta Local de Conciliaci\u00f3n y Arbitraje.<br \/>\n<\/br><\/p>\n<div class=\"col-md-6\"><strong>Descargar<\/strong> <a class=\"btn btn-success btn-xs\" href=\"wp-content\/themes\/TemaSEPUIT\/assets\/images\/doc\/desarrollo\/sria_trabajo\/2018\/PADRON DE DEPOSITOS REGLAMENTOS INTER 2018.xlsx\">xls<\/a> <a class=\"btn btn-primary btn-xs\" href=\"wp-content\/themes\/TemaSEPUIT\/assets\/images\/doc\/desarrollo\/sria_trabajo\/2018\/PADRON DE DEPOSITOS REGLAMENTOS INTER 2018.csv\">csv<br \/>\n<\/a><\/div>\n<div class=\"col-md-6\" style=\"padding-bottom: 35px;\">Diccionario Descargar <a class=\"btn btn-success btn-xs\" href=\"wp-content\/themes\/TemaSEPUIT\/assets\/images\/doc\/desarrollo\/sria_trabajo\/2018\/DICCIONARIO_PADRON DE DEPOSITOS REGLAMENTOS INTER 2018.xlsx\">xls<\/a> <a class=\"btn btn-primary btn-xs\" href=\"wp-content\/themes\/TemaSEPUIT\/assets\/images\/doc\/desarrollo\/sria_trabajo\/2018\/DICCIONARIO_PADRON DE DEPOSITOS REGLAMENTOS INTER 2018.csv\">csv<\/a><\/div>\n<p style=\"text-align: center;\"><span style=\"font-size: 16px;\"><strong>Metadato<\/strong><\/span><\/p>\n<table class=\"table table-striped\" width=\"960\" cellspacing=\"0\" cellpadding=\"0\">\n<tbody>\n<tr>\n<td bgcolor=\"#CCCCCC\"><strong>Campo<\/strong><\/td>\n<td bgcolor=\"#CCCCCC\"><strong>Valor<\/strong><\/td>\n<\/tr>\n<tr>\n<td width=\"399\">T\u00edtulo<\/td>\n<td width=\"751\">Padr\u00f3n de Dep\u00f3sitos de Reglamentos Interiores de Trabajo 2018<\/td>\n<\/tr>\n<tr>\n<td width=\"399\">Descripci\u00f3n<\/td>\n<td width=\"751\">Muestra el n\u00famero de Depositos de Reglamentos Interiores de Trabajo ante la Junta Local de Conciliaci\u00f3n y Arbitraje.<\/td>\n<\/tr>\n<tr>\n<td width=\"399\">Etiquetas<\/td>\n<td width=\"751\">\u201cdep\u00f3sitos, reglamentos,interiores, de trabajo, junta local de conciliaci\u00f3n y arbitraje,&#8221;.<\/td>\n<\/tr>\n<tr>\n<td width=\"399\">Publicado<\/td>\n<td width=\"751\">01\/01\/2018,\u00a0 11:03:00 HRS<\/td>\n<\/tr>\n<tr>\n<td width=\"399\">Frecuencia de Actualizaci\u00f3n<\/td>\n<td width=\"751\">Anual<\/td>\n<\/tr>\n<tr>\n<td width=\"399\">\u00daltima modificaci\u00f3n<\/td>\n<td width=\"751\">01\/01\/2018,\u00a0 11:03:00 HRS<\/td>\n<\/tr>\n<tr>\n<td width=\"399\">Tema<\/td>\n<td width=\"751\">Geoespacial<\/td>\n<\/tr>\n<tr>\n<td width=\"399\">Nombre del Publicador<\/td>\n<td width=\"751\">Secretar\u00eda del Trabajo y Desarrollo Social<\/td>\n<\/tr>\n<tr>\n<td width=\"399\">Contacto<\/td>\n<td width=\"751\">Yolanda Guadalupe Le\u00f3n Castro<\/td>\n<\/tr>\n<tr>\n<td width=\"399\">Correo electr\u00f3nico<\/td>\n<td width=\"751\"><a href=\"mailto:yolandaleon269@hotmail.com\">yolandaleon269@hotmail.com<\/a><\/td>\n<\/tr>\n<tr>\n<td width=\"399\">Identificador \u00fanico del documento en el cat\u00e1logo de la entidad.<\/td>\n<td width=\"751\">BCS-STDS-JLCYA003<\/td>\n<\/tr>\n<tr>\n<td width=\"399\">Nivel de acceso.<\/td>\n<td width=\"751\">P\u00fablico<\/td>\n<\/tr>\n<\/tbody>\n<\/table>\n","protected":false},"excerpt":{"rendered":"<p>Muestra el n\u00famero de Depositos de Reglamentos Interiores de Trabajo ante la Junta Local de Conciliaci\u00f3n y Arbitraje. Descargar xls csv Diccionario Descargar xls csv Metadato Campo Valor T\u00edtulo Padr\u00f3n de Dep\u00f3sitos de Reglamentos Interiores de Trabajo 2018 Descripci\u00f3n Muestra el n\u00famero de Depositos de Reglamentos Interiores de Trabajo ante la Junta Local de Conciliaci\u00f3n &hellip; <a href=\"https:\/\/datos.bcs.gob.mx\/?page_id=7428\">Continued<\/a><\/p>\n","protected":false},"author":1,"featured_media":0,"parent":0,"menu_order":0,"comment_status":"closed","ping_status":"closed","template":"templates\/barra.php","meta":{"_acf_changed":false,"footnotes":"","_links_to":"","_links_to_target":""},"class_list":["post-7428","page","type-page","status-publish","hentry","catalogo_de_datos-sria-trabajo"],"acf":[],"_links":{"self":[{"href":"https:\/\/datos.bcs.gob.mx\/index.php?rest_route=\/wp\/v2\/pages\/7428"}],"collection":[{"href":"https:\/\/datos.bcs.gob.mx\/index.php?rest_route=\/wp\/v2\/pages"}],"about":[{"href":"https:\/\/datos.bcs.gob.mx\/index.php?rest_route=\/wp\/v2\/types\/page"}],"author":[{"embeddable":true,"href":"https:\/\/datos.bcs.gob.mx\/index.php?rest_route=\/wp\/v2\/users\/1"}],"replies":[{"embeddable":true,"href":"https:\/\/datos.bcs.gob.mx\/index.php?rest_route=%2Fwp%2Fv2%2Fcomments&post=7428"}],"version-history":[{"count":4,"href":"https:\/\/datos.bcs.gob.mx\/index.php?rest_route=\/wp\/v2\/pages\/7428\/revisions"}],"predecessor-version":[{"id":7481,"href":"https:\/\/datos.bcs.gob.mx\/index.php?rest_route=\/wp\/v2\/pages\/7428\/revisions\/7481"}],"wp:attachment":[{"href":"https:\/\/datos.bcs.gob.mx\/index.php?rest_route=%2Fwp%2Fv2%2Fmedia&parent=7428"}],"curies":[{"name":"wp","href":"https:\/\/api.w.org\/{rel}","templated":true}]}}