{"id":7252,"date":"2018-10-22T09:45:50","date_gmt":"2018-10-22T15:45:50","guid":{"rendered":"http:\/\/datos.bcs.gob.mx\/?page_id=7252"},"modified":"2018-12-11T13:34:45","modified_gmt":"2018-12-11T19:34:45","slug":"padron-traslados-personas-discapacidad-2017","status":"publish","type":"page","link":"https:\/\/datos.bcs.gob.mx\/?page_id=7252","title":{"rendered":"Traslados de Personas con Discapacidad 2017"},"content":{"rendered":"<p><\/br><br \/>\nListado de las personas beneficiadas con los traslados que se otorgan en las oficinas del Instituto Sudcaliforniano para la Inclusi\u00f3n de las Personas con Discapacidad en 2017<br \/>\n<\/br><\/p>\n<div class=\"col-md-6\"><strong>Descargar<\/strong> <span class=\"glyphicon glyphicon-download-alt\"><\/span> <a class=\"btn btn-success btn-xs\" href=\"wp-content\/themes\/TemaSEPUIT\/assets\/images\/doc\/discapacidad\/2017\/PADRON TRASLADOS DISCAPACIDAD 2017.xlsx\">xls<\/a> <a class=\"btn btn-primary btn-xs\" href=\"wp-content\/themes\/TemaSEPUIT\/assets\/images\/doc\/discapacidad\/2016\/PADRON TRASLADOS DISCAPACIDAD 2017.csv\">csv<br \/>\n<\/a><\/div>\n<div style=\"padding-bottom:35px\" class=\"col-md-6\"><strong>Diccionario Descargar<\/strong> <span class=\"glyphicon glyphicon-download-alt\"><\/span>  <a class=\"btn btn-success btn-xs\" href=\"wp-content\/themes\/TemaSEPUIT\/assets\/images\/doc\/discapacidad\/2017\/DICCIONARIO_PADRON TRASLADOS DISCAPACIDAD 2017.xlsx\">xls<\/a> <a class=\"btn btn-primary btn-xs\" href=\"wp-content\/themes\/TemaSEPUIT\/assets\/images\/doc\/discapacidad\/2017\/DICCIONARIO_PADRON TRASLADOS DISCAPACIDAD 2017.csv\">csv<\/a><\/div>\n<p style=\"text-align: center;\"><span style=\"font-size: 16px;\"><strong>Metadato<\/strong><\/span><\/p>\n<table class=\"table table-striped\" width=\"960\" cellspacing=\"0\" cellpadding=\"0\">\n<tbody>\n<tr>\n<td bgcolor=\"#CCCCCC\"><strong>Campo<\/strong><\/td>\n<td bgcolor=\"#CCCCCC\"><strong>Valor<\/strong><\/td>\n<\/tr>\n<tr>\n<td width=\"399\">T\u00edtulo<\/td>\n<td width=\"751\">Padr\u00f3n de    Traslados de Personas con Discapacidad 2017<\/td>\n<\/tr>\n<tr>\n<td width=\"399\">Descripci\u00f3n<\/td>\n<td width=\"751\">Listado    de las personas beneficiadas con los traslados que se otorgan en las oficinas    del Instituto Sudcaliforniano para la Inclusi\u00f3n de las Personas con    Discapacidad en 2017<\/td>\n<\/tr>\n<tr>\n<td width=\"399\">Etiquetas<\/td>\n<td width=\"751\">&ldquo;traslados,    discapacidad, inclusion&quot;.<\/td>\n<\/tr>\n<tr>\n<td width=\"399\">Publicado<\/td>\n<td width=\"751\">01\/01\/2018,  11:03:00 HRS<\/td>\n<\/tr>\n<tr>\n<td width=\"399\">Frecuencia de Actualizaci\u00f3n<\/td>\n<td width=\"751\">Anual<\/td>\n<\/tr>\n<tr>\n<td width=\"399\">\u00daltima modificaci\u00f3n<\/td>\n<td width=\"751\">01\/01\/2018,  11:03:00 HRS<\/td>\n<\/tr>\n<tr>\n<td width=\"399\">Tema<\/td>\n<td width=\"751\">Geoespacial<\/td>\n<\/tr>\n<tr>\n<td width=\"399\">Nombre del Publicador<\/td>\n<td width=\"751\">Secretar\u00eda    del Trabajo y Desarrollo Social<\/td>\n<\/tr>\n<tr>\n<td width=\"399\">Contacto<\/td>\n<td width=\"751\">Yolanda    Guadalupe Le\u00f3n Castro<\/td>\n<\/tr>\n<tr>\n<td width=\"399\">Correo electr\u00f3nico <\/td>\n<td width=\"751\"><a href=\"mailto:yolandaleon269@hotmail.com\">yolandaleon269@hotmail.com<\/a><\/td>\n<\/tr>\n<tr>\n<td width=\"399\">Identificador \u00fanico del documento en el cat\u00e1logo de la    entidad. <\/td>\n<td width=\"751\">BCS-STDS-ISIPD003<\/td>\n<\/tr>\n<tr>\n<td width=\"399\">Nivel de acceso. <\/td>\n<td width=\"751\">P\u00fablico<\/td>\n<\/tr>\n<\/table>\n","protected":false},"excerpt":{"rendered":"<p>Listado de las personas beneficiadas con los traslados que se otorgan en las oficinas del Instituto Sudcaliforniano para la Inclusi\u00f3n de las Personas con Discapacidad en 2017 Descargar xls csv Diccionario Descargar xls csv Metadato Campo Valor T\u00edtulo Padr\u00f3n de Traslados de Personas con Discapacidad 2017 Descripci\u00f3n Listado de las personas beneficiadas con los traslados &hellip; <a href=\"https:\/\/datos.bcs.gob.mx\/?page_id=7252\">Continued<\/a><\/p>\n","protected":false},"author":1,"featured_media":0,"parent":0,"menu_order":0,"comment_status":"closed","ping_status":"closed","template":"templates\/barra.php","meta":{"_acf_changed":false,"footnotes":"","_links_to":"","_links_to_target":""},"class_list":["post-7252","page","type-page","status-publish","hentry","catalogo_de_datos-sria-trabajo"],"acf":[],"_links":{"self":[{"href":"https:\/\/datos.bcs.gob.mx\/index.php?rest_route=\/wp\/v2\/pages\/7252"}],"collection":[{"href":"https:\/\/datos.bcs.gob.mx\/index.php?rest_route=\/wp\/v2\/pages"}],"about":[{"href":"https:\/\/datos.bcs.gob.mx\/index.php?rest_route=\/wp\/v2\/types\/page"}],"author":[{"embeddable":true,"href":"https:\/\/datos.bcs.gob.mx\/index.php?rest_route=\/wp\/v2\/users\/1"}],"replies":[{"embeddable":true,"href":"https:\/\/datos.bcs.gob.mx\/index.php?rest_route=%2Fwp%2Fv2%2Fcomments&post=7252"}],"version-history":[{"count":6,"href":"https:\/\/datos.bcs.gob.mx\/index.php?rest_route=\/wp\/v2\/pages\/7252\/revisions"}],"predecessor-version":[{"id":7547,"href":"https:\/\/datos.bcs.gob.mx\/index.php?rest_route=\/wp\/v2\/pages\/7252\/revisions\/7547"}],"wp:attachment":[{"href":"https:\/\/datos.bcs.gob.mx\/index.php?rest_route=%2Fwp%2Fv2%2Fmedia&parent=7252"}],"curies":[{"name":"wp","href":"https:\/\/api.w.org\/{rel}","templated":true}]}}