{"id":6707,"date":"2018-10-02T12:36:56","date_gmt":"2018-10-02T18:36:56","guid":{"rendered":"http:\/\/datos.bcs.gob.mx\/?page_id=6707"},"modified":"2019-08-28T11:36:02","modified_gmt":"2019-08-28T17:36:02","slug":"padron-escuelas-ninos-migrantes","status":"publish","type":"page","link":"https:\/\/datos.bcs.gob.mx\/?page_id=6707","title":{"rendered":"ESCUELAS PARA NI\u00d1OS MIGRANTES (NIVEL PREESCOLAR Y PRIMARIA)"},"content":{"rendered":"<p>Padr\u00f3n de escuelas para atenci\u00f3n de ni\u00f1os migrantes que cursan su educaci\u00f3n en los niveles de preescolar y primaria en los campos agr\u00edcolas del Estado de Baja California Sur.<br \/>\n<ul class=\"nav nav-tabs\" id=\"\"><li class=\"active\"><a href=\"#custom-tab-0-ea6b2efbdd4255a9f1b3bbc6399b58f4\" data-toggle=\"tab\" >2019<\/a><\/li><li><a href=\"#custom-tab-0-84ddfb34126fc3a48ee38d7044e87276\" data-toggle=\"tab\" >2018<\/a><\/li><\/ul><div class=\"tab-content\">\n    <div id=\"custom-tab-0-ea6b2efbdd4255a9f1b3bbc6399b58f4\" class=\"tab-pane active\">\n<div class=\"alert alert-info text-center\"><strong style=\"font-size: 20px;\">2019<\/strong><\/div>\n<div class=\"col-md-6\"><strong>Descargar<\/strong> <a class=\"btn btn-success btn-xs\" href=\"wp-content\/themes\/TemaSEPUIT\/assets\/images\/doc\/sep\/2019\/Padron escuelas ni\u00f1os migrantes.xlsx\">xls<\/a> <a class=\"btn btn-primary btn-xs\" href=\"wp-content\/themes\/TemaSEPUIT\/assets\/images\/doc\/sep\/2019\/Padron escuelas ni\u00f1os migrantes.csv\">csv<br \/>\n<\/a><\/div>\n<div class=\"col-md-6\" style=\"padding-bottom: 35px;\"><strong>Diccionario Descargar<\/strong> <a class=\"btn btn-success btn-xs\" href=\"wp-content\/themes\/TemaSEPUIT\/assets\/images\/doc\/sep\/2018\/Diccionario de datos Padron escuela ni\u00f1os migrantes.xlsx\">xls<\/a> <a class=\"btn btn-primary btn-xs\" href=\"wp-content\/themes\/TemaSEPUIT\/assets\/images\/doc\/sep\/2018\/Diccionario de datos Padron escuela ni\u00f1os migrantes.csv\">csv<\/a><\/div>\n<p style=\"text-align: center;\"><span style=\"font-size: 16px;\"><strong>Metadato<\/strong><\/span><\/p>\n<table class=\"table table-striped\" width=\"960\" cellspacing=\"0\" cellpadding=\"0\">\n<tbody>\n<tr>\n<td bgcolor=\"#CCCCCC\"><strong>Campo<\/strong><\/td>\n<td bgcolor=\"#CCCCCC\"><strong>Valor<\/strong><\/td>\n<\/tr>\n<tr>\n<td width=\"287\">Descripci\u00f3n<\/td>\n<td width=\"337\">Padr\u00f3n de escuelas para atenci\u00f3n de ni\u00f1os migrantes que cursan su educaci\u00f3n en los niveles de preescolar y primaria en los campos agr\u00edcolas del Estado de Baja California Sur.<\/td>\n<\/tr>\n<tr>\n<td width=\"287\">Etiquetas<\/td>\n<td width=\"337\">escuela, matricula, localidad.<\/td>\n<\/tr>\n<tr>\n<td width=\"287\">Publicado<\/td>\n<td width=\"337\">29\/03\/2019,  15:00:00 HRS.<\/td>\n<\/tr>\n<tr>\n<td width=\"287\">Frecuencia de Actualizaci\u00f3n<\/td>\n<td width=\"337\">Ciclo escolar.<\/td>\n<\/tr>\n<tr>\n<td width=\"287\">\u00daltima modificaci\u00f3n<\/td>\n<td width=\"337\">19\/02\/2019,  12:00:00 HRS.<\/td>\n<\/tr>\n<tr>\n<td width=\"287\">Tema<\/td>\n<td width=\"337\">Educaci\u00f3n.<\/td>\n<\/tr>\n<tr>\n<td width=\"287\">Nombre del Publicador<\/td>\n<td width=\"337\">Coordinaci\u00f3n de Atenci\u00f3n a la Ni\u00f1ez Indigena y Migrante.<\/td>\n<\/tr>\n<tr>\n<td width=\"287\">Contacto<\/td>\n<td width=\"337\">Jorge Espinoza Hern\u00e1ndez.<\/td>\n<\/tr>\n<tr>\n<td width=\"287\">Correo electr\u00f3nico<\/td>\n<td width=\"337\"><a href=\"mailto:migrantes@sepbcs.gob.mx\">migrantes@sepbcs.gob.mx<\/a><\/td>\n<\/tr>\n<tr>\n<td width=\"287\">Identificador \u00fanico del documento en el cat\u00e1logo de la entidad.<\/td>\n<td width=\"337\">Sin clave.<\/td>\n<\/tr>\n<tr>\n<td width=\"287\">Nivel de acceso.<\/td>\n<td width=\"337\">P\u00fablico.<\/td>\n<\/tr>\n<\/tbody>\n<\/table>\n<\/div>\n<div id=\"custom-tab-0-84ddfb34126fc3a48ee38d7044e87276\" class=\"tab-pane\">\n<div class=\"alert alert-success text-center\"><strong style=\"font-size: 14px;\">2018<\/strong><\/div>\n<div class=\"col-md-6\"><strong>Descargar<\/strong> <a class=\"btn btn-success btn-xs\" href=\"wp-content\/themes\/TemaSEPUIT\/assets\/images\/doc\/sep\/2018\/Padron escuelas ni\u00f1os migrantes.xlsx\">xls<\/a> <a class=\"btn btn-primary btn-xs\" href=\"wp-content\/themes\/TemaSEPUIT\/assets\/images\/doc\/sep\/2018\/Padron escuelas ni\u00f1os migrantes.csv\">csv<br \/>\n<\/a><\/div>\n<div class=\"col-md-6\" style=\"padding-bottom: 35px;\"><strong>Diccionario Descargar<\/strong> <a class=\"btn btn-success btn-xs\" href=\"wp-content\/themes\/TemaSEPUIT\/assets\/images\/doc\/sep\/2018\/Diccionario de datos Padron escuela ni\u00f1os migrantes.xlsx\">xls<\/a> <a class=\"btn btn-primary btn-xs\" href=\"wp-content\/themes\/TemaSEPUIT\/assets\/images\/doc\/sep\/2018\/Diccionario de datos Padron escuela ni\u00f1os migrantes.csv\">csv<\/a><\/div>\n<p style=\"text-align: center;\"><span style=\"font-size: 16px;\"><strong>Metadato<\/strong><\/span><\/p>\n<table class=\"table table-striped\" width=\"960\" cellspacing=\"0\" cellpadding=\"0\">\n<tbody>\n<tr>\n<td bgcolor=\"#CCCCCC\"><strong>Campo<\/strong><\/td>\n<td bgcolor=\"#CCCCCC\"><strong>Valor<\/strong><\/td>\n<\/tr>\n<tr>\n<td width=\"287\">Descripci\u00f3n<\/td>\n<td width=\"337\">Padr\u00f3n de escuelas para atenci\u00f3n de ni\u00f1os migrantes que cursan su educaci\u00f3n en los niveles de preescolar y primaria en los campos agr\u00edcolas del Estado de Baja California Sur.<\/td>\n<\/tr>\n<tr>\n<td width=\"287\">Etiquetas<\/td>\n<td width=\"337\">escuela, matricula, localidad.<\/td>\n<\/tr>\n<tr>\n<td width=\"287\">Publicado<\/td>\n<td width=\"337\">29\/03\/2018,  15:00:00 HRS.<\/td>\n<\/tr>\n<tr>\n<td width=\"287\">Frecuencia de Actualizaci\u00f3n<\/td>\n<td width=\"337\">Ciclo escolar.<\/td>\n<\/tr>\n<tr>\n<td width=\"287\">\u00daltima modificaci\u00f3n<\/td>\n<td width=\"337\">19\/02\/2019,  12:00:00 HRS.<\/td>\n<\/tr>\n<tr>\n<td width=\"287\">Tema<\/td>\n<td width=\"337\">Educaci\u00f3n.<\/td>\n<\/tr>\n<tr>\n<td width=\"287\">Nombre del Publicador<\/td>\n<td width=\"337\">Coordinaci\u00f3n de Atenci\u00f3n a la Ni\u00f1ez Indigena y Migrante.<\/td>\n<\/tr>\n<tr>\n<td width=\"287\">Contacto<\/td>\n<td width=\"337\">Jorge Espinoza Hern\u00e1ndez.<\/td>\n<\/tr>\n<tr>\n<td width=\"287\">Correo electr\u00f3nico<\/td>\n<td width=\"337\"><a href=\"mailto:migrantes@sepbcs.gob.mx\">migrantes@sepbcs.gob.mx<\/a><\/td>\n<\/tr>\n<tr>\n<td width=\"287\">Identificador \u00fanico del documento en el cat\u00e1logo de la entidad.<\/td>\n<td width=\"337\">Sin clave.<\/td>\n<\/tr>\n<tr>\n<td width=\"287\">Nivel de acceso.<\/td>\n<td width=\"337\">P\u00fablico.<\/td>\n<\/tr>\n<\/tbody>\n<\/table>\n<\/div>\n<\/div>\n","protected":false},"excerpt":{"rendered":"<p>Padr\u00f3n de escuelas para atenci\u00f3n de ni\u00f1os migrantes que cursan su educaci\u00f3n en los niveles de preescolar y primaria en los campos agr\u00edcolas del Estado de Baja California Sur.<\/p>\n","protected":false},"author":1,"featured_media":0,"parent":0,"menu_order":0,"comment_status":"closed","ping_status":"closed","template":"templates\/barra.php","meta":{"_acf_changed":false,"footnotes":"","_links_to":"","_links_to_target":""},"class_list":["post-6707","page","type-page","status-publish","hentry","catalogo_de_datos-educacion"],"acf":[],"_links":{"self":[{"href":"https:\/\/datos.bcs.gob.mx\/index.php?rest_route=\/wp\/v2\/pages\/6707"}],"collection":[{"href":"https:\/\/datos.bcs.gob.mx\/index.php?rest_route=\/wp\/v2\/pages"}],"about":[{"href":"https:\/\/datos.bcs.gob.mx\/index.php?rest_route=\/wp\/v2\/types\/page"}],"author":[{"embeddable":true,"href":"https:\/\/datos.bcs.gob.mx\/index.php?rest_route=\/wp\/v2\/users\/1"}],"replies":[{"embeddable":true,"href":"https:\/\/datos.bcs.gob.mx\/index.php?rest_route=%2Fwp%2Fv2%2Fcomments&post=6707"}],"version-history":[{"count":17,"href":"https:\/\/datos.bcs.gob.mx\/index.php?rest_route=\/wp\/v2\/pages\/6707\/revisions"}],"predecessor-version":[{"id":7772,"href":"https:\/\/datos.bcs.gob.mx\/index.php?rest_route=\/wp\/v2\/pages\/6707\/revisions\/7772"}],"wp:attachment":[{"href":"https:\/\/datos.bcs.gob.mx\/index.php?rest_route=%2Fwp%2Fv2%2Fmedia&parent=6707"}],"curies":[{"name":"wp","href":"https:\/\/api.w.org\/{rel}","templated":true}]}}