{"id":6695,"date":"2018-10-02T09:01:57","date_gmt":"2018-10-02T15:01:57","guid":{"rendered":"http:\/\/datos.bcs.gob.mx\/?page_id=6695"},"modified":"2018-10-29T13:35:16","modified_gmt":"2018-10-29T19:35:16","slug":"padron-valoraciones-psicologicas-septiembre-2017-agosto-2018","status":"publish","type":"page","link":"https:\/\/datos.bcs.gob.mx\/?page_id=6695","title":{"rendered":"SEGUIMIENTO A REPORTES DE NI\u00d1AS, NI\u00d1OS Y ADOLESCENTES EN SITUACI\u00d3N DE RIESGO Y VULNERABILIDAD A TRAV\u00c9S VALORACIONES PSICOL\u00d3GICAS"},"content":{"rendered":"<p><\/br><br \/>\nPadr\u00f3n de Valoraciones  Psicol\u00f3gicas Septiembre 2017-AGOSTO 2018<br \/>\n<\/br><\/p>\n<div class=\"col-md-6\"><strong>Descargar<\/strong> <span class=\"glyphicon glyphicon-download-alt\"><\/span> <a class=\"btn btn-success btn-xs\" href=\"wp-content\/themes\/TemaSEPUIT\/assets\/images\/doc\/sedif\/PADRON DE VALORACIONES PSICOL\u00d3GICAS SEPTIEMBRE 2017-AGOSTO 2018.xlsx\">xls<\/a> <a class=\"btn btn-primary btn-xs\" href=\"wp-content\/themes\/TemaSEPUIT\/assets\/images\/doc\/sedif\/PADRON DE VALORACIONES PSICOL\u00d3GICAS SEPTIEMBRE 2017-AGOSTO 2018.csv\">csv<br \/>\n<\/a><\/div>\n<div style=\"padding-bottom:35px\" class=\"col-md-6\"><strong>Diccionario Descargar<\/strong> <span class=\"glyphicon glyphicon-download-alt\"><\/span>  <a class=\"btn btn-success btn-xs\" href=\"wp-content\/themes\/TemaSEPUIT\/assets\/images\/doc\/sedif\/DICCIONARIO_PADRON DE VALORACIONES PSICOL\u00d3GICAS SEPTIEMBRE 2017-AGOSTO 2018.xlsx\">xls<\/a> <a class=\"btn btn-primary btn-xs\" href=\"wp-content\/themes\/TemaSEPUIT\/assets\/images\/doc\/sedif\/DICCIONARIO_PADR\u00d3N DE VALORACIONES PSICOL\u00d3GICAS SEPTIEMBRE 2017-AGOSTO 2018.csv\">csv<\/a><\/div>\n<p style=\"text-align: center;\"><span style=\"font-size: 16px;\"><strong>Metadato<\/strong><\/span><\/p>\n<table class=\"table table-striped\" width=\"673\" cellspacing=\"0\" cellpadding=\"0\">\n<tbody>\n<tr>\n<td bgcolor=\"#CCCCCC\"><strong>Campo<\/strong><\/td>\n<td bgcolor=\"#CCCCCC\"><strong>Valor<\/strong><\/td>\n<\/tr>\n<tr>\n<td width=\"249\">T\u00edtulo<\/td>\n<td width=\"418\">\n<p>Seguimiento a reportes de ni\u00f1as, ni\u00f1os y adolescentes en  situaci\u00f3n de riesgo y vulnerabilidad a trav\u00e9s valoraciones psicol\u00f3gicas<\/p>\n<\/td>\n<\/tr>\n<tr>\n<td width=\"249\">Descripci\u00f3n<\/td>\n<td width=\"418\">\n<p>padr\u00f3n de valoraciones psicol\u00f3gicas Septiembre 2017-agosto  2018<\/p>\n<\/td>\n<\/tr>\n<tr>\n<td width=\"249\">Etiquetas<\/td>\n<td width=\"418\">&quot;Valoreaciones Psicologica<\/td>\n<\/tr>\n<tr>\n<td width=\"249\">Publicado<\/td>\n<td width=\"418\">05\/09\/2018<\/td>\n<\/tr>\n<tr>\n<td width=\"249\">Frecuencia de Actualizaci\u00f3n<\/td>\n<td width=\"418\">Anual<\/td>\n<\/tr>\n<tr>\n<td width=\"249\">\u00daltima modificaci\u00f3n<\/td>\n<td width=\"418\">05\/09\/2018<\/td>\n<\/tr>\n<tr>\n<td width=\"249\">Tema<\/td>\n<td width=\"418\">Servicios<\/td>\n<\/tr>\n<tr>\n<td width=\"249\">Nombre del Publicador<\/td>\n<td width=\"418\">\n<p>Sistema Estatal para el Desarrollo Integral de la Familia  del Estado de Baja California Sur<\/p>\n<\/td>\n<\/tr>\n<tr>\n<td width=\"249\">Contacto<\/td>\n<td width=\"418\">\n<p>Lic. Yesenia Ram\u00edrez Salda\u00f1a<\/p>\n<\/td>\n<\/tr>\n<tr>\n<td width=\"249\">Correo electr\u00f3nico <\/td>\n<td width=\"418\">\n<p>yesenia.ramirez@bcs.gob.mx<\/p>\n<\/td>\n<\/tr>\n<tr>\n<td width=\"249\" height=\"38\">Identificador \u00fanico del documento en el cat\u00e1logo de la entidad<\/td>\n<td>BCS-SEDIF-PPNNA-DA014<\/td>\n<\/tr>\n<tr>\n<td width=\"249\">Nivel de acceso.<\/td>\n<td width=\"418\">P\u00fablico<\/td>\n<\/tr>\n<\/table>\n","protected":false},"excerpt":{"rendered":"<p>Padr\u00f3n de Valoraciones Psicol\u00f3gicas Septiembre 2017-AGOSTO 2018 Descargar xls csv Diccionario Descargar xls csv Metadato Campo Valor T\u00edtulo Seguimiento a reportes de ni\u00f1as, ni\u00f1os y adolescentes en situaci\u00f3n de riesgo y vulnerabilidad a trav\u00e9s valoraciones psicol\u00f3gicas Descripci\u00f3n padr\u00f3n de valoraciones psicol\u00f3gicas Septiembre 2017-agosto 2018 Etiquetas &quot;Valoreaciones Psicologica Publicado 05\/09\/2018 Frecuencia de Actualizaci\u00f3n Anual \u00daltima modificaci\u00f3n &hellip; <a href=\"https:\/\/datos.bcs.gob.mx\/?page_id=6695\">Continued<\/a><\/p>\n","protected":false},"author":1,"featured_media":0,"parent":0,"menu_order":0,"comment_status":"closed","ping_status":"closed","template":"templates\/barra.php","meta":{"_acf_changed":false,"footnotes":"","_links_to":"","_links_to_target":""},"class_list":["post-6695","page","type-page","status-publish","hentry","catalogo_de_datos-dif"],"acf":[],"_links":{"self":[{"href":"https:\/\/datos.bcs.gob.mx\/index.php?rest_route=\/wp\/v2\/pages\/6695"}],"collection":[{"href":"https:\/\/datos.bcs.gob.mx\/index.php?rest_route=\/wp\/v2\/pages"}],"about":[{"href":"https:\/\/datos.bcs.gob.mx\/index.php?rest_route=\/wp\/v2\/types\/page"}],"author":[{"embeddable":true,"href":"https:\/\/datos.bcs.gob.mx\/index.php?rest_route=\/wp\/v2\/users\/1"}],"replies":[{"embeddable":true,"href":"https:\/\/datos.bcs.gob.mx\/index.php?rest_route=%2Fwp%2Fv2%2Fcomments&post=6695"}],"version-history":[{"count":12,"href":"https:\/\/datos.bcs.gob.mx\/index.php?rest_route=\/wp\/v2\/pages\/6695\/revisions"}],"predecessor-version":[{"id":7282,"href":"https:\/\/datos.bcs.gob.mx\/index.php?rest_route=\/wp\/v2\/pages\/6695\/revisions\/7282"}],"wp:attachment":[{"href":"https:\/\/datos.bcs.gob.mx\/index.php?rest_route=%2Fwp%2Fv2%2Fmedia&parent=6695"}],"curies":[{"name":"wp","href":"https:\/\/api.w.org\/{rel}","templated":true}]}}