{"id":6680,"date":"2018-10-02T08:10:01","date_gmt":"2018-10-02T14:10:01","guid":{"rendered":"http:\/\/datos.bcs.gob.mx\/?page_id=6680"},"modified":"2018-10-29T13:53:12","modified_gmt":"2018-10-29T19:53:12","slug":"padron-representacion-juridica-en-coadyuvancia-realizadas-suplencias-juicio-septiembre-2017-agosto-2018","status":"publish","type":"page","link":"https:\/\/datos.bcs.gob.mx\/?page_id=6680","title":{"rendered":"REPRESENTACI\u00d3N JUR\u00cdDICA EN COADYUVANCIA REALIZADAS O SUPLENCIAS REALIZADAS (JUICIO)"},"content":{"rendered":"<p>\n<\/br><br \/>\n<br \/>\nPadr\u00f3n de Representaci\u00f3n Jur\u00eddica en Coadyuvancia realizadas o suplencias (Juicio) Septiembre 2017-Agosto 2018<br \/>\n<\/br><\/p>\n<div class=\"col-md-6\"><strong>Descargar<\/strong> <span class=\"glyphicon glyphicon-download-alt\"><\/span> <a class=\"btn btn-success btn-xs\" href=\"wp-content\/themes\/TemaSEPUIT\/assets\/images\/doc\/sedif\/PADRON DE REPRESENTACION JUR\u00cdDICA EN COADYUVANCIA REALIZADAS O SUPLENCIAS (JUICIO) SEPTIEMBRE 2017-AGOSTO 2018.xlsx\">xls<\/a> <a class=\"btn btn-primary btn-xs\" href=\"wp-content\/themes\/TemaSEPUIT\/assets\/images\/doc\/sedif\/PADRON DE REPRESENTACION JURIDICA EN COADYUVANCIA REALIZADAS O SUPLENCIAS (JUICIO) SEPTIEMBRE 2017-AGOSTO 2018.xlsx\">csv<br \/>\n<\/a><\/div>\n<div style=\"padding-bottom:35px\" class=\"col-md-6\"><strong>Diccionario Descargar<\/strong> <span class=\"glyphicon glyphicon-download-alt\"><\/span>  <a class=\"btn btn-success btn-xs\" href=\"wp-content\/themes\/TemaSEPUIT\/assets\/images\/doc\/sedif\/DICCIONARIO_PADRON DE REPRESENTACION JURIDICA EN COADYUVANCIA REALIZADAS O SUPLENCIAS (JUICIO) SEPTIEMBRE 2017-AGOSTO 2018.xlsx\">xls<\/a> <a class=\"btn btn-primary btn-xs\" href=\"wp-content\/themes\/TemaSEPUIT\/assets\/images\/doc\/sedif\/DICCIONARIO_PADRON DE REPRESENTACION JURIDICA EN COADYUVANCIA REALIZADAS O SUPLENCIAS (JUICIO) SEPTIEMBRE 2017-AGOSTO 2018.csv\">csv<\/a><\/div>\n<p style=\"text-align: center;\"><span style=\"font-size: 16px;\"><strong>Metadato<\/strong><\/span><\/p>\n<table class=\"table table-striped\" width=\"749\" cellspacing=\"0\" cellpadding=\"0\">\n<tbody>\n<tr>\n<td bgcolor=\"#CCCCCC\"><strong>Campo<\/strong><\/td>\n<td bgcolor=\"#CCCCCC\"><strong>Valor<\/strong><\/td>\n<\/tr>\n<tr>\n<td width=\"249\">T\u00edtulo<\/td>\n<td width=\"494\">\n<p>Representaci\u00f3n jur\u00eddica en coadyuvancia realizadas o  suplencias realizadas (juicios)<\/p>\n<\/td>\n<\/tr>\n<tr>\n<td width=\"249\">Descripci\u00f3n<\/td>\n<td width=\"494\">\n<p>padr\u00f3n de representaci\u00f3n jur\u00eddica en coadyuvancia realizadas  o suplencias (juicio) Septiembre 2017-Agosto 2018<\/p>\n<\/td>\n<\/tr>\n<tr>\n<td width=\"249\">Etiquetas<\/td>\n<td width=\"494\">&quot;Jur\u00eddico, representaci\u00f3n&quot;<\/td>\n<\/tr>\n<tr>\n<td width=\"249\">Publicado<\/td>\n<td width=\"494\">05\/09\/2018<\/td>\n<\/tr>\n<tr>\n<td width=\"249\">Frecuencia de Actualizaci\u00f3n<\/td>\n<td width=\"494\">Anual<\/td>\n<\/tr>\n<tr>\n<td width=\"249\">\u00daltima modificaci\u00f3n<\/td>\n<td width=\"494\">05\/09\/2018<\/td>\n<\/tr>\n<tr>\n<td width=\"249\">Tema<\/td>\n<td width=\"494\">Servicios<\/td>\n<\/tr>\n<tr>\n<td width=\"249\">Nombre del Publicador<\/td>\n<td width=\"494\">\n<p>Sistema Estatal para el Desarrollo Integral de la Familia  del Estado de Baja California Sur<\/p>\n<\/td>\n<\/tr>\n<tr>\n<td width=\"249\">Contacto<\/td>\n<td width=\"494\">\n<p>Lic. Yesenia Ram\u00edrez Salda\u00f1a<\/p>\n<\/td>\n<\/tr>\n<tr>\n<td width=\"249\">Correo electr\u00f3nico <\/td>\n<td width=\"494\">\n<p><a href=\"mailto:yesenia.ramirez@bcs.gob.mx\">yesenia.ramirez@bcs.gob.mx<\/a><\/p>\n<\/td>\n<\/tr>\n<tr>\n<td width=\"249\">Identificador \u00fanico del documento en el cat\u00e1logo de la entidad<\/td>\n<td>BCS-SEDIF-PPNNA-DA008<\/td>\n<\/tr>\n<tr>\n<td width=\"249\">Nivel de acceso.<\/td>\n<td width=\"494\">P\u00fablico<\/td>\n<\/tr>\n<\/table>\n","protected":false},"excerpt":{"rendered":"<p>Padr\u00f3n de Representaci\u00f3n Jur\u00eddica en Coadyuvancia realizadas o suplencias (Juicio) Septiembre 2017-Agosto 2018 Descargar xls csv Diccionario Descargar xls csv Metadato Campo Valor T\u00edtulo Representaci\u00f3n jur\u00eddica en coadyuvancia realizadas o suplencias realizadas (juicios) Descripci\u00f3n padr\u00f3n de representaci\u00f3n jur\u00eddica en coadyuvancia realizadas o suplencias (juicio) Septiembre 2017-Agosto 2018 Etiquetas &quot;Jur\u00eddico, representaci\u00f3n&quot; Publicado 05\/09\/2018 Frecuencia de Actualizaci\u00f3n &hellip; <a href=\"https:\/\/datos.bcs.gob.mx\/?page_id=6680\">Continued<\/a><\/p>\n","protected":false},"author":1,"featured_media":0,"parent":0,"menu_order":0,"comment_status":"closed","ping_status":"closed","template":"templates\/barra.php","meta":{"_acf_changed":false,"footnotes":"","_links_to":"","_links_to_target":""},"class_list":["post-6680","page","type-page","status-publish","hentry","catalogo_de_datos-dif"],"acf":[],"_links":{"self":[{"href":"https:\/\/datos.bcs.gob.mx\/index.php?rest_route=\/wp\/v2\/pages\/6680"}],"collection":[{"href":"https:\/\/datos.bcs.gob.mx\/index.php?rest_route=\/wp\/v2\/pages"}],"about":[{"href":"https:\/\/datos.bcs.gob.mx\/index.php?rest_route=\/wp\/v2\/types\/page"}],"author":[{"embeddable":true,"href":"https:\/\/datos.bcs.gob.mx\/index.php?rest_route=\/wp\/v2\/users\/1"}],"replies":[{"embeddable":true,"href":"https:\/\/datos.bcs.gob.mx\/index.php?rest_route=%2Fwp%2Fv2%2Fcomments&post=6680"}],"version-history":[{"count":15,"href":"https:\/\/datos.bcs.gob.mx\/index.php?rest_route=\/wp\/v2\/pages\/6680\/revisions"}],"predecessor-version":[{"id":7290,"href":"https:\/\/datos.bcs.gob.mx\/index.php?rest_route=\/wp\/v2\/pages\/6680\/revisions\/7290"}],"wp:attachment":[{"href":"https:\/\/datos.bcs.gob.mx\/index.php?rest_route=%2Fwp%2Fv2%2Fmedia&parent=6680"}],"curies":[{"name":"wp","href":"https:\/\/api.w.org\/{rel}","templated":true}]}}