{"id":6676,"date":"2018-10-02T07:42:50","date_gmt":"2018-10-02T13:42:50","guid":{"rendered":"http:\/\/datos.bcs.gob.mx\/?page_id=6676"},"modified":"2018-10-29T13:59:08","modified_gmt":"2018-10-29T19:59:08","slug":"padron-curso-induccion-a-solicitante-adopcion-septiembre-2017-agosto-2018","status":"publish","type":"page","link":"https:\/\/datos.bcs.gob.mx\/?page_id=6676","title":{"rendered":"CURSO    DE INDUCCI\u00d3N PARA SOLICITANTE DE ADOPCI\u00d3N"},"content":{"rendered":"<p><\/br><br \/>\nPadr\u00f3n    de curso de inducci\u00f3n a solicitante de adopci\u00f3n septiembre 2017-agosto 2018<br \/>\n<\/br><\/p>\n<div class=\"col-md-6\"><strong>Descargar<\/strong> <span class=\"glyphicon glyphicon-download-alt\"><\/span> <a class=\"btn btn-success btn-xs\" href=\"wp-content\/themes\/TemaSEPUIT\/assets\/images\/doc\/sedif\/PADRON DE CURSO DE INDUCCI\u00d3N A SOLICITANTE DE ADOPCI\u00d3N SEPTIEMBRE 2017-AGOSTO 2018.xlsx\">xls<\/a> <a class=\"btn btn-primary btn-xs\" href=\"wp-content\/themes\/TemaSEPUIT\/assets\/images\/doc\/sedif\/PADRON DE CURSO DE INDUCCI\u00d3N A SOLICITANTE DE ADOPCI\u00d3N SEPTIEMBRE 2017-AGOSTO 2018.csv\">csv<br \/>\n<\/a><\/div>\n<div style=\"padding-bottom:35px\" class=\"col-md-6\"><strong>Diccionario Descargar<\/strong> <span class=\"glyphicon glyphicon-download-alt\"><\/span>  <a class=\"btn btn-success btn-xs\" href=\"wp-content\/themes\/TemaSEPUIT\/assets\/images\/doc\/sedif\/DICCIONARIO_PADRON DE CURSO DE INDUCCI\u00d3N A SOLICITANTE DE ADOPCI\u00d3N SEPTIEMBRE 2017-AGOSTO 2018.xlsx\">xls<\/a> <a class=\"btn btn-primary btn-xs\" href=\"wp-content\/themes\/TemaSEPUIT\/assets\/images\/doc\/sedif\/DICCIONARIO_PADRON DE CURSO DE INDUCCI\u00d3N A SOLICITANTE DE ADOPCI\u00d3N SEPTIEMBRE 2017-AGOSTO 2018.csv\">csv<\/a><\/div>\n<p style=\"text-align: center;\"><span style=\"font-size: 16px;\"><strong>Metadato<\/strong><\/span><\/p>\n<table class=\"table table-striped\" width=\"960\" cellspacing=\"0\" cellpadding=\"0\">\n<tbody>\n<tr>\n<td bgcolor=\"#CCCCCC\"><strong>Campo<\/strong><\/td>\n<td bgcolor=\"#CCCCCC\"><strong>Valor<\/strong><\/td>\n<\/tr>\n<tr>\n<td width=\"748\">T\u00edtulo<\/td>\n<td width=\"941\">\n<p>Curso de inducci\u00f3n para solicitante de adopci\u00f3n<\/p>\n<\/td>\n<\/tr>\n<tr>\n<td width=\"748\">Descripci\u00f3n<\/td>\n<td width=\"941\">\n<p>Padr\u00f3n de curso de inducci\u00f3n a solicitante de adopci\u00f3n Septiembre  2017-Agosto 2018<\/p>\n<\/td>\n<\/tr>\n<tr>\n<td width=\"748\">Etiquetas<\/td>\n<td width=\"941\">\n<p>&quot;Adopciones, solicitudes, curso, inducci\u00f3n&quot;<\/p>\n<\/td>\n<\/tr>\n<tr>\n<td width=\"748\">Publicado<\/td>\n<td width=\"941\">05\/09\/2018<\/td>\n<\/tr>\n<tr>\n<td width=\"748\">Frecuencia de Actualizaci\u00f3n<\/td>\n<td width=\"941\">Anual<\/td>\n<\/tr>\n<tr>\n<td width=\"748\">\u00daltima modificaci\u00f3n<\/td>\n<td width=\"941\">05\/09\/2018<\/td>\n<\/tr>\n<tr>\n<td width=\"748\">Tema<\/td>\n<td width=\"941\">Servicios<\/td>\n<\/tr>\n<tr>\n<td width=\"748\">Nombre del Publicador<\/td>\n<td width=\"941\">Sistema Estatal para el Desarrollo Integral de la Familia  del Estado de Baja California Sur<\/td>\n<\/tr>\n<tr>\n<td width=\"748\">Contacto<\/td>\n<td width=\"941\">Lic. Yesenia Ram\u00edrez Salda\u00f1a<\/td>\n<\/tr>\n<tr>\n<td width=\"748\">Correo electr\u00f3nico <\/td>\n<td width=\"941\"><a href=\"mailto:yesenia.ramirez@bcs.gob.mx\">yesenia.ramirez@bcs.gob.mx<\/a><\/td>\n<\/tr>\n<tr>\n<td width=\"748\">Identificador \u00fanico del documento en el cat\u00e1logo de la entidad<\/td>\n<td>BCS-SEDIF-PPNNA-DA003<\/td>\n<\/tr>\n<tr>\n<td width=\"748\">Nivel de acceso.<\/td>\n<td width=\"941\">P\u00fablico<\/td>\n<\/tr>\n<\/table>\n","protected":false},"excerpt":{"rendered":"<p>Padr\u00f3n de curso de inducci\u00f3n a solicitante de adopci\u00f3n septiembre 2017-agosto 2018 Descargar xls csv Diccionario Descargar xls csv Metadato Campo Valor T\u00edtulo Curso de inducci\u00f3n para solicitante de adopci\u00f3n Descripci\u00f3n Padr\u00f3n de curso de inducci\u00f3n a solicitante de adopci\u00f3n Septiembre 2017-Agosto 2018 Etiquetas &quot;Adopciones, solicitudes, curso, inducci\u00f3n&quot; Publicado 05\/09\/2018 Frecuencia de Actualizaci\u00f3n Anual \u00daltima &hellip; <a href=\"https:\/\/datos.bcs.gob.mx\/?page_id=6676\">Continued<\/a><\/p>\n","protected":false},"author":1,"featured_media":0,"parent":0,"menu_order":0,"comment_status":"closed","ping_status":"closed","template":"templates\/barra.php","meta":{"_acf_changed":false,"footnotes":"","_links_to":"","_links_to_target":""},"class_list":["post-6676","page","type-page","status-publish","hentry","catalogo_de_datos-dif"],"acf":[],"_links":{"self":[{"href":"https:\/\/datos.bcs.gob.mx\/index.php?rest_route=\/wp\/v2\/pages\/6676"}],"collection":[{"href":"https:\/\/datos.bcs.gob.mx\/index.php?rest_route=\/wp\/v2\/pages"}],"about":[{"href":"https:\/\/datos.bcs.gob.mx\/index.php?rest_route=\/wp\/v2\/types\/page"}],"author":[{"embeddable":true,"href":"https:\/\/datos.bcs.gob.mx\/index.php?rest_route=\/wp\/v2\/users\/1"}],"replies":[{"embeddable":true,"href":"https:\/\/datos.bcs.gob.mx\/index.php?rest_route=%2Fwp%2Fv2%2Fcomments&post=6676"}],"version-history":[{"count":13,"href":"https:\/\/datos.bcs.gob.mx\/index.php?rest_route=\/wp\/v2\/pages\/6676\/revisions"}],"predecessor-version":[{"id":7292,"href":"https:\/\/datos.bcs.gob.mx\/index.php?rest_route=\/wp\/v2\/pages\/6676\/revisions\/7292"}],"wp:attachment":[{"href":"https:\/\/datos.bcs.gob.mx\/index.php?rest_route=%2Fwp%2Fv2%2Fmedia&parent=6676"}],"curies":[{"name":"wp","href":"https:\/\/api.w.org\/{rel}","templated":true}]}}