{"id":6672,"date":"2018-10-01T16:35:45","date_gmt":"2018-10-01T22:35:45","guid":{"rendered":"http:\/\/datos.bcs.gob.mx\/?page_id=6672"},"modified":"2018-10-29T14:07:45","modified_gmt":"2018-10-29T20:07:45","slug":"padron-asesorias-juridicas-brindadas-septiembre-2017-agosto-2018","status":"publish","type":"page","link":"https:\/\/datos.bcs.gob.mx\/?page_id=6672","title":{"rendered":"BRINDAR ASESOR\u00cdAS JUR\u00cdDICAS EN DONDE SE INVOLUCRAN NI\u00d1AS, NI\u00d1OS Y ADOLESCENTES"},"content":{"rendered":"<p>\n<\/br><br \/>\n<br \/>\nPadr\u00f3n de Asesor\u00edas Jur\u00eddicas Brindadas Septiembre 2017 Agosto 2018<br \/>\n<\/br><\/p>\n<div class=\"col-md-6\"><strong>Descargar<\/strong> <span class=\"glyphicon glyphicon-download-alt\"><\/span> <a class=\"btn btn-success btn-xs\" href=\"wp-content\/themes\/TemaSEPUIT\/assets\/images\/doc\/sedif\/PADRON DE ASESOR\u00cdAS JUR\u00cdDICAS BRINDADAS SEPTIEMBRE 2017-AGOSTO 2018.xlsx\">xls<\/a> <a class=\"btn btn-primary btn-xs\" href=\"wp-content\/themes\/TemaSEPUIT\/assets\/images\/doc\/sedif\/PADRON DE ASESOR\u00cdAS JUR\u00cdDICAS BRINDADAS SEPTIEMBRE 2017-AGOSTO 2018.csv\">csv<br \/>\n<\/a><\/div>\n<div style=\"padding-bottom:35px\" class=\"col-md-6\"><strong>Diccionario Descargar<\/strong> <span class=\"glyphicon glyphicon-download-alt\"><\/span>  <a class=\"btn btn-success btn-xs\" href=\"wp-content\/themes\/TemaSEPUIT\/assets\/images\/doc\/sedif\/DICCIONARIO_PADRON DE ASESOR\u00cdAS JUR\u00cdDICAS BRINDADAS SEPTIEMBRE 2017-AGOSTO 2018.xlsx\">xls<\/a> <a class=\"btn btn-primary btn-xs\" href=\"wp-content\/themes\/TemaSEPUIT\/assets\/images\/doc\/sedif\/DICCIONARIO_PADRON DE ASESOR\u00cdAS JUR\u00cdDICAS BRINDADAS SEPTIEMBRE 2017-AGOSTO 2018.csv\">csv<\/a><\/div>\n<p style=\"text-align: center;\"><span style=\"font-size: 16px;\"><strong>Metadato<\/strong><\/span><\/p>\n<table class=\"table table-striped\" width=\"960\" cellspacing=\"0\" cellpadding=\"0\">\n<tbody>\n<tr>\n<td bgcolor=\"#CCCCCC\"><strong>Campo<\/strong><\/td>\n<td bgcolor=\"#CCCCCC\"><strong>Valor<\/strong><\/td>\n<td bgcolor=\"#CCCCCC\"><strong><\/strong><\/td>\n<\/tr>\n<tr>\n<td width=\"261\">T\u00edtulo<\/td>\n<td width=\"283\">Cadena de    caracteres<\/td>\n<td width=\"496\">\n<p>Brindar asesor\u00eda jur\u00eddica en donde se involucran a ni\u00f1as,  ni\u00f1os y adolescentes<\/p>\n<\/td>\n<\/tr>\n<tr>\n<td width=\"261\">Descripci\u00f3n<\/td>\n<td width=\"283\">Cadena    de caracteres<\/td>\n<td width=\"496\">\n<p>Padr\u00f3n de asesor\u00edas jur\u00eddicas brindadas Septiembre 2017-Agosto  2018<\/p>\n<\/td>\n<\/tr>\n<tr>\n<td width=\"261\">Etiquetas<\/td>\n<td width=\"283\">Lista    de t\u00e9rminos separados por coma<\/td>\n<td width=\"496\">\n<p>&quot;Jur\u00eddico, representaci\u00f3n, asesor\u00edas&quot;<\/p>\n<\/td>\n<\/tr>\n<tr>\n<td width=\"261\">Publicado<\/td>\n<td width=\"283\">Fecha    y hora en formato ISO 8601.<\/td>\n<td width=\"496\">05\/09\/2018<\/td>\n<\/tr>\n<tr>\n<td width=\"261\">Frecuencia de Actualizaci\u00f3n<\/td>\n<td width=\"283\">Cadena    de caracteres<\/td>\n<td width=\"496\">Anual<\/td>\n<\/tr>\n<tr>\n<td width=\"261\">\u00daltima modificaci\u00f3n<\/td>\n<td width=\"283\">Fecha    y hora en formato ISO 8601.<\/td>\n<td width=\"496\">05\/09\/2018<\/td>\n<\/tr>\n<tr>\n<td width=\"261\">Tema<\/td>\n<td width=\"283\">Cadena    de caracteres<\/td>\n<td width=\"496\">Servicios<\/td>\n<\/tr>\n<tr>\n<td width=\"261\">Nombre del Publicador<\/td>\n<td width=\"283\">Cadena    de caracteres<\/td>\n<td width=\"496\">Sistema Estatal para el Desarrollo Integral de la Familia  del Estado de Baja California Sur<\/td>\n<\/tr>\n<tr>\n<td width=\"261\">Contacto<\/td>\n<td width=\"283\">Cadena    de caracteres<\/td>\n<td width=\"496\">Lic. Yesenia Ram\u00edrez Salda\u00f1a<\/td>\n<\/tr>\n<tr>\n<td width=\"261\">Correo electr\u00f3nico <\/td>\n<td width=\"283\">Correo    electr\u00f3nico<\/td>\n<td width=\"496\"><a href=\"mailto:yesenia.ramirez@bcs.gob.mx\">yesenia.ramirez@bcs.gob.mx<\/a><\/td>\n<\/tr>\n<tr>\n<td width=\"261\">Identificador \u00fanico del documento en el cat\u00e1logo de la entidad<\/td>\n<td width=\"283\">Cadena    de caracteres<\/td>\n<td>BCS-SEDIF-PPNNA-DA009<\/td>\n<\/tr>\n<tr>\n<td width=\"261\">Nivel de acceso.<\/td>\n<td width=\"283\">Cadena    de caracteres<\/td>\n<td width=\"496\">P\u00fablico<\/td>\n<\/tr>\n<\/table>\n","protected":false},"excerpt":{"rendered":"<p>Padr\u00f3n de Asesor\u00edas Jur\u00eddicas Brindadas Septiembre 2017 Agosto 2018 Descargar xls csv Diccionario Descargar xls csv Metadato Campo Valor T\u00edtulo Cadena de caracteres Brindar asesor\u00eda jur\u00eddica en donde se involucran a ni\u00f1as, ni\u00f1os y adolescentes Descripci\u00f3n Cadena de caracteres Padr\u00f3n de asesor\u00edas jur\u00eddicas brindadas Septiembre 2017-Agosto 2018 Etiquetas Lista de t\u00e9rminos separados por coma &quot;Jur\u00eddico, &hellip; <a href=\"https:\/\/datos.bcs.gob.mx\/?page_id=6672\">Continued<\/a><\/p>\n","protected":false},"author":1,"featured_media":0,"parent":0,"menu_order":0,"comment_status":"closed","ping_status":"closed","template":"templates\/barra.php","meta":{"_acf_changed":false,"footnotes":"","_links_to":"","_links_to_target":""},"class_list":["post-6672","page","type-page","status-publish","hentry","catalogo_de_datos-dif"],"acf":[],"_links":{"self":[{"href":"https:\/\/datos.bcs.gob.mx\/index.php?rest_route=\/wp\/v2\/pages\/6672"}],"collection":[{"href":"https:\/\/datos.bcs.gob.mx\/index.php?rest_route=\/wp\/v2\/pages"}],"about":[{"href":"https:\/\/datos.bcs.gob.mx\/index.php?rest_route=\/wp\/v2\/types\/page"}],"author":[{"embeddable":true,"href":"https:\/\/datos.bcs.gob.mx\/index.php?rest_route=\/wp\/v2\/users\/1"}],"replies":[{"embeddable":true,"href":"https:\/\/datos.bcs.gob.mx\/index.php?rest_route=%2Fwp%2Fv2%2Fcomments&post=6672"}],"version-history":[{"count":7,"href":"https:\/\/datos.bcs.gob.mx\/index.php?rest_route=\/wp\/v2\/pages\/6672\/revisions"}],"predecessor-version":[{"id":7293,"href":"https:\/\/datos.bcs.gob.mx\/index.php?rest_route=\/wp\/v2\/pages\/6672\/revisions\/7293"}],"wp:attachment":[{"href":"https:\/\/datos.bcs.gob.mx\/index.php?rest_route=%2Fwp%2Fv2%2Fmedia&parent=6672"}],"curies":[{"name":"wp","href":"https:\/\/api.w.org\/{rel}","templated":true}]}}