{"id":6645,"date":"2018-10-01T14:20:31","date_gmt":"2018-10-01T20:20:31","guid":{"rendered":"http:\/\/datos.bcs.gob.mx\/?page_id=6645"},"modified":"2019-02-11T11:30:30","modified_gmt":"2019-02-11T17:30:30","slug":"sistema-estatal-desarrollo-integral-la-familia-sedif","status":"publish","type":"page","link":"https:\/\/datos.bcs.gob.mx\/?page_id=6645","title":{"rendered":"Sistema estatal para el desarrollo integral de la familia &#8211; SEDIF"},"content":{"rendered":"<p><\/br><\/p>\n<p style=\"font-size:140%;\"><strong>10 Conjuntos de datos publicados<\/strong><\/p>\n<style>.wp-show-posts-columns#wpsp-6641 {margin-left: -2em; }.wp-show-posts-columns#wpsp-6641 .wp-show-posts-inner {margin: 0 0 2em 2em; }<\/style><section id=\"wpsp-6641\" class=\" wp-show-posts\" style=\"\"><article class=\" wp-show-posts-single wpsp-clearfix post-6701 page type-page status-publish hentry catalogo_de_datos-dif\" itemtype=\"http:\/\/schema.org\/CreativeWork\" itemscope><div class=\"wp-show-posts-inner\" style=\"\">\t\t\t\t\t\t<header class=\"wp-show-posts-entry-header\">\n\t\t\t\t\t\t\t<h5 class=\"wp-show-posts-entry-title\" itemprop=\"headline\"><a href=\"https:\/\/datos.bcs.gob.mx\/?page_id=6701\" rel=\"bookmark\">CENTROS ASISTENCIALES<\/a><\/h5><div class=\"wp-show-posts-entry-meta wp-show-posts-entry-meta-below-title post-meta-inline\"><span class=\"wp-show-posts-posted-on wp-show-posts-meta\">\n\t\t\t\t\t<a href=\"https:\/\/datos.bcs.gob.mx\/?page_id=6701\" title=\"9:08 am\" rel=\"bookmark\"><time class=\"wp-show-posts-entry-date published\" datetime=\"2018-10-02T09:08:55-06:00\" itemprop=\"datePublished\">2 octubre, 2018<\/time><time class=\"wp-show-posts-updated\" datetime=\"2018-10-29T15:24:29-06:00\" itemprop=\"dateModified\">29 octubre, 2018<\/time><\/a>\n\t\t\t\t<\/span><\/div>\t\t\t\t\t\t<\/header><!-- .entry-header -->\n\t\t\t\t\t<\/div><!-- wp-show-posts-inner --><div class=\"wpsp-clear\"><\/div><\/article><article class=\" wp-show-posts-single wpsp-clearfix post-6695 page type-page status-publish hentry catalogo_de_datos-dif\" itemtype=\"http:\/\/schema.org\/CreativeWork\" itemscope><div class=\"wp-show-posts-inner\" style=\"\">\t\t\t\t\t\t<header class=\"wp-show-posts-entry-header\">\n\t\t\t\t\t\t\t<h5 class=\"wp-show-posts-entry-title\" itemprop=\"headline\"><a href=\"https:\/\/datos.bcs.gob.mx\/?page_id=6695\" rel=\"bookmark\">SEGUIMIENTO A REPORTES DE NI\u00d1AS, NI\u00d1OS Y ADOLESCENTES EN SITUACI\u00d3N DE RIESGO Y VULNERABILIDAD A TRAV\u00c9S VALORACIONES PSICOL\u00d3GICAS<\/a><\/h5><div class=\"wp-show-posts-entry-meta wp-show-posts-entry-meta-below-title post-meta-inline\"><span class=\"wp-show-posts-posted-on wp-show-posts-meta\">\n\t\t\t\t\t<a href=\"https:\/\/datos.bcs.gob.mx\/?page_id=6695\" title=\"9:01 am\" rel=\"bookmark\"><time class=\"wp-show-posts-entry-date published\" datetime=\"2018-10-02T09:01:57-06:00\" itemprop=\"datePublished\">2 octubre, 2018<\/time><time class=\"wp-show-posts-updated\" datetime=\"2018-10-29T13:35:16-06:00\" itemprop=\"dateModified\">29 octubre, 2018<\/time><\/a>\n\t\t\t\t<\/span><\/div>\t\t\t\t\t\t<\/header><!-- .entry-header -->\n\t\t\t\t\t<\/div><!-- wp-show-posts-inner --><div class=\"wpsp-clear\"><\/div><\/article><article class=\" wp-show-posts-single wpsp-clearfix post-6686 page type-page status-publish hentry catalogo_de_datos-dif\" itemtype=\"http:\/\/schema.org\/CreativeWork\" itemscope><div class=\"wp-show-posts-inner\" style=\"\">\t\t\t\t\t\t<header class=\"wp-show-posts-entry-header\">\n\t\t\t\t\t\t\t<h5 class=\"wp-show-posts-entry-title\" itemprop=\"headline\"><a href=\"https:\/\/datos.bcs.gob.mx\/?page_id=6686\" rel=\"bookmark\">REPRESENTACI\u00d3N JUR\u00cdDICA EN COADYUVANCIA REALIZADAS<\/a><\/h5><div class=\"wp-show-posts-entry-meta wp-show-posts-entry-meta-below-title post-meta-inline\"><span class=\"wp-show-posts-posted-on wp-show-posts-meta\">\n\t\t\t\t\t<a href=\"https:\/\/datos.bcs.gob.mx\/?page_id=6686\" title=\"8:32 am\" rel=\"bookmark\"><time class=\"wp-show-posts-entry-date published\" datetime=\"2018-10-02T08:32:00-06:00\" itemprop=\"datePublished\">2 octubre, 2018<\/time><time class=\"wp-show-posts-updated\" datetime=\"2018-10-29T13:43:36-06:00\" itemprop=\"dateModified\">29 octubre, 2018<\/time><\/a>\n\t\t\t\t<\/span><\/div>\t\t\t\t\t\t<\/header><!-- .entry-header -->\n\t\t\t\t\t<\/div><!-- wp-show-posts-inner --><div class=\"wpsp-clear\"><\/div><\/article><article class=\" wp-show-posts-single wpsp-clearfix post-6680 page type-page status-publish hentry catalogo_de_datos-dif\" itemtype=\"http:\/\/schema.org\/CreativeWork\" itemscope><div class=\"wp-show-posts-inner\" style=\"\">\t\t\t\t\t\t<header class=\"wp-show-posts-entry-header\">\n\t\t\t\t\t\t\t<h5 class=\"wp-show-posts-entry-title\" itemprop=\"headline\"><a href=\"https:\/\/datos.bcs.gob.mx\/?page_id=6680\" rel=\"bookmark\">REPRESENTACI\u00d3N JUR\u00cdDICA EN COADYUVANCIA REALIZADAS O SUPLENCIAS REALIZADAS (JUICIO)<\/a><\/h5><div class=\"wp-show-posts-entry-meta wp-show-posts-entry-meta-below-title post-meta-inline\"><span class=\"wp-show-posts-posted-on wp-show-posts-meta\">\n\t\t\t\t\t<a href=\"https:\/\/datos.bcs.gob.mx\/?page_id=6680\" title=\"8:10 am\" rel=\"bookmark\"><time class=\"wp-show-posts-entry-date published\" datetime=\"2018-10-02T08:10:01-06:00\" itemprop=\"datePublished\">2 octubre, 2018<\/time><time class=\"wp-show-posts-updated\" datetime=\"2018-10-29T13:53:12-06:00\" itemprop=\"dateModified\">29 octubre, 2018<\/time><\/a>\n\t\t\t\t<\/span><\/div>\t\t\t\t\t\t<\/header><!-- .entry-header -->\n\t\t\t\t\t<\/div><!-- wp-show-posts-inner --><div class=\"wpsp-clear\"><\/div><\/article><article class=\" wp-show-posts-single wpsp-clearfix post-6676 page type-page status-publish hentry catalogo_de_datos-dif\" itemtype=\"http:\/\/schema.org\/CreativeWork\" itemscope><div class=\"wp-show-posts-inner\" style=\"\">\t\t\t\t\t\t<header class=\"wp-show-posts-entry-header\">\n\t\t\t\t\t\t\t<h5 class=\"wp-show-posts-entry-title\" itemprop=\"headline\"><a href=\"https:\/\/datos.bcs.gob.mx\/?page_id=6676\" rel=\"bookmark\">CURSO    DE INDUCCI\u00d3N PARA SOLICITANTE DE ADOPCI\u00d3N<\/a><\/h5><div class=\"wp-show-posts-entry-meta wp-show-posts-entry-meta-below-title post-meta-inline\"><span class=\"wp-show-posts-posted-on wp-show-posts-meta\">\n\t\t\t\t\t<a href=\"https:\/\/datos.bcs.gob.mx\/?page_id=6676\" title=\"7:42 am\" rel=\"bookmark\"><time class=\"wp-show-posts-entry-date published\" datetime=\"2018-10-02T07:42:50-06:00\" itemprop=\"datePublished\">2 octubre, 2018<\/time><time class=\"wp-show-posts-updated\" datetime=\"2018-10-29T13:59:08-06:00\" itemprop=\"dateModified\">29 octubre, 2018<\/time><\/a>\n\t\t\t\t<\/span><\/div>\t\t\t\t\t\t<\/header><!-- .entry-header -->\n\t\t\t\t\t<\/div><!-- wp-show-posts-inner --><div class=\"wpsp-clear\"><\/div><\/article><article class=\" wp-show-posts-single wpsp-clearfix post-6672 page type-page status-publish hentry catalogo_de_datos-dif\" itemtype=\"http:\/\/schema.org\/CreativeWork\" itemscope><div class=\"wp-show-posts-inner\" style=\"\">\t\t\t\t\t\t<header class=\"wp-show-posts-entry-header\">\n\t\t\t\t\t\t\t<h5 class=\"wp-show-posts-entry-title\" itemprop=\"headline\"><a href=\"https:\/\/datos.bcs.gob.mx\/?page_id=6672\" rel=\"bookmark\">BRINDAR ASESOR\u00cdAS JUR\u00cdDICAS EN DONDE SE INVOLUCRAN NI\u00d1AS, NI\u00d1OS Y ADOLESCENTES<\/a><\/h5><div class=\"wp-show-posts-entry-meta wp-show-posts-entry-meta-below-title post-meta-inline\"><span class=\"wp-show-posts-posted-on wp-show-posts-meta\">\n\t\t\t\t\t<a href=\"https:\/\/datos.bcs.gob.mx\/?page_id=6672\" title=\"4:35 pm\" rel=\"bookmark\"><time class=\"wp-show-posts-entry-date published\" datetime=\"2018-10-01T16:35:45-06:00\" itemprop=\"datePublished\">1 octubre, 2018<\/time><time class=\"wp-show-posts-updated\" datetime=\"2018-10-29T14:07:45-06:00\" itemprop=\"dateModified\">29 octubre, 2018<\/time><\/a>\n\t\t\t\t<\/span><\/div>\t\t\t\t\t\t<\/header><!-- .entry-header -->\n\t\t\t\t\t<\/div><!-- wp-show-posts-inner --><div class=\"wpsp-clear\"><\/div><\/article><article class=\" wp-show-posts-single wpsp-clearfix post-6666 page type-page status-publish hentry catalogo_de_datos-dif\" itemtype=\"http:\/\/schema.org\/CreativeWork\" itemscope><div class=\"wp-show-posts-inner\" style=\"\">\t\t\t\t\t\t<header class=\"wp-show-posts-entry-header\">\n\t\t\t\t\t\t\t<h5 class=\"wp-show-posts-entry-title\" itemprop=\"headline\"><a href=\"https:\/\/datos.bcs.gob.mx\/?page_id=6666\" rel=\"bookmark\">IMPLEMENTAR    ALTERNATIVAS QUE PROPICIEN LA PROTECCI\u00d3N DE LOS DERECHOS DE LAS NI\u00d1AS, NI\u00d1OS    Y ADOLESCENTES A TRAV\u00c9S PROGRAMAS DE DIFUSI\u00d3N Y PROMOCI\u00d3N CON LOS SEDIF, EN EL  MUNICIPIO DE LOS CABOS<\/a><\/h5><div class=\"wp-show-posts-entry-meta wp-show-posts-entry-meta-below-title post-meta-inline\"><span class=\"wp-show-posts-posted-on wp-show-posts-meta\">\n\t\t\t\t\t<a href=\"https:\/\/datos.bcs.gob.mx\/?page_id=6666\" title=\"4:27 pm\" rel=\"bookmark\"><time class=\"wp-show-posts-entry-date published\" datetime=\"2018-10-01T16:27:01-06:00\" itemprop=\"datePublished\">1 octubre, 2018<\/time><time class=\"wp-show-posts-updated\" datetime=\"2018-10-29T14:27:20-06:00\" itemprop=\"dateModified\">29 octubre, 2018<\/time><\/a>\n\t\t\t\t<\/span><\/div>\t\t\t\t\t\t<\/header><!-- .entry-header -->\n\t\t\t\t\t<\/div><!-- wp-show-posts-inner --><div class=\"wpsp-clear\"><\/div><\/article><article class=\" wp-show-posts-single wpsp-clearfix post-6661 page type-page status-publish hentry catalogo_de_datos-dif\" itemtype=\"http:\/\/schema.org\/CreativeWork\" itemscope><div class=\"wp-show-posts-inner\" style=\"\">\t\t\t\t\t\t<header class=\"wp-show-posts-entry-header\">\n\t\t\t\t\t\t\t<h5 class=\"wp-show-posts-entry-title\" itemprop=\"headline\"><a href=\"https:\/\/datos.bcs.gob.mx\/?page_id=6661\" rel=\"bookmark\">IMPLEMENTAR    ALTERNATIVAS QUE PROPICIEN LA PROTECCI\u00d3N DE LOS DERECHOS DE LAS NI\u00d1AS, NI\u00d1OS    Y ADOLESCENTES A TRAV\u00c9S PROGRAMAS DE DIFUSI\u00d3N Y PROMOCI\u00d3N CON LOS SEDIF, EN EL MUNICIPIO DE LORETO<\/a><\/h5><div class=\"wp-show-posts-entry-meta wp-show-posts-entry-meta-below-title post-meta-inline\"><span class=\"wp-show-posts-posted-on wp-show-posts-meta\">\n\t\t\t\t\t<a href=\"https:\/\/datos.bcs.gob.mx\/?page_id=6661\" title=\"4:19 pm\" rel=\"bookmark\"><time class=\"wp-show-posts-entry-date published\" datetime=\"2018-10-01T16:19:24-06:00\" itemprop=\"datePublished\">1 octubre, 2018<\/time><time class=\"wp-show-posts-updated\" datetime=\"2018-10-29T14:26:40-06:00\" itemprop=\"dateModified\">29 octubre, 2018<\/time><\/a>\n\t\t\t\t<\/span><\/div>\t\t\t\t\t\t<\/header><!-- .entry-header -->\n\t\t\t\t\t<\/div><!-- wp-show-posts-inner --><div class=\"wpsp-clear\"><\/div><\/article><article class=\" wp-show-posts-single wpsp-clearfix post-6654 page type-page status-publish hentry catalogo_de_datos-dif\" itemtype=\"http:\/\/schema.org\/CreativeWork\" itemscope><div class=\"wp-show-posts-inner\" style=\"\">\t\t\t\t\t\t<header class=\"wp-show-posts-entry-header\">\n\t\t\t\t\t\t\t<h5 class=\"wp-show-posts-entry-title\" itemprop=\"headline\"><a href=\"https:\/\/datos.bcs.gob.mx\/?page_id=6654\" rel=\"bookmark\">IMPLEMENTAR   ALTERNATIVAS QUE PROPICIEN LA PROTECCI\u00d3N DE LOS DERECHOS DE LAS NI\u00d1AS, NI\u00d1OS   Y  ADOLESCENTES A TRAV\u00c9S PROGRAMAS DE DIFUSI\u00d3N Y PROMOCI\u00d3N CON LOS SEDIF, EN EL  MUNICIPIO DE LA PAZ<\/a><\/h5><div class=\"wp-show-posts-entry-meta wp-show-posts-entry-meta-below-title post-meta-inline\"><span class=\"wp-show-posts-posted-on wp-show-posts-meta\">\n\t\t\t\t\t<a href=\"https:\/\/datos.bcs.gob.mx\/?page_id=6654\" title=\"4:08 pm\" rel=\"bookmark\"><time class=\"wp-show-posts-entry-date published\" datetime=\"2018-10-01T16:08:25-06:00\" itemprop=\"datePublished\">1 octubre, 2018<\/time><time class=\"wp-show-posts-updated\" datetime=\"2018-12-07T13:13:40-06:00\" itemprop=\"dateModified\">7 diciembre, 2018<\/time><\/a>\n\t\t\t\t<\/span><\/div>\t\t\t\t\t\t<\/header><!-- .entry-header -->\n\t\t\t\t\t<\/div><!-- wp-show-posts-inner --><div class=\"wpsp-clear\"><\/div><\/article><article class=\" wp-show-posts-single wpsp-clearfix post-6642 page type-page status-publish hentry catalogo_de_datos-dif\" itemtype=\"http:\/\/schema.org\/CreativeWork\" itemscope><div class=\"wp-show-posts-inner\" style=\"\">\t\t\t\t\t\t<header class=\"wp-show-posts-entry-header\">\n\t\t\t\t\t\t\t<h5 class=\"wp-show-posts-entry-title\" itemprop=\"headline\"><a href=\"https:\/\/datos.bcs.gob.mx\/?page_id=6642\" rel=\"bookmark\">IMPLEMENTAR    ALTERNATIVAS QUE PROPICIEN LA PROTECCI\u00d3N DE LOS DERECHOS DE LAS NI\u00d1AS, NI\u00d1OS    Y ADOLESCENTES A TRAV\u00c9S PROGRAMAS DE DIFUSI\u00d3N Y PROMOCI\u00d3N CON LOS SEDIF, EN EL MUNICIPIO DE COMOND\u00da<\/a><\/h5><div class=\"wp-show-posts-entry-meta wp-show-posts-entry-meta-below-title post-meta-inline\"><span class=\"wp-show-posts-posted-on wp-show-posts-meta\">\n\t\t\t\t\t<a href=\"https:\/\/datos.bcs.gob.mx\/?page_id=6642\" title=\"2:14 pm\" rel=\"bookmark\"><time class=\"wp-show-posts-entry-date published\" datetime=\"2018-10-01T14:14:57-06:00\" itemprop=\"datePublished\">1 octubre, 2018<\/time><time class=\"wp-show-posts-updated\" datetime=\"2018-12-07T13:14:17-06:00\" itemprop=\"dateModified\">7 diciembre, 2018<\/time><\/a>\n\t\t\t\t<\/span><\/div>\t\t\t\t\t\t<\/header><!-- .entry-header -->\n\t\t\t\t\t<\/div><!-- wp-show-posts-inner --><div class=\"wpsp-clear\"><\/div><\/article><\/section><!-- .wp-show-posts -->\n","protected":false},"excerpt":{"rendered":"<p>10 Conjuntos de datos publicados<\/p>\n","protected":false},"author":1,"featured_media":0,"parent":0,"menu_order":0,"comment_status":"closed","ping_status":"closed","template":"templates\/barra.php","meta":{"_acf_changed":false,"footnotes":"","_links_to":"","_links_to_target":""},"class_list":["post-6645","page","type-page","status-publish","hentry"],"acf":[],"_links":{"self":[{"href":"https:\/\/datos.bcs.gob.mx\/index.php?rest_route=\/wp\/v2\/pages\/6645"}],"collection":[{"href":"https:\/\/datos.bcs.gob.mx\/index.php?rest_route=\/wp\/v2\/pages"}],"about":[{"href":"https:\/\/datos.bcs.gob.mx\/index.php?rest_route=\/wp\/v2\/types\/page"}],"author":[{"embeddable":true,"href":"https:\/\/datos.bcs.gob.mx\/index.php?rest_route=\/wp\/v2\/users\/1"}],"replies":[{"embeddable":true,"href":"https:\/\/datos.bcs.gob.mx\/index.php?rest_route=%2Fwp%2Fv2%2Fcomments&post=6645"}],"version-history":[{"count":7,"href":"https:\/\/datos.bcs.gob.mx\/index.php?rest_route=\/wp\/v2\/pages\/6645\/revisions"}],"predecessor-version":[{"id":7562,"href":"https:\/\/datos.bcs.gob.mx\/index.php?rest_route=\/wp\/v2\/pages\/6645\/revisions\/7562"}],"wp:attachment":[{"href":"https:\/\/datos.bcs.gob.mx\/index.php?rest_route=%2Fwp%2Fv2%2Fmedia&parent=6645"}],"curies":[{"name":"wp","href":"https:\/\/api.w.org\/{rel}","templated":true}]}}