{"id":6559,"date":"2018-09-26T13:43:52","date_gmt":"2018-09-26T19:43:52","guid":{"rendered":"http:\/\/datos.bcs.gob.mx\/?page_id=6559"},"modified":"2018-12-10T17:38:28","modified_gmt":"2018-12-10T23:38:28","slug":"padron-capacitacion-empresarial-2017","status":"publish","type":"page","link":"https:\/\/datos.bcs.gob.mx\/?page_id=6559","title":{"rendered":"TALLERES DE CAPACITACI\u00d3N EMPRESARIAL"},"content":{"rendered":"<p><\/br><br \/>\nSe    elabora agenda con cursos empresariales gratuitos a trav\u00e9s de empresas,    dependencias, organizaciones u organismos especializados y se promocionan por    correos electr\u00f3nicos, llamadas telef\u00f3nicas y redes sociales<br \/>\n<\/br><\/p>\n<div class=\"col-md-6\"><strong>Descargar<\/strong> <span class=\"glyphicon glyphicon-download-alt\"><\/span> <a class=\"btn btn-success btn-xs\" href=\"wp-content\/themes\/TemaSEPUIT\/assets\/images\/doc\/desarrollo\/sria_trabajo\/2018\/CAPACITACION EMPRESARIAL 2017.xlsx\">xls<\/a> <a class=\"btn btn-primary btn-xs\" href=\"wp-content\/themes\/TemaSEPUIT\/assets\/images\/doc\/desarrollo\/sria_trabajo\/2018\/CAPACITACION EMPRESARIAL 2017.csv\">csv<br \/>\n<\/a><\/div>\n<div style=\"padding-bottom:35px\" class=\"col-md-6\"><strong>Diccionario Descargar<\/strong> <span class=\"glyphicon glyphicon-download-alt\"><\/span>  <a class=\"btn btn-success btn-xs\" href=\"wp-content\/themes\/TemaSEPUIT\/assets\/images\/doc\/desarrollo\/sria_trabajo\/2018\/DICCIONARIO_CAPACITACION EMPRESARIAL 2017.xlsx\">xls<\/a> <a class=\"btn btn-primary btn-xs\" href=\"wp-content\/themes\/TemaSEPUIT\/assets\/images\/doc\/desarrollo\/sria_trabajo\/2018\/DICCIONARIO_CAPACITACION EMPRESARIAL 2017.csv\">csv<\/a><\/div>\n<p style=\"text-align: center;\"><span style=\"font-size: 16px;\"><strong>Metadato<\/strong><\/span><\/p>\n<table class=\"table table-striped\" width=\"960\" cellspacing=\"0\" cellpadding=\"0\">\n<tbody>\n<tr>\n<td bgcolor=\"#CCCCCC\"><strong>Campo<\/strong><\/td>\n<td bgcolor=\"#CCCCCC\"><strong>Valor<\/strong><\/td>\n<td bgcolor=\"#CCCCCC\"><strong><\/strong><\/td>\n<tr>\n<td width=\"280\">T\u00edtulo<\/td>\n<td width=\"672\">Talleres de    capacitaci\u00f3n Empresarial<\/td>\n<\/tr>\n<tr>\n<td width=\"280\">Descripci\u00f3n<\/td>\n<td width=\"672\">Se    elabora agenda con cursos empresariales gratuitos a trav\u00e9s de empresas,    dependencias, organizaciones u organismos especializados y se promocionan por    correos electr\u00f3nicos, llamadas telef\u00f3nicas y redes sociales<\/td>\n<\/tr>\n<tr>\n<td width=\"280\">Etiquetas<\/td>\n<td width=\"672\">Econom\u00eda,    Empresarial, Empresas,Capacitaci\u00f3n, organismos, instituciones, dependencias,    BCS<\/td>\n<\/tr>\n<tr>\n<td width=\"280\">Publicado<\/td>\n<td width=\"672\">Por    Publicar<\/td>\n<\/tr>\n<tr>\n<td width=\"280\">Frecuencia de Actualizaci\u00f3n<\/td>\n<td width=\"672\">Anual<\/td>\n<\/tr>\n<tr>\n<td width=\"280\">\u00daltima modificaci\u00f3n<\/td>\n<td width=\"672\">Ya    Publicado<\/td>\n<\/tr>\n<tr>\n<td width=\"280\">Tema<\/td>\n<td width=\"672\">Econom\u00eda<\/td>\n<\/tr>\n<tr>\n<td width=\"280\">Nombre del Publicador<\/td>\n<td width=\"672\">Secretaria    de Turismo, Econom\u00eda y Sustentabilidad<\/td>\n<\/tr>\n<tr>\n<td width=\"280\">Contacto<\/td>\n<td width=\"672\">Lic.    Maria Antonieta Meza Marquez<\/td>\n<\/tr>\n<tr>\n<td width=\"280\">Correo electr\u00f3nico\u00a0<\/td>\n<td width=\"672\"><a href=\"mailto:ameza@setuesbcs.gob.mx\">ameza@setuesbcs.gob.mx<\/a><\/td>\n<\/tr>\n<tr>\n<td width=\"280\">Identificador \u00fanico del documento en el cat\u00e1logo de la entidad<\/td>\n<td width=\"672\">BCS-SETUES-E-003<\/td>\n<\/tr>\n<tr>\n<td width=\"280\">Nivel de acceso.<\/td>\n<td width=\"672\">P\u00fablico\u00a0<\/td>\n<\/tr>\n<\/table>\n","protected":false},"excerpt":{"rendered":"<p>Se elabora agenda con cursos empresariales gratuitos a trav\u00e9s de empresas, dependencias, organizaciones u organismos especializados y se promocionan por correos electr\u00f3nicos, llamadas telef\u00f3nicas y redes sociales Descargar xls csv Diccionario Descargar xls csv Metadato Campo Valor T\u00edtulo Talleres de capacitaci\u00f3n Empresarial Descripci\u00f3n Se elabora agenda con cursos empresariales gratuitos a trav\u00e9s de empresas, dependencias, &hellip; <a href=\"https:\/\/datos.bcs.gob.mx\/?page_id=6559\">Continued<\/a><\/p>\n","protected":false},"author":1,"featured_media":0,"parent":0,"menu_order":0,"comment_status":"closed","ping_status":"closed","template":"templates\/barra.php","meta":{"_acf_changed":false,"footnotes":"","_links_to":"","_links_to_target":""},"class_list":["post-6559","page","type-page","status-publish","hentry","catalogo_de_datos-economia-desarrollo"],"acf":[],"_links":{"self":[{"href":"https:\/\/datos.bcs.gob.mx\/index.php?rest_route=\/wp\/v2\/pages\/6559"}],"collection":[{"href":"https:\/\/datos.bcs.gob.mx\/index.php?rest_route=\/wp\/v2\/pages"}],"about":[{"href":"https:\/\/datos.bcs.gob.mx\/index.php?rest_route=\/wp\/v2\/types\/page"}],"author":[{"embeddable":true,"href":"https:\/\/datos.bcs.gob.mx\/index.php?rest_route=\/wp\/v2\/users\/1"}],"replies":[{"embeddable":true,"href":"https:\/\/datos.bcs.gob.mx\/index.php?rest_route=%2Fwp%2Fv2%2Fcomments&post=6559"}],"version-history":[{"count":8,"href":"https:\/\/datos.bcs.gob.mx\/index.php?rest_route=\/wp\/v2\/pages\/6559\/revisions"}],"predecessor-version":[{"id":7116,"href":"https:\/\/datos.bcs.gob.mx\/index.php?rest_route=\/wp\/v2\/pages\/6559\/revisions\/7116"}],"wp:attachment":[{"href":"https:\/\/datos.bcs.gob.mx\/index.php?rest_route=%2Fwp%2Fv2%2Fmedia&parent=6559"}],"curies":[{"name":"wp","href":"https:\/\/api.w.org\/{rel}","templated":true}]}}