{"id":6542,"date":"2018-09-26T09:23:47","date_gmt":"2018-09-26T15:23:47","guid":{"rendered":"http:\/\/datos.bcs.gob.mx\/?page_id=6542"},"modified":"2019-01-25T12:12:23","modified_gmt":"2019-01-25T18:12:23","slug":"padron-modulo-red-e-apoyo-al-emprendedor","status":"publish","type":"page","link":"https:\/\/datos.bcs.gob.mx\/?page_id=6542","title":{"rendered":"MODULO RED DE APOYO AL EMPRENDEDOR 2018"},"content":{"rendered":"<p><\/br><br \/>\nPunto de RED Estatal BCS, de apoyo a emprendedores, cuando el usuario solicite informaci\u00f3n sobre apoyo al emprendedor<br \/>\n<\/br><\/p>\n<div class=\"col-md-6\"><strong>Descargar<\/strong><span class=\"glyphicon glyphicon-download-alt\"> <a class=\"btn btn-success btn-xs\" href=\"wp-content\/themes\/TemaSEPUIT\/assets\/images\/doc\/desarrollo\/sria_trabajo\/2018\/PUNTO RED ESTATAL.xlsx\">xls<\/a> <a class=\"btn btn-primary btn-xs\" href=\"wp-content\/themes\/TemaSEPUIT\/assets\/images\/doc\/desarrollo\/sria_trabajo\/2018\/PUNTO RED ESTATAL.csv\">csv<br \/>\n<\/a><\/div>\n<div class=\"col-md-6\" style=\"padding-bottom: 35px;\">Diccionario Descargar <a class=\"btn btn-success btn-xs\" href=\"wp-content\/themes\/TemaSEPUIT\/assets\/images\/doc\/desarrollo\/sria_trabajo\/2018\/DICCIONARIO_PUNTO RED ESTATAL.xlsx\">xls<\/a> <a class=\"btn btn-primary btn-xs\" href=\"wp-content\/themes\/TemaSEPUIT\/assets\/images\/doc\/desarrollo\/sria_trabajo\/2018\/DICCIONARIO_PUNTO RED ESTATAL.csv\">csv<\/a><\/div>\n<p style=\"text-align: center;\"><span style=\"font-size: 16px;\"><strong>Metadato<\/strong><\/span><\/p>\n<table class=\"table table-striped\" width=\"960\" cellspacing=\"0\" cellpadding=\"0\">\n<tbody>\n<tr>\n<td bgcolor=\"#CCCCCC\"><strong>Campo<\/strong><\/td>\n<td bgcolor=\"#CCCCCC\"><strong>Valor<\/strong><\/td>\n<\/tr>\n<tr>\n<td width=\"280\">T\u00edtulo<\/td>\n<td width=\"597\">Modulo Red de Apoyo al Emprendedor<\/td>\n<\/tr>\n<tr>\n<td width=\"280\">Descripci\u00f3n<\/td>\n<td width=\"597\">Punto de RED Estatal BCS, de apoyo a emprendedores, cuando el usuario solicite informaci\u00f3n sobre apoyo al emprendedor<\/td>\n<\/tr>\n<tr>\n<td width=\"280\">Etiquetas<\/td>\n<td width=\"597\">Econom\u00eda, Empresarial, Emprendedores, Inscripci\u00f3n, BCS, INADEM, Puntos, Red, Usuarios, Vinculaciones<\/td>\n<\/tr>\n<tr>\n<td width=\"280\">Publicado<\/td>\n<td width=\"597\">Por Publicar<\/td>\n<\/tr>\n<tr>\n<td width=\"280\">Frecuencia de Actualizaci\u00f3n<\/td>\n<td width=\"597\">Anual<\/td>\n<\/tr>\n<tr>\n<td width=\"280\">\u00daltima modificaci\u00f3n<\/td>\n<td width=\"597\">Ya Publicado<\/td>\n<\/tr>\n<tr>\n<td width=\"280\">Tema<\/td>\n<td width=\"597\">Econom\u00eda<\/td>\n<\/tr>\n<tr>\n<td width=\"280\">Nombre del Publicador<\/td>\n<td width=\"597\">Secretaria de Turismo, Econom\u00eda y Sustentabilidad<\/td>\n<\/tr>\n<tr>\n<td width=\"280\">Contacto<\/td>\n<td width=\"597\">C.\u00a0 Marco Fabrizio Pulido Flores<\/td>\n<\/tr>\n<tr>\n<td width=\"280\">Correo electr\u00f3nico<\/td>\n<td width=\"597\"><a href=\"mailto:mpulido@setuesbcs.gob.mx\">mpulido@setuesbcs.gob.mx<\/a><\/td>\n<\/tr>\n<tr>\n<td width=\"280\">Identificador \u00fanico del documento en el cat\u00e1logo de la entidad<\/td>\n<td width=\"597\">BCS-SETUES-E-006<\/td>\n<\/tr>\n<tr>\n<td width=\"280\">Nivel de acceso.<\/td>\n<td width=\"597\">P\u00fablico<\/td>\n<\/tr>\n<\/tbody>\n<\/table>\n","protected":false},"excerpt":{"rendered":"<p>Punto de RED Estatal BCS, de apoyo a emprendedores, cuando el usuario solicite informaci\u00f3n sobre apoyo al emprendedor Descargar xls csv Diccionario Descargar xls csv Metadato Campo Valor T\u00edtulo Modulo Red de Apoyo al Emprendedor Descripci\u00f3n Punto de RED Estatal BCS, de apoyo a emprendedores, cuando el usuario solicite informaci\u00f3n sobre apoyo al emprendedor Etiquetas &hellip; <a href=\"https:\/\/datos.bcs.gob.mx\/?page_id=6542\">Continued<\/a><\/p>\n","protected":false},"author":1,"featured_media":0,"parent":0,"menu_order":0,"comment_status":"closed","ping_status":"closed","template":"templates\/barra.php","meta":{"_acf_changed":false,"footnotes":"","_links_to":"","_links_to_target":""},"class_list":["post-6542","page","type-page","status-publish","hentry","catalogo_de_datos-economia-desarrollo"],"acf":[],"_links":{"self":[{"href":"https:\/\/datos.bcs.gob.mx\/index.php?rest_route=\/wp\/v2\/pages\/6542"}],"collection":[{"href":"https:\/\/datos.bcs.gob.mx\/index.php?rest_route=\/wp\/v2\/pages"}],"about":[{"href":"https:\/\/datos.bcs.gob.mx\/index.php?rest_route=\/wp\/v2\/types\/page"}],"author":[{"embeddable":true,"href":"https:\/\/datos.bcs.gob.mx\/index.php?rest_route=\/wp\/v2\/users\/1"}],"replies":[{"embeddable":true,"href":"https:\/\/datos.bcs.gob.mx\/index.php?rest_route=%2Fwp%2Fv2%2Fcomments&post=6542"}],"version-history":[{"count":15,"href":"https:\/\/datos.bcs.gob.mx\/index.php?rest_route=\/wp\/v2\/pages\/6542\/revisions"}],"predecessor-version":[{"id":7587,"href":"https:\/\/datos.bcs.gob.mx\/index.php?rest_route=\/wp\/v2\/pages\/6542\/revisions\/7587"}],"wp:attachment":[{"href":"https:\/\/datos.bcs.gob.mx\/index.php?rest_route=%2Fwp%2Fv2%2Fmedia&parent=6542"}],"curies":[{"name":"wp","href":"https:\/\/api.w.org\/{rel}","templated":true}]}}