{"id":6531,"date":"2018-09-26T08:15:04","date_gmt":"2018-09-26T14:15:04","guid":{"rendered":"http:\/\/datos.bcs.gob.mx\/?page_id=6531"},"modified":"2018-11-13T12:03:34","modified_gmt":"2018-11-13T18:03:34","slug":"padron-exposiciones-actividades-culturales","status":"publish","type":"page","link":"https:\/\/datos.bcs.gob.mx\/?page_id=6531","title":{"rendered":"exposiciones de actividades culturales"},"content":{"rendered":"<p><\/br><br \/>\nActividades Culturales<br \/>\n<\/br><\/p>\n<div class=\"col-md-6\"><strong>Descargar<\/strong> <a class=\"btn btn-success btn-xs\" href=\"wp-content\/themes\/TemaSEPUIT\/assets\/images\/doc\/cultura\/misiones\/PADRON DE EXPOSICIONES.xlsx\">xls<\/a> <a class=\"btn btn-primary btn-xs\" href=\"wp-content\/themes\/TemaSEPUIT\/assets\/images\/doc\/cultura\/misiones\/PADRON DE EXPOSICIONES.xlsx\">csv<br \/>\n<\/a><\/div>\n<div class=\"col-md-6\" style=\"padding-bottom: 35px;\"><strong>Diccionario Descargar<\/strong> <a class=\"btn btn-success btn-xs\" href=\"wp-content\/themes\/TemaSEPUIT\/assets\/images\/doc\/cultura\/misiones\/DICCIONARIO PADRON DE EXPOSICIONES DE ACTIVIDADES CULTURALES.xlsx\">xls<\/a> <a class=\"btn btn-primary btn-xs\" href=\"wp-content\/themes\/TemaSEPUIT\/assets\/images\/doc\/cultura\/misiones\/DICCIONARIO PADRON DE EXPOSICIONES DE ACTIVIDADES CULTURALES.csv\">csv<\/a><\/div>\n<p style=\"text-align: center;\"><span style=\"font-size: 16px;\"><strong>Metadato<\/strong><\/span><\/p>\n<table class=\"table table-striped\" width=\"960\" cellspacing=\"0\" cellpadding=\"0\">\n<tbody>\n<tr>\n<td bgcolor=\"#CCCCCC\"><strong>Campo<\/strong><\/td>\n<td bgcolor=\"#CCCCCC\"><strong>Valor<\/strong><\/td>\n<\/tr>\n<tr>\n<td width=\"493\">T\u00edtulo<\/td>\n<td width=\"681\">Exposiciones de Actividades Culturales.<\/td>\n<\/tr>\n<tr>\n<td width=\"493\">Descripci\u00f3n<\/td>\n<td width=\"681\">Actividades Culturales<\/td>\n<\/tr>\n<tr>\n<td width=\"493\">Etiquetas<\/td>\n<td width=\"681\">Exposiciones<\/td>\n<\/tr>\n<tr>\n<td width=\"493\">Publicado<\/td>\n<td width=\"681\">31 de Diciembre 2017<\/td>\n<\/tr>\n<tr>\n<td width=\"493\">Frecuencia de Actualizaci\u00f3n<\/td>\n<td width=\"681\">Mensual<\/td>\n<\/tr>\n<tr>\n<td width=\"493\">\u00daltima modificaci\u00f3n<\/td>\n<td width=\"681\">31 de Diciembre 2017<\/td>\n<\/tr>\n<tr>\n<td width=\"493\">Tema<\/td>\n<td width=\"681\">Cultura<\/td>\n<\/tr>\n<tr>\n<td width=\"493\">Nombre del Publicador<\/td>\n<td width=\"681\">Casa de la Cultura del Estado de Baja California Sur<\/td>\n<\/tr>\n<tr>\n<td width=\"493\">Contacto<\/td>\n<td width=\"681\">Lic. Alan Castro Ru\u00edz<\/td>\n<\/tr>\n<tr>\n<td width=\"493\">Correo electr\u00f3nico<\/td>\n<td width=\"681\"><a href=\"mailto:casaculturaedobcs@yahoo.com.mx\">casaculturaedobcs@yahoo.com.mx<\/a><\/td>\n<\/tr>\n<tr>\n<td width=\"493\">Identificador \u00fanico del documento en el cat\u00e1logo de la entidad.<\/td>\n<td width=\"681\"><\/td>\n<\/tr>\n<tr>\n<td width=\"493\">Nivel de acceso.<\/td>\n<td width=\"681\">P\u00fablico<\/td>\n<\/tr>\n<\/tbody>\n<\/table>\n","protected":false},"excerpt":{"rendered":"<p>Actividades Culturales Descargar xls csv Diccionario Descargar xls csv Metadato Campo Valor T\u00edtulo Exposiciones de Actividades Culturales. Descripci\u00f3n Actividades Culturales Etiquetas Exposiciones Publicado 31 de Diciembre 2017 Frecuencia de Actualizaci\u00f3n Mensual \u00daltima modificaci\u00f3n 31 de Diciembre 2017 Tema Cultura Nombre del Publicador Casa de la Cultura del Estado de Baja California Sur Contacto Lic. Alan &hellip; <a href=\"https:\/\/datos.bcs.gob.mx\/?page_id=6531\">Continued<\/a><\/p>\n","protected":false},"author":1,"featured_media":0,"parent":0,"menu_order":0,"comment_status":"closed","ping_status":"closed","template":"templates\/barra.php","meta":{"_acf_changed":false,"footnotes":"","_links_to":"","_links_to_target":""},"class_list":["post-6531","page","type-page","status-publish","hentry","catalogo_de_datos-cultura"],"acf":[],"_links":{"self":[{"href":"https:\/\/datos.bcs.gob.mx\/index.php?rest_route=\/wp\/v2\/pages\/6531"}],"collection":[{"href":"https:\/\/datos.bcs.gob.mx\/index.php?rest_route=\/wp\/v2\/pages"}],"about":[{"href":"https:\/\/datos.bcs.gob.mx\/index.php?rest_route=\/wp\/v2\/types\/page"}],"author":[{"embeddable":true,"href":"https:\/\/datos.bcs.gob.mx\/index.php?rest_route=\/wp\/v2\/users\/1"}],"replies":[{"embeddable":true,"href":"https:\/\/datos.bcs.gob.mx\/index.php?rest_route=%2Fwp%2Fv2%2Fcomments&post=6531"}],"version-history":[{"count":9,"href":"https:\/\/datos.bcs.gob.mx\/index.php?rest_route=\/wp\/v2\/pages\/6531\/revisions"}],"predecessor-version":[{"id":7385,"href":"https:\/\/datos.bcs.gob.mx\/index.php?rest_route=\/wp\/v2\/pages\/6531\/revisions\/7385"}],"wp:attachment":[{"href":"https:\/\/datos.bcs.gob.mx\/index.php?rest_route=%2Fwp%2Fv2%2Fmedia&parent=6531"}],"curies":[{"name":"wp","href":"https:\/\/api.w.org\/{rel}","templated":true}]}}