{"id":6523,"date":"2018-09-26T08:05:39","date_gmt":"2018-09-26T14:05:39","guid":{"rendered":"http:\/\/datos.bcs.gob.mx\/?page_id=6523"},"modified":"2018-11-13T12:10:41","modified_gmt":"2018-11-13T18:10:41","slug":"lugares-interes-mulege","status":"publish","type":"page","link":"https:\/\/datos.bcs.gob.mx\/?page_id=6523","title":{"rendered":"lugares de inter\u00e9s muleg\u00e9"},"content":{"rendered":"<p><\/br><br \/>\nLugares de inter\u00e9s en el Estado de Baja California Sur.<br \/>\n<\/br><\/p>\n<div class=\"col-md-6\"><strong>Descargar<\/strong> <span class=\"glyphicon glyphicon-download-alt\"><\/span> <a class=\"btn btn-success btn-xs\" href=\"wp-content\/themes\/TemaSEPUIT\/assets\/images\/doc\/cultura\/misiones\/PADRON LUGARES MULEGE.xlsx\">xls<\/a> <a class=\"btn btn-primary btn-xs\" href=\"wp-content\/themes\/TemaSEPUIT\/assets\/images\/doc\/cultura\/misiones\/PADRON LUGARES MULEGE.csv\">csv<br \/>\n<\/a><\/div>\n<div style=\"padding-bottom:35px\" class=\"col-md-6\"><strong>Diccionario Descargar<\/strong> <span class=\"glyphicon glyphicon-download-alt\"><\/span>  <a class=\"btn btn-success btn-xs\" href=\"wp-content\/themes\/TemaSEPUIT\/assets\/images\/doc\/cultura\/misiones\/DICCIONARIO LUGARES DE INTERES MULEGE.xlsx\">xls<\/a> <a class=\"btn btn-primary btn-xs\" href=\"wp-content\/themes\/TemaSEPUIT\/assets\/images\/doc\/cultura\/misiones\/DICCIONARIO LUGARES DE INTERES MULEGE.csv\">csv<\/a><\/div>\n<p style=\"text-align: center;\"><span style=\"font-size: 16px;\"><strong>Metadato<\/strong><\/span><\/p>\n<table class=\"table table-striped\" width=\"960\" cellspacing=\"0\" cellpadding=\"0\">\n<tbody>\n<tr>\n<td bgcolor=\"#CCCCCC\"><strong>Campo<\/strong><\/td>\n<td bgcolor=\"#CCCCCC\"><strong>Valor<\/strong><\/td>\n<tr>\n<td width=\"493\">T\u00edtulo<\/td>\n<td width=\"681\">Lugares de Inter\u00e9s Muleg\u00e9.<\/td>\n<\/tr>\n<tr>\n<td width=\"493\">Descripci\u00f3n<\/td>\n<td width=\"681\">Lugares    de inter\u00e9s en el Estado de Baja California Sur<\/td>\n<\/tr>\n<tr>\n<td width=\"493\">Etiquetas<\/td>\n<td width=\"681\">Recintos    de los cinco municipios del Estado, Comond\u00fa, La Paz, Loreto, Los Cabos y    Muleg\u00e9<\/td>\n<\/tr>\n<tr>\n<td width=\"493\">Publicado<\/td>\n<td width=\"681\">31    de Diciembre 2017<\/td>\n<\/tr>\n<tr>\n<td width=\"493\">Frecuencia de Actualizaci\u00f3n<\/td>\n<td width=\"681\">Mensual<\/td>\n<\/tr>\n<tr>\n<td width=\"493\">\u00daltima modificaci\u00f3n<\/td>\n<td width=\"681\">31    de Diciembre 2017<\/td>\n<\/tr>\n<tr>\n<td width=\"493\">Tema<\/td>\n<td width=\"681\">Cultura<\/td>\n<\/tr>\n<tr>\n<td width=\"493\">Nombre del Publicador<\/td>\n<td width=\"681\">Coordinaci\u00f3n    de Difusi\u00f3n <\/td>\n<\/tr>\n<tr>\n<td width=\"493\">Contacto<\/td>\n<td width=\"681\">Santa    Rosa Aviles Castro<\/td>\n<\/tr>\n<tr>\n<td width=\"493\">Correo electr\u00f3nico <\/td>\n<td width=\"681\"><a href=\"mailto:difusionculturabcs@gmail.com\">difusionculturabcs@gmail.com<\/a><\/td>\n<\/tr>\n<tr>\n<td width=\"493\">Identificador \u00fanico del documento en el cat\u00e1logo de la    entidad. <\/td>\n<td width=\"681\">&nbsp;<\/td>\n<\/tr>\n<tr>\n<td width=\"493\">Nivel de acceso. <\/td>\n<td width=\"681\">P\u00fablico<\/td>\n<\/tr>\n<\/table>\n","protected":false},"excerpt":{"rendered":"<p>Lugares de inter\u00e9s en el Estado de Baja California Sur. Descargar xls csv Diccionario Descargar xls csv Metadato Campo Valor T\u00edtulo Lugares de Inter\u00e9s Muleg\u00e9. Descripci\u00f3n Lugares de inter\u00e9s en el Estado de Baja California Sur Etiquetas Recintos de los cinco municipios del Estado, Comond\u00fa, La Paz, Loreto, Los Cabos y Muleg\u00e9 Publicado 31 de &hellip; <a href=\"https:\/\/datos.bcs.gob.mx\/?page_id=6523\">Continued<\/a><\/p>\n","protected":false},"author":1,"featured_media":0,"parent":0,"menu_order":0,"comment_status":"closed","ping_status":"closed","template":"templates\/barra.php","meta":{"_acf_changed":false,"footnotes":"","_links_to":"","_links_to_target":""},"class_list":["post-6523","page","type-page","status-publish","hentry","catalogo_de_datos-cultura"],"acf":[],"_links":{"self":[{"href":"https:\/\/datos.bcs.gob.mx\/index.php?rest_route=\/wp\/v2\/pages\/6523"}],"collection":[{"href":"https:\/\/datos.bcs.gob.mx\/index.php?rest_route=\/wp\/v2\/pages"}],"about":[{"href":"https:\/\/datos.bcs.gob.mx\/index.php?rest_route=\/wp\/v2\/types\/page"}],"author":[{"embeddable":true,"href":"https:\/\/datos.bcs.gob.mx\/index.php?rest_route=\/wp\/v2\/users\/1"}],"replies":[{"embeddable":true,"href":"https:\/\/datos.bcs.gob.mx\/index.php?rest_route=%2Fwp%2Fv2%2Fcomments&post=6523"}],"version-history":[{"count":6,"href":"https:\/\/datos.bcs.gob.mx\/index.php?rest_route=\/wp\/v2\/pages\/6523\/revisions"}],"predecessor-version":[{"id":7389,"href":"https:\/\/datos.bcs.gob.mx\/index.php?rest_route=\/wp\/v2\/pages\/6523\/revisions\/7389"}],"wp:attachment":[{"href":"https:\/\/datos.bcs.gob.mx\/index.php?rest_route=%2Fwp%2Fv2%2Fmedia&parent=6523"}],"curies":[{"name":"wp","href":"https:\/\/api.w.org\/{rel}","templated":true}]}}