{"id":6494,"date":"2018-09-25T23:01:41","date_gmt":"2018-09-26T05:01:41","guid":{"rendered":"http:\/\/datos.bcs.gob.mx\/?page_id=6494"},"modified":"2018-11-13T12:26:20","modified_gmt":"2018-11-13T18:26:20","slug":"padron-ruta-las-misiones-mulege","status":"publish","type":"page","link":"https:\/\/datos.bcs.gob.mx\/?page_id=6494","title":{"rendered":"ruta de las misiones muleg\u00e9"},"content":{"rendered":"<p><\/br><br \/>\nRuta de las Misiones de la Pen\u00ednsula de Baja California Sur.<br \/>\n<\/br><\/p>\n<div class=\"col-md-6\"><strong>Descargar<\/strong> <span class=\"glyphicon glyphicon-download-alt\"><\/span> <a class=\"btn btn-success btn-xs\" href=\"wp-content\/themes\/TemaSEPUIT\/assets\/images\/doc\/cultura\/misiones\/PADRON MISIONES MULEGE.xlsx\">xls<\/a> <a class=\"btn btn-primary btn-xs\" href=\"wp-content\/themes\/TemaSEPUIT\/assets\/images\/doc\/cultura\/misiones\/PADRON MISIONES MULEGE.csv\">csv<br \/>\n<\/a><\/div>\n<div style=\"padding-bottom:35px\" class=\"col-md-6\"><strong>Diccionario Descargar<\/strong> <span class=\"glyphicon glyphicon-download-alt\"><\/span>  <a class=\"btn btn-success btn-xs\" href=\"wp-content\/themes\/TemaSEPUIT\/assets\/images\/doc\/cultura\/misiones\/DICCIONARIO PADRON RUTA MISIONES MULEGE.xlsx\">xls<\/a> <a class=\"btn btn-primary btn-xs\" href=\"wp-content\/themes\/TemaSEPUIT\/assets\/images\/doc\/cultura\/misiones\/DICCIONARIO PADRON RUTA MISIONES MULEGE.csv\">csv<\/a><\/div>\n<p style=\"text-align: center;\"><span style=\"font-size: 16px;\"><strong>Metadato<\/strong><\/span><\/p>\n<table class=\"table table-striped\" width=\"960\" cellspacing=\"0\" cellpadding=\"0\">\n<tbody>\n<tr>\n<td bgcolor=\"#CCCCCC\"><strong>Campo<\/strong><\/td>\n<td bgcolor=\"#CCCCCC\"><strong>Valor<\/strong><\/td>\n<tr>\n<td width=\"493\">T\u00edtulo<\/td>\n<td width=\"681\">Ruta de las Misiones Muleg\u00e9.<\/td>\n<\/tr>\n<tr>\n<td width=\"493\">Descripci\u00f3n<\/td>\n<td width=\"681\">Ruta    de las Misiones de la Pen\u00ednsula de Baja California Sur.<\/td>\n<\/tr>\n<tr>\n<td width=\"493\">Etiquetas<\/td>\n<td width=\"681\">&quot;La    Paz, Comondu, Mulege, Los Cabos y Loreto&#038;quot.<\/td>\n<\/tr>\n<tr>\n<td width=\"493\">Publicado<\/td>\n<td width=\"681\">31    de Diciembre 2017<\/td>\n<\/tr>\n<tr>\n<td width=\"493\">Frecuencia de Actualizaci\u00f3n<\/td>\n<td width=\"681\">Mensual<\/td>\n<\/tr>\n<tr>\n<td width=\"493\">\u00daltima modificaci\u00f3n<\/td>\n<td width=\"681\">31    de Diciembre 2017<\/td>\n<\/tr>\n<tr>\n<td width=\"493\">Tema<\/td>\n<td width=\"681\">Cultura<\/td>\n<\/tr>\n<tr>\n<td width=\"493\">Nombre del Publicador<\/td>\n<td width=\"681\">Coordinaci\u00f3n    de Difusi\u00f3n<\/td>\n<\/tr>\n<tr>\n<td width=\"493\">Contacto<\/td>\n<td width=\"681\">Santa    Rosa Avil\u00e9s Castro<\/td>\n<\/tr>\n<tr>\n<td width=\"493\">Correo electr\u00f3nico\u00a0<\/td>\n<td width=\"681\"><a href=\"mailto:difusionculturabcs@gmail.com\">difusionculturabcs@gmail.com<\/a><\/td>\n<\/tr>\n<tr>\n<td width=\"493\">Identificador \u00fanico del documento en el cat\u00e1logo de la    entidad.\u00a0<\/td>\n<td width=\"681\">&nbsp;<\/td>\n<\/tr>\n<tr>\n<td width=\"493\">Nivel de acceso.\u00a0<\/td>\n<td width=\"681\">P\u00fablico<\/td>\n<\/tr>\n<\/table>\n","protected":false},"excerpt":{"rendered":"<p>Ruta de las Misiones de la Pen\u00ednsula de Baja California Sur. Descargar xls csv Diccionario Descargar xls csv Metadato Campo Valor T\u00edtulo Ruta de las Misiones Muleg\u00e9. Descripci\u00f3n Ruta de las Misiones de la Pen\u00ednsula de Baja California Sur. Etiquetas &quot;La Paz, Comondu, Mulege, Los Cabos y Loreto&#038;quot. Publicado 31 de Diciembre 2017 Frecuencia de &hellip; <a href=\"https:\/\/datos.bcs.gob.mx\/?page_id=6494\">Continued<\/a><\/p>\n","protected":false},"author":1,"featured_media":0,"parent":0,"menu_order":0,"comment_status":"closed","ping_status":"closed","template":"templates\/barra.php","meta":{"_acf_changed":false,"footnotes":"","_links_to":"","_links_to_target":""},"class_list":["post-6494","page","type-page","status-publish","hentry","catalogo_de_datos-cultura"],"acf":[],"_links":{"self":[{"href":"https:\/\/datos.bcs.gob.mx\/index.php?rest_route=\/wp\/v2\/pages\/6494"}],"collection":[{"href":"https:\/\/datos.bcs.gob.mx\/index.php?rest_route=\/wp\/v2\/pages"}],"about":[{"href":"https:\/\/datos.bcs.gob.mx\/index.php?rest_route=\/wp\/v2\/types\/page"}],"author":[{"embeddable":true,"href":"https:\/\/datos.bcs.gob.mx\/index.php?rest_route=\/wp\/v2\/users\/1"}],"replies":[{"embeddable":true,"href":"https:\/\/datos.bcs.gob.mx\/index.php?rest_route=%2Fwp%2Fv2%2Fcomments&post=6494"}],"version-history":[{"count":8,"href":"https:\/\/datos.bcs.gob.mx\/index.php?rest_route=\/wp\/v2\/pages\/6494\/revisions"}],"predecessor-version":[{"id":7399,"href":"https:\/\/datos.bcs.gob.mx\/index.php?rest_route=\/wp\/v2\/pages\/6494\/revisions\/7399"}],"wp:attachment":[{"href":"https:\/\/datos.bcs.gob.mx\/index.php?rest_route=%2Fwp%2Fv2%2Fmedia&parent=6494"}],"curies":[{"name":"wp","href":"https:\/\/api.w.org\/{rel}","templated":true}]}}