{"id":6490,"date":"2018-09-25T22:59:26","date_gmt":"2018-09-26T04:59:26","guid":{"rendered":"http:\/\/datos.bcs.gob.mx\/?page_id=6490"},"modified":"2018-11-13T12:55:25","modified_gmt":"2018-11-13T18:55:25","slug":"padron-ruta-las-misiones-comondu","status":"publish","type":"page","link":"https:\/\/datos.bcs.gob.mx\/?page_id=6490","title":{"rendered":"ruta de las misiones comond\u00fa"},"content":{"rendered":"<p><\/br><br \/>\nRuta de las Misiones de la Pen\u00ednsula de Baja California Sur.<br \/>\n<\/br><\/p>\n<div class=\"col-md-6\"><strong>Descargar<\/strong> <span class=\"glyphicon glyphicon-download-alt\"><\/span> <a class=\"btn btn-success btn-xs\" href=\"wp-content\/themes\/TemaSEPUIT\/assets\/images\/doc\/cultura\/misiones\/PADRON MISIONES COMONDU.xlsx\">xls<\/a> <a class=\"btn btn-primary btn-xs\" href=\"wp-content\/themes\/TemaSEPUIT\/assets\/images\/doc\/cultura\/misiones\/PADRON MISIONES COMONDU.csv\">csv<br \/>\n<\/a><\/div>\n<div style=\"padding-bottom:35px\" class=\"col-md-6\"><strong>Diccionario Descargar<\/strong> <span class=\"glyphicon glyphicon-download-alt\"><\/span>  <a class=\"btn btn-success btn-xs\" href=\"wp-content\/themes\/TemaSEPUIT\/assets\/images\/doc\/cultura\/misiones\/DICCIONARIO_PADR\u00d3N RUTA DE LAS MISIONES COMOND\u00da.xlsx\">xls<\/a> <a class=\"btn btn-primary btn-xs\" href=\"wp-content\/themes\/TemaSEPUIT\/assets\/images\/doc\/cultura\/misiones\/DICCIONARIO_PADR\u00d3N RUTA DE LAS MISIONES COMOND\u00da.csv\">csv<\/a><\/div>\n<p style=\"text-align: center;\"><span style=\"font-size: 16px;\"><strong>Metadato<\/strong><\/span><\/p>\n<table class=\"table table-striped\" width=\"960\" cellspacing=\"0\" cellpadding=\"0\">\n<tbody>\n<tr>\n<td bgcolor=\"#CCCCCC\"><strong>Campo<\/strong><\/td>\n<td bgcolor=\"#CCCCCC\"><strong>Valor<\/strong><\/td>\n<tr>\n<td width=\"493\">T\u00edtulo<\/td>\n<td width=\"681\">Ruta de las Misiones Comond\u00fa.<\/td>\n<\/tr>\n<tr>\n<td width=\"493\">Descripci\u00f3n<\/td>\n<td width=\"681\">Ruta    de las Misiones de la Pen\u00ednsula de Baja California Sur.<\/td>\n<\/tr>\n<tr>\n<td width=\"493\">Etiquetas<\/td>\n<td width=\"681\">La    Paz, Comond\u00fa, Muleg\u00e9, Los Cabos y Loreto.<\/td>\n<\/tr>\n<tr>\n<td width=\"493\">Publicado<\/td>\n<td width=\"681\">31    de Diciembre 2017<\/td>\n<\/tr>\n<tr>\n<td width=\"493\">Frecuencia de Actualizaci\u00f3n<\/td>\n<td width=\"681\">Mensual<\/td>\n<\/tr>\n<tr>\n<td width=\"493\">\u00daltima modificaci\u00f3n<\/td>\n<td width=\"681\">31    de Diciembre 2017<\/td>\n<\/tr>\n<tr>\n<td width=\"493\">Tema<\/td>\n<td width=\"681\">Cultura<\/td>\n<\/tr>\n<tr>\n<td width=\"493\">Nombre del Publicador<\/td>\n<td width=\"681\">Coordinaci\u00f3n    de Difusi\u00f3n<\/td>\n<\/tr>\n<tr>\n<td width=\"493\">Contacto<\/td>\n<td width=\"681\">Santa    Rosa Avil\u00e9s Castro<\/td>\n<\/tr>\n<tr>\n<td width=\"493\">Correo electr\u00f3nico <\/td>\n<td width=\"681\"><a href=\"mailto:difusionculturabcs@gmail.com\">difusionculturabcs@gmail.com<\/a><\/td>\n<\/tr>\n<tr>\n<td width=\"493\">Identificador \u00fanico del documento en el cat\u00e1logo de la    entidad. <\/td>\n<td width=\"681\">&nbsp;<\/td>\n<\/tr>\n<tr>\n<td width=\"493\">Nivel de acceso. <\/td>\n<td width=\"681\">P\u00fablico<\/td>\n<\/tr>\n<\/table>\n","protected":false},"excerpt":{"rendered":"<p>Ruta de las Misiones de la Pen\u00ednsula de Baja California Sur. Descargar xls csv Diccionario Descargar xls csv Metadato Campo Valor T\u00edtulo Ruta de las Misiones Comond\u00fa. Descripci\u00f3n Ruta de las Misiones de la Pen\u00ednsula de Baja California Sur. Etiquetas La Paz, Comond\u00fa, Muleg\u00e9, Los Cabos y Loreto. Publicado 31 de Diciembre 2017 Frecuencia de &hellip; <a href=\"https:\/\/datos.bcs.gob.mx\/?page_id=6490\">Continued<\/a><\/p>\n","protected":false},"author":1,"featured_media":0,"parent":0,"menu_order":0,"comment_status":"closed","ping_status":"closed","template":"templates\/barra.php","meta":{"_acf_changed":false,"footnotes":"","_links_to":"","_links_to_target":""},"class_list":["post-6490","page","type-page","status-publish","hentry","catalogo_de_datos-cultura"],"acf":[],"_links":{"self":[{"href":"https:\/\/datos.bcs.gob.mx\/index.php?rest_route=\/wp\/v2\/pages\/6490"}],"collection":[{"href":"https:\/\/datos.bcs.gob.mx\/index.php?rest_route=\/wp\/v2\/pages"}],"about":[{"href":"https:\/\/datos.bcs.gob.mx\/index.php?rest_route=\/wp\/v2\/types\/page"}],"author":[{"embeddable":true,"href":"https:\/\/datos.bcs.gob.mx\/index.php?rest_route=\/wp\/v2\/users\/1"}],"replies":[{"embeddable":true,"href":"https:\/\/datos.bcs.gob.mx\/index.php?rest_route=%2Fwp%2Fv2%2Fcomments&post=6490"}],"version-history":[{"count":7,"href":"https:\/\/datos.bcs.gob.mx\/index.php?rest_route=\/wp\/v2\/pages\/6490\/revisions"}],"predecessor-version":[{"id":7404,"href":"https:\/\/datos.bcs.gob.mx\/index.php?rest_route=\/wp\/v2\/pages\/6490\/revisions\/7404"}],"wp:attachment":[{"href":"https:\/\/datos.bcs.gob.mx\/index.php?rest_route=%2Fwp%2Fv2%2Fmedia&parent=6490"}],"curies":[{"name":"wp","href":"https:\/\/api.w.org\/{rel}","templated":true}]}}