{"id":6488,"date":"2018-09-25T22:58:04","date_gmt":"2018-09-26T04:58:04","guid":{"rendered":"http:\/\/datos.bcs.gob.mx\/?page_id=6488"},"modified":"2018-11-13T12:58:40","modified_gmt":"2018-11-13T18:58:40","slug":"padron-ruta-las-misiones-la-paz","status":"publish","type":"page","link":"https:\/\/datos.bcs.gob.mx\/?page_id=6488","title":{"rendered":"ruta de las misiones la paz"},"content":{"rendered":"<p><\/br><br \/>\nRuta de las Misiones de la Peninsula de Baja California Sur.<br \/>\n<\/br><\/p>\n<div class=\"col-md-6\"><strong>Descargar<\/strong> <span class=\"glyphicon glyphicon-download-alt\"><\/span> <a class=\"btn btn-success btn-xs\" href=\"wp-content\/themes\/TemaSEPUIT\/assets\/images\/doc\/cultura\/misiones\/PADRON MISIONES LA PAZ.xlsx\">xls<\/a> <a class=\"btn btn-primary btn-xs\" href=\"wp-content\/themes\/TemaSEPUIT\/assets\/images\/doc\/cultura\/misiones\/PADRON MISIONES LA PAZ.csv\">csv<br \/>\n<\/a><\/div>\n<div style=\"padding-bottom:35px\" class=\"col-md-6\"><strong>Diccionario Descargar<\/strong> <span class=\"glyphicon glyphicon-download-alt\"><\/span>  <a class=\"btn btn-success btn-xs\" href=\"wp-content\/themes\/TemaSEPUIT\/assets\/images\/doc\/cultura\/misiones\/DICCIONARIO_PADR\u00d3N RUTA DE LAS MISIONES LA PAZ.xlsx\">xls<\/a> <a class=\"btn btn-primary btn-xs\" href=\"wp-content\/themes\/TemaSEPUIT\/assets\/images\/doc\/cultura\/misiones\/DICCIONARIO_PADR\u00d3N RUTA DE LAS MISIONES LA PAZ.csv\">csv<\/a><\/div>\n<p style=\"text-align: center;\"><span style=\"font-size: 16px;\"><strong>Metadato<\/strong><\/span><\/p>\n<table class=\"table table-striped\" width=\"960\" cellspacing=\"0\" cellpadding=\"0\">\n<tbody>\n<tr>\n<td bgcolor=\"#CCCCCC\"><strong>Campo<\/strong><\/td>\n<td bgcolor=\"#CCCCCC\"><strong>Valor<\/strong><\/td>\n<tr>\n<td width=\"493\">T\u00edtulo<\/td>\n<td width=\"681\">Ruta de las Misiones La Paz.<\/td>\n<\/tr>\n<tr>\n<td width=\"493\">Descripci\u00f3n<\/td>\n<td width=\"681\">Ruta    de las Misiones de la Pen\u00ednsula de Baja California Sur.<\/td>\n<\/tr>\n<tr>\n<td width=\"493\">Etiquetas<\/td>\n<td width=\"681\">La    Paz, Comond\u00fa, Muleg\u00e9, Los Cabos y Loreto.<\/td>\n<\/tr>\n<tr>\n<td width=\"493\">Publicado<\/td>\n<td width=\"681\">31    de Diciembre 2017<\/td>\n<\/tr>\n<tr>\n<td width=\"493\">Frecuencia de Actualizaci\u00f3n<\/td>\n<td width=\"681\">Mensual<\/td>\n<\/tr>\n<tr>\n<td width=\"493\">\u00daltima modificaci\u00f3n<\/td>\n<td width=\"681\">31    de Diciembre 2017<\/td>\n<\/tr>\n<tr>\n<td width=\"493\">Tema<\/td>\n<td width=\"681\">Cultura<\/td>\n<\/tr>\n<tr>\n<td width=\"493\">Nombre del Publicador<\/td>\n<td width=\"681\">Coordinaci\u00f3n    de Difusi\u00f3n<\/td>\n<\/tr>\n<tr>\n<td width=\"493\">Contacto<\/td>\n<td width=\"681\">Santa    Rosa Avil\u00e9s Castro<\/td>\n<\/tr>\n<tr>\n<td width=\"493\">Correo electr\u00f3nico <\/td>\n<td width=\"681\"><a href=\"mailto:difusionculturabcs@gmail.com\">difusionculturabcs@gmail.com<\/a><\/td>\n<\/tr>\n<tr>\n<td width=\"493\">Identificador \u00fanico del documento en el cat\u00e1logo de la    entidad. <\/td>\n<td width=\"681\">&nbsp;<\/td>\n<\/tr>\n<tr>\n<td width=\"493\">Nivel de acceso. <\/td>\n<td width=\"681\">P\u00fablico<\/td>\n<\/tr>\n<\/table>\n","protected":false},"excerpt":{"rendered":"<p>Ruta de las Misiones de la Peninsula de Baja California Sur. Descargar xls csv Diccionario Descargar xls csv Metadato Campo Valor T\u00edtulo Ruta de las Misiones La Paz. Descripci\u00f3n Ruta de las Misiones de la Pen\u00ednsula de Baja California Sur. Etiquetas La Paz, Comond\u00fa, Muleg\u00e9, Los Cabos y Loreto. Publicado 31 de Diciembre 2017 Frecuencia &hellip; <a href=\"https:\/\/datos.bcs.gob.mx\/?page_id=6488\">Continued<\/a><\/p>\n","protected":false},"author":1,"featured_media":0,"parent":0,"menu_order":0,"comment_status":"closed","ping_status":"closed","template":"templates\/barra.php","meta":{"_acf_changed":false,"footnotes":"","_links_to":"","_links_to_target":""},"class_list":["post-6488","page","type-page","status-publish","hentry","catalogo_de_datos-cultura"],"acf":[],"_links":{"self":[{"href":"https:\/\/datos.bcs.gob.mx\/index.php?rest_route=\/wp\/v2\/pages\/6488"}],"collection":[{"href":"https:\/\/datos.bcs.gob.mx\/index.php?rest_route=\/wp\/v2\/pages"}],"about":[{"href":"https:\/\/datos.bcs.gob.mx\/index.php?rest_route=\/wp\/v2\/types\/page"}],"author":[{"embeddable":true,"href":"https:\/\/datos.bcs.gob.mx\/index.php?rest_route=\/wp\/v2\/users\/1"}],"replies":[{"embeddable":true,"href":"https:\/\/datos.bcs.gob.mx\/index.php?rest_route=%2Fwp%2Fv2%2Fcomments&post=6488"}],"version-history":[{"count":7,"href":"https:\/\/datos.bcs.gob.mx\/index.php?rest_route=\/wp\/v2\/pages\/6488\/revisions"}],"predecessor-version":[{"id":7407,"href":"https:\/\/datos.bcs.gob.mx\/index.php?rest_route=\/wp\/v2\/pages\/6488\/revisions\/7407"}],"wp:attachment":[{"href":"https:\/\/datos.bcs.gob.mx\/index.php?rest_route=%2Fwp%2Fv2%2Fmedia&parent=6488"}],"curies":[{"name":"wp","href":"https:\/\/api.w.org\/{rel}","templated":true}]}}