{"id":6460,"date":"2018-09-25T20:01:45","date_gmt":"2018-09-26T02:01:45","guid":{"rendered":"http:\/\/datos.bcs.gob.mx\/?page_id=6460"},"modified":"2018-10-08T22:31:52","modified_gmt":"2018-10-09T04:31:52","slug":"padron-total-contribuyentes-la-obligacion-impuesto-nomina-municipio-2016","status":"publish","type":"page","link":"https:\/\/datos.bcs.gob.mx\/?page_id=6460","title":{"rendered":"TOTAL DE CONTRIBUYENTES CON LA OBLIGACI\u00d3N DE IMPUESTOS SOBRE N\u00d3MINA POR MUNICIPIO DEL A\u00d1O 2016"},"content":{"rendered":"<p><\/br><br \/>\nTotal de contribuyentes por    municipio del a\u00f1o 2016,\u00a0 que tienen la    obligaci\u00f3n del Impuesto sobre N\u00f3mina<br \/>\n<\/br><\/p>\n<div class=\"col-md-6\"><strong>Descargar<\/strong> <a class=\"btn btn-success btn-xs\" href=\"wp-content\/themes\/TemaSEPUIT\/assets\/images\/doc\/economia\/finanzas\/ingresos\/nomina\/NOMINA 2016.xlsx\">xls<\/a> <a class=\"btn btn-primary btn-xs\" href=\"wp-content\/themes\/TemaSEPUIT\/assets\/images\/doc\/economia\/finanzas\/ingresos\/nomina\/NOMINA 2016.csv\">csv<br \/>\n<\/a><\/div>\n<div class=\"col-md-6\" style=\"padding-bottom: 35px;\"><strong>Diccionario Descargar<\/strong> <a class=\"btn btn-success btn-xs\" href=\"wp-content\/themes\/TemaSEPUIT\/assets\/images\/doc\/economia\/finanzas\/ingresos\/nomina\/DICCIONARIO_NOMINA 2016.xlsx\">xls<\/a> <a class=\"btn btn-primary btn-xs\" href=\"wp-content\/themes\/TemaSEPUIT\/assets\/images\/doc\/economia\/finanzas\/ingresos\/nomina\/DICCIONARIO_NOMINA 2016.csv\">csv<\/a><\/div>\n<p style=\"text-align: center;\"><span style=\"font-size: 16px;\"><strong>Metadato<\/strong><\/span><\/p>\n<table class=\"table table-striped\" width=\"960\" cellspacing=\"0\" cellpadding=\"0\">\n<tbody>\n<tr>\n<td bgcolor=\"#CCCCCC\"><strong>Campo<\/strong><\/td>\n<td bgcolor=\"#CCCCCC\"><strong>Valor<\/strong><\/td>\n<\/tr>\n<tr>\n<td width=\"480\">T\u00edtulo<\/td>\n<td width=\"505\">Total de contribuyentes con la    Obligaci\u00f3n de Impuesto sobre N\u00f3mina por municipios del a\u00f1o 2016<\/td>\n<\/tr>\n<tr>\n<td width=\"480\">Descripci\u00f3n<\/td>\n<td width=\"505\">Total de contribuyentes por    municipio del a\u00f1o 2016,\u00a0 que tienen la    obligaci\u00f3n del Impuesto sobre N\u00f3mina<\/td>\n<\/tr>\n<tr>\n<td width=\"480\">Etiquetas<\/td>\n<td width=\"505\">&quot;Municipio&quot;<\/td>\n<\/tr>\n<tr>\n<td width=\"480\">Publicado<\/td>\n<td width=\"505\">24\/09\/2018,\u00a0 11:00:00 HRS<\/td>\n<\/tr>\n<tr>\n<td width=\"480\">Frecuencia    de Actualizaci\u00f3n<\/td>\n<td width=\"505\">Anual<\/td>\n<\/tr>\n<tr>\n<td width=\"480\">\u00daltima    modificaci\u00f3n<\/td>\n<td width=\"505\">24\/09\/2018,\u00a0 11:00:00 HRS<\/td>\n<\/tr>\n<tr>\n<td width=\"480\">Tema<\/td>\n<td width=\"505\">Estad\u00edstica<\/td>\n<\/tr>\n<tr>\n<td width=\"480\">Nombre    del Publicador<\/td>\n<td width=\"505\">Direcci\u00f3n de Ingresos<\/td>\n<\/tr>\n<tr>\n<td width=\"480\">Contacto<\/td>\n<td width=\"505\">Rom\u00e1n Cobian Villalobos<\/td>\n<\/tr>\n<tr>\n<td width=\"480\">Correo    electr\u00f3nico\u00a0<\/td>\n<td width=\"505\"><a href=\"mailto:rcobian@bcs.gob.mx\">rcobian@bcs.gob.mx<\/a><\/td>\n<\/tr>\n<tr>\n<td width=\"480\">Identificador    \u00fanico del documento en el cat\u00e1logo de la entidad.\u00a0<\/td>\n<td width=\"505\">BCS-DING-PN01<\/td>\n<\/tr>\n<tr>\n<td width=\"480\">Nivel    de acceso.\u00a0<\/td>\n<td width=\"505\">P\u00fablico<\/td>\n<\/tr>\n<\/table>\n","protected":false},"excerpt":{"rendered":"<p>Total de contribuyentes por municipio del a\u00f1o 2016,\u00a0 que tienen la obligaci\u00f3n del Impuesto sobre N\u00f3mina Descargar xls csv Diccionario Descargar xls csv Metadato Campo Valor T\u00edtulo Total de contribuyentes con la Obligaci\u00f3n de Impuesto sobre N\u00f3mina por municipios del a\u00f1o 2016 Descripci\u00f3n Total de contribuyentes por municipio del a\u00f1o 2016,\u00a0 que tienen la obligaci\u00f3n &hellip; <a href=\"https:\/\/datos.bcs.gob.mx\/?page_id=6460\">Continued<\/a><\/p>\n","protected":false},"author":1,"featured_media":0,"parent":0,"menu_order":0,"comment_status":"closed","ping_status":"closed","template":"templates\/barra.php","meta":{"_acf_changed":false,"footnotes":"","_links_to":"","_links_to_target":""},"class_list":["post-6460","page","type-page","status-publish","hentry","catalogo_de_datos-ingresos"],"acf":[],"_links":{"self":[{"href":"https:\/\/datos.bcs.gob.mx\/index.php?rest_route=\/wp\/v2\/pages\/6460"}],"collection":[{"href":"https:\/\/datos.bcs.gob.mx\/index.php?rest_route=\/wp\/v2\/pages"}],"about":[{"href":"https:\/\/datos.bcs.gob.mx\/index.php?rest_route=\/wp\/v2\/types\/page"}],"author":[{"embeddable":true,"href":"https:\/\/datos.bcs.gob.mx\/index.php?rest_route=\/wp\/v2\/users\/1"}],"replies":[{"embeddable":true,"href":"https:\/\/datos.bcs.gob.mx\/index.php?rest_route=%2Fwp%2Fv2%2Fcomments&post=6460"}],"version-history":[{"count":7,"href":"https:\/\/datos.bcs.gob.mx\/index.php?rest_route=\/wp\/v2\/pages\/6460\/revisions"}],"predecessor-version":[{"id":7149,"href":"https:\/\/datos.bcs.gob.mx\/index.php?rest_route=\/wp\/v2\/pages\/6460\/revisions\/7149"}],"wp:attachment":[{"href":"https:\/\/datos.bcs.gob.mx\/index.php?rest_route=%2Fwp%2Fv2%2Fmedia&parent=6460"}],"curies":[{"name":"wp","href":"https:\/\/api.w.org\/{rel}","templated":true}]}}