{"id":6454,"date":"2018-09-25T19:45:10","date_gmt":"2018-09-26T01:45:10","guid":{"rendered":"http:\/\/datos.bcs.gob.mx\/?page_id=6454"},"modified":"2018-11-05T13:58:27","modified_gmt":"2018-11-05T19:58:27","slug":"padron-total-contribuyentes-la-obligacion-impuesto-hospedaje-municipio-2017","status":"publish","type":"page","link":"https:\/\/datos.bcs.gob.mx\/?page_id=6454","title":{"rendered":"TOTAL DE CONTRIBUYENTES CON LA OBLIGACI\u00d3N DE IMPUESTO SOBRE HOSPEDAJE POR MUNICIPIO DEL A\u00d1O 2017"},"content":{"rendered":"<p>Total de contribuyentes por municipio del a\u00f1o 2017, que tienen la obligaci\u00f3n del Impuesto sobre Hospedaje<\/p>\n<div class=\"col-md-6\"><strong>Descargar<\/strong> <a class=\"btn btn-success btn-xs\" href=\"wp-content\/themes\/TemaSEPUIT\/assets\/images\/doc\/economia\/finanzas\/ingresos\/hospedaje\/HOSPEDAJE 2017.xlsx\">xls<\/a> <a class=\"btn btn-primary btn-xs\" href=\"wp-content\/themes\/TemaSEPUIT\/assets\/images\/doc\/economia\/finanzas\/ingresos\/hospedaje\/HOSPEDAJE 2017.csv\">csv<br \/>\n<\/a><\/div>\n<div class=\"col-md-6\" style=\"padding-bottom: 35px;\"><strong>Diccionario Descargar<\/strong> <a class=\"btn btn-success btn-xs\" href=\"wp-content\/themes\/TemaSEPUIT\/assets\/images\/doc\/economia\/finanzas\/ingresos\/hospedaje\/DICCIONARIO_HOSPEDAJE 2017.xlsx\">xls<\/a> <a class=\"btn btn-primary btn-xs\" href=\"wp-content\/themes\/TemaSEPUIT\/assets\/images\/doc\/economia\/finanzas\/ingresos\/hospedaje\/DICCIONARIO_HOSPEDAJE 2017.csv\">csv<\/a><\/div>\n<p style=\"text-align: center;\"><span style=\"font-size: 16px;\"><strong>Metadato<\/strong><\/span><\/p>\n<table class=\"table table-striped\" width=\"960\" cellspacing=\"0\" cellpadding=\"0\">\n<tbody>\n<tr>\n<td bgcolor=\"#CCCCCC\"><strong>Campo<\/strong><\/td>\n<td bgcolor=\"#CCCCCC\"><strong>Valor<\/strong><\/td>\n<\/tr>\n<tr>\n<td width=\"480\">T\u00edtulo<\/td>\n<td width=\"505\">Total de contribuyentes con la obligaci\u00f3n de impuesto sobre hospedaje por municipio del a\u00f1o 2017.<\/td>\n<\/tr>\n<tr>\n<td width=\"480\">Descripci\u00f3n<\/td>\n<td width=\"505\">Total de contribuyentes por municipio del a\u00f1o 2017, que tienen la obligaci\u00f3n del Impuesto sobre Hospedaje<\/td>\n<\/tr>\n<tr>\n<td width=\"480\">Etiquetas<\/td>\n<td width=\"505\">&#8220;Municipio&#8221;<\/td>\n<\/tr>\n<tr>\n<td width=\"480\">Publicado<\/td>\n<td width=\"505\">24\/09\/2018, 11:00:00 HRS<\/td>\n<\/tr>\n<tr>\n<td width=\"480\">Frecuencia de Actualizaci\u00f3n<\/td>\n<td width=\"505\">Anual<\/td>\n<\/tr>\n<tr>\n<td width=\"480\">\u00daltima modificaci\u00f3n<\/td>\n<td width=\"505\">24\/09\/2018, 11:00:00 HRS<\/td>\n<\/tr>\n<tr>\n<td width=\"480\">Tema<\/td>\n<td width=\"505\">Estad\u00edstica<\/td>\n<\/tr>\n<tr>\n<td width=\"480\">Nombre del Publicador<\/td>\n<td width=\"505\">Direcci\u00f3n de Ingresos<\/td>\n<\/tr>\n<tr>\n<td width=\"480\">Contacto<\/td>\n<td width=\"505\">Rom\u00e1n Cobian Villalobos<\/td>\n<\/tr>\n<tr>\n<td width=\"480\">Correo electr\u00f3nico<\/td>\n<td width=\"505\"><a href=\"mailto:rcobian@bcs.gob.mx\">rcobian@bcs.gob.mx<\/a><\/td>\n<\/tr>\n<tr>\n<td width=\"480\">Identificador \u00fanico del documento en el cat\u00e1logo de la entidad.<\/td>\n<td width=\"505\">BCS-DING-PH02<\/td>\n<\/tr>\n<tr>\n<td width=\"480\">Nivel de acceso.<\/td>\n<td width=\"505\">P\u00fablico<\/td>\n<\/tr>\n<\/tbody>\n<\/table>\n","protected":false},"excerpt":{"rendered":"<p>Total de contribuyentes por municipio del a\u00f1o 2017, que tienen la obligaci\u00f3n del Impuesto sobre Hospedaje Descargar xls csv Diccionario Descargar xls csv Metadato Campo Valor T\u00edtulo Total de contribuyentes con la obligaci\u00f3n de impuesto sobre hospedaje por municipio del a\u00f1o 2017. Descripci\u00f3n Total de contribuyentes por municipio del a\u00f1o 2017, que tienen la obligaci\u00f3n &hellip; <a href=\"https:\/\/datos.bcs.gob.mx\/?page_id=6454\">Continued<\/a><\/p>\n","protected":false},"author":1,"featured_media":0,"parent":0,"menu_order":0,"comment_status":"closed","ping_status":"closed","template":"templates\/barra.php","meta":{"_acf_changed":false,"footnotes":"","_links_to":"","_links_to_target":""},"class_list":["post-6454","page","type-page","status-publish","hentry","catalogo_de_datos-ingresos"],"acf":[],"_links":{"self":[{"href":"https:\/\/datos.bcs.gob.mx\/index.php?rest_route=\/wp\/v2\/pages\/6454"}],"collection":[{"href":"https:\/\/datos.bcs.gob.mx\/index.php?rest_route=\/wp\/v2\/pages"}],"about":[{"href":"https:\/\/datos.bcs.gob.mx\/index.php?rest_route=\/wp\/v2\/types\/page"}],"author":[{"embeddable":true,"href":"https:\/\/datos.bcs.gob.mx\/index.php?rest_route=\/wp\/v2\/users\/1"}],"replies":[{"embeddable":true,"href":"https:\/\/datos.bcs.gob.mx\/index.php?rest_route=%2Fwp%2Fv2%2Fcomments&post=6454"}],"version-history":[{"count":4,"href":"https:\/\/datos.bcs.gob.mx\/index.php?rest_route=\/wp\/v2\/pages\/6454\/revisions"}],"predecessor-version":[{"id":7339,"href":"https:\/\/datos.bcs.gob.mx\/index.php?rest_route=\/wp\/v2\/pages\/6454\/revisions\/7339"}],"wp:attachment":[{"href":"https:\/\/datos.bcs.gob.mx\/index.php?rest_route=%2Fwp%2Fv2%2Fmedia&parent=6454"}],"curies":[{"name":"wp","href":"https:\/\/api.w.org\/{rel}","templated":true}]}}