{"id":6434,"date":"2018-09-25T18:49:24","date_gmt":"2018-09-26T00:49:24","guid":{"rendered":"http:\/\/datos.bcs.gob.mx\/?page_id=6434"},"modified":"2018-12-10T18:01:16","modified_gmt":"2018-12-11T00:01:16","slug":"padron-vehicular-nacional-del-municipio-loreto","status":"publish","type":"page","link":"https:\/\/datos.bcs.gob.mx\/?page_id=6434","title":{"rendered":"VEH\u00cdCULOS NACIONALES EN EL MUNICIPIO DE LORETO DEL A\u00d1O 2018"},"content":{"rendered":"<p><\/br><br \/>\nConjunto de veh\u00edculos nacionales activos pertenecientes al municipio de Loreto.<br \/>\n<\/br><\/p>\n<div class=\"col-md-6\"><strong>Descargar<\/strong> <a class=\"btn btn-success btn-xs\" href=\"wp-content\/themes\/TemaSEPUIT\/assets\/images\/doc\/economia\/finanzas\/ingresos\/2018\/padron vehicular nacional LORETO.xlsx\">xls<\/a> <a class=\"btn btn-primary btn-xs\" href=\"wp-content\/themes\/TemaSEPUIT\/assets\/images\/doc\/economia\/finanzas\/ingresos\/2018\/padron vehicular nacional LORETO.csv\">csv<br \/>\n<\/a><\/div>\n<div class=\"col-md-6\" style=\"padding-bottom: 35px;\"><strong>Diccionario Descargar<\/strong> <a class=\"btn btn-success btn-xs\" href=\"wp-content\/themes\/TemaSEPUIT\/assets\/images\/doc\/economia\/finanzas\/ingresos\/2018\/diccionario datos padron vehicular NACIONAL  LORETO.xlsx\">xls<\/a> <a class=\"btn btn-primary btn-xs\" href=\"wp-content\/themes\/TemaSEPUIT\/assets\/images\/doc\/economia\/finanzas\/ingresos\/2018\/diccionario datos padron vehicular NACIONAL  LORETO.csv\">csv<\/a><\/div>\n<p style=\"text-align: center;\"><span style=\"font-size: 16px;\"><strong>Metadato<\/strong><\/span><\/p>\n<table class=\"table table-striped\" width=\"960\" cellspacing=\"0\" cellpadding=\"0\">\n<tbody>\n<tr>\n<td bgcolor=\"#CCCCCC\"><strong>Campo<\/strong><\/td>\n<td bgcolor=\"#CCCCCC\"><strong>Valor<\/strong><\/td>\n<\/tr>\n<tr>\n<td width=\"480\">T\u00edtulo<\/td>\n<td width=\"575\">Padr\u00f3n vehicular nacional del municipio de Loreto del a\u00f1o 2018.<\/td>\n<\/tr>\n<tr>\n<td width=\"480\">Descripci\u00f3n<\/td>\n<td width=\"575\">Conjunto de veh\u00edculos nacionales activos pertenecientes al municipio de Loreto.<\/td>\n<\/tr>\n<tr>\n<td width=\"480\">Etiquetas<\/td>\n<td width=\"575\">&#8220;Municipio, Localidad, Tipo de Veh\u00edculo, Marca, Linea, Versi\u00f3n&#8221;.<\/td>\n<\/tr>\n<tr>\n<td width=\"480\">Publicado<\/td>\n<td width=\"575\">25\/09\/2018, 11:00:00 HRS<\/td>\n<\/tr>\n<tr>\n<td width=\"480\">Frecuencia de Actualizaci\u00f3n<\/td>\n<td width=\"575\">Anual<\/td>\n<\/tr>\n<tr>\n<td width=\"480\">\u00daltima modificaci\u00f3n<\/td>\n<td width=\"575\">25\/09\/2018, 11:00:00 HRS<\/td>\n<\/tr>\n<tr>\n<td width=\"480\">Tema<\/td>\n<td width=\"575\">Estad\u00edstica<\/td>\n<\/tr>\n<tr>\n<td width=\"480\">Nombre del Publicador<\/td>\n<td width=\"575\">Direcci\u00f3n de Ingresos de la Secretar\u00eda de Finanzas<\/td>\n<\/tr>\n<tr>\n<td width=\"480\">Contacto<\/td>\n<td width=\"575\">Rom\u00e1n Cobi\u00e1n Villalobos<\/td>\n<\/tr>\n<tr>\n<td width=\"480\">Correo electr\u00f3nico<\/td>\n<td width=\"575\"><a href=\"mailto:roman.cobian@bcs.gob.mx\">roman.cobian@bcs.gob.mx<\/a><\/td>\n<\/tr>\n<tr>\n<td width=\"480\">Identificador \u00fanico del documento en el cat\u00e1logo de la entidad.<\/td>\n<td width=\"575\">BCS-DING-PVN03<\/td>\n<\/tr>\n<tr>\n<td width=\"480\">Nivel de acceso.<\/td>\n<td width=\"575\">P\u00fablico<\/td>\n<\/tr>\n<\/tbody>\n<\/table>\n","protected":false},"excerpt":{"rendered":"<p>Conjunto de veh\u00edculos nacionales activos pertenecientes al municipio de Loreto. Descargar xls csv Diccionario Descargar xls csv Metadato Campo Valor T\u00edtulo Padr\u00f3n vehicular nacional del municipio de Loreto del a\u00f1o 2018. Descripci\u00f3n Conjunto de veh\u00edculos nacionales activos pertenecientes al municipio de Loreto. Etiquetas &#8220;Municipio, Localidad, Tipo de Veh\u00edculo, Marca, Linea, Versi\u00f3n&#8221;. Publicado 25\/09\/2018, 11:00:00 HRS &hellip; <a href=\"https:\/\/datos.bcs.gob.mx\/?page_id=6434\">Continued<\/a><\/p>\n","protected":false},"author":1,"featured_media":0,"parent":0,"menu_order":0,"comment_status":"closed","ping_status":"closed","template":"templates\/barra.php","meta":{"_acf_changed":false,"footnotes":"","_links_to":"","_links_to_target":""},"class_list":["post-6434","page","type-page","status-publish","hentry","catalogo_de_datos-sepuim"],"acf":[],"_links":{"self":[{"href":"https:\/\/datos.bcs.gob.mx\/index.php?rest_route=\/wp\/v2\/pages\/6434"}],"collection":[{"href":"https:\/\/datos.bcs.gob.mx\/index.php?rest_route=\/wp\/v2\/pages"}],"about":[{"href":"https:\/\/datos.bcs.gob.mx\/index.php?rest_route=\/wp\/v2\/types\/page"}],"author":[{"embeddable":true,"href":"https:\/\/datos.bcs.gob.mx\/index.php?rest_route=\/wp\/v2\/users\/1"}],"replies":[{"embeddable":true,"href":"https:\/\/datos.bcs.gob.mx\/index.php?rest_route=%2Fwp%2Fv2%2Fcomments&post=6434"}],"version-history":[{"count":7,"href":"https:\/\/datos.bcs.gob.mx\/index.php?rest_route=\/wp\/v2\/pages\/6434\/revisions"}],"predecessor-version":[{"id":7512,"href":"https:\/\/datos.bcs.gob.mx\/index.php?rest_route=\/wp\/v2\/pages\/6434\/revisions\/7512"}],"wp:attachment":[{"href":"https:\/\/datos.bcs.gob.mx\/index.php?rest_route=%2Fwp%2Fv2%2Fmedia&parent=6434"}],"curies":[{"name":"wp","href":"https:\/\/api.w.org\/{rel}","templated":true}]}}