{"id":6366,"date":"2018-09-25T13:19:54","date_gmt":"2018-09-25T19:19:54","guid":{"rendered":"http:\/\/datos.bcs.gob.mx\/?page_id=6366"},"modified":"2018-12-10T17:54:32","modified_gmt":"2018-12-10T23:54:32","slug":"padron-vehicular-nacional-del-baja-california-sur","status":"publish","type":"page","link":"https:\/\/datos.bcs.gob.mx\/?page_id=6366","title":{"rendered":"VEH\u00cdCULOS NACIONALES EN EL ESTADO DE BAJA CALIFORNIA SUR DEL A\u00d1O 2018"},"content":{"rendered":"<p><\/br><br \/>\nConjunto de veh\u00edculos nacionales    activos\u00a0 pertenecientes al Estado de    Baja California Sur.<br \/>\n<\/br><\/p>\n<div class=\"col-md-6\"><strong>Descargar<\/strong> <span class=\"glyphicon glyphicon-download-alt\"><\/span> <a class=\"btn btn-success btn-xs\" href=\"wp-content\/themes\/TemaSEPUIT\/assets\/images\/doc\/economia\/finanzas\/ingresos\/2018\/padron vehicular nacional BCS.xlsx\">xls<\/a> <a class=\"btn btn-primary btn-xs\" href=\"wp-content\/themes\/TemaSEPUIT\/assets\/images\/doc\/economia\/finanzas\/ingresos\/2018\/padron vehicular nacional BCS.csv\">csv<br \/>\n<\/a><\/div>\n<div style=\"padding-bottom:35px\" class=\"col-md-6\"><strong>Diccionario Descargar<\/strong> <span class=\"glyphicon glyphicon-download-alt\"><\/span>  <a class=\"btn btn-success btn-xs\" href=\"wp-content\/themes\/TemaSEPUIT\/assets\/images\/doc\/economia\/finanzas\/ingresos\/2018\/diccionario datos padron vehicular nacional BCS.xlsx\">xls<\/a> <a class=\"btn btn-primary btn-xs\" href=\"wp-content\/themes\/TemaSEPUIT\/assets\/images\/doc\/economia\/finanzas\/ingresos\/2018\/diccionario datos padron vehicular nacional BCS.csv\">csv<\/a><\/div>\n<p style=\"text-align: center;\"><span style=\"font-size: 16px;\"><strong>Metadato<\/strong><\/span><\/p>\n<table class=\"table table-striped\" width=\"960\" cellspacing=\"0\" cellpadding=\"0\">\n<tbody>\n<tr>\n<td bgcolor=\"#CCCCCC\"><strong>Campo<\/strong><\/td>\n<td bgcolor=\"#CCCCCC\"><strong>Valor<\/strong><\/td>\n<tr>\n<td width=\"480\">T\u00edtulo<\/td>\n<td width=\"654\">Padr\u00f3n  vehicular nacional del Estado de Baja California Sur, del a\u00f1o 2018.<\/td>\n<\/tr>\n<tr>\n<td width=\"480\">Descripci\u00f3n<\/td>\n<td width=\"654\">Conjunto de veh\u00edculos nacionales    activos\u00a0 pertenecientes al Estado de    Baja California Sur.<\/td>\n<\/tr>\n<tr>\n<td width=\"480\">Etiquetas<\/td>\n<td width=\"654\">&quot;Municipio, Localidad, Tipo    de Veh\u00edculo, Marca, Linea, Versi\u00f3n&quot;.<\/td>\n<\/tr>\n<tr>\n<td width=\"480\">Publicado<\/td>\n<td width=\"654\">25\/09\/2018,\u00a0 11:00:00 HRS<\/td>\n<\/tr>\n<tr>\n<td width=\"480\">Frecuencia    de Actualizaci\u00f3n<\/td>\n<td width=\"654\">Anual<\/td>\n<\/tr>\n<tr>\n<td width=\"480\">\u00daltima    modificaci\u00f3n<\/td>\n<td width=\"654\">25\/09\/2018,\u00a0 11:00:00 HRS<\/td>\n<\/tr>\n<tr>\n<td width=\"480\">Tema<\/td>\n<td width=\"654\">Estad\u00edstica<\/td>\n<\/tr>\n<tr>\n<td width=\"480\">Nombre    del Publicador<\/td>\n<td width=\"654\">Direcci\u00f3n de Ingresos de la    Secretar\u00eda de Finanzas<\/td>\n<\/tr>\n<tr>\n<td width=\"480\">Contacto<\/td>\n<td width=\"654\">Rom\u00e1n Cobi\u00e1n Villalobos<\/td>\n<\/tr>\n<tr>\n<td width=\"480\">Correo    electr\u00f3nico\u00a0<\/td>\n<td width=\"654\"><a href=\"mailto:roman.cobian@bcs.gob.mx\">roman.cobian@bcs.gob.mx<\/a><\/td>\n<\/tr>\n<tr>\n<td width=\"480\">Identificador    \u00fanico del documento en el cat\u00e1logo de la entidad.\u00a0<\/td>\n<td width=\"654\">BCS-DING-PVN06<\/td>\n<\/tr>\n<tr>\n<td width=\"480\">Nivel    de acceso.\u00a0<\/td>\n<td width=\"654\">P\u00fablico<\/td>\n<\/tr>\n<\/table>\n<p><\/body><\/p>\n","protected":false},"excerpt":{"rendered":"<p>Conjunto de veh\u00edculos nacionales activos\u00a0 pertenecientes al Estado de Baja California Sur. Descargar xls csv Diccionario Descargar xls csv Metadato Campo Valor T\u00edtulo Padr\u00f3n vehicular nacional del Estado de Baja California Sur, del a\u00f1o 2018. Descripci\u00f3n Conjunto de veh\u00edculos nacionales activos\u00a0 pertenecientes al Estado de Baja California Sur. Etiquetas &quot;Municipio, Localidad, Tipo de Veh\u00edculo, Marca, &hellip; <a href=\"https:\/\/datos.bcs.gob.mx\/?page_id=6366\">Continued<\/a><\/p>\n","protected":false},"author":1,"featured_media":0,"parent":0,"menu_order":0,"comment_status":"closed","ping_status":"closed","template":"templates\/barra.php","meta":{"_acf_changed":false,"footnotes":"","_links_to":"","_links_to_target":""},"class_list":["post-6366","page","type-page","status-publish","hentry","catalogo_de_datos-sepuim"],"acf":[],"_links":{"self":[{"href":"https:\/\/datos.bcs.gob.mx\/index.php?rest_route=\/wp\/v2\/pages\/6366"}],"collection":[{"href":"https:\/\/datos.bcs.gob.mx\/index.php?rest_route=\/wp\/v2\/pages"}],"about":[{"href":"https:\/\/datos.bcs.gob.mx\/index.php?rest_route=\/wp\/v2\/types\/page"}],"author":[{"embeddable":true,"href":"https:\/\/datos.bcs.gob.mx\/index.php?rest_route=\/wp\/v2\/users\/1"}],"replies":[{"embeddable":true,"href":"https:\/\/datos.bcs.gob.mx\/index.php?rest_route=%2Fwp%2Fv2%2Fcomments&post=6366"}],"version-history":[{"count":8,"href":"https:\/\/datos.bcs.gob.mx\/index.php?rest_route=\/wp\/v2\/pages\/6366\/revisions"}],"predecessor-version":[{"id":7509,"href":"https:\/\/datos.bcs.gob.mx\/index.php?rest_route=\/wp\/v2\/pages\/6366\/revisions\/7509"}],"wp:attachment":[{"href":"https:\/\/datos.bcs.gob.mx\/index.php?rest_route=%2Fwp%2Fv2%2Fmedia&parent=6366"}],"curies":[{"name":"wp","href":"https:\/\/api.w.org\/{rel}","templated":true}]}}