{"id":6347,"date":"2018-09-25T11:56:05","date_gmt":"2018-09-25T17:56:05","guid":{"rendered":"http:\/\/datos.bcs.gob.mx\/?page_id=6347"},"modified":"2018-12-10T15:09:23","modified_gmt":"2018-12-10T21:09:23","slug":"padron-directorio-recaudadoras","status":"publish","type":"page","link":"https:\/\/datos.bcs.gob.mx\/?page_id=6347","title":{"rendered":"DIRECTORIO DE RECAUDADORAS DEL A\u00d1O 2018"},"content":{"rendered":"<p><\/br><br \/>\nDirectorio de las oficinas de    Recaudaci\u00f3n de la Direcci\u00f3n de Ingresos de la Secretar\u00eda de Finanzas.<br \/>\n<\/br><\/p>\n<div class=\"col-md-6\"><strong>Descargar<\/strong> <span class=\"glyphicon glyphicon-download-alt\"><\/span> <a class=\"btn btn-success btn-xs\" href=\"wp-content\/themes\/TemaSEPUIT\/assets\/images\/doc\/economia\/finanzas\/ingresos\/2018\/DIRECTORIO DE RECUDACIONES.xlsx\">xls<\/a> <a class=\"btn btn-primary btn-xs\" href=\"wp-content\/themes\/TemaSEPUIT\/assets\/images\/doc\/economia\/finanzas\/ingresos\/2018\/DIRECTORIO DE RECUDACIONES.csv\">csv<br \/>\n<\/a><\/div>\n<div style=\"padding-bottom:35px\" class=\"col-md-6\"><strong>Diccionario Descargar<\/strong> <span class=\"glyphicon glyphicon-download-alt\"><\/span>  <a class=\"btn btn-success btn-xs\" href=\"wp-content\/themes\/TemaSEPUIT\/assets\/images\/doc\/economia\/finanzas\/ingresos\/2018\/DICCIONARIO_DIRECTORIO DE RECUDACIONES.xlsx\">xls<\/a> <a class=\"btn btn-primary btn-xs\" href=\"wp-content\/themes\/TemaSEPUIT\/assets\/images\/doc\/economia\/finanzas\/ingresos\/2018\/DICCIONARIO_DIRECTORIO DE RECUDACIONES.csv\">csv<\/a><\/div>\n<p style=\"text-align: center;\"><span style=\"font-size: 16px;\"><strong>Metadato<\/strong><\/span><\/p>\n<table class=\"table table-striped\" width=\"960\" cellspacing=\"0\" cellpadding=\"0\">\n<tbody>\n<tr>\n<td bgcolor=\"#CCCCCC\"><strong>Campo<\/strong><\/td>\n<td bgcolor=\"#CCCCCC\"><strong>Valor<\/strong><\/td>\n<tr>\n<td width=\"480\">T\u00edtulo<\/td>\n<td width=\"505\">Padr\u00f3n de directorio de recaudadoras del a\u00f1o 2018.<\/td>\n<\/tr>\n<tr>\n<td width=\"480\">Descripci\u00f3n<\/td>\n<td width=\"505\">Directorio de las oficinas de    Recaudaci\u00f3n de la Direcci\u00f3n de Ingresos de la Secretar\u00eda de Finanzas.\u00a0<\/td>\n<\/tr>\n<tr>\n<td width=\"480\">Etiquetas<\/td>\n<td width=\"505\">&quot;Recaudaci\u00f3n, Responsable,    Localidad&quot;<\/td>\n<\/tr>\n<tr>\n<td width=\"480\">Publicado<\/td>\n<td width=\"505\">24\/09\/2018,\u00a0 11:00:00 HRS<\/td>\n<\/tr>\n<tr>\n<td width=\"480\">Frecuencia    de Actualizaci\u00f3n<\/td>\n<td width=\"505\">Anual<\/td>\n<\/tr>\n<tr>\n<td width=\"480\">\u00daltima    modificaci\u00f3n<\/td>\n<td width=\"505\">24\/09\/2018,\u00a0 11:00:00 HRS<\/td>\n<\/tr>\n<tr>\n<td width=\"480\">Tema<\/td>\n<td width=\"505\">Estad\u00edstica<\/td>\n<\/tr>\n<tr>\n<td width=\"480\">Nombre    del Publicador<\/td>\n<td width=\"505\">Direcci\u00f3n de Ingresos<\/td>\n<\/tr>\n<tr>\n<td width=\"480\">Contacto<\/td>\n<td width=\"505\">Rom\u00e1n Cobian Villalobos<\/td>\n<\/tr>\n<tr>\n<td width=\"480\">Correo    electr\u00f3nico\u00a0<\/td>\n<td width=\"505\"><a href=\"mailto:rcobian@bcs.gob.mx\">rcobian@bcs.gob.mx<\/a><\/td>\n<\/tr>\n<tr>\n<td width=\"480\">Identificador    \u00fanico del documento en el cat\u00e1logo de la entidad.\u00a0<\/td>\n<td width=\"505\">BCS-DING-S001<\/td>\n<\/tr>\n<tr>\n<td width=\"480\">Nivel    de acceso.\u00a0<\/td>\n<td width=\"505\">P\u00fablico<\/td>\n<\/tr>\n<\/table>\n","protected":false},"excerpt":{"rendered":"<p>Directorio de las oficinas de Recaudaci\u00f3n de la Direcci\u00f3n de Ingresos de la Secretar\u00eda de Finanzas. Descargar xls csv Diccionario Descargar xls csv Metadato Campo Valor T\u00edtulo Padr\u00f3n de directorio de recaudadoras del a\u00f1o 2018. Descripci\u00f3n Directorio de las oficinas de Recaudaci\u00f3n de la Direcci\u00f3n de Ingresos de la Secretar\u00eda de Finanzas.\u00a0 Etiquetas &quot;Recaudaci\u00f3n, Responsable, &hellip; <a href=\"https:\/\/datos.bcs.gob.mx\/?page_id=6347\">Continued<\/a><\/p>\n","protected":false},"author":1,"featured_media":0,"parent":0,"menu_order":0,"comment_status":"closed","ping_status":"closed","template":"templates\/barra.php","meta":{"_acf_changed":false,"footnotes":"","_links_to":"","_links_to_target":""},"class_list":["post-6347","page","type-page","status-publish","hentry","catalogo_de_datos-ingresos"],"acf":[],"_links":{"self":[{"href":"https:\/\/datos.bcs.gob.mx\/index.php?rest_route=\/wp\/v2\/pages\/6347"}],"collection":[{"href":"https:\/\/datos.bcs.gob.mx\/index.php?rest_route=\/wp\/v2\/pages"}],"about":[{"href":"https:\/\/datos.bcs.gob.mx\/index.php?rest_route=\/wp\/v2\/types\/page"}],"author":[{"embeddable":true,"href":"https:\/\/datos.bcs.gob.mx\/index.php?rest_route=\/wp\/v2\/users\/1"}],"replies":[{"embeddable":true,"href":"https:\/\/datos.bcs.gob.mx\/index.php?rest_route=%2Fwp%2Fv2%2Fcomments&post=6347"}],"version-history":[{"count":10,"href":"https:\/\/datos.bcs.gob.mx\/index.php?rest_route=\/wp\/v2\/pages\/6347\/revisions"}],"predecessor-version":[{"id":7480,"href":"https:\/\/datos.bcs.gob.mx\/index.php?rest_route=\/wp\/v2\/pages\/6347\/revisions\/7480"}],"wp:attachment":[{"href":"https:\/\/datos.bcs.gob.mx\/index.php?rest_route=%2Fwp%2Fv2%2Fmedia&parent=6347"}],"curies":[{"name":"wp","href":"https:\/\/api.w.org\/{rel}","templated":true}]}}