{"id":6299,"date":"2018-09-24T12:48:28","date_gmt":"2018-09-24T18:48:28","guid":{"rendered":"http:\/\/datos.bcs.gob.mx\/?page_id=6299"},"modified":"2018-10-08T15:47:38","modified_gmt":"2018-10-08T21:47:38","slug":"padron-directorio-del-registro-publico-propiedad","status":"publish","type":"page","link":"https:\/\/datos.bcs.gob.mx\/?page_id=6299","title":{"rendered":"DIRECTORIO DE LOS REGISTROS P\u00daBLICOS DE  LA PROPIEDAD Y DEL COMERCIO EN EL ESTADO DE BAJA CALIFORNIA SUR"},"content":{"rendered":"<p><\/br><br \/>\nUbicaci\u00f3n f\u00edsica de las oficinas del Registro P\u00fablico de la Propiedad y del Comercio<br \/>\n<\/br><\/p>\n<div class=\"col-md-6\"><strong>Descargar<\/strong> <span class=\"glyphicon glyphicon-download-alt\"><\/span> <a class=\"btn btn-success btn-xs\" href=\"wp-content\/themes\/TemaSEPUIT\/assets\/images\/doc\/desarrollo\/reg_pub\/2018\/DIRECTORIO BCS-RPPYC-001.xlsx\">xls<\/a> <a class=\"btn btn-primary btn-xs\" href=\"wp-content\/themes\/TemaSEPUIT\/assets\/images\/doc\/desarrollo\/reg_pub\/2018\/DIRECTORIO BCS-RPPYC-001.csv\">csv<br \/>\n<\/a><\/div>\n<div style=\"padding-bottom:35px\" class=\"col-md-6\"><strong>Diccionario Descargar<\/strong> <span class=\"glyphicon glyphicon-download-alt\"><\/span>  <a class=\"btn btn-success btn-xs\" href=\"wp-content\/themes\/TemaSEPUIT\/assets\/images\/doc\/desarrollo\/reg_pub\/2018\/DICCIONARIO DE DATOS DIRECTORIO BCS-RPPYC-001.xlsx\">xls<\/a> <a class=\"btn btn-primary btn-xs\" href=\"wp-content\/themes\/TemaSEPUIT\/assets\/images\/doc\/desarrollo\/reg_pub\/2018\/DICCIONARIO DE DATOS DIRECTORIO BCS-RPPYC-001.csv\">csv<\/a><\/div>\n<p style=\"text-align: center;\"><span style=\"font-size: 16px;\"><strong>Metadato<\/strong><\/span><\/p>\n<table class=\"table table-striped\" width=\"960\" cellspacing=\"0\" cellpadding=\"0\">\n<tbody>\n<tr>\n<td bgcolor=\"#CCCCCC\"><strong>Campo<\/strong><\/td>\n<td bgcolor=\"#CCCCCC\"><strong>Valor<\/strong><\/td>\n<tr>\n<td width=\"350\">T\u00edtulo<\/td>\n<td width=\"658\">Directorio de los Registros    P\u00fablicos de la Propiedad y del Comercio en el Estado de Baja California Sur<\/td>\n<\/tr>\n<tr>\n<td width=\"350\">Descripci\u00f3n<\/td>\n<td width=\"658\">Ubicaci\u00f3n f\u00edsica de las oficinas    del Registro P\u00fablico de la Propiedad y del Comercio<\/td>\n<\/tr>\n<tr>\n<td width=\"350\">Etiquetas<\/td>\n<td width=\"658\">&quot;Tiular, oficina,    domicilio, tel\u00e9fono, celular, correo electr\u00f3nico, geolocalizaci\u00f3n&quot;<\/td>\n<\/tr>\n<tr>\n<td width=\"350\">Publicado<\/td>\n<td width=\"658\">13\/03\/2018,\u00a0 11:03:00 HRS<\/td>\n<\/tr>\n<tr>\n<td width=\"350\">Frecuencia    de Actualizaci\u00f3n<\/td>\n<td width=\"658\">Anual<\/td>\n<\/tr>\n<tr>\n<td width=\"350\">\u00daltima    modificaci\u00f3n<\/td>\n<td width=\"658\">13\/03\/2018,\u00a0 11:03:00 HRS<\/td>\n<\/tr>\n<tr>\n<td width=\"350\">Tema<\/td>\n<td width=\"658\">Geoespacial<\/td>\n<\/tr>\n<tr>\n<td width=\"350\">Nombre    del Publicador<\/td>\n<td width=\"658\">Direcci\u00f3n General del Registro    P\u00fablico de la Propiedad y el Comercio<\/td>\n<\/tr>\n<tr>\n<td width=\"350\">Contacto<\/td>\n<td width=\"658\">Guillermo Manuel Porras Gonz\u00e1lez<\/td>\n<\/tr>\n<tr>\n<td width=\"350\">Correo    electr\u00f3nico\u00a0<\/td>\n<td width=\"658\"><a href=\"mailto:guillermo.porras@bcs.gob.mx\">guillermo.porras@bcs.gob.mx<\/a><\/td>\n<\/tr>\n<tr>\n<td width=\"350\">Identificador    \u00fanico del documento en el cat\u00e1logo de la entidad.\u00a0<\/td>\n<td width=\"658\">BCS-RPPYC-001<\/td>\n<\/tr>\n<tr>\n<td width=\"350\">Nivel    de acceso.\u00a0<\/td>\n<td width=\"658\">P\u00fablico<\/td>\n<\/tr>\n<\/table>\n","protected":false},"excerpt":{"rendered":"<p>Ubicaci\u00f3n f\u00edsica de las oficinas del Registro P\u00fablico de la Propiedad y del Comercio Descargar xls csv Diccionario Descargar xls csv Metadato Campo Valor T\u00edtulo Directorio de los Registros P\u00fablicos de la Propiedad y del Comercio en el Estado de Baja California Sur Descripci\u00f3n Ubicaci\u00f3n f\u00edsica de las oficinas del Registro P\u00fablico de la Propiedad &hellip; <a href=\"https:\/\/datos.bcs.gob.mx\/?page_id=6299\">Continued<\/a><\/p>\n","protected":false},"author":1,"featured_media":0,"parent":0,"menu_order":0,"comment_status":"closed","ping_status":"closed","template":"templates\/barra.php","meta":{"_acf_changed":false,"footnotes":"","_links_to":"","_links_to_target":""},"class_list":["post-6299","page","type-page","status-publish","hentry","catalogo_de_datos-registro-publico"],"acf":[],"_links":{"self":[{"href":"https:\/\/datos.bcs.gob.mx\/index.php?rest_route=\/wp\/v2\/pages\/6299"}],"collection":[{"href":"https:\/\/datos.bcs.gob.mx\/index.php?rest_route=\/wp\/v2\/pages"}],"about":[{"href":"https:\/\/datos.bcs.gob.mx\/index.php?rest_route=\/wp\/v2\/types\/page"}],"author":[{"embeddable":true,"href":"https:\/\/datos.bcs.gob.mx\/index.php?rest_route=\/wp\/v2\/users\/1"}],"replies":[{"embeddable":true,"href":"https:\/\/datos.bcs.gob.mx\/index.php?rest_route=%2Fwp%2Fv2%2Fcomments&post=6299"}],"version-history":[{"count":7,"href":"https:\/\/datos.bcs.gob.mx\/index.php?rest_route=\/wp\/v2\/pages\/6299\/revisions"}],"predecessor-version":[{"id":7123,"href":"https:\/\/datos.bcs.gob.mx\/index.php?rest_route=\/wp\/v2\/pages\/6299\/revisions\/7123"}],"wp:attachment":[{"href":"https:\/\/datos.bcs.gob.mx\/index.php?rest_route=%2Fwp%2Fv2%2Fmedia&parent=6299"}],"curies":[{"name":"wp","href":"https:\/\/api.w.org\/{rel}","templated":true}]}}