{"id":6278,"date":"2018-09-24T11:07:37","date_gmt":"2018-09-24T17:07:37","guid":{"rendered":"http:\/\/datos.bcs.gob.mx\/?page_id=6278"},"modified":"2018-12-10T18:14:23","modified_gmt":"2018-12-11T00:14:23","slug":"padron-modulo-red-en-apoyo-al-emprendedor","status":"publish","type":"page","link":"https:\/\/datos.bcs.gob.mx\/?page_id=6278","title":{"rendered":"MODULO RED DE APOYO AL EMPRENDEDOR 2017"},"content":{"rendered":"<p><\/br><br \/>\nPunto de RED Estatal BCS, apoyo a emprendedores, cuando el usuario solicite informaci\u00f3n sobre apoyo al emprendedor.<br \/>\n<\/br><\/p>\n<div class=\"col-md-6\"><strong>Descargar<\/strong> <span class=\"glyphicon glyphicon-download-alt\"><\/span> <a class=\"btn btn-success btn-xs\" href=\"wp-content\/themes\/TemaSEPUIT\/assets\/images\/doc\/setue\/2017\/PUNTOS DE RED.xlsx\">xls<\/a> <a class=\"btn btn-primary btn-xs\" href=\"wp-content\/themes\/TemaSEPUIT\/assets\/images\/doc\/setue\/2017\/PUNTOS DE RED.csv\">csv<br \/>\n<\/a><\/div>\n<div class=\"col-md-6\" style=\"padding-bottom: 35px;\">Diccionario Descargar  <span class=\"glyphicon glyphicon-download-alt\"><\/span> <a class=\"btn btn-success btn-xs\" href=\"wp-content\/themes\/TemaSEPUIT\/assets\/images\/doc\/setue\/2017\/DICCIONARIO_PADR\u00d3N M\u00d3DULO DE RED EN APOYO AL EMPRENDEDOR 2017.xlsx\">xls<\/a> <a class=\"btn btn-primary btn-xs\" href=\"wp-content\/themes\/TemaSEPUIT\/assets\/images\/doc\/setue\/2017\/DICCIONARIO_PADR\u00d3N M\u00d3DULO DE RED EN APOYO AL EMPRENDEDOR 2017.csv\">csv<\/a><\/div>\n<p style=\"text-align: center;\"><span style=\"font-size: 16px;\"><strong>Metadato<\/strong><\/span><\/p>\n<table class=\"table table-striped\" width=\"960\" cellspacing=\"0\" cellpadding=\"0\">\n<tbody>\n<tr>\n<td bgcolor=\"#CCCCCC\"><strong>Campo<\/strong><\/td>\n<td bgcolor=\"#CCCCCC\"><strong>Valor<\/strong><\/td>\n<\/tr>\n<tr>\n<td width=\"308\">T\u00edtulo<\/td>\n<td width=\"630\">Modulo Red de Apoyo al Emprendedor<\/td>\n<\/tr>\n<tr>\n<td width=\"308\">Descripci\u00f3n<\/td>\n<td width=\"630\">Punto de RED Estatal BCS,\u00a0 apoyo a emprendedores, cuando el usuario solicite informaci\u00f3n sobre apoyo al emprendedor.<\/td>\n<\/tr>\n<tr>\n<td width=\"308\">Etiquetas<\/td>\n<td width=\"630\">Econom\u00eda, Empresarial, Emprendedores, Inscripci\u00f3n, BCS, INADEM, Puntos, Red, Usuarios, Vinculaciones<\/td>\n<\/tr>\n<tr>\n<td width=\"308\">Publicado<\/td>\n<td width=\"630\">Por Publicar<\/td>\n<\/tr>\n<tr>\n<td width=\"308\">Frecuencia de Actualizaci\u00f3n<\/td>\n<td width=\"630\">Anual<\/td>\n<\/tr>\n<tr>\n<td width=\"308\">\u00daltima modificaci\u00f3n<\/td>\n<td width=\"630\">Ya Publicado<\/td>\n<\/tr>\n<tr>\n<td width=\"308\">Tema<\/td>\n<td width=\"630\">Econom\u00eda<\/td>\n<\/tr>\n<tr>\n<td width=\"308\">Nombre del Publicador<\/td>\n<td width=\"630\">Secretaria de Turismo, Econom\u00eda y Sustentabilidad<\/td>\n<\/tr>\n<tr>\n<td width=\"308\">Contacto<\/td>\n<td width=\"630\">C.\u00a0 Marco Fabrizio Pulido Flores<\/td>\n<\/tr>\n<tr>\n<td width=\"308\">Correo electr\u00f3nico<\/td>\n<td width=\"630\"><a href=\"mailto:mpulido@setuesbcs.gob.mx\">mpulido@setuesbcs.gob.mx<\/a><\/td>\n<\/tr>\n<tr>\n<td width=\"308\">Identificador \u00fanico del documento en el cat\u00e1logo de la entidad<\/td>\n<td width=\"630\">BCS-SETUES-E-006<\/td>\n<\/tr>\n<tr>\n<td width=\"308\">Nivel de acceso.<\/td>\n<td width=\"630\">P\u00fablico<\/td>\n<\/tr>\n<\/tbody>\n<\/table>\n","protected":false},"excerpt":{"rendered":"<p>Punto de RED Estatal BCS, apoyo a emprendedores, cuando el usuario solicite informaci\u00f3n sobre apoyo al emprendedor. Descargar xls csv Diccionario Descargar xls csv Metadato Campo Valor T\u00edtulo Modulo Red de Apoyo al Emprendedor Descripci\u00f3n Punto de RED Estatal BCS,\u00a0 apoyo a emprendedores, cuando el usuario solicite informaci\u00f3n sobre apoyo al emprendedor. Etiquetas Econom\u00eda, Empresarial, &hellip; <a href=\"https:\/\/datos.bcs.gob.mx\/?page_id=6278\">Continued<\/a><\/p>\n","protected":false},"author":1,"featured_media":0,"parent":0,"menu_order":0,"comment_status":"closed","ping_status":"closed","template":"templates\/barra.php","meta":{"_acf_changed":false,"footnotes":"","_links_to":"","_links_to_target":""},"class_list":["post-6278","page","type-page","status-publish","hentry","catalogo_de_datos-economia-desarrollo"],"acf":[],"_links":{"self":[{"href":"https:\/\/datos.bcs.gob.mx\/index.php?rest_route=\/wp\/v2\/pages\/6278"}],"collection":[{"href":"https:\/\/datos.bcs.gob.mx\/index.php?rest_route=\/wp\/v2\/pages"}],"about":[{"href":"https:\/\/datos.bcs.gob.mx\/index.php?rest_route=\/wp\/v2\/types\/page"}],"author":[{"embeddable":true,"href":"https:\/\/datos.bcs.gob.mx\/index.php?rest_route=\/wp\/v2\/users\/1"}],"replies":[{"embeddable":true,"href":"https:\/\/datos.bcs.gob.mx\/index.php?rest_route=%2Fwp%2Fv2%2Fcomments&post=6278"}],"version-history":[{"count":21,"href":"https:\/\/datos.bcs.gob.mx\/index.php?rest_route=\/wp\/v2\/pages\/6278\/revisions"}],"predecessor-version":[{"id":7519,"href":"https:\/\/datos.bcs.gob.mx\/index.php?rest_route=\/wp\/v2\/pages\/6278\/revisions\/7519"}],"wp:attachment":[{"href":"https:\/\/datos.bcs.gob.mx\/index.php?rest_route=%2Fwp%2Fv2%2Fmedia&parent=6278"}],"curies":[{"name":"wp","href":"https:\/\/api.w.org\/{rel}","templated":true}]}}