{"id":6271,"date":"2018-09-24T10:25:11","date_gmt":"2018-09-24T16:25:11","guid":{"rendered":"http:\/\/datos.bcs.gob.mx\/?page_id=6271"},"modified":"2018-11-09T11:52:19","modified_gmt":"2018-11-09T17:52:19","slug":"padron-registro-nacional-turismo","status":"publish","type":"page","link":"https:\/\/datos.bcs.gob.mx\/?page_id=6271","title":{"rendered":"REGISTRO NACIONAL DE TURISMO"},"content":{"rendered":"<p>Es el cat\u00e1logo p\u00fablico de prestadores de servicios tur\u00edsticos en el pa\u00eds, el cual constituye el mecanismo por el que el Ejecutivo Federal, los Estados y Municipios, podr\u00e1n contar con informaci\u00f3n sobre los prestadores de servicios tur\u00edsticos a nivel nacional, con objeto de conocer mejor el mercado tur\u00edstico y establecer comunicaci\u00f3n con las empresas cuando se requiera.<\/p>\n<div class=\"col-md-6\"><strong>Descargar<\/strong> <span class=\"glyphicon glyphicon-download-alt\"><\/span> <a class=\"btn btn-success btn-xs\" href=\"wp-content\/themes\/TemaSEPUIT\/assets\/images\/doc\/setue\/2017\/RNT.xlsx\">xls<\/a> <a class=\"btn btn-primary btn-xs\" href=\"wp-content\/themes\/TemaSEPUIT\/assets\/images\/doc\/setue\/2017\/RNT.csv\">csv<br \/>\n<\/a><\/div>\n<div class=\"col-md-6\" style=\"padding-bottom: 35px;\">Diccionario Descargar <span class=\"glyphicon glyphicon-download-alt\"><\/span> <a class=\"btn btn-success btn-xs\" href=\"wp-content\/themes\/TemaSEPUIT\/assets\/images\/doc\/setue\/2017\/DICCIONARIO DE DATOS RNT.xlsx\">xls<\/a> <a class=\"btn btn-primary btn-xs\" href=\"wp-content\/themes\/TemaSEPUIT\/assets\/images\/doc\/setue\/2017\/DICCIONARIO DE DATOS RNT.csv\">csv<\/a><\/div>\n<p style=\"text-align: center;\"><span style=\"font-size: 16px;\"><strong>Metadato<\/strong><\/span><\/p>\n<table class=\"table table-striped\" width=\"960\" cellspacing=\"0\" cellpadding=\"0\">\n<tbody>\n<tr>\n<td bgcolor=\"#CCCCCC\"><strong>Campo<\/strong><\/td>\n<td bgcolor=\"#CCCCCC\"><strong>Valor<\/strong><\/td>\n<\/tr>\n<tr>\n<td width=\"388\">T\u00edtulo<\/td>\n<td width=\"730\">Registro Nacional de Turismo<\/td>\n<\/tr>\n<tr>\n<td width=\"388\">Descripci\u00f3n<\/td>\n<td width=\"730\">Es el cat\u00e1logo p\u00fablico de prestadores de servicios tur\u00edsticos en el pa\u00eds, el cual constituye el mecanismo por el que el Ejecutivo Federal, los Estados y Municipios, podr\u00e1n contar con informaci\u00f3n sobre los prestadores de servicios tur\u00edsticos a nivel nacional, con objeto de conocer mejor el mercado tur\u00edstico y establecer comunicaci\u00f3n con las empresas cuando se requiera<\/td>\n<\/tr>\n<tr>\n<td width=\"388\">Etiquetas<\/td>\n<td width=\"730\">Registro Nacional de Turismo &#8220;RNT\u201d.<\/td>\n<\/tr>\n<tr>\n<td width=\"388\">Publicado<\/td>\n<td width=\"730\">05\/07\/2018,\u00a0 11:03:00 HRS<\/td>\n<\/tr>\n<tr>\n<td width=\"388\">Frecuencia de Actualizaci\u00f3n<\/td>\n<td width=\"730\">Anual<\/td>\n<\/tr>\n<tr>\n<td width=\"388\">\u00daltima modificaci\u00f3n<\/td>\n<td width=\"730\">05\/07\/2018,\u00a0 11:03:00 HRS<\/td>\n<\/tr>\n<tr>\n<td width=\"388\">Tema<\/td>\n<td width=\"730\">Turismo<\/td>\n<\/tr>\n<tr>\n<td width=\"388\">Nombre del Publicador<\/td>\n<td width=\"730\">Direcci\u00f3n de Planeaci\u00f3n Tur\u00edstica y Proyectos de Infraestructura<\/td>\n<\/tr>\n<tr>\n<td width=\"388\">Contacto<\/td>\n<td width=\"730\">Iv\u00e1n Estrada Moreno<\/td>\n<\/tr>\n<tr>\n<td width=\"388\">Correo electr\u00f3nico<\/td>\n<td>iestrada@setuesbcs.gob.mx<\/td>\n<\/tr>\n<tr>\n<td width=\"388\">Identificador \u00fanico del documento en el cat\u00e1logo de la entidad.<\/td>\n<td width=\"730\">BCS-RNT-001<\/td>\n<\/tr>\n<tr>\n<td width=\"388\">Nivel de acceso.<\/td>\n<td width=\"730\">P\u00fablico<\/td>\n<\/tr>\n<\/tbody>\n<\/table>\n","protected":false},"excerpt":{"rendered":"<p>Es el cat\u00e1logo p\u00fablico de prestadores de servicios tur\u00edsticos en el pa\u00eds, el cual constituye el mecanismo por el que el Ejecutivo Federal, los Estados y Municipios, podr\u00e1n contar con informaci\u00f3n sobre los prestadores de servicios tur\u00edsticos a nivel nacional, con objeto de conocer mejor el mercado tur\u00edstico y establecer comunicaci\u00f3n con las empresas cuando &hellip; <a href=\"https:\/\/datos.bcs.gob.mx\/?page_id=6271\">Continued<\/a><\/p>\n","protected":false},"author":1,"featured_media":0,"parent":0,"menu_order":0,"comment_status":"closed","ping_status":"closed","template":"templates\/barra.php","meta":{"_acf_changed":false,"footnotes":"","_links_to":"","_links_to_target":""},"class_list":["post-6271","page","type-page","status-publish","hentry","catalogo_de_datos-turismo"],"acf":[],"_links":{"self":[{"href":"https:\/\/datos.bcs.gob.mx\/index.php?rest_route=\/wp\/v2\/pages\/6271"}],"collection":[{"href":"https:\/\/datos.bcs.gob.mx\/index.php?rest_route=\/wp\/v2\/pages"}],"about":[{"href":"https:\/\/datos.bcs.gob.mx\/index.php?rest_route=\/wp\/v2\/types\/page"}],"author":[{"embeddable":true,"href":"https:\/\/datos.bcs.gob.mx\/index.php?rest_route=\/wp\/v2\/users\/1"}],"replies":[{"embeddable":true,"href":"https:\/\/datos.bcs.gob.mx\/index.php?rest_route=%2Fwp%2Fv2%2Fcomments&post=6271"}],"version-history":[{"count":8,"href":"https:\/\/datos.bcs.gob.mx\/index.php?rest_route=\/wp\/v2\/pages\/6271\/revisions"}],"predecessor-version":[{"id":7364,"href":"https:\/\/datos.bcs.gob.mx\/index.php?rest_route=\/wp\/v2\/pages\/6271\/revisions\/7364"}],"wp:attachment":[{"href":"https:\/\/datos.bcs.gob.mx\/index.php?rest_route=%2Fwp%2Fv2%2Fmedia&parent=6271"}],"curies":[{"name":"wp","href":"https:\/\/api.w.org\/{rel}","templated":true}]}}