{"id":6256,"date":"2018-09-24T08:13:55","date_gmt":"2018-09-24T14:13:55","guid":{"rendered":"http:\/\/datos.bcs.gob.mx\/?page_id=6256"},"modified":"2018-11-09T15:55:03","modified_gmt":"2018-11-09T21:55:03","slug":"padron-curso-capacitacion-turistica","status":"publish","type":"page","link":"https:\/\/datos.bcs.gob.mx\/?page_id=6256","title":{"rendered":"CURSOS DE CAPACITACI\u00d3N TUR\u00cdSTICA"},"content":{"rendered":"<p><\/br><br \/>\nCada a\u00f1o se realiza un Diagn\u00f3stico de Necesidades de Capacitaci\u00f3n en el estado con la participaci\u00f3n de las Asociaciones de Hoteles, Canirac y los fideicomisos municipales de turismo para determinar los cursos que se impartir\u00e1n y que se agrupan en los siguientes bloques: Ingl\u00e9s Comercial Tur\u00edstico, Calidad en el Servicio, Gu\u00edas de Turistas, Est\u00e1ndares de Competencia y Normatividad Tur\u00edstica.<\/p>\n<div class=\"col-md-6\"><strong>Descargar<\/strong> <span class=\"glyphicon glyphicon-download-alt\"><\/span> <a class=\"btn btn-success btn-xs\" href=\"wp-content\/themes\/TemaSEPUIT\/assets\/images\/doc\/setue\/2017\/BCS_SETUES_CT008.xlsx\">xls<\/a> <a class=\"btn btn-primary btn-xs\" href=\"wp-content\/themes\/TemaSEPUIT\/assets\/images\/doc\/setue\/2017\/BCS_SETUES_CT008.csv\">csv<br \/>\n<\/a><\/div>\n<div class=\"col-md-6\" style=\"padding-bottom: 35px;\"><strong>Diccionario Descargar<\/strong> <span class=\"glyphicon glyphicon-download-alt\"><\/span> <a class=\"btn btn-success btn-xs\" href=\"\/wp-content\/themes\/TemaSEPUIT\/assets\/images\/doc\/setue\/2017\/DICCIONARIO_PADR\u00d3N CURSO DE CAPACITACI\u00d3N TUR\u00cdSTICA 2017.xlsx\">xls<\/a> <a class=\"btn btn-primary btn-xs\" href=\"\/wp-content\/themes\/TemaSEPUIT\/assets\/images\/doc\/setue\/2017\/DICCIONARIO_PADR\u00d3N CURSO DE CAPACITACI\u00d3N TUR\u00cdSTICA 2017.csv\">csv<\/a><\/div>\n<p style=\"text-align: center;\"><span style=\"font-size: 16px;\"><strong>Metadato<\/strong><\/span><\/p>\n<table class=\"table table-striped\" width=\"960\" cellspacing=\"0\" cellpadding=\"0\">\n<tbody>\n<tr>\n<td bgcolor=\"#CCCCCC\"><strong>Campo<\/strong><\/td>\n<td bgcolor=\"#CCCCCC\"><strong>Valor<\/strong><\/td>\n<\/tr>\n<tr>\n<td width=\"399\">T\u00edtulo<\/td>\n<td width=\"751\">Cursos de Capacitaci\u00f3n Tur\u00edstica.<\/td>\n<\/tr>\n<tr>\n<td width=\"399\">Descripci\u00f3n<\/td>\n<td width=\"751\">Cada a\u00f1o se realiza un Diagn\u00f3stico de Necesidades de Capacitaci\u00f3n en el estado con la participaci\u00f3n de las Asociaciones de Hoteles, Canirac y los fideicomisos municipales de turismo para determinar los cursos que se impartir\u00e1n y que se agrupan en los siguientes bloques: Ingl\u00e9s Comercial Tur\u00edstico, Calidad en el Servicio, Gu\u00edas de Turistas, Est\u00e1ndares de Competencia y Normatividad Tur\u00edstica.<\/td>\n<\/tr>\n<tr>\n<td width=\"399\">Etiquetas<\/td>\n<td width=\"751\">Turismo, Diagnostico, Capacitaci\u00f3n, Curso, Ingl\u00e9s, Calidad, Est\u00e1ndar, Servicio, Producto, Competencia.<\/td>\n<\/tr>\n<tr>\n<td width=\"399\">Publicado<\/td>\n<td width=\"751\">05\/07\/2018,\u00a0 11:03:00 HRS<\/td>\n<\/tr>\n<tr>\n<td width=\"399\">Frecuencia de Actualizaci\u00f3n<\/td>\n<td width=\"751\">Anual<\/td>\n<\/tr>\n<tr>\n<td width=\"399\">\u00daltima modificaci\u00f3n<\/td>\n<td width=\"751\">05\/07\/2018,\u00a0 11:03:00 HRS<\/td>\n<\/tr>\n<tr>\n<td width=\"399\">Tema<\/td>\n<td width=\"751\">Capacitaci\u00f3n Tur\u00edstica<\/td>\n<\/tr>\n<tr>\n<td width=\"399\">Nombre del Publicador<\/td>\n<td width=\"751\">Direcci\u00f3n de Capacitaci\u00f3n y Cultura Tur\u00edstica<\/td>\n<\/tr>\n<tr>\n<td width=\"399\">Contacto<\/td>\n<td width=\"751\">Lic. Christian Ortega<\/td>\n<\/tr>\n<tr>\n<td width=\"399\">Correo electr\u00f3nico<\/td>\n<td width=\"751\"><a href=\"mailto:ctadeo@setuesbcs.gob.mx\">ctadeo@setuesbcs.gob.mx<\/a><\/td>\n<\/tr>\n<tr>\n<td width=\"399\">Identificador \u00fanico del documento en el cat\u00e1logo de la entidad.<\/td>\n<td width=\"751\">BCS-SETUES-CT008<\/td>\n<\/tr>\n<tr>\n<td width=\"399\">Nivel de acceso.<\/td>\n<td width=\"751\">P\u00fablico<\/td>\n<\/tr>\n<\/tbody>\n<\/table>\n<p>&nbsp;<\/p>\n","protected":false},"excerpt":{"rendered":"<p>Cada a\u00f1o se realiza un Diagn\u00f3stico de Necesidades de Capacitaci\u00f3n en el estado con la participaci\u00f3n de las Asociaciones de Hoteles, Canirac y los fideicomisos municipales de turismo para determinar los cursos que se impartir\u00e1n y que se agrupan en los siguientes bloques: Ingl\u00e9s Comercial Tur\u00edstico, Calidad en el Servicio, Gu\u00edas de Turistas, Est\u00e1ndares de &hellip; <a href=\"https:\/\/datos.bcs.gob.mx\/?page_id=6256\">Continued<\/a><\/p>\n","protected":false},"author":1,"featured_media":0,"parent":0,"menu_order":0,"comment_status":"closed","ping_status":"closed","template":"templates\/barra.php","meta":{"_acf_changed":false,"footnotes":"","_links_to":"","_links_to_target":""},"class_list":["post-6256","page","type-page","status-publish","hentry","catalogo_de_datos-turismo"],"acf":[],"_links":{"self":[{"href":"https:\/\/datos.bcs.gob.mx\/index.php?rest_route=\/wp\/v2\/pages\/6256"}],"collection":[{"href":"https:\/\/datos.bcs.gob.mx\/index.php?rest_route=\/wp\/v2\/pages"}],"about":[{"href":"https:\/\/datos.bcs.gob.mx\/index.php?rest_route=\/wp\/v2\/types\/page"}],"author":[{"embeddable":true,"href":"https:\/\/datos.bcs.gob.mx\/index.php?rest_route=\/wp\/v2\/users\/1"}],"replies":[{"embeddable":true,"href":"https:\/\/datos.bcs.gob.mx\/index.php?rest_route=%2Fwp%2Fv2%2Fcomments&post=6256"}],"version-history":[{"count":13,"href":"https:\/\/datos.bcs.gob.mx\/index.php?rest_route=\/wp\/v2\/pages\/6256\/revisions"}],"predecessor-version":[{"id":7383,"href":"https:\/\/datos.bcs.gob.mx\/index.php?rest_route=\/wp\/v2\/pages\/6256\/revisions\/7383"}],"wp:attachment":[{"href":"https:\/\/datos.bcs.gob.mx\/index.php?rest_route=%2Fwp%2Fv2%2Fmedia&parent=6256"}],"curies":[{"name":"wp","href":"https:\/\/api.w.org\/{rel}","templated":true}]}}