{"id":6252,"date":"2018-09-24T08:08:39","date_gmt":"2018-09-24T14:08:39","guid":{"rendered":"http:\/\/datos.bcs.gob.mx\/?page_id=6252"},"modified":"2018-10-08T13:42:46","modified_gmt":"2018-10-08T19:42:46","slug":"padron-distintivo-pl-punto-limpio","status":"publish","type":"page","link":"https:\/\/datos.bcs.gob.mx\/?page_id=6252","title":{"rendered":"DISTINTIVO PL &#8220;PUNTO LIMPIO&#8221;"},"content":{"rendered":"<p><\/br><br \/>\nEs un reconocimiento que otorga    la Sectur Federal a las Micro, Peque\u00f1as y Medianas Empresas del Sector    Tur\u00edstico, por haber implementado la metodolog\u00eda desarrollada por SECTUR\u00a0 y aplicada por consultores acreditados por    la misma. Eval\u00faa los puntos de: Formaci\u00f3n de Gestores, Calidad Higi\u00e9nica, Buenas Pr\u00e1cticas por Unidad de Negocio, Aseguramiento de Calidad, Asesor\u00eda y Validaci\u00f3n.<br \/>\n<\/br><\/p>\n<div class=\"col-md-6\"><strong>Descargar<\/strong> <span class=\"glyphicon glyphicon-download-alt\"><\/span> <a class=\"btn btn-success btn-xs\" href=\"wp-content\/themes\/TemaSEPUIT\/assets\/images\/doc\/setue\/2017\/BCS_SETUES_CT007.xlsx\">xls<\/a> <a class=\"btn btn-primary btn-xs\" href=\"wp-content\/themes\/TemaSEPUIT\/assets\/images\/doc\/setue\/2017\/BCS_SETUES_CT007.csv\">csv<br \/>\n<\/a><\/div>\n<div style=\"padding-bottom:35px\" class=\"col-md-6\"><strong>Diccionario Descargar<\/strong> <span class=\"glyphicon glyphicon-download-alt\"><\/span>  <a class=\"btn btn-success btn-xs\" href=\"wp-content\/themes\/TemaSEPUIT\/assets\/images\/doc\/setue\/2017\/DICCIONARIO_PADR\u00d3N DISTINTIVO PL 2017.xlsx\">xls<\/a> <a class=\"btn btn-primary btn-xs\" href=\"wp-content\/themes\/TemaSEPUIT\/assets\/images\/doc\/setue\/2017\/DICCIONARIO_PADR\u00d3N DISTINTIVO PL 2017.csv\">csv<\/a><\/div>\n<p style=\"text-align: center;\"><span style=\"font-size: 16px;\"><strong>Metadato<\/strong><\/span><\/p>\n<table class=\"table table-striped\" width=\"960\" cellspacing=\"0\" cellpadding=\"0\">\n<tbody>\n<tr>\n<td bgcolor=\"#CCCCCC\"><strong>Campo<\/strong><\/td>\n<td bgcolor=\"#CCCCCC\"><strong>Valor<\/strong><\/td>\n<tr>\n<td width=\"399\">T\u00edtulo<\/td>\n<td width=\"751\">Distintivo PL &quot;Punto    Limpio&quot;<\/td>\n<\/tr>\n<tr>\n<td width=\"399\">Descripci\u00f3n<\/td>\n<td width=\"751\">Es un reconocimiento que otorga    la Sectur Federal a las Micro, Peque\u00f1as y Medianas Empresas del Sector Tur\u00edstico, por haber implementado la metodolog\u00eda desarrollada por SECTUR\u00a0 y aplicada por consultores acreditados por la misma. Eval\u00faa los puntos de: Formaci\u00f3n de Gestores, Calidad Higi\u00e9nica,    Buenas Pr\u00e1cticas por Unidad de Negocio, Aseguramiento de Calidad, Asesor\u00eda y Validaci\u00f3n.<\/td>\n<\/tr>\n<tr>\n<td width=\"399\">Etiquetas<\/td>\n<td width=\"751\">Turismo, limpieza, orden,    capacitaci\u00f3n, tr\u00e1mites, calidad, gestor, negocio<\/td>\n<\/tr>\n<tr>\n<td width=\"399\">Publicado<\/td>\n<td width=\"751\">05\/07\/2018,\u00a0 11:03:00 HRS<\/td>\n<\/tr>\n<tr>\n<td width=\"399\">Frecuencia    de Actualizaci\u00f3n<\/td>\n<td width=\"751\">Anual<\/td>\n<\/tr>\n<tr>\n<td width=\"399\">\u00daltima    modificaci\u00f3n<\/td>\n<td width=\"751\">05\/07\/2018,\u00a0 11:03:00 HRS<\/td>\n<\/tr>\n<tr>\n<td width=\"399\">Tema<\/td>\n<td width=\"751\">Limpieza y orden en las unidades    de negocio<\/td>\n<\/tr>\n<tr>\n<td width=\"399\">Nombre    del Publicador<\/td>\n<td width=\"751\">Direcci\u00f3n de Capacitaci\u00f3n y    Cultura Tur\u00edstica<\/td>\n<\/tr>\n<tr>\n<td width=\"399\">Contacto<\/td>\n<td width=\"751\">Lic. Dalia Meza Rubio<\/td>\n<\/tr>\n<tr>\n<td width=\"399\">Correo    electr\u00f3nico\u00a0<\/td>\n<td width=\"751\">dmeza@setuesbcs.gob.mx<\/td>\n<\/tr>\n<tr>\n<td width=\"399\">Identificador    \u00fanico del documento en el cat\u00e1logo de la entidad.\u00a0<\/td>\n<td width=\"751\">BCS-SETUES-CT007<\/td>\n<\/tr>\n<tr>\n<td width=\"399\">Nivel    de acceso.\u00a0<\/td>\n<td width=\"751\">P\u00fablico<\/td>\n<\/tr>\n<\/table>\n","protected":false},"excerpt":{"rendered":"<p>Es un reconocimiento que otorga la Sectur Federal a las Micro, Peque\u00f1as y Medianas Empresas del Sector Tur\u00edstico, por haber implementado la metodolog\u00eda desarrollada por SECTUR\u00a0 y aplicada por consultores acreditados por la misma. Eval\u00faa los puntos de: Formaci\u00f3n de Gestores, Calidad Higi\u00e9nica, Buenas Pr\u00e1cticas por Unidad de Negocio, Aseguramiento de Calidad, Asesor\u00eda y Validaci\u00f3n. &hellip; <a href=\"https:\/\/datos.bcs.gob.mx\/?page_id=6252\">Continued<\/a><\/p>\n","protected":false},"author":1,"featured_media":0,"parent":0,"menu_order":0,"comment_status":"closed","ping_status":"closed","template":"templates\/barra.php","meta":{"_acf_changed":false,"footnotes":"","_links_to":"","_links_to_target":""},"class_list":["post-6252","page","type-page","status-publish","hentry","catalogo_de_datos-turismo"],"acf":[],"_links":{"self":[{"href":"https:\/\/datos.bcs.gob.mx\/index.php?rest_route=\/wp\/v2\/pages\/6252"}],"collection":[{"href":"https:\/\/datos.bcs.gob.mx\/index.php?rest_route=\/wp\/v2\/pages"}],"about":[{"href":"https:\/\/datos.bcs.gob.mx\/index.php?rest_route=\/wp\/v2\/types\/page"}],"author":[{"embeddable":true,"href":"https:\/\/datos.bcs.gob.mx\/index.php?rest_route=\/wp\/v2\/users\/1"}],"replies":[{"embeddable":true,"href":"https:\/\/datos.bcs.gob.mx\/index.php?rest_route=%2Fwp%2Fv2%2Fcomments&post=6252"}],"version-history":[{"count":9,"href":"https:\/\/datos.bcs.gob.mx\/index.php?rest_route=\/wp\/v2\/pages\/6252\/revisions"}],"predecessor-version":[{"id":7079,"href":"https:\/\/datos.bcs.gob.mx\/index.php?rest_route=\/wp\/v2\/pages\/6252\/revisions\/7079"}],"wp:attachment":[{"href":"https:\/\/datos.bcs.gob.mx\/index.php?rest_route=%2Fwp%2Fv2%2Fmedia&parent=6252"}],"curies":[{"name":"wp","href":"https:\/\/api.w.org\/{rel}","templated":true}]}}