{"id":6229,"date":"2018-09-21T15:54:27","date_gmt":"2018-09-21T21:54:27","guid":{"rendered":"http:\/\/datos.bcs.gob.mx\/?page_id=6229"},"modified":"2018-10-05T14:32:11","modified_gmt":"2018-10-05T20:32:11","slug":"platicas-cultura-turistica-en-la-escuelas-educacion-basica-2017","status":"publish","type":"page","link":"https:\/\/datos.bcs.gob.mx\/?page_id=6229","title":{"rendered":"PL\u00c1TICAS DE CULTURA TUR\u00cdSTICA EN LAS ESCUELAS DE EDUCACI\u00d3N B\u00c1SICA"},"content":{"rendered":"<p><\/br><br \/>\nEs un Programa Estatal de Pl\u00e1ticas dirigido a estudiantes de escuelas de educaci\u00f3n b\u00e1sica en la entidad, para dar a conocer el patrimonio natural, hist\u00f3rico y cultural de    B.C.S., as\u00ed como para sensibilizarlos en los temas de cuidado del medio    ambiente y recursos naturales.<br \/>\n<\/br><\/p>\n<div class=\"col-md-6\"><strong>Descargar<\/strong> <span class=\"glyphicon glyphicon-download-alt\"><\/span> <a class=\"btn btn-success btn-xs\" href=\"wp-content\/themes\/TemaSEPUIT\/assets\/images\/doc\/setue\/2017\/BCS_SETUES_CT003.xlsx\">xls<\/a> <a class=\"btn btn-primary btn-xs\" href=\"wp-content\/themes\/TemaSEPUIT\/assets\/images\/doc\/setue\/2017\/BCS_SETUES_CT003.csv\">csv<br \/>\n<\/a><\/div>\n<div style=\"padding-bottom:35px\" class=\"col-md-6\">Diccionario Descargar <span class=\"glyphicon glyphicon-download-alt\"><\/span>  <a class=\"btn btn-success btn-xs\" href=\"wp-content\/themes\/TemaSEPUIT\/assets\/images\/doc\/setue\/2017\/DICCIONARIO_PL\u00c1TICAS DE CULTURA TUR\u00cdSTICA EN EDUCACI\u00d3N B\u00c1SICA 2017.xlsx\">xls<\/a> <a class=\"btn btn-primary btn-xs\" href=\"wp-content\/themes\/TemaSEPUIT\/assets\/images\/doc\/setue\/2017\/DICCIONARIO_PL\u00c1TICAS DE CULTURA TUR\u00cdSTICA EN EDUCACI\u00d3N B\u00c1SICA 2017.csv\">csv<\/a><\/div>\n<p style=\"text-align: center;\"><span style=\"font-size: 16px;\"><strong>Metadato<\/strong><\/span><\/p>\n<table class=\"table table-striped\" width=\"960\" cellspacing=\"0\" cellpadding=\"0\">\n<tbody>\n<tr>\n<td bgcolor=\"#CCCCCC\"><strong>Campo<\/strong><\/td>\n<td bgcolor=\"#CCCCCC\"><strong>Valor<\/strong><\/td>\n<tr>\n<td width=\"399\">T\u00edtulo<\/td>\n<td width=\"751\">\u00a0Pl\u00e1ticas de Cultura Tur\u00edstica en las Escuelas de Educaci\u00f3n B\u00e1sica<\/td>\n<\/tr>\n<tr>\n<td width=\"399\">Descripci\u00f3n<\/td>\n<td width=\"751\">Es un Programa Estatal de    Pl\u00e1ticas dirigido a estudiantes de escuelas de educaci\u00f3n b\u00e1sica en la    entidad, para dar a conocer el patrimonio natural, hist\u00f3rico y cultural de    B.C.S., as\u00ed como para sensibilizarlos en los temas de cuidado del medio    ambiente y recursos naturales.<\/td>\n<\/tr>\n<tr>\n<td width=\"399\">Etiquetas<\/td>\n<td width=\"751\">Turismo, capacitaci\u00f3n, pl\u00e1ticas,    primaria, atractivos<\/td>\n<\/tr>\n<tr>\n<td width=\"399\">Publicado<\/td>\n<td width=\"751\">05\/07\/2018,\u00a0 11:03:00 HRS<\/td>\n<\/tr>\n<tr>\n<td width=\"399\">Frecuencia    de Actualizaci\u00f3n<\/td>\n<td width=\"751\">Anual<\/td>\n<\/tr>\n<tr>\n<td width=\"399\">\u00daltima    modificaci\u00f3n<\/td>\n<td width=\"751\">05\/07\/2018,\u00a0 11:03:00 HRS<\/td>\n<\/tr>\n<tr>\n<td width=\"399\">Tema<\/td>\n<td width=\"751\">Cultura Tur\u00edstica<\/td>\n<\/tr>\n<tr>\n<td width=\"399\">Nombre    del Publicador<\/td>\n<td width=\"751\">Direcci\u00f3n de Capacitaci\u00f3n y    Cultura Tur\u00edstica<\/td>\n<\/tr>\n<tr>\n<td width=\"399\">Contacto<\/td>\n<td width=\"751\">Hugo Abaroa Hirales<\/td>\n<\/tr>\n<tr>\n<td width=\"399\">Correo    electr\u00f3nico\u00a0<\/td>\n<td width=\"751\"><a href=\"mailto:habaroa@setuesbcs.gob.mx\">habaroa@setuesbcs.gob.mx<\/a><\/td>\n<\/tr>\n<tr>\n<td width=\"399\">Identificador    \u00fanico del documento en el cat\u00e1logo de la entidad.\u00a0<\/td>\n<td width=\"751\">BCS-SETUES-CT003<\/td>\n<\/tr>\n<tr>\n<td width=\"399\">Nivel    de acceso.\u00a0<\/td>\n<td width=\"751\">P\u00fablico<\/td>\n<\/tr>\n<\/table>\n","protected":false},"excerpt":{"rendered":"<p>Es un Programa Estatal de Pl\u00e1ticas dirigido a estudiantes de escuelas de educaci\u00f3n b\u00e1sica en la entidad, para dar a conocer el patrimonio natural, hist\u00f3rico y cultural de B.C.S., as\u00ed como para sensibilizarlos en los temas de cuidado del medio ambiente y recursos naturales. Descargar xls csv Diccionario Descargar xls csv Metadato Campo Valor T\u00edtulo &hellip; <a href=\"https:\/\/datos.bcs.gob.mx\/?page_id=6229\">Continued<\/a><\/p>\n","protected":false},"author":1,"featured_media":0,"parent":0,"menu_order":0,"comment_status":"closed","ping_status":"closed","template":"templates\/barra.php","meta":{"_acf_changed":false,"footnotes":"","_links_to":"","_links_to_target":""},"class_list":["post-6229","page","type-page","status-publish","hentry","catalogo_de_datos-turismo"],"acf":[],"_links":{"self":[{"href":"https:\/\/datos.bcs.gob.mx\/index.php?rest_route=\/wp\/v2\/pages\/6229"}],"collection":[{"href":"https:\/\/datos.bcs.gob.mx\/index.php?rest_route=\/wp\/v2\/pages"}],"about":[{"href":"https:\/\/datos.bcs.gob.mx\/index.php?rest_route=\/wp\/v2\/types\/page"}],"author":[{"embeddable":true,"href":"https:\/\/datos.bcs.gob.mx\/index.php?rest_route=\/wp\/v2\/users\/1"}],"replies":[{"embeddable":true,"href":"https:\/\/datos.bcs.gob.mx\/index.php?rest_route=%2Fwp%2Fv2%2Fcomments&post=6229"}],"version-history":[{"count":8,"href":"https:\/\/datos.bcs.gob.mx\/index.php?rest_route=\/wp\/v2\/pages\/6229\/revisions"}],"predecessor-version":[{"id":6846,"href":"https:\/\/datos.bcs.gob.mx\/index.php?rest_route=\/wp\/v2\/pages\/6229\/revisions\/6846"}],"wp:attachment":[{"href":"https:\/\/datos.bcs.gob.mx\/index.php?rest_route=%2Fwp%2Fv2%2Fmedia&parent=6229"}],"curies":[{"name":"wp","href":"https:\/\/api.w.org\/{rel}","templated":true}]}}