{"id":6222,"date":"2018-09-21T14:15:13","date_gmt":"2018-09-21T20:15:13","guid":{"rendered":"http:\/\/datos.bcs.gob.mx\/?page_id=6222"},"modified":"2018-10-05T15:13:52","modified_gmt":"2018-10-05T21:13:52","slug":"padron-tramite-acreditacion-guias-turistas-2018-nom-09-tur-2002","status":"publish","type":"page","link":"https:\/\/datos.bcs.gob.mx\/?page_id=6222","title":{"rendered":"TR\u00c1MITE PARA ACREDITACI\u00d3N DE GU\u00cdAS DE TURISTAS NOM-09-TUR-2002"},"content":{"rendered":"<p><\/br><br \/>\nEs el tr\u00e1mite de expedici\u00f3n y    refrendo de una Credencial que acredita como Gu\u00eda de Turistas, bajo la Norma    Oficial Mexicana NOM-09-TUR-2002; como gu\u00edas especializados en actividades    espec\u00edficas en dos bloques: Aventura y Naturaleza. Los Diplomados de formaci\u00f3n    (primera vez) y los cursos de actualizaci\u00f3n (refrendo) son impartidos por    Entidades acreditadas ante el Instituto de Competitividad Tur\u00edstica de la    Secretaria de Turismo Federal.<br \/>\n<\/br><\/p>\n<div class=\"col-md-6\"><strong>Descargar<\/strong> <span class=\"glyphicon glyphicon-download-alt\"><\/span> <a class=\"btn btn-success btn-xs\" href=\"wp-content\/themes\/TemaSEPUIT\/assets\/images\/doc\/setue\/2017\/BCS_SETUES_CT002.xlsx\">xls<\/a> <a class=\"btn btn-primary btn-xs\" href=\"wp-content\/themes\/TemaSEPUIT\/assets\/images\/doc\/setue\/2017\/BCS_SETUES_CT002.csv\">csv<br \/>\n<\/a><\/div>\n<div style=\"padding-bottom:35px\" class=\"col-md-6\">Diccionario Descargar <span class=\"glyphicon glyphicon-download-alt\"><\/span>  <a class=\"btn btn-success btn-xs\" href=\"wp-content\/themes\/TemaSEPUIT\/assets\/images\/doc\/setue\/2017\/DICCIONARIO_PADR\u00d3N TR\u00c1MITE PARA ACREDITACI\u00d3N DE GU\u00cdAS TUR\u00cdSTICAS 2017 NOM-09.xlsx\">xls<\/a> <a class=\"btn btn-primary btn-xs\" href=\"wp-content\/themes\/TemaSEPUIT\/assets\/images\/doc\/setue\/2017\/DICCIONARIO_PADR\u00d3N TR\u00c1MITE PARA ACREDITACI\u00d3N DE GU\u00cdAS TUR\u00cdSTICAS 2017 NOM-09.csv\">csv<\/a><\/div>\n<p style=\"text-align: center;\"><span style=\"font-size: 16px;\"><strong>Metadato<\/strong><\/span><\/p>\n<table class=\"table table-striped\" width=\"960\" cellspacing=\"0\" cellpadding=\"0\">\n<tbody>\n<tr>\n<td bgcolor=\"#CCCCCC\"><strong>Campo<\/strong><\/td>\n<td bgcolor=\"#CCCCCC\"><strong>Valor<\/strong><\/td>\n<tr>\n<td width=\"399\">T\u00edtulo<\/td>\n<td width=\"751\">Tr\u00e1mite para Acreditaci\u00f3n de    Gu\u00edas de Turistas NOM-09-TUR-2002<\/td>\n<\/tr>\n<tr>\n<td width=\"399\">Descripci\u00f3n<\/td>\n<td width=\"751\">Es el tr\u00e1mite de expedici\u00f3n y    refrendo de una Credencial que acredita como Gu\u00eda de Turistas, bajo la Norma    Oficial Mexicana NOM-09-TUR-2002; como gu\u00edas especializados en actividades    espec\u00edficas en dos bloques: Aventura y Naturaleza. Los Diplomados de formaci\u00f3n    (primera vez) y los cursos de actualizaci\u00f3n (refrendo) son impartidos por    Entidades acreditadas ante el Instituto de Competitividad Tur\u00edstica de la    Secretaria de Turismo Federal.\u00a0\u00a0\u00a0\u00a0\u00a0<\/td>\n<\/tr>\n<tr>\n<td width=\"399\">Etiquetas<\/td>\n<td width=\"751\">Turismo, capacitaci\u00f3n, tr\u00e1mites,    credencial, gu\u00eda, NOM<\/td>\n<\/tr>\n<tr>\n<td width=\"399\">Publicado<\/td>\n<td width=\"751\">05\/07\/2018,\u00a0 11:03:00 HRS<\/td>\n<\/tr>\n<tr>\n<td width=\"399\">Frecuencia    de Actualizaci\u00f3n<\/td>\n<td width=\"751\">Anual<\/td>\n<\/tr>\n<tr>\n<td width=\"399\">\u00daltima    modificaci\u00f3n<\/td>\n<td width=\"751\">05\/07\/2018,\u00a0 11:03:00 HRS<\/td>\n<\/tr>\n<tr>\n<td width=\"399\">Tema<\/td>\n<td width=\"751\">Gu\u00eda de turistas<\/td>\n<\/tr>\n<tr>\n<td width=\"399\">Nombre    del Publicador<\/td>\n<td width=\"751\">Direcci\u00f3n de Capacitaci\u00f3n y    Cultura Tur\u00edstica<\/td>\n<\/tr>\n<tr>\n<td width=\"399\">Contacto<\/td>\n<td width=\"751\">Lic. Dalia Meza Rubio<\/td>\n<\/tr>\n<tr>\n<td width=\"399\">Correo    electr\u00f3nico\u00a0<\/td>\n<td width=\"751\"><a href=\"mailto:dmeza@setuesbcs.gob.mx\">dmeza@setuesbcs.gob.mx<\/a><\/td>\n<\/tr>\n<tr>\n<td width=\"399\">Identificador    \u00fanico del documento en el cat\u00e1logo de la entidad.\u00a0<\/td>\n<td width=\"751\">BCS-SETUES-CT002<\/td>\n<\/tr>\n<tr>\n<td width=\"399\">Nivel    de acceso.\u00a0<\/td>\n<td width=\"751\">P\u00fablico<\/td>\n<\/tr>\n<\/table>\n","protected":false},"excerpt":{"rendered":"<p>Es el tr\u00e1mite de expedici\u00f3n y refrendo de una Credencial que acredita como Gu\u00eda de Turistas, bajo la Norma Oficial Mexicana NOM-09-TUR-2002; como gu\u00edas especializados en actividades espec\u00edficas en dos bloques: Aventura y Naturaleza. Los Diplomados de formaci\u00f3n (primera vez) y los cursos de actualizaci\u00f3n (refrendo) son impartidos por Entidades acreditadas ante el Instituto de &hellip; <a href=\"https:\/\/datos.bcs.gob.mx\/?page_id=6222\">Continued<\/a><\/p>\n","protected":false},"author":1,"featured_media":0,"parent":0,"menu_order":0,"comment_status":"closed","ping_status":"closed","template":"templates\/barra.php","meta":{"_acf_changed":false,"footnotes":"","_links_to":"","_links_to_target":""},"class_list":["post-6222","page","type-page","status-publish","hentry","catalogo_de_datos-turismo"],"acf":[],"_links":{"self":[{"href":"https:\/\/datos.bcs.gob.mx\/index.php?rest_route=\/wp\/v2\/pages\/6222"}],"collection":[{"href":"https:\/\/datos.bcs.gob.mx\/index.php?rest_route=\/wp\/v2\/pages"}],"about":[{"href":"https:\/\/datos.bcs.gob.mx\/index.php?rest_route=\/wp\/v2\/types\/page"}],"author":[{"embeddable":true,"href":"https:\/\/datos.bcs.gob.mx\/index.php?rest_route=\/wp\/v2\/users\/1"}],"replies":[{"embeddable":true,"href":"https:\/\/datos.bcs.gob.mx\/index.php?rest_route=%2Fwp%2Fv2%2Fcomments&post=6222"}],"version-history":[{"count":10,"href":"https:\/\/datos.bcs.gob.mx\/index.php?rest_route=\/wp\/v2\/pages\/6222\/revisions"}],"predecessor-version":[{"id":6852,"href":"https:\/\/datos.bcs.gob.mx\/index.php?rest_route=\/wp\/v2\/pages\/6222\/revisions\/6852"}],"wp:attachment":[{"href":"https:\/\/datos.bcs.gob.mx\/index.php?rest_route=%2Fwp%2Fv2%2Fmedia&parent=6222"}],"curies":[{"name":"wp","href":"https:\/\/api.w.org\/{rel}","templated":true}]}}