{"id":6194,"date":"2018-09-21T10:47:33","date_gmt":"2018-09-21T16:47:33","guid":{"rendered":"http:\/\/datos.bcs.gob.mx\/?page_id=6194"},"modified":"2018-12-11T13:02:58","modified_gmt":"2018-12-11T19:02:58","slug":"padron-propiedades-registro-publico","status":"publish","type":"page","link":"https:\/\/datos.bcs.gob.mx\/?page_id=6194","title":{"rendered":"PROPIEDADES DE REGISTRO P\u00daBLICO DE LA PROPIEDAD Y DEL COMERCIO"},"content":{"rendered":"<p>Listado de las propiedades registradas electr\u00f3nicamente en el Sistema SISARE RPP en las oficinas de Registro P\u00fablico de la Propiedad y el Comercio del Estado de Baja California Sur<\/p>\n<div class=\"col-md-6\"><strong>Descargar<\/strong> <a class=\"btn btn-success btn-xs\" href=\"wp-content\/themes\/TemaSEPUIT\/assets\/images\/doc\/desarrollo\/reg_pub\/2018\/PADRON DE PROPIEDADES BCS-RPPYC-005.xlsx\">xls<\/a> <a class=\"btn btn-primary btn-xs\" href=\"wp-content\/themes\/TemaSEPUIT\/assets\/images\/doc\/desarrollo\/reg_pub\/2018\/PADRON DE PROPIEDADES BCS-RPPYC-005.xlsx\">csv<br \/>\n<\/a><\/div>\n<div class=\"col-md-6\" style=\"padding-bottom: 35px;\"><strong>Diccionario Descargar<\/strong> <a class=\"btn btn-success btn-xs\" href=\"wp-content\/themes\/TemaSEPUIT\/assets\/images\/doc\/desarrollo\/reg_pub\/2018\/DICCIONARIO DE DATOS PADRON DE PROPIEDADES BCS-RPPYC-005.xlsx\">xls<\/a> <a class=\"btn btn-primary btn-xs\" href=\"wp-content\/themes\/TemaSEPUIT\/assets\/images\/doc\/desarrollo\/reg_pub\/2018\/DICCIONARIO DE DATOS PADRON DE PROPIEDADES BCS-RPPYC-005.csv\">csv<\/a><\/div>\n<p style=\"text-align: center;\"><span style=\"font-size: 16px;\"><strong>Metadato<\/strong><\/span><\/p>\n<table class=\"table table-striped\" width=\"960\" cellspacing=\"0\" cellpadding=\"0\">\n<tbody>\n<tr>\n<td bgcolor=\"#CCCCCC\"><strong>Campo<\/strong><\/td>\n<td bgcolor=\"#CCCCCC\"><strong>Valor<\/strong><\/td>\n<\/tr>\n<tr>\n<td width=\"399\">Llave<\/td>\n<td width=\"751\">Descripci\u00f3n<\/td>\n<\/tr>\n<tr>\n<td width=\"399\">T\u00edtulo<\/td>\n<td width=\"751\">Padr\u00f3n de Propiedades del Registro P\u00fablico de la Propiedad y del Comercio<\/td>\n<\/tr>\n<tr>\n<td width=\"399\">Descripci\u00f3n<\/td>\n<td width=\"751\">Listado de las propiedades registradas electr\u00f3nicamente en el Sistema SISARE RPP en las oficinas de Registro P\u00fablico de la Propiedad y el Comercio del Estado de Baja California Sur<\/td>\n<\/tr>\n<tr>\n<td width=\"399\">Etiquetas<\/td>\n<td width=\"751\">\u201cregistro, p\u00fablico, compra venta, propiedad, hipoteca, lotificaci\u00f3n, cancelaci\u00f3n, r\u00e9gimen\u201d.<\/td>\n<\/tr>\n<tr>\n<td width=\"399\">Publicado<\/td>\n<td width=\"751\">13\/03\/2018,\u00a0 11:03:00 HRS<\/td>\n<\/tr>\n<tr>\n<td width=\"399\">Frecuencia de Actualizaci\u00f3n<\/td>\n<td width=\"751\">Bimestral<\/td>\n<\/tr>\n<tr>\n<td width=\"399\">\u00daltima modificaci\u00f3n<\/td>\n<td width=\"751\">13\/03\/2018,\u00a0 11:03:00 HRS<\/td>\n<\/tr>\n<tr>\n<td width=\"399\">Tema<\/td>\n<td width=\"751\">Servicios<\/td>\n<\/tr>\n<tr>\n<td width=\"399\">Nombre del Publicador<\/td>\n<td width=\"751\">Direcci\u00f3n General del Registro P\u00fablico de la Propiedad y el Comercio<\/td>\n<\/tr>\n<tr>\n<td width=\"399\">Contacto<\/td>\n<td width=\"751\">GUILLERMO MANUEL PORRAS GONZALEZ<\/td>\n<\/tr>\n<tr>\n<td width=\"399\">Correo electr\u00f3nico<\/td>\n<td width=\"751\"><a href=\"mailto:guillermo.porras@bcs.gob.mx\">guillermo.porras@bcs.gob.mx<\/a><\/td>\n<\/tr>\n<tr>\n<td width=\"399\">Identificador \u00fanico del documento en el cat\u00e1logo de la entidad.<\/td>\n<td width=\"751\">BCS-RPPYC-005<\/td>\n<\/tr>\n<tr>\n<td width=\"399\">Nivel de acceso.<\/td>\n<td width=\"751\">P\u00fablico<\/td>\n<\/tr>\n<\/tbody>\n<\/table>\n","protected":false},"excerpt":{"rendered":"<p>Listado de las propiedades registradas electr\u00f3nicamente en el Sistema SISARE RPP en las oficinas de Registro P\u00fablico de la Propiedad y el Comercio del Estado de Baja California Sur Descargar xls csv Diccionario Descargar xls csv Metadato Campo Valor Llave Descripci\u00f3n T\u00edtulo Padr\u00f3n de Propiedades del Registro P\u00fablico de la Propiedad y del Comercio Descripci\u00f3n &hellip; <a href=\"https:\/\/datos.bcs.gob.mx\/?page_id=6194\">Continued<\/a><\/p>\n","protected":false},"author":1,"featured_media":0,"parent":0,"menu_order":0,"comment_status":"closed","ping_status":"closed","template":"templates\/barra.php","meta":{"_acf_changed":false,"footnotes":"","_links_to":"","_links_to_target":""},"class_list":["post-6194","page","type-page","status-publish","hentry","catalogo_de_datos-registro-publico"],"acf":[],"_links":{"self":[{"href":"https:\/\/datos.bcs.gob.mx\/index.php?rest_route=\/wp\/v2\/pages\/6194"}],"collection":[{"href":"https:\/\/datos.bcs.gob.mx\/index.php?rest_route=\/wp\/v2\/pages"}],"about":[{"href":"https:\/\/datos.bcs.gob.mx\/index.php?rest_route=\/wp\/v2\/types\/page"}],"author":[{"embeddable":true,"href":"https:\/\/datos.bcs.gob.mx\/index.php?rest_route=\/wp\/v2\/users\/1"}],"replies":[{"embeddable":true,"href":"https:\/\/datos.bcs.gob.mx\/index.php?rest_route=%2Fwp%2Fv2%2Fcomments&post=6194"}],"version-history":[{"count":14,"href":"https:\/\/datos.bcs.gob.mx\/index.php?rest_route=\/wp\/v2\/pages\/6194\/revisions"}],"predecessor-version":[{"id":7538,"href":"https:\/\/datos.bcs.gob.mx\/index.php?rest_route=\/wp\/v2\/pages\/6194\/revisions\/7538"}],"wp:attachment":[{"href":"https:\/\/datos.bcs.gob.mx\/index.php?rest_route=%2Fwp%2Fv2%2Fmedia&parent=6194"}],"curies":[{"name":"wp","href":"https:\/\/api.w.org\/{rel}","templated":true}]}}