{"id":6183,"date":"2018-09-21T09:50:56","date_gmt":"2018-09-21T15:50:56","guid":{"rendered":"http:\/\/datos.bcs.gob.mx\/?page_id=6183"},"modified":"2019-01-24T16:24:18","modified_gmt":"2019-01-24T22:24:18","slug":"padron-conceptos-cobro","status":"publish","type":"page","link":"https:\/\/datos.bcs.gob.mx\/?page_id=6183","title":{"rendered":"CONCEPTOS DE COBRO DEL REGISTRO P\u00daBLICO DE LA PROPIEDAD Y DEL COMERCIO DEL ESTADO DE BAJA CALIFORNIA SUR"},"content":{"rendered":"<p><\/br><br \/>\nListado de los tr\u00e1mites y    servicios que se otorgan en las oficinas de Registro P\u00fablico de la Propiedad    y del Comercio del Estado de Baja California Sur<br \/>\n<\/br><\/p>\n<div class=\"col-md-6\"><strong>Descargar<\/strong> <span class=\"glyphicon glyphicon-download-alt\"><\/span> <a class=\"btn btn-success btn-xs\" href=\"wp-content\/themes\/TemaSEPUIT\/assets\/images\/doc\/desarrollo\/reg_pub\/2018\/PADRON DE CONCEPTOS DE COBRO BCS-RPPYC-002.xlsx\">xls<\/a> <a class=\"btn btn-primary btn-xs\" href=\"wp-content\/themes\/TemaSEPUIT\/assets\/images\/doc\/desarrollo\/reg_pub\/2018\/PADRON DE CONCEPTOS DE COBRO BCS-RPPYC-002.csv\">csv<br \/>\n<\/a><\/div>\n<div style=\"padding-bottom:35px\" class=\"col-md-6\"><strong>Diccionario Descargar<\/strong> <span class=\"glyphicon glyphicon-download-alt\"><\/span>  <a class=\"btn btn-success btn-xs\" href=\"wp-content\/themes\/TemaSEPUIT\/assets\/images\/doc\/desarrollo\/reg_pub\/2018\/DICCIONARIO DE DATOS PADRON DE CONCEPTOS DE COBRO BCS-RPPYC-002.xlsx\">xls<\/a> <a class=\"btn btn-primary btn-xs\" href=\"wp-content\/themes\/TemaSEPUIT\/assets\/images\/doc\/desarrollo\/reg_pub\/2018\/DICCIONARIO DE DATOS PADRON DE CONCEPTOS DE COBRO BCS-RPPYC-002.csv\">csv<\/a><\/div>\n<p style=\"text-align: center;\"><span style=\"font-size: 16px;\"><strong>Metadato<\/strong><\/span><\/p>\n<table class=\"table table-striped\" width=\"960\" cellspacing=\"0\" cellpadding=\"0\">\n<tbody>\n<tr>\n<td bgcolor=\"#CCCCCC\"><strong>Campo<\/strong><\/td>\n<td bgcolor=\"#CCCCCC\"><strong>Valor<\/strong><\/td>\n<\/tr>\n<tr>\n<td width=\"350\">T\u00edtulo<\/td>\n<td width=\"658\">Padr\u00f3n de Conceptos de Cobro    del Registro P\u00fablico de la Propiedad y del Comercio de Baja California Sur<\/td>\n<\/tr>\n<tr>\n<td width=\"350\">Descripci\u00f3n<\/td>\n<td width=\"658\">Listado de los tr\u00e1mites y    servicios que se otorgan en las oficinas de Registro P\u00fablico de la Propiedad    y el Comercio del Estado de Baja California Sur<\/td>\n<\/tr>\n<tr>\n<td width=\"350\">Etiquetas<\/td>\n<td width=\"658\">&quot;Homoclave, concepto,    descripci\u00f3n, fundamento legal&quot;<\/td>\n<\/tr>\n<tr>\n<td width=\"350\">Publicado<\/td>\n<td width=\"658\">13\/03\/2018,\u00a0 11:03:00 HRS<\/td>\n<\/tr>\n<tr>\n<td width=\"350\">Frecuencia    de Actualizaci\u00f3n<\/td>\n<td width=\"658\">Anual<\/td>\n<\/tr>\n<tr>\n<td width=\"350\">\u00daltima    modificaci\u00f3n<\/td>\n<td width=\"658\">13\/03\/2018,\u00a0 11:03:00 HRS<\/td>\n<\/tr>\n<tr>\n<td width=\"350\">Tema<\/td>\n<td width=\"658\">Servicios<\/td>\n<\/tr>\n<tr>\n<td width=\"350\">Nombre    del Publicador<\/td>\n<td width=\"658\">Direcci\u00f3n General del Registro    P\u00fablico de la Propiedad y el Comercio<\/td>\n<\/tr>\n<tr>\n<td width=\"350\">Contacto<\/td>\n<td width=\"658\">Guillermo Manuel Porras Gonz\u00e1lez<\/td>\n<\/tr>\n<tr>\n<td width=\"350\">Correo    electr\u00f3nico\u00a0<\/td>\n<td width=\"658\"><a href=\"mailto:guillermo.porras@bcs.gob.mx\">guillermo.porras@bcs.gob.mx<\/a><\/td>\n<\/tr>\n<tr>\n<td width=\"350\">Identificador    \u00fanico del documento en el cat\u00e1logo de la entidad.\u00a0<\/td>\n<td width=\"658\">BCS-RPPYC-002<\/td>\n<\/tr>\n<tr>\n<td width=\"350\">Nivel    de acceso.\u00a0<\/td>\n<td width=\"658\">P\u00fablico<\/td>\n<\/tr>\n<\/table>\n","protected":false},"excerpt":{"rendered":"<p>Listado de los tr\u00e1mites y servicios que se otorgan en las oficinas de Registro P\u00fablico de la Propiedad y del Comercio del Estado de Baja California Sur Descargar xls csv Diccionario Descargar xls csv Metadato Campo Valor T\u00edtulo Padr\u00f3n de Conceptos de Cobro del Registro P\u00fablico de la Propiedad y del Comercio de Baja California &hellip; <a href=\"https:\/\/datos.bcs.gob.mx\/?page_id=6183\">Continued<\/a><\/p>\n","protected":false},"author":1,"featured_media":0,"parent":0,"menu_order":0,"comment_status":"closed","ping_status":"closed","template":"templates\/barra.php","meta":{"_acf_changed":false,"footnotes":"","_links_to":"","_links_to_target":""},"class_list":["post-6183","page","type-page","status-publish","hentry","catalogo_de_datos-registro-publico"],"acf":[],"_links":{"self":[{"href":"https:\/\/datos.bcs.gob.mx\/index.php?rest_route=\/wp\/v2\/pages\/6183"}],"collection":[{"href":"https:\/\/datos.bcs.gob.mx\/index.php?rest_route=\/wp\/v2\/pages"}],"about":[{"href":"https:\/\/datos.bcs.gob.mx\/index.php?rest_route=\/wp\/v2\/types\/page"}],"author":[{"embeddable":true,"href":"https:\/\/datos.bcs.gob.mx\/index.php?rest_route=\/wp\/v2\/users\/1"}],"replies":[{"embeddable":true,"href":"https:\/\/datos.bcs.gob.mx\/index.php?rest_route=%2Fwp%2Fv2%2Fcomments&post=6183"}],"version-history":[{"count":15,"href":"https:\/\/datos.bcs.gob.mx\/index.php?rest_route=\/wp\/v2\/pages\/6183\/revisions"}],"predecessor-version":[{"id":7569,"href":"https:\/\/datos.bcs.gob.mx\/index.php?rest_route=\/wp\/v2\/pages\/6183\/revisions\/7569"}],"wp:attachment":[{"href":"https:\/\/datos.bcs.gob.mx\/index.php?rest_route=%2Fwp%2Fv2%2Fmedia&parent=6183"}],"curies":[{"name":"wp","href":"https:\/\/api.w.org\/{rel}","templated":true}]}}