{"id":6176,"date":"2018-09-21T09:30:37","date_gmt":"2018-09-21T15:30:37","guid":{"rendered":"http:\/\/datos.bcs.gob.mx\/?page_id=6176"},"modified":"2019-01-24T16:27:56","modified_gmt":"2019-01-24T22:27:56","slug":"padron-notarios-publicos-2018","status":"publish","type":"page","link":"https:\/\/datos.bcs.gob.mx\/?page_id=6176","title":{"rendered":"NOTARIOS P\u00daBLICOS DEL ESTADO DE BAJA CALIFORNIA SUR"},"content":{"rendered":"<p><\/br><br \/>\nListado de Notarios P\u00fablicos por localidad en el Estado de    Baja California Sur<br \/>\n<\/br><\/p>\n<div class=\"col-md-6\"><strong>Descargar<\/strong> <span class=\"glyphicon glyphicon-download-alt\"><\/span> <a class=\"btn btn-success btn-xs\" href=\"wp-content\/themes\/TemaSEPUIT\/assets\/images\/doc\/desarrollo\/reg_pub\/2018\/PADRON NOTARIOS BCS-RPPYC-003.xlsx\">xls<\/a> <a class=\"btn btn-primary btn-xs\" href=\"wp-content\/themes\/TemaSEPUIT\/assets\/images\/doc\/desarrollo\/reg_pub\/2018\/PADRON NOTARIOS BCS-RPPYC-003.csv\">csv<br \/>\n<\/a><\/div>\n<div style=\"padding-bottom:35px\" class=\"col-md-6\"><strong>Diccionario Descargar<\/strong> <span class=\"glyphicon glyphicon-download-alt\"><\/span>  <a class=\"btn btn-success btn-xs\" href=\"wp-content\/themes\/TemaSEPUIT\/assets\/images\/doc\/desarrollo\/reg_pub\/2018\/DICCIONARIO DE DATOS PADRON NOTARIOS BCS-RPPYC-003.xlsx\">xls<\/a> <a class=\"btn btn-primary btn-xs\" href=\"wp-content\/themes\/TemaSEPUIT\/assets\/images\/doc\/desarrollo\/reg_pub\/2018\/DICCIONARIO DE DATOS PADRON NOTARIOS BCS-RPPYC-003.csv\">csv<\/a><\/div>\n<p style=\"text-align: center;\"><span style=\"font-size: 16px;\"><strong>Metadato<\/strong><\/span><\/p>\n<table class=\"table table-striped\" width=\"960\" cellspacing=\"0\" cellpadding=\"0\">\n<tbody>\n<tr>\n<td bgcolor=\"#CCCCCC\"><strong>Campo<\/strong><\/td>\n<td bgcolor=\"#CCCCCC\"><strong>Valor<\/strong><\/td>\n<\/tr>\n<tr>\n<td width=\"346\">Llave\u00a0<\/td>\n<td width=\"820\">Descripci\u00f3n<\/td>\n<\/tr>\n<tr>\n<td>T\u00edtulo<\/td>\n<td>Padr\u00f3n de Notarios P\u00fablicos del Estado de Baja California Sur<\/td>\n<\/tr>\n<tr>\n<td>Descripci\u00f3n<\/td>\n<td>Listado de Notarios P\u00fablicos por localidad en el Estado de    Baja California Sur<\/td>\n<\/tr>\n<tr>\n<td>Etiquetas<\/td>\n<td>&quot;N\u00famero, nombre, domicilio, localidad, notario,    geolocalizaci\u00f3n&quot;<\/td>\n<\/tr>\n<tr>\n<td>Publicado<\/td>\n<td>13\/03\/2018,\u00a0 11:03:00    HRS<\/td>\n<\/tr>\n<tr>\n<td>Frecuencia de Actualizaci\u00f3n<\/td>\n<td>Anual<\/td>\n<\/tr>\n<tr>\n<td>\u00daltima modificaci\u00f3n<\/td>\n<td>13\/03\/2018,\u00a0 11:03:00    HRS<\/td>\n<\/tr>\n<tr>\n<td>Tema<\/td>\n<td>Geoespacial<\/td>\n<\/tr>\n<tr>\n<td>Nombre del Publicador<\/td>\n<td>Direcci\u00f3n General del Registro P\u00fablico de la Propiedad y el    Comercio<\/td>\n<\/tr>\n<tr>\n<td>Contacto<\/td>\n<td>Guillermo Manuel Porras Gonz\u00e1lez<\/td>\n<\/tr>\n<tr>\n<td>Correo electr\u00f3nico\u00a0<\/td>\n<td><a href=\"mailto:guillermo.porras@bcs.gob.mx\">guillermo.porras@bcs.gob.mx<\/a><\/td>\n<\/tr>\n<tr>\n<td width=\"346\">Identificador    \u00fanico del documento en el cat\u00e1logo de la entidad.\u00a0<\/td>\n<td>BCS-RPPYC-003<\/td>\n<\/tr>\n<tr>\n<td>Nivel de acceso.\u00a0<\/td>\n<td>P\u00fablico<\/td>\n<\/tr>\n<\/table>\n","protected":false},"excerpt":{"rendered":"<p>Listado de Notarios P\u00fablicos por localidad en el Estado de Baja California Sur Descargar xls csv Diccionario Descargar xls csv Metadato Campo Valor Llave\u00a0 Descripci\u00f3n T\u00edtulo Padr\u00f3n de Notarios P\u00fablicos del Estado de Baja California Sur Descripci\u00f3n Listado de Notarios P\u00fablicos por localidad en el Estado de Baja California Sur Etiquetas &quot;N\u00famero, nombre, domicilio, localidad, &hellip; <a href=\"https:\/\/datos.bcs.gob.mx\/?page_id=6176\">Continued<\/a><\/p>\n","protected":false},"author":1,"featured_media":0,"parent":0,"menu_order":0,"comment_status":"closed","ping_status":"closed","template":"templates\/barra.php","meta":{"_acf_changed":false,"footnotes":"","_links_to":"","_links_to_target":""},"class_list":["post-6176","page","type-page","status-publish","hentry","catalogo_de_datos-registro-publico"],"acf":[],"_links":{"self":[{"href":"https:\/\/datos.bcs.gob.mx\/index.php?rest_route=\/wp\/v2\/pages\/6176"}],"collection":[{"href":"https:\/\/datos.bcs.gob.mx\/index.php?rest_route=\/wp\/v2\/pages"}],"about":[{"href":"https:\/\/datos.bcs.gob.mx\/index.php?rest_route=\/wp\/v2\/types\/page"}],"author":[{"embeddable":true,"href":"https:\/\/datos.bcs.gob.mx\/index.php?rest_route=\/wp\/v2\/users\/1"}],"replies":[{"embeddable":true,"href":"https:\/\/datos.bcs.gob.mx\/index.php?rest_route=%2Fwp%2Fv2%2Fcomments&post=6176"}],"version-history":[{"count":10,"href":"https:\/\/datos.bcs.gob.mx\/index.php?rest_route=\/wp\/v2\/pages\/6176\/revisions"}],"predecessor-version":[{"id":7571,"href":"https:\/\/datos.bcs.gob.mx\/index.php?rest_route=\/wp\/v2\/pages\/6176\/revisions\/7571"}],"wp:attachment":[{"href":"https:\/\/datos.bcs.gob.mx\/index.php?rest_route=%2Fwp%2Fv2%2Fmedia&parent=6176"}],"curies":[{"name":"wp","href":"https:\/\/api.w.org\/{rel}","templated":true}]}}