{"id":6159,"date":"2018-09-20T15:53:58","date_gmt":"2018-09-20T21:53:58","guid":{"rendered":"http:\/\/datos.bcs.gob.mx\/?page_id=6159"},"modified":"2018-10-08T13:30:17","modified_gmt":"2018-10-08T19:30:17","slug":"padron-contratistas-2018","status":"publish","type":"page","link":"https:\/\/datos.bcs.gob.mx\/?page_id=6159","title":{"rendered":"CONTRATISTAS"},"content":{"rendered":"<p><\/br><br \/>\nListado de los Contratistas que realizan obra p\u00fablica.<br \/>\n<\/br><\/p>\n<div class=\"col-md-6\"><strong>Descargar<\/strong> <span class=\"glyphicon glyphicon-download-alt\"><\/span> <a class=\"btn btn-success btn-xs\" href=\"\/wp-content\/themes\/TemaSEPUIT\/assets\/images\/doc\/infraestructura\/sepuim\/2018\/CONTRATISTAS.xlsx\">xls<\/a> <a class=\"btn btn-primary btn-xs\" href=\"wp-content\/themes\/TemaSEPUIT\/assets\/images\/doc\/infraestructura\/sepuim\/2018\/CONTRATISTAS.csv\">csv<br \/>\n<\/a><\/div>\n<div style=\"padding-bottom:35px\" class=\"col-md-6\"><strong>Diccionario Descargar<\/strong> <span class=\"glyphicon glyphicon-download-alt\"><\/span>  <a class=\"btn btn-success btn-xs\" href=\"wp-content\/themes\/TemaSEPUIT\/assets\/images\/doc\/infraestructura\/sepuim\/2018\/\/DICCIONARIO  CONTRATISTAS.xlsx\">xls<\/a> <a class=\"btn btn-primary btn-xs\" href=\"wp-content\/themes\/TemaSEPUIT\/assets\/images\/doc\/infraestructura\/sepuim\/2018\/DICCIONARIO  CONTRATISTAS.csv\">csv<\/a><\/div>\n<p style=\"text-align: center;\"><span style=\"font-size: 16px;\"><strong>Metadato<\/strong><\/span><\/p>\n<table class=\"table table-striped\" width=\"960\" cellspacing=\"0\" cellpadding=\"0\">\n<tbody>\n<tr>\n<td bgcolor=\"#CCCCCC\"><strong>Campo<\/strong><\/td>\n<td bgcolor=\"#CCCCCC\"><strong>Valor<\/strong><\/td>\n<\/tr>\n<tr>\n<td width=\"430\">T\u00edtulo<\/td>\n<td width=\"471\">Contratistas\u00a0<\/td>\n<\/tr>\n<tr>\n<td>Descripci\u00f3n<\/td>\n<td>Listado de los Contratistas que realizan obra p\u00fablica.<\/td>\n<\/tr>\n<tr>\n<td>Etiquetas<\/td>\n<td>&quot;Obra P\u00fablica&quot;<\/td>\n<\/tr>\n<tr>\n<td>Publicado<\/td>\n<td>24\/05\/2018,\u00a0 14:23:00 HRS<\/td>\n<\/tr>\n<tr>\n<td>Frecuencia de Actualizaci\u00f3n<\/td>\n<td>Anual<\/td>\n<\/tr>\n<tr>\n<td>\u00daltima modificaci\u00f3n<\/td>\n<td>24\/05\/2018,\u00a0 14:23:00 HRS<\/td>\n<\/tr>\n<tr>\n<td>Tema<\/td>\n<td>Obra P\u00fablica<\/td>\n<\/tr>\n<tr>\n<td>Nombre del Publicador<\/td>\n<td>Direccion de Precios Unitarios y Concursos de Obras\u00a0<\/td>\n<\/tr>\n<tr>\n<td>Contacto<\/td>\n<td>Ing. Alberto Osuna Villavicencio\u00a0<\/td>\n<\/tr>\n<tr>\n<td>Correo electr\u00f3nico\u00a0<\/td>\n<td>alberto.osuna@bcs.gob.mx<\/td>\n<\/tr>\n<tr>\n<td>Identificador \u00fanico del documento en el    cat\u00e1logo de la entidad.\u00a0<\/td>\n<td>SEPUIM-CONTRA-001<\/td>\n<\/tr>\n<tr>\n<td>Nivel de acceso.\u00a0<\/td>\n<td>P\u00fablico<\/td>\n<\/tr>\n<\/table>\n","protected":false},"excerpt":{"rendered":"<p>Listado de los Contratistas que realizan obra p\u00fablica. Descargar xls csv Diccionario Descargar xls csv Metadato Campo Valor T\u00edtulo Contratistas\u00a0 Descripci\u00f3n Listado de los Contratistas que realizan obra p\u00fablica. Etiquetas &quot;Obra P\u00fablica&quot; Publicado 24\/05\/2018,\u00a0 14:23:00 HRS Frecuencia de Actualizaci\u00f3n Anual \u00daltima modificaci\u00f3n 24\/05\/2018,\u00a0 14:23:00 HRS Tema Obra P\u00fablica Nombre del Publicador Direccion de Precios Unitarios &hellip; <a href=\"https:\/\/datos.bcs.gob.mx\/?page_id=6159\">Continued<\/a><\/p>\n","protected":false},"author":1,"featured_media":0,"parent":0,"menu_order":0,"comment_status":"closed","ping_status":"closed","template":"templates\/barra.php","meta":{"_acf_changed":false,"footnotes":"","_links_to":"","_links_to_target":""},"class_list":["post-6159","page","type-page","status-publish","hentry","catalogo_de_datos-sepuim"],"acf":[],"_links":{"self":[{"href":"https:\/\/datos.bcs.gob.mx\/index.php?rest_route=\/wp\/v2\/pages\/6159"}],"collection":[{"href":"https:\/\/datos.bcs.gob.mx\/index.php?rest_route=\/wp\/v2\/pages"}],"about":[{"href":"https:\/\/datos.bcs.gob.mx\/index.php?rest_route=\/wp\/v2\/types\/page"}],"author":[{"embeddable":true,"href":"https:\/\/datos.bcs.gob.mx\/index.php?rest_route=\/wp\/v2\/users\/1"}],"replies":[{"embeddable":true,"href":"https:\/\/datos.bcs.gob.mx\/index.php?rest_route=%2Fwp%2Fv2%2Fcomments&post=6159"}],"version-history":[{"count":11,"href":"https:\/\/datos.bcs.gob.mx\/index.php?rest_route=\/wp\/v2\/pages\/6159\/revisions"}],"predecessor-version":[{"id":7074,"href":"https:\/\/datos.bcs.gob.mx\/index.php?rest_route=\/wp\/v2\/pages\/6159\/revisions\/7074"}],"wp:attachment":[{"href":"https:\/\/datos.bcs.gob.mx\/index.php?rest_route=%2Fwp%2Fv2%2Fmedia&parent=6159"}],"curies":[{"name":"wp","href":"https:\/\/api.w.org\/{rel}","templated":true}]}}