{"id":6123,"date":"2018-09-19T12:23:39","date_gmt":"2018-09-19T18:23:39","guid":{"rendered":"http:\/\/datos.bcs.gob.mx\/?page_id=6123"},"modified":"2018-11-13T13:11:50","modified_gmt":"2018-11-13T19:11:50","slug":"padron-agenda-culturar-2018","status":"publish","type":"page","link":"https:\/\/datos.bcs.gob.mx\/?page_id=6123","title":{"rendered":"agenda cultural 2018"},"content":{"rendered":"<p><\/br><br \/>\nAgenda de eventos culturales en los 5 municipios del estado durante el a\u00f1o 2018.<br \/>\n<\/br><\/p>\n<div class=\"col-md-6\"><strong>Descargar<\/strong> <span class=\"glyphicon glyphicon-download-alt\"><\/span> <a class=\"btn btn-success btn-xs\" href=\"wp-content\/themes\/TemaSEPUIT\/assets\/images\/doc\/cultura\/2018\/PADRON AGENDA CULTURAL 2018.xlsx\">xls<\/a> <a class=\"btn btn-primary btn-xs\" href=\"wp-content\/themes\/TemaSEPUIT\/assets\/images\/doc\/cultura\/2018\/PADRON AGENDA CULTURAL 2018.csv\">csv<br \/>\n<\/a><\/div>\n<div style=\"padding-bottom:35px\" class=\"col-md-6\"><strong>Diccionario Descargar<\/strong> <span class=\"glyphicon glyphicon-download-alt\"><\/span>  <a class=\"btn btn-success btn-xs\" href=\"wp-content\/themes\/TemaSEPUIT\/assets\/images\/doc\/cultura\/2018\/DICCIONARIO PADRON AGENDA CULTURAL 2018.xlsx\">xls<\/a> <a class=\"btn btn-primary btn-xs\" href=\"wp-content\/themes\/TemaSEPUIT\/assets\/images\/doc\/cultura\/2018\/DICCIONARIO PADRON AGENDA CULTURAL 2018.csv\">csv<\/a><\/div>\n<p style=\"text-align: center;\"><span style=\"font-size: 16px;\"><strong>Metadato<\/strong><\/span><\/p>\n<table class=\"table table-striped\" width=\"960\" cellspacing=\"0\" cellpadding=\"0\">\n<tbody>\n<tr>\n<td bgcolor=\"#CCCCCC\"><strong>Campo<\/strong><\/td>\n<td bgcolor=\"#CCCCCC\"><strong>Valor<\/strong><\/td>\n<tr>\n<td width=\"465\">T\u00edtulo<\/td>\n<td width=\"556\">Agenda Cultural 2018.<\/td>\n<\/tr>\n<tr>\n<td>Descripci\u00f3n<\/td>\n<td>Agenda de eventos culturales en los 5 municipios del estado durante el    a\u00f1o 2018.<\/td>\n<\/tr>\n<tr>\n<td>Etiquetas<\/td>\n<td>Agenda Cultural, 2018, Obras, Exposiciones, M\u00fasica, Danza,    Festival, Talleres.<\/td>\n<\/tr>\n<tr>\n<td>Publicado<\/td>\n<td>29 de Junio 2018<\/td>\n<\/tr>\n<tr>\n<td>Frecuencia de Actualizaci\u00f3n<\/td>\n<td>Mensual<\/td>\n<\/tr>\n<tr>\n<td>\u00daltima modificaci\u00f3n<\/td>\n<td>29 de Junio 2018<\/td>\n<\/tr>\n<tr>\n<td>Tema<\/td>\n<td>Cultura<\/td>\n<\/tr>\n<tr>\n<td>Nombre del Publicador<\/td>\n<td>Coordinaci\u00f3n de Difusi\u00f3n<\/td>\n<\/tr>\n<tr>\n<td>Contacto<\/td>\n<td>Santa Rosa Avil\u00e9s Castro<\/td>\n<\/tr>\n<tr>\n<td>Correo electr\u00f3nico\u00a0<\/td>\n<td>difusionculturabcs@gmail.com<\/td>\n<\/tr>\n<tr>\n<td>Identificador \u00fanico del documento en el    cat\u00e1logo de la entidad.\u00a0<\/td>\n<td>BCS-ISC\/AC 001<\/td>\n<\/tr>\n<tr>\n<td>Nivel de acceso.\u00a0<\/td>\n<td>P\u00fablico<\/td>\n<\/tr>\n<\/table>\n","protected":false},"excerpt":{"rendered":"<p>Agenda de eventos culturales en los 5 municipios del estado durante el a\u00f1o 2018. Descargar xls csv Diccionario Descargar xls csv Metadato Campo Valor T\u00edtulo Agenda Cultural 2018. Descripci\u00f3n Agenda de eventos culturales en los 5 municipios del estado durante el a\u00f1o 2018. Etiquetas Agenda Cultural, 2018, Obras, Exposiciones, M\u00fasica, Danza, Festival, Talleres. Publicado 29 &hellip; <a href=\"https:\/\/datos.bcs.gob.mx\/?page_id=6123\">Continued<\/a><\/p>\n","protected":false},"author":1,"featured_media":0,"parent":0,"menu_order":0,"comment_status":"closed","ping_status":"closed","template":"templates\/barra.php","meta":{"_acf_changed":false,"footnotes":"","_links_to":"","_links_to_target":""},"class_list":["post-6123","page","type-page","status-publish","hentry","catalogo_de_datos-cultura"],"acf":[],"_links":{"self":[{"href":"https:\/\/datos.bcs.gob.mx\/index.php?rest_route=\/wp\/v2\/pages\/6123"}],"collection":[{"href":"https:\/\/datos.bcs.gob.mx\/index.php?rest_route=\/wp\/v2\/pages"}],"about":[{"href":"https:\/\/datos.bcs.gob.mx\/index.php?rest_route=\/wp\/v2\/types\/page"}],"author":[{"embeddable":true,"href":"https:\/\/datos.bcs.gob.mx\/index.php?rest_route=\/wp\/v2\/users\/1"}],"replies":[{"embeddable":true,"href":"https:\/\/datos.bcs.gob.mx\/index.php?rest_route=%2Fwp%2Fv2%2Fcomments&post=6123"}],"version-history":[{"count":6,"href":"https:\/\/datos.bcs.gob.mx\/index.php?rest_route=\/wp\/v2\/pages\/6123\/revisions"}],"predecessor-version":[{"id":7415,"href":"https:\/\/datos.bcs.gob.mx\/index.php?rest_route=\/wp\/v2\/pages\/6123\/revisions\/7415"}],"wp:attachment":[{"href":"https:\/\/datos.bcs.gob.mx\/index.php?rest_route=%2Fwp%2Fv2%2Fmedia&parent=6123"}],"curies":[{"name":"wp","href":"https:\/\/api.w.org\/{rel}","templated":true}]}}