{"id":6035,"date":"2018-09-19T09:14:30","date_gmt":"2018-09-19T15:14:30","guid":{"rendered":"http:\/\/datos.bcs.gob.mx\/?page_id=6035"},"modified":"2019-08-28T10:55:42","modified_gmt":"2019-08-28T16:55:42","slug":"padron-planteles-educacion-basica-cuentan-acuerdo-incorporacion-2018","status":"publish","type":"page","link":"https:\/\/datos.bcs.gob.mx\/?page_id=6035","title":{"rendered":"PLANTELES EDUCATIVOS PARTICULARES QUE CUENTAN CON ACUERDO DE INCORPORACI\u00d3N DE EDUCACI\u00d3N B\u00c1SICA"},"content":{"rendered":"<p>Padr\u00f3n de planteles educativos particulares de Educaci\u00f3n B\u00e1sica (preescolar, primaria y secundaria) en el Estado de Baja California Sur que cuentan con Acuerdo de Incorporaci\u00f3n de Educaci\u00f3n B\u00e1sica.<br \/>\n<ul class=\"nav nav-tabs\" id=\"\"><li class=\"active\"><a href=\"#custom-tab-0-ea6b2efbdd4255a9f1b3bbc6399b58f4\" data-toggle=\"tab\" >2019<\/a><\/li><li><a href=\"#custom-tab-0-84ddfb34126fc3a48ee38d7044e87276\" data-toggle=\"tab\" >2018<\/a><\/li><\/ul><div class=\"tab-content\">\n<div id=\"custom-tab-0-ea6b2efbdd4255a9f1b3bbc6399b58f4\" class=\"tab-pane active\">\n<div class=\"alert alert-info text-center\"><strong style=\"font-size: 20px;\">2019<\/strong><\/div>\n<div class=\"col-md-6\"><strong>Descargar<\/strong> <a class=\"btn btn-success btn-xs\" href=\"wp-content\/themes\/TemaSEPUIT\/assets\/images\/doc\/sep\/2019\/PADRON DE ESC.PARTICULARES DE ED. B\u00c1SICA QUE CUENTAN CON ACUERDO DE INCORPORACI\u00d3N.xlsx\">xls<\/a> <a class=\"btn btn-primary btn-xs\" href=\"wp-content\/themes\/TemaSEPUIT\/assets\/images\/doc\/sep\/2019\/PADRON DE ESC.PARTICULARES DE ED. B\u00c1SICA QUE CUENTAN CON ACUERDO DE INCORPORACI\u00d3N.csv\">csv<br \/>\n<\/a><\/div>\n<div class=\"col-md-6\" style=\"padding-bottom: 35px;\">Diccionario Descargar <a class=\"btn btn-success btn-xs\" href=\"wp-content\/themes\/TemaSEPUIT\/assets\/images\/doc\/sep\/2018\/DICCIONARIO PADRON PLANTELES DE EDUCACI\u00d3N B\u00c1SICA QUE CUENTAN CON ACUERDO DE INCORPORACI\u00d3N.xlsx\">xls<\/a> <a class=\"btn btn-primary btn-xs\" href=\"wp-content\/themes\/TemaSEPUIT\/assets\/images\/doc\/sep\/2018\/DICCIONARIO PADRON PLANTELES DE EDUCACI\u00d3N B\u00c1SICA QUE CUENTAN CON ACUERDO DE INCORPORACI\u00d3N.csv\">csv<\/a><\/div>\n<p style=\"text-align: center;\"><span style=\"font-size: 16px;\"><strong>Metadato<\/strong><\/span><\/p>\n<table class=\"table table-striped\" width=\"960\" cellspacing=\"0\" cellpadding=\"0\">\n<tbody>\n<tr>\n<td bgcolor=\"#CCCCCC\"><strong>Campo<\/strong><\/td>\n<td bgcolor=\"#CCCCCC\"><strong>Valor<\/strong><\/td>\n<\/tr>\n<tr>\n<td width=\"268\">T\u00edtulo<\/td>\n<td width=\"566\">Padr\u00f3n de Planteles Educativos Particulares que cuentan con Acuerdo de Incorporaci\u00f3n de Educaci\u00f3n B\u00e1sica .<\/td>\n<\/tr>\n<tr>\n<td width=\"268\">Descripci\u00f3n<\/td>\n<td width=\"566\">Padr\u00f3n de planteles educativos particulares de Educaci\u00f3n B\u00e1sica (preescolar, primaria y secundaria) en el Estado de Baja California Sur que cuentan con Acuerdo de Incorporaci\u00f3n de Educaci\u00f3n B\u00e1sica.<\/td>\n<\/tr>\n<tr>\n<td width=\"268\">Etiquetas<\/td>\n<td width=\"566\">\u201ccentro, nivel educativo, n\u00fam. de acuerdo y representante legal\u201d.<\/td>\n<\/tr>\n<tr>\n<td width=\"268\">Publicado<\/td>\n<td width=\"566\">29\/03\/2019,  12:00:00 HRS<\/td>\n<\/tr>\n<tr>\n<td width=\"268\">Frecuencia de Actualizaci\u00f3n<\/td>\n<td width=\"566\">Ciclo escolar.<\/td>\n<\/tr>\n<tr>\n<td width=\"268\">\u00daltima modificaci\u00f3n<\/td>\n<td width=\"566\">12\/02\/2019,  15:00:00 HRS<\/td>\n<\/tr>\n<tr>\n<td width=\"268\">Tema<\/td>\n<td width=\"566\">Educaci\u00f3n.<\/td>\n<\/tr>\n<tr>\n<td width=\"268\">Nombre del Publicador<\/td>\n<td width=\"566\">Coordinaci\u00f3n de Validez Oficial de Escuelas Part\u00edculares de Educaci\u00f3n B\u00e1sica.<\/td>\n<\/tr>\n<tr>\n<td width=\"268\">Contacto<\/td>\n<td width=\"566\">Eduardo Garc\u00eda M\u00e1rquez.<\/td>\n<\/tr>\n<tr>\n<td width=\"268\">Correo electr\u00f3nico<\/td>\n<td width=\"566\"><a href=\"mailto:coep@sepbcs.gob.mx\">coep@sepbcs.gob.mx<\/a><\/td>\n<\/tr>\n<tr>\n<td width=\"268\">Identificador \u00fanico del documento en el cat\u00e1logo de la entidad.<\/td>\n<td width=\"566\">BCS-SEP-VO-265<\/td>\n<\/tr>\n<tr>\n<td width=\"268\">Nivel de acceso.<\/td>\n<td width=\"566\">P\u00fablico<\/td>\n<\/tr>\n<\/tbody>\n<\/table>\n<\/div>\n<div id=\"custom-tab-0-84ddfb34126fc3a48ee38d7044e87276\" class=\"tab-pane\">\n<div class=\"alert alert-info text-center\"><strong style=\"font-size: 20px;\">2018<\/strong><\/div>\n<div class=\"col-md-6\"><strong>Descargar<\/strong> <a class=\"btn btn-success btn-xs\" href=\"wp-content\/themes\/TemaSEPUIT\/assets\/images\/doc\/sep\/2018\/PADRON PLANTELES DE EDUCACI\u00d3N B\u00c1SICA QUE CUENTAN CON ACUERDO DE INCORPORACI\u00d3N.xlsx\">xls<\/a> <a class=\"btn btn-primary btn-xs\" href=\"wp-content\/themes\/TemaSEPUIT\/assets\/images\/doc\/sep\/2018\/PADRON PLANTELES DE EDUCACI\u00d3N B\u00c1SICA QUE CUENTAN CON ACUERDO DE INCORPORACI\u00d3N.csv\">csv<br \/>\n<\/a><\/div>\n<div class=\"col-md-6\" style=\"padding-bottom: 35px;\">Diccionario Descargar <a class=\"btn btn-success btn-xs\" href=\"wp-content\/themes\/TemaSEPUIT\/assets\/images\/doc\/sep\/2018\/DICCIONARIO PADRON PLANTELES DE EDUCACI\u00d3N B\u00c1SICA QUE CUENTAN CON ACUERDO DE INCORPORACI\u00d3N.xlsx\">xls<\/a> <a class=\"btn btn-primary btn-xs\" href=\"wp-content\/themes\/TemaSEPUIT\/assets\/images\/doc\/sep\/2018\/DICCIONARIO PADRON PLANTELES DE EDUCACI\u00d3N B\u00c1SICA QUE CUENTAN CON ACUERDO DE INCORPORACI\u00d3N.csv\">csv<\/a><\/div>\n<p style=\"text-align: center;\"><span style=\"font-size: 16px;\"><strong>Metadato<\/strong><\/span><\/p>\n<table class=\"table table-striped\" width=\"960\" cellspacing=\"0\" cellpadding=\"0\">\n<tbody>\n<tr>\n<td bgcolor=\"#CCCCCC\"><strong>Campo<\/strong><\/td>\n<td bgcolor=\"#CCCCCC\"><strong>Valor<\/strong><\/td>\n<\/tr>\n<tr>\n<td width=\"268\">T\u00edtulo<\/td>\n<td width=\"566\">Padr\u00f3n de Planteles Educativos Particulares que cuentan con Acuerdo de Incorporaci\u00f3n de Educaci\u00f3n B\u00e1sica .<\/td>\n<\/tr>\n<tr>\n<td width=\"268\">Descripci\u00f3n<\/td>\n<td width=\"566\">Padr\u00f3n de planteles educativos particulares de Educaci\u00f3n B\u00e1sica (preescolar, primaria y secundaria) en el Estado de Baja California Sur que cuentan con Acuerdo de Incorporaci\u00f3n de Educaci\u00f3n B\u00e1sica.<\/td>\n<\/tr>\n<tr>\n<td width=\"268\">Etiquetas<\/td>\n<td width=\"566\">\u201ccentro, nivel educativo, n\u00fam. de acuerdo y representante legal\u201d.<\/td>\n<\/tr>\n<tr>\n<td width=\"268\">Publicado<\/td>\n<td width=\"566\">29\/03\/2018,\u00a0 12:00:00 HRS<\/td>\n<\/tr>\n<tr>\n<td width=\"268\">Frecuencia de Actualizaci\u00f3n<\/td>\n<td width=\"566\">Ciclo escolar.<\/td>\n<\/tr>\n<tr>\n<td width=\"268\">\u00daltima modificaci\u00f3n<\/td>\n<td width=\"566\">12\/02\/2019,\u00a0 15:00:00 HRS<\/td>\n<\/tr>\n<tr>\n<td width=\"268\">Tema<\/td>\n<td width=\"566\">Educaci\u00f3n.<\/td>\n<\/tr>\n<tr>\n<td width=\"268\">Nombre del Publicador<\/td>\n<td width=\"566\">Coordinaci\u00f3n de Validez Oficial de Escuelas Part\u00edculares de Educaci\u00f3n B\u00e1sica.<\/td>\n<\/tr>\n<tr>\n<td width=\"268\">Contacto<\/td>\n<td width=\"566\">Eduardo Garc\u00eda M\u00e1rquez.<\/td>\n<\/tr>\n<tr>\n<td width=\"268\">Correo electr\u00f3nico<\/td>\n<td width=\"566\"><a href=\"mailto:coep@sepbcs.gob.mx\">coep@sepbcs.gob.mx<\/a><\/td>\n<\/tr>\n<tr>\n<td width=\"268\">Identificador \u00fanico del documento en el cat\u00e1logo de la entidad.<\/td>\n<td width=\"566\">BCS-SEP-VO-265<\/td>\n<\/tr>\n<tr>\n<td width=\"268\">Nivel de acceso.<\/td>\n<td width=\"566\">P\u00fablico<\/td>\n<\/tr>\n<\/tbody>\n<\/table>\n<\/div>\n<\/div>\n","protected":false},"excerpt":{"rendered":"<p>Padr\u00f3n de planteles educativos particulares de Educaci\u00f3n B\u00e1sica (preescolar, primaria y secundaria) en el Estado de Baja California Sur que cuentan con Acuerdo de Incorporaci\u00f3n de Educaci\u00f3n B\u00e1sica.<\/p>\n","protected":false},"author":1,"featured_media":0,"parent":0,"menu_order":0,"comment_status":"closed","ping_status":"closed","template":"templates\/barra.php","meta":{"_acf_changed":false,"footnotes":"","_links_to":"","_links_to_target":""},"class_list":["post-6035","page","type-page","status-publish","hentry","catalogo_de_datos-educacion"],"acf":[],"_links":{"self":[{"href":"https:\/\/datos.bcs.gob.mx\/index.php?rest_route=\/wp\/v2\/pages\/6035"}],"collection":[{"href":"https:\/\/datos.bcs.gob.mx\/index.php?rest_route=\/wp\/v2\/pages"}],"about":[{"href":"https:\/\/datos.bcs.gob.mx\/index.php?rest_route=\/wp\/v2\/types\/page"}],"author":[{"embeddable":true,"href":"https:\/\/datos.bcs.gob.mx\/index.php?rest_route=\/wp\/v2\/users\/1"}],"replies":[{"embeddable":true,"href":"https:\/\/datos.bcs.gob.mx\/index.php?rest_route=%2Fwp%2Fv2%2Fcomments&post=6035"}],"version-history":[{"count":16,"href":"https:\/\/datos.bcs.gob.mx\/index.php?rest_route=\/wp\/v2\/pages\/6035\/revisions"}],"predecessor-version":[{"id":7764,"href":"https:\/\/datos.bcs.gob.mx\/index.php?rest_route=\/wp\/v2\/pages\/6035\/revisions\/7764"}],"wp:attachment":[{"href":"https:\/\/datos.bcs.gob.mx\/index.php?rest_route=%2Fwp%2Fv2%2Fmedia&parent=6035"}],"curies":[{"name":"wp","href":"https:\/\/api.w.org\/{rel}","templated":true}]}}