{"id":5973,"date":"2018-09-18T11:27:28","date_gmt":"2018-09-18T17:27:28","guid":{"rendered":"http:\/\/datos.bcs.gob.mx\/?page_id=5973"},"modified":"2019-04-04T12:31:15","modified_gmt":"2019-04-04T18:31:15","slug":"padron-supervisores-misiones-culturales","status":"publish","type":"page","link":"https:\/\/datos.bcs.gob.mx\/?page_id=5973","title":{"rendered":"supervisores de misiones culturales"},"content":{"rendered":"<p><\/br><br \/>\nPadr\u00f3n de supervisores escolares de Misiones Culturales\u00a0 y Salas de Lectura instaladas en    localidades del Estado de Baja California Sur.<br \/>\n<\/br><\/p>\n<div class=\"col-md-6\"><strong>Descargar<\/strong> <span class=\"glyphicon glyphicon-download-alt\"><\/span> <a class=\"btn btn-success btn-xs\" href=\"wp-content\/themes\/TemaSEPUIT\/assets\/images\/doc\/sep\/2018\/PADRON SUPERVISORES MISIONES CULTURALES.xlsx\">xls<\/a> <a class=\"btn btn-primary btn-xs\" href=\"wp-content\/themes\/TemaSEPUIT\/assets\/images\/doc\/sep\/2018\/PADRON SUPERVISORES MISIONES CULTURALES.csv\">csv<br \/>\n<\/a><\/div>\n<div style=\"padding-bottom:35px\" class=\"col-md-6\">Diccionario Descargar <span class=\"glyphicon glyphicon-download-alt\"><\/span>  <a class=\"btn btn-success btn-xs\" href=\"wp-content\/themes\/TemaSEPUIT\/assets\/images\/doc\/sep\/2018\/DICCIONARIO_PADRON SUPERVISORES MISIONES CULTURALES1.xlsx\">xls<\/a> <a class=\"btn btn-primary btn-xs\" href=\"wp-content\/themes\/TemaSEPUIT\/assets\/images\/doc\/sep\/2018\/DICCIONARIO_PADRON SUPERVISORES MISIONES CULTURALES1.csv\">csv<\/a><\/div>\n<p style=\"text-align: center;\"><span style=\"font-size: 16px;\"><strong>Metadato<\/strong><\/span><\/p>\n<table class=\"table table-striped\" width=\"960\" cellspacing=\"0\" cellpadding=\"0\">\n<tbody>\n<tr>\n<td bgcolor=\"#CCCCCC\"><strong>Campo<\/strong><\/td>\n<td bgcolor=\"#CCCCCC\"><strong>Valor<\/strong><\/td>\n<tr>\n<td width=\"365\">T\u00edtulo<\/td>\n<td width=\"589\">Padr\u00f3n    de supervisores de Misiones Culturales.<\/td>\n<\/tr>\n<tr>\n<td width=\"365\">Descripci\u00f3n<\/td>\n<td width=\"589\">Padr\u00f3n    de supervisores escolares de Misiones Culturales\u00a0 y Salas de Lectura instaladas en    localidades del Estado de Baja California Sur.<\/td>\n<\/tr>\n<tr>\n<td width=\"365\">Etiquetas<\/td>\n<td width=\"589\">&ldquo;nombre,    horario de atenci\u00f3n, giro de la inspecci\u00f3n.\u00a0    &rdquo;.<\/td>\n<\/tr>\n<tr>\n<td width=\"365\">Publicado<\/td>\n<td width=\"589\">20\/08\/2018\u00a0 11:00 HRS<\/td>\n<\/tr>\n<tr>\n<td width=\"365\">Frecuencia de Actualizaci\u00f3n<\/td>\n<td width=\"589\">Ciclo    escolar.<\/td>\n<\/tr>\n<tr>\n<td width=\"365\">\u00daltima modificaci\u00f3n<\/td>\n<td width=\"589\">15\/08\/2019,\u00a0 12:00:00 HRS<\/td>\n<\/tr>\n<tr>\n<td width=\"365\">Tema<\/td>\n<td width=\"589\">Educaci\u00f3n.<\/td>\n<\/tr>\n<tr>\n<td width=\"365\">Nombre del Publicador<\/td>\n<td width=\"589\">Coordinaci\u00f3n    de Misiones Culturales.<\/td>\n<\/tr>\n<tr>\n<td width=\"365\">Contacto<\/td>\n<td width=\"589\">Mar\u00eda    Antonia Torres Reyes.<\/td>\n<\/tr>\n<tr>\n<td width=\"365\">Correo electr\u00f3nico\u00a0<\/td>\n<td width=\"589\"><a href=\"mailto:misiones.culturales@sepbcs.gob.mx\">misiones.culturales@sepbcs.gob.mx<\/a><\/td>\n<\/tr>\n<tr>\n<td width=\"365\">Identificador \u00fanico del documento en el cat\u00e1logo de la    entidad.\u00a0<\/td>\n<td width=\"589\">Sin    clave.<\/td>\n<\/tr>\n<tr>\n<td width=\"365\">Nivel de acceso.\u00a0<\/td>\n<td width=\"589\">P\u00fablico<\/td>\n<\/tr>\n<\/table>\n","protected":false},"excerpt":{"rendered":"<p>Padr\u00f3n de supervisores escolares de Misiones Culturales\u00a0 y Salas de Lectura instaladas en localidades del Estado de Baja California Sur. Descargar xls csv Diccionario Descargar xls csv Metadato Campo Valor T\u00edtulo Padr\u00f3n de supervisores de Misiones Culturales. Descripci\u00f3n Padr\u00f3n de supervisores escolares de Misiones Culturales\u00a0 y Salas de Lectura instaladas en localidades del Estado de &hellip; <a href=\"https:\/\/datos.bcs.gob.mx\/?page_id=5973\">Continued<\/a><\/p>\n","protected":false},"author":1,"featured_media":0,"parent":0,"menu_order":0,"comment_status":"closed","ping_status":"closed","template":"templates\/barra.php","meta":{"_acf_changed":false,"footnotes":"","_links_to":"","_links_to_target":""},"class_list":["post-5973","page","type-page","status-publish","hentry","catalogo_de_datos-educacion"],"acf":[],"_links":{"self":[{"href":"https:\/\/datos.bcs.gob.mx\/index.php?rest_route=\/wp\/v2\/pages\/5973"}],"collection":[{"href":"https:\/\/datos.bcs.gob.mx\/index.php?rest_route=\/wp\/v2\/pages"}],"about":[{"href":"https:\/\/datos.bcs.gob.mx\/index.php?rest_route=\/wp\/v2\/types\/page"}],"author":[{"embeddable":true,"href":"https:\/\/datos.bcs.gob.mx\/index.php?rest_route=\/wp\/v2\/users\/1"}],"replies":[{"embeddable":true,"href":"https:\/\/datos.bcs.gob.mx\/index.php?rest_route=%2Fwp%2Fv2%2Fcomments&post=5973"}],"version-history":[{"count":14,"href":"https:\/\/datos.bcs.gob.mx\/index.php?rest_route=\/wp\/v2\/pages\/5973\/revisions"}],"predecessor-version":[{"id":7638,"href":"https:\/\/datos.bcs.gob.mx\/index.php?rest_route=\/wp\/v2\/pages\/5973\/revisions\/7638"}],"wp:attachment":[{"href":"https:\/\/datos.bcs.gob.mx\/index.php?rest_route=%2Fwp%2Fv2%2Fmedia&parent=5973"}],"curies":[{"name":"wp","href":"https:\/\/api.w.org\/{rel}","templated":true}]}}