{"id":5955,"date":"2018-09-18T10:48:29","date_gmt":"2018-09-18T16:48:29","guid":{"rendered":"http:\/\/datos.bcs.gob.mx\/?page_id=5955"},"modified":"2019-04-04T12:40:44","modified_gmt":"2019-04-04T18:40:44","slug":"padron-inspectores-verificadores-rvoe-media-superior-superior","status":"publish","type":"page","link":"https:\/\/datos.bcs.gob.mx\/?page_id=5955","title":{"rendered":"INSPECTORES Y VERIFICADORES PARA LA OBTENCI\u00d3N DE RVOE DE PLANTELES DE EDUCACI\u00d3N MEDIA SUPERIOR Y SUPERIOR"},"content":{"rendered":"<p>Padr\u00f3n de inspectores y verificadores para la obtenci\u00f3n de RVOE (Reconocimiento de Validez Oficial de Estudios) de planteles particulares de Educaci\u00f3n Media Superior y Superior en Estado de Baja California Sur.<\/p>\n<div class=\"col-md-6\"><strong>Descargar<\/strong> <a class=\"btn btn-success btn-xs\" href=\"wp-content\/themes\/TemaSEPUIT\/assets\/images\/doc\/sep\/2018\/PADRON INSPECTORES Y VERIFICADORES MEDIA SUP Y SUP.xlsx\">xls<\/a> <a class=\"btn btn-primary btn-xs\" href=\"wp-content\/themes\/TemaSEPUIT\/assets\/images\/doc\/sep\/2018\/PADRON INSPECTORES Y VERIFICADORES MEDIA SUP Y SUP.csv\">csv<br \/>\n<\/a><\/div>\n<div class=\"col-md-6\" style=\"padding-bottom: 35px;\">Diccionario Descargar <a class=\"btn btn-success btn-xs\" href=\"wp-content\/themes\/TemaSEPUIT\/assets\/images\/doc\/sep\/2018\/DICCIONARIO_PADRON INSPECTORES Y VERIFICADORES MEDIA SUP Y SUP.xlsx\">xls<\/a> <a class=\"btn btn-primary btn-xs\" href=\"wp-content\/themes\/TemaSEPUIT\/assets\/images\/doc\/sep\/2018\/DICCIONARIO_PADRON INSPECTORES Y VERIFICADORES MEDIA SUP Y SUP.csv\">csv<\/a><\/div>\n<p style=\"text-align: center;\"><span style=\"font-size: 16px;\"><strong>Metadato<\/strong><\/span><\/p>\n<table class=\"table table-striped\" width=\"960\" cellspacing=\"0\" cellpadding=\"0\">\n<tbody>\n<tr>\n<td bgcolor=\"#CCCCCC\"><strong>Campo<\/strong><\/td>\n<td bgcolor=\"#CCCCCC\"><strong>Valor<\/strong><\/td>\n<\/tr>\n<tr>\n<td width=\"200\">T\u00edtulo<\/td>\n<td width=\"568\">Padr\u00f3n de Inspectores y Verificadores para la Obtenci\u00f3n de RVOE en Educaci\u00f3n Media Superior y Superior.<\/td>\n<\/tr>\n<tr>\n<td width=\"200\">Descripci\u00f3n<\/td>\n<td width=\"568\">Padr\u00f3n de inspectores y verificadores para la obtenci\u00f3n de RVOE (Reconocimiento de Validez Oficial de Estudios) de planteles particulares de Educaci\u00f3n Media Superior y Superior en Estado de Baja California Sur.<\/td>\n<\/tr>\n<tr>\n<td width=\"200\">Etiquetas<\/td>\n<td width=\"568\">\u201cnombre, horario de atenci\u00f3n, giro de la inspecci\u00f3n,\u00a0 \u201d.<\/td>\n<\/tr>\n<tr>\n<td width=\"200\">Publicado<\/td>\n<td width=\"568\">29\/03\/2018,\u00a0 11:03:00 HRS<\/td>\n<\/tr>\n<tr>\n<td width=\"200\">Frecuencia de Actualizaci\u00f3n<\/td>\n<td width=\"568\">Ciclo escolar.<\/td>\n<\/tr>\n<tr>\n<td width=\"200\">\u00daltima modificaci\u00f3n<\/td>\n<td width=\"568\">26\/03\/2019,\u00a0 12:00:00 HRS<\/td>\n<\/tr>\n<tr>\n<td width=\"200\">Tema<\/td>\n<td width=\"568\">Educaci\u00f3n.<\/td>\n<\/tr>\n<tr>\n<td width=\"200\">Nombre del Publicador<\/td>\n<td width=\"568\">Direcci\u00f3n de Profesiones, Educaci\u00f3n Media Superior y Superior.<\/td>\n<\/tr>\n<tr>\n<td width=\"200\">Contacto<\/td>\n<td width=\"568\">Claudia Mendez Vargas.<\/td>\n<\/tr>\n<tr>\n<td width=\"200\">Correo electr\u00f3nico<\/td>\n<td width=\"568\">dir.profesiones@sepbcs.gob.mx<\/td>\n<\/tr>\n<tr>\n<td width=\"200\">Identificador \u00fanico del documento en el cat\u00e1logo de la entidad.<\/td>\n<td width=\"568\">BCS-SEP-DPMSS-207 Y BCS-SEP-DPMSS-210<\/td>\n<\/tr>\n<tr>\n<td width=\"200\">Nivel de acceso.<\/td>\n<td width=\"568\">P\u00fablico<\/td>\n<\/tr>\n<\/tbody>\n<\/table>\n<p>&nbsp;<\/p>\n","protected":false},"excerpt":{"rendered":"<p>Padr\u00f3n de inspectores y verificadores para la obtenci\u00f3n de RVOE (Reconocimiento de Validez Oficial de Estudios) de planteles particulares de Educaci\u00f3n Media Superior y Superior en Estado de Baja California Sur. Descargar xls csv Diccionario Descargar xls csv Metadato Campo Valor T\u00edtulo Padr\u00f3n de Inspectores y Verificadores para la Obtenci\u00f3n de RVOE en Educaci\u00f3n Media &hellip; <a href=\"https:\/\/datos.bcs.gob.mx\/?page_id=5955\">Continued<\/a><\/p>\n","protected":false},"author":1,"featured_media":0,"parent":0,"menu_order":0,"comment_status":"closed","ping_status":"closed","template":"templates\/barra.php","meta":{"_acf_changed":false,"footnotes":"","_links_to":"","_links_to_target":""},"class_list":["post-5955","page","type-page","status-publish","hentry","catalogo_de_datos-educacion"],"acf":[],"_links":{"self":[{"href":"https:\/\/datos.bcs.gob.mx\/index.php?rest_route=\/wp\/v2\/pages\/5955"}],"collection":[{"href":"https:\/\/datos.bcs.gob.mx\/index.php?rest_route=\/wp\/v2\/pages"}],"about":[{"href":"https:\/\/datos.bcs.gob.mx\/index.php?rest_route=\/wp\/v2\/types\/page"}],"author":[{"embeddable":true,"href":"https:\/\/datos.bcs.gob.mx\/index.php?rest_route=\/wp\/v2\/users\/1"}],"replies":[{"embeddable":true,"href":"https:\/\/datos.bcs.gob.mx\/index.php?rest_route=%2Fwp%2Fv2%2Fcomments&post=5955"}],"version-history":[{"count":11,"href":"https:\/\/datos.bcs.gob.mx\/index.php?rest_route=\/wp\/v2\/pages\/5955\/revisions"}],"predecessor-version":[{"id":7641,"href":"https:\/\/datos.bcs.gob.mx\/index.php?rest_route=\/wp\/v2\/pages\/5955\/revisions\/7641"}],"wp:attachment":[{"href":"https:\/\/datos.bcs.gob.mx\/index.php?rest_route=%2Fwp%2Fv2%2Fmedia&parent=5955"}],"curies":[{"name":"wp","href":"https:\/\/api.w.org\/{rel}","templated":true}]}}