{"id":5945,"date":"2018-09-18T10:25:42","date_gmt":"2018-09-18T16:25:42","guid":{"rendered":"http:\/\/datos.bcs.gob.mx\/?page_id=5945"},"modified":"2019-07-03T10:55:08","modified_gmt":"2019-07-03T16:55:08","slug":"padron-centros-educativos-extraescolar-cedex-2018","status":"publish","type":"page","link":"https:\/\/datos.bcs.gob.mx\/?page_id=5945","title":{"rendered":"CENTROS DE EDUCACI\u00d3N EXTRAESCOLAR (CEDEX)"},"content":{"rendered":"<p style=\"text-align: justify;\">Padr\u00f3n de Centros de Educaci\u00f3n Extraescolar (CEDEX) para atender a ni\u00f1os j\u00f3venes y adultos que por diversas razones entre ellas la situaci\u00f3n econ\u00f3mica precaria, desintegraci\u00f3n familiar y en adultos por cuestiones de trabajo, no acuden a la educaci\u00f3n normal por lo tanto requieren de una atenci\u00f3n especializada para encausar su aprendizaje y concluir su educaci\u00f3n primaria y secundaria. (A partir de la edad de 10-14 a\u00f1os en adelante para educaci\u00f3n primaria y de 15 a\u00f1os en adelante en educaci\u00f3n primaria y secundaria). Adem\u00e1s se atienden algunos casos de alfabetizaci\u00f3n. Estos centros educativos se encuentran f\u00edsicamente en los municipios de La Paz y Los Cabos en el Estado de Baja California Sur.<\/p>\n<ul class=\"nav nav-tabs\" id=\"\"><li class=\"active\"><a href=\"#custom-tab-0-ea6b2efbdd4255a9f1b3bbc6399b58f4\" data-toggle=\"tab\" >2019<\/a><\/li><li><a href=\"#custom-tab-0-84ddfb34126fc3a48ee38d7044e87276\" data-toggle=\"tab\" >2018<\/a><\/li><\/ul><div class=\"tab-content\">\n    <div id=\"custom-tab-0-ea6b2efbdd4255a9f1b3bbc6399b58f4\" class=\"tab-pane active\">\n<div class=\"alert alert-info text-center\"><strong style=\"font-size: 20px;\">2019<\/strong><\/div>\n<div class=\"col-md-6\"><strong>Descargar<\/strong> <a class=\"btn btn-success btn-xs\" href=\"wp-content\/themes\/TemaSEPUIT\/assets\/images\/doc\/sep\/2019\/PADRON DE CENTROS  EDUCATIVOS DE EDUCACION EXTRAESCOLAR CEDEX.xlsx\">xls<\/a> <a class=\"btn btn-primary btn-xs\" href=\"wp-content\/themes\/TemaSEPUIT\/assets\/images\/doc\/sep\/2019\/PADRON DE CENTROS  EDUCATIVOS DE EDUCACION EXTRAESCOLAR CEDEX.csv\">csv<br \/>\n<\/a><\/div>\n<div class=\"col-md-6\" style=\"padding-bottom: 35px;\">Diccionario Descargar <a class=\"btn btn-success btn-xs\" href=\"wp-content\/themes\/TemaSEPUIT\/assets\/images\/doc\/sep\/2019\/DICCIONARIO_PADRON DE CENTROS  EDUCATIVOS DE EDUCACION EXTRAESCOLAR CEDEX.xlsx\">xls<\/a> <a class=\"btn btn-primary btn-xs\" href=\"wp-content\/themes\/TemaSEPUIT\/assets\/images\/doc\/sep\/2019\/DICCIONARIO_PADRON DE CENTROS  EDUCATIVOS DE EDUCACION EXTRAESCOLAR CEDEX.csv\">csv<\/a><\/div>\n<p style=\"text-align: center;\"><span style=\"font-size: 16px;\"><strong>Metadato<\/strong><\/span><\/p>\n<table class=\"table table-striped\" width=\"960\" cellspacing=\"0\" cellpadding=\"0\">\n<tbody>\n<tr>\n<td bgcolor=\"#CCCCCC\"><strong>Campo<\/strong><\/td>\n<td bgcolor=\"#CCCCCC\"><strong>Valor<\/strong><\/td>\n<\/tr>\n<tr>\n<td width=\"229\">T\u00edtulo<\/td>\n<td width=\"633\">Padr\u00f3n de Centros de Educaci\u00f3n Extraescolar (CEDEX).<\/td>\n<\/tr>\n<tr>\n<td width=\"229\">Descripci\u00f3n<\/td>\n<td width=\"633\">Padr\u00f3n de Centros de Educaci\u00f3n Extraescolar (CEDEX) para atender a ni\u00f1os jovenes y adultos que por diversas razones entre ellas la situaci\u00f3n econ\u00f3mica precaria, desintegraci\u00f3n familiar y en adultos por cuestiones de trabajo, no acuden a la educaci\u00f3n normal por lo tanto requieren de una atenci\u00f3n especializada para encausar su aprendizaje y concluir su educaci\u00f3n primaria y secundaria. (A partir de la edad de 10-14 a\u00f1os en adelante para educaci\u00f3n primaria y de 15 a\u00f1os en adelante en educaci\u00f3n primaria y secundaria). Adem\u00e1s se atienden algunos casos de alfabetizaci\u00f3n. Estos centros educativos se encuentran fisicamente en los municipios de La Paz y Los Cabos en el Estado de Baja California Sur.<\/td>\n<\/tr>\n<tr>\n<td width=\"229\">Etiquetas<\/td>\n<td width=\"633\">\u201cplantel, matricula, localidad \u201d.<\/td>\n<\/tr>\n<tr>\n<td width=\"229\">Publicado<\/td>\n<td width=\"633\">29\/03\/2019,\u00a0 11:00 HRS<\/td>\n<\/tr>\n<tr>\n<td width=\"229\">Frecuencia de Actualizaci\u00f3n<\/td>\n<td width=\"633\">Ciclo escolar.<\/td>\n<\/tr>\n<tr>\n<td width=\"229\">\u00daltima modificaci\u00f3n<\/td>\n<td width=\"633\">1\/02\/2019,\u00a0 14:56:00 HRS<\/td>\n<\/tr>\n<tr>\n<td width=\"229\">Tema<\/td>\n<td width=\"633\">Educaci\u00f3n.<\/td>\n<\/tr>\n<tr>\n<td width=\"229\">Nombre del Publicador<\/td>\n<td width=\"633\">Coordinaci\u00f3n de Centros de Educaci\u00f3n Extraescolar\u00a0 (CEDEX).<\/td>\n<\/tr>\n<tr>\n<td width=\"229\">Contacto<\/td>\n<td width=\"633\">Martha Villareal Rangel.<\/td>\n<\/tr>\n<tr>\n<td width=\"229\">Correo electr\u00f3nico<\/td>\n<td width=\"633\"><a href=\"mailto:cedex@sepbcs.gob.mx\">cedex@sepbcs.gob.mx\u00a0\u00a0\u00a0<\/a><\/td>\n<\/tr>\n<tr>\n<td width=\"229\">Identificador \u00fanico del documento en el cat\u00e1logo de la entidad.<\/td>\n<td width=\"633\">Sin clave.<\/td>\n<\/tr>\n<tr>\n<td width=\"229\">Nivel de acceso.<\/td>\n<td width=\"633\">P\u00fablico<\/td>\n<\/tr>\n<\/tbody>\n<\/table>\n<\/div>\n<div id=\"custom-tab-0-84ddfb34126fc3a48ee38d7044e87276\" class=\"tab-pane\">\n<!-- \n\n<div class=\"alert-success text-center\"><strong style=\"font-size:20px;\">2018<\/strong><\/div>\n\n --><\/p>\n<div class=\"alert alert-success text-center\"><strong style=\"font-size: 14px;\">2018<\/strong><\/div>\n<div class=\"col-md-6\"><strong>Descargar<\/strong> <a class=\"btn btn-success btn-xs\" href=\"wp-content\/themes\/TemaSEPUIT\/assets\/images\/doc\/sep\/2018\/PADRON DE CENTROS  EDUCATIVOS DE EDUCACION EXTRAESCOLAR CEDEX.xlsx\">xls<\/a> <a class=\"btn btn-primary btn-xs\" href=\"wp-content\/themes\/TemaSEPUIT\/assets\/images\/doc\/sep\/2018\/PADRON DE CENTROS  EDUCATIVOS DE EDUCACION EXTRAESCOLAR CEDEX.csv\">csv<br \/>\n<\/a><\/div>\n<div class=\"col-md-6\" style=\"padding-bottom: 35px;\">Diccionario Descargar <a class=\"btn btn-success btn-xs\" href=\"wp-content\/themes\/TemaSEPUIT\/assets\/images\/doc\/sep\/2018\/DICCIONARIO_PADRON DE CENTROS  EDUCATIVOS DE EDUCACION EXTRAESCOLAR CEDEX.xlsx\">xls<\/a> <a class=\"btn btn-primary btn-xs\" href=\"wp-content\/themes\/TemaSEPUIT\/assets\/images\/doc\/sep\/2018\/DICCIONARIO_PADRON DE CENTROS  EDUCATIVOS DE EDUCACION EXTRAESCOLAR CEDEX.csv\">csv<\/a><\/div>\n<p style=\"text-align: center;\"><span style=\"font-size: 16px;\"><strong>Metadato<\/strong><\/span><\/p>\n<table class=\"table table-striped\" width=\"960\" cellspacing=\"0\" cellpadding=\"0\">\n<tbody>\n<tr>\n<td bgcolor=\"#CCCCCC\"><strong>Campo<\/strong><\/td>\n<td bgcolor=\"#CCCCCC\"><strong>Valor<\/strong><\/td>\n<\/tr>\n<tr>\n<td width=\"229\">T\u00edtulo<\/td>\n<td width=\"633\">Padr\u00f3n de Centros de Educaci\u00f3n Extraescolar (CEDEX).<\/td>\n<\/tr>\n<tr>\n<td width=\"229\">Descripci\u00f3n<\/td>\n<td width=\"633\">Padr\u00f3n de Centros de Educaci\u00f3n Extraescolar (CEDEX) para atender a ni\u00f1os jovenes y adultos que por diversas razones entre ellas la situaci\u00f3n econ\u00f3mica precaria, desintegraci\u00f3n familiar y en adultos por cuestiones de trabajo, no acuden a la educaci\u00f3n normal por lo tanto requieren de una atenci\u00f3n especializada para encausar su aprendizaje y concluir su educaci\u00f3n primaria y secundaria. (A partir de la edad de 10-14 a\u00f1os en adelante para educaci\u00f3n primaria y de 15 a\u00f1os en adelante en educaci\u00f3n primaria y secundaria). Adem\u00e1s se atienden algunos casos de alfabetizaci\u00f3n. Estos centros educativos se encuentran fisicamente en los municipios de La Paz y Los Cabos en el Estado de Baja California Sur.<\/td>\n<\/tr>\n<tr>\n<td width=\"229\">Etiquetas<\/td>\n<td width=\"633\">\u201cplantel, matricula, localidad \u201d.<\/td>\n<\/tr>\n<tr>\n<td width=\"229\">Publicado<\/td>\n<td width=\"633\">20\/08\/2018,  11:03:00 HRS<\/td>\n<\/tr>\n<tr>\n<td width=\"229\">Frecuencia de Actualizaci\u00f3n<\/td>\n<td width=\"633\">Ciclo escolar.<\/td>\n<\/tr>\n<tr>\n<td width=\"229\">\u00daltima modificaci\u00f3n<\/td>\n<td width=\"633\">08\/08\/2018,  12:00:00 HRS<\/td>\n<\/tr>\n<tr>\n<td width=\"229\">Tema<\/td>\n<td width=\"633\">Educaci\u00f3n.<\/td>\n<\/tr>\n<tr>\n<td width=\"229\">Nombre del Publicador<\/td>\n<td width=\"633\">Coordinaci\u00f3n de Centros de Educaci\u00f3n Extraescolar  (CEDEX).<\/td>\n<\/tr>\n<tr>\n<td width=\"229\">Contacto<\/td>\n<td width=\"633\">Martha Villareal Rangel.<\/td>\n<\/tr>\n<tr>\n<td width=\"229\">Correo electr\u00f3nico<\/td>\n<td width=\"633\"><a href=\"mailto:cedex@sepbcs.gob.mx\">cedex@sepbcs.gob.mx   <\/a><\/td>\n<\/tr>\n<tr>\n<td width=\"229\">Identificador \u00fanico del documento en el cat\u00e1logo de la entidad.<\/td>\n<td width=\"633\">Sin clave.<\/td>\n<\/tr>\n<tr>\n<td width=\"229\">Nivel de acceso.<\/td>\n<td width=\"633\">P\u00fablico<\/td>\n<\/tr>\n<\/tbody>\n<\/table>\n<\/div>\n<\/div>\n","protected":false},"excerpt":{"rendered":"<p>Padr\u00f3n de Centros de Educaci\u00f3n Extraescolar (CEDEX) para atender a ni\u00f1os j\u00f3venes y adultos que por diversas razones entre ellas la situaci\u00f3n econ\u00f3mica precaria, desintegraci\u00f3n familiar y en adultos por cuestiones de trabajo, no acuden a la educaci\u00f3n normal por lo tanto requieren de una atenci\u00f3n especializada para encausar su aprendizaje y concluir su educaci\u00f3n &hellip; <a href=\"https:\/\/datos.bcs.gob.mx\/?page_id=5945\">Continued<\/a><\/p>\n","protected":false},"author":1,"featured_media":0,"parent":0,"menu_order":0,"comment_status":"closed","ping_status":"closed","template":"templates\/barra.php","meta":{"_acf_changed":false,"footnotes":"","_links_to":"","_links_to_target":""},"class_list":["post-5945","page","type-page","status-publish","hentry","catalogo_de_datos-educacion"],"acf":[],"_links":{"self":[{"href":"https:\/\/datos.bcs.gob.mx\/index.php?rest_route=\/wp\/v2\/pages\/5945"}],"collection":[{"href":"https:\/\/datos.bcs.gob.mx\/index.php?rest_route=\/wp\/v2\/pages"}],"about":[{"href":"https:\/\/datos.bcs.gob.mx\/index.php?rest_route=\/wp\/v2\/types\/page"}],"author":[{"embeddable":true,"href":"https:\/\/datos.bcs.gob.mx\/index.php?rest_route=\/wp\/v2\/users\/1"}],"replies":[{"embeddable":true,"href":"https:\/\/datos.bcs.gob.mx\/index.php?rest_route=%2Fwp%2Fv2%2Fcomments&post=5945"}],"version-history":[{"count":24,"href":"https:\/\/datos.bcs.gob.mx\/index.php?rest_route=\/wp\/v2\/pages\/5945\/revisions"}],"predecessor-version":[{"id":7749,"href":"https:\/\/datos.bcs.gob.mx\/index.php?rest_route=\/wp\/v2\/pages\/5945\/revisions\/7749"}],"wp:attachment":[{"href":"https:\/\/datos.bcs.gob.mx\/index.php?rest_route=%2Fwp%2Fv2%2Fmedia&parent=5945"}],"curies":[{"name":"wp","href":"https:\/\/api.w.org\/{rel}","templated":true}]}}