{"id":5927,"date":"2018-09-18T09:10:08","date_gmt":"2018-09-18T15:10:08","guid":{"rendered":"http:\/\/datos.bcs.gob.mx\/?page_id=5927"},"modified":"2019-07-01T12:26:26","modified_gmt":"2019-07-01T18:26:26","slug":"padron-cedulas-profesionales-2018","status":"publish","type":"page","link":"https:\/\/datos.bcs.gob.mx\/?page_id=5927","title":{"rendered":"CIUDADANOS QUE CUENTAN CON C\u00c9DULA PROFESIONAL ESTATAL"},"content":{"rendered":"<p>Padr\u00f3n de ciudadanos que cuentan con c\u00e9dula profesional Estatal en el Estado de Baja California Sur.<\/p>\n<ul class=\"nav nav-tabs\" id=\"\"><li class=\"active\"><a href=\"#custom-tab-0-ea6b2efbdd4255a9f1b3bbc6399b58f4\" data-toggle=\"tab\" >2019<\/a><\/li><li><a href=\"#custom-tab-0-84ddfb34126fc3a48ee38d7044e87276\" data-toggle=\"tab\" >2018<\/a><\/li><\/ul><div class=\"tab-content\">\n    <div id=\"custom-tab-0-ea6b2efbdd4255a9f1b3bbc6399b58f4\" class=\"tab-pane active\">\n<div class=\"alert alert-info text-center\"><strong style=\"font-size: 20px;\">2019<\/strong><\/div>\n<div class=\"col-md-6\"><strong>Descargar<\/strong> <a class=\"btn btn-success btn-xs\" href=\"wp-content\/themes\/TemaSEPUIT\/assets\/images\/doc\/sep\/2019\/PADRON CEDULAS PROFESIONALES.xlsx\">xls<\/a> <a class=\"btn btn-primary btn-xs\" href=\"wp-content\/themes\/TemaSEPUIT\/assets\/images\/doc\/sep\/2019\/PADRON CEDULAS PROFESIONALES.csv\">csv<br \/>\n<\/a><\/div>\n<div class=\"col-md-6\" style=\"padding-bottom: 35px;\">Diccionario Descargar <a class=\"btn btn-success btn-xs\" href=\"wp-content\/themes\/TemaSEPUIT\/assets\/images\/doc\/sep\/2019\/DICCIONARIO_PADRON CEDULAS PROFESIONALES.xlsx\">xls<\/a> <a class=\"btn btn-primary btn-xs\" href=\"wp-content\/themes\/TemaSEPUIT\/assets\/images\/doc\/sep\/2019\/DICCIONARIO_PADRON CEDULAS PROFESIONALES.csv\">csv<\/a><\/div>\n<p style=\"text-align: center;\"><span style=\"font-size: 16px;\"><strong>Metadato<\/strong><\/span><\/p>\n<table class=\"table table-striped\" width=\"960\" cellspacing=\"0\" cellpadding=\"0\">\n<tbody>\n<tr>\n<td bgcolor=\"#CCCCCC\"><strong>Campo<\/strong><\/td>\n<td bgcolor=\"#CCCCCC\"><strong>Valor<\/strong><\/td>\n<\/tr>\n<tr>\n<td width=\"222\">T\u00edtulo<\/td>\n<td width=\"513\">Padr\u00f3n de Ciudadanos que cuentan con C\u00e9dula Profesional Estatal.<\/td>\n<\/tr>\n<tr>\n<td width=\"222\">Descripci\u00f3n<\/td>\n<td width=\"513\">Padr\u00f3n de ciudadanos que cuentan con c\u00e9dula profesional Estatal en el Estado de Baja California Sur.<\/td>\n<\/tr>\n<tr>\n<td width=\"222\">Etiquetas<\/td>\n<td width=\"513\">\u201ccedula, instituci\u00f3n, carrera, escolaridad \u201d.<\/td>\n<\/tr>\n<tr>\n<td width=\"222\">Publicado<\/td>\n<td width=\"513\">29\/03\/2018,  11:00:00 HRS<\/td>\n<\/tr>\n<tr>\n<td width=\"222\">Frecuencia de Actualizaci\u00f3n<\/td>\n<td width=\"513\">Mensual.<\/td>\n<\/tr>\n<tr>\n<td width=\"222\">\u00daltima modificaci\u00f3n<\/td>\n<td width=\"513\">12\/02\/2019,  15:00:00 HRS<\/td>\n<\/tr>\n<tr>\n<td width=\"222\">Tema<\/td>\n<td width=\"513\">Educaci\u00f3n.<\/td>\n<\/tr>\n<tr>\n<td width=\"222\">Nombre del Publicador<\/td>\n<td width=\"513\">Coordinaci\u00f3n de Profesiones.<\/td>\n<\/tr>\n<tr>\n<td width=\"222\">Contacto<\/td>\n<td width=\"513\">Jos\u00e9 Mariano del Castillo Barr\u00f3n.<\/td>\n<\/tr>\n<tr>\n<td width=\"222\">Correo electr\u00f3nico<\/td>\n<td width=\"513\"><a href=\"mailto:mariano.espino@sepbcs.gob.mx\">mariano.espino@sepbcs.gob.mx<\/a><\/td>\n<\/tr>\n<tr>\n<td width=\"222\">Identificador \u00fanico del documento en el cat\u00e1logo de la entidad.<\/td>\n<td width=\"513\"> BCS-SEP-CP-247.<\/td>\n<\/tr>\n<tr>\n<td width=\"222\">Nivel de acceso.<\/td>\n<td width=\"513\">P\u00fablico<\/td>\n<\/tr>\n<\/tbody>\n<\/table>\n<p>  <\/div>\n    <div id=\"custom-tab-0-84ddfb34126fc3a48ee38d7044e87276\" class=\"tab-pane\">\n<div class=\"alert alert-success text-center\"><strong style=\"font-size: 14px;\">2018<\/strong><\/div>\n<div class=\"col-md-6\"><strong>Descargar<\/strong> <a class=\"btn btn-success btn-xs\" href=\"wp-content\/themes\/TemaSEPUIT\/assets\/images\/doc\/sep\/2018\/PADRON CEDULAS PROFESIONALES.xlsx\">xls<\/a> <a class=\"btn btn-primary btn-xs\" href=\"wp-content\/themes\/TemaSEPUIT\/assets\/images\/doc\/sep\/2018\/PADRON CEDULAS PROFESIONALES.csv\">csv<br \/>\n<\/a><\/div>\n<div class=\"col-md-6\" style=\"padding-bottom: 35px;\">Diccionario Descargar <a class=\"btn btn-success btn-xs\" href=\"wp-content\/themes\/TemaSEPUIT\/assets\/images\/doc\/sep\/2018\/DICCIONARIO_PADRON CEDULAS PROFESIONALES.xlsx\">xls<\/a> <a class=\"btn btn-primary btn-xs\" href=\"wp-content\/themes\/TemaSEPUIT\/assets\/images\/doc\/sep\/2018\/DICCIONARIO_PADRON CEDULAS PROFESIONALES.csv\">csv<\/a><\/div>\n<p style=\"text-align: center;\"><span style=\"font-size: 16px;\"><strong>Metadato<\/strong><\/span><\/p>\n<table class=\"table table-striped\" width=\"960\" cellspacing=\"0\" cellpadding=\"0\">\n<tbody>\n<tr>\n<td bgcolor=\"#CCCCCC\"><strong>Campo<\/strong><\/td>\n<td bgcolor=\"#CCCCCC\"><strong>Valor<\/strong><\/td>\n<\/tr>\n<tr>\n<td width=\"222\">T\u00edtulo<\/td>\n<td width=\"513\">Padr\u00f3n de Ciudadanos que cuentan con C\u00e9dula Profesional Estatal.<\/td>\n<\/tr>\n<tr>\n<td width=\"222\">Descripci\u00f3n<\/td>\n<td width=\"513\">Padr\u00f3n de ciudadanos que cuentan con c\u00e9dula profesional Estatal en el Estado de Baja California Sur.<\/td>\n<\/tr>\n<tr>\n<td width=\"222\">Etiquetas<\/td>\n<td width=\"513\">\u201ccedula, instituci\u00f3n, carrera, escolaridad \u201d.<\/td>\n<\/tr>\n<tr>\n<td width=\"222\">Publicado<\/td>\n<td width=\"513\">20\/06\/2018,  11:00:00 HRS<\/td>\n<\/tr>\n<tr>\n<td width=\"222\">Frecuencia de Actualizaci\u00f3n<\/td>\n<td width=\"513\">Mensual.<\/td>\n<\/tr>\n<tr>\n<td width=\"222\">\u00daltima modificaci\u00f3n<\/td>\n<td width=\"513\">20\/02\/2018,  15:00:00 HRS<\/td>\n<\/tr>\n<tr>\n<td width=\"222\">Tema<\/td>\n<td width=\"513\">Educaci\u00f3n.<\/td>\n<\/tr>\n<tr>\n<td width=\"222\">Nombre del Publicador<\/td>\n<td width=\"513\">Coordinaci\u00f3n de Profesiones.<\/td>\n<\/tr>\n<tr>\n<td width=\"222\">Contacto<\/td>\n<td width=\"513\">Jos\u00e9 Mariano del Castillo Barr\u00f3n.<\/td>\n<\/tr>\n<tr>\n<td width=\"222\">Correo electr\u00f3nico<\/td>\n<td width=\"513\"><a href=\"mailto:mariano.espino@sepbcs.gob.mx\">mariano.espino@sepbcs.gob.mx<\/a><\/td>\n<\/tr>\n<tr>\n<td width=\"222\">Identificador \u00fanico del documento en el cat\u00e1logo de la entidad.<\/td>\n<td width=\"513\"> BCS-SEP-CP-247.<\/td>\n<\/tr>\n<tr>\n<td width=\"222\">Nivel de acceso.<\/td>\n<td width=\"513\">P\u00fablico<\/td>\n<\/tr>\n<\/tbody>\n<\/table>\n<p>  <\/div>\n<p>    [\/tab]\n<\/div>\n","protected":false},"excerpt":{"rendered":"<p>Padr\u00f3n de ciudadanos que cuentan con c\u00e9dula profesional Estatal en el Estado de Baja California Sur.<\/p>\n","protected":false},"author":1,"featured_media":0,"parent":0,"menu_order":0,"comment_status":"closed","ping_status":"closed","template":"templates\/barra.php","meta":{"_acf_changed":false,"footnotes":"","_links_to":"","_links_to_target":""},"class_list":["post-5927","page","type-page","status-publish","hentry","catalogo_de_datos-educacion"],"acf":[],"_links":{"self":[{"href":"https:\/\/datos.bcs.gob.mx\/index.php?rest_route=\/wp\/v2\/pages\/5927"}],"collection":[{"href":"https:\/\/datos.bcs.gob.mx\/index.php?rest_route=\/wp\/v2\/pages"}],"about":[{"href":"https:\/\/datos.bcs.gob.mx\/index.php?rest_route=\/wp\/v2\/types\/page"}],"author":[{"embeddable":true,"href":"https:\/\/datos.bcs.gob.mx\/index.php?rest_route=\/wp\/v2\/users\/1"}],"replies":[{"embeddable":true,"href":"https:\/\/datos.bcs.gob.mx\/index.php?rest_route=%2Fwp%2Fv2%2Fcomments&post=5927"}],"version-history":[{"count":21,"href":"https:\/\/datos.bcs.gob.mx\/index.php?rest_route=\/wp\/v2\/pages\/5927\/revisions"}],"predecessor-version":[{"id":7716,"href":"https:\/\/datos.bcs.gob.mx\/index.php?rest_route=\/wp\/v2\/pages\/5927\/revisions\/7716"}],"wp:attachment":[{"href":"https:\/\/datos.bcs.gob.mx\/index.php?rest_route=%2Fwp%2Fv2%2Fmedia&parent=5927"}],"curies":[{"name":"wp","href":"https:\/\/api.w.org\/{rel}","templated":true}]}}