{"id":5895,"date":"2018-09-18T08:26:46","date_gmt":"2018-09-18T14:26:46","guid":{"rendered":"http:\/\/datos.bcs.gob.mx\/?page_id=5895"},"modified":"2019-07-02T11:59:48","modified_gmt":"2019-07-02T17:59:48","slug":"padron-misiones-culturales-salas-lectura-2017","status":"publish","type":"page","link":"https:\/\/datos.bcs.gob.mx\/?page_id=5895","title":{"rendered":"MISIONES CULTURALES Y SALAS DE LECTURA"},"content":{"rendered":"<p style=\"text-align: justify;\">Padr\u00f3n de Misiones Culturales (centros educativos que se encargan de brindar capacitaci\u00f3n para el trabajo y capacitaci\u00f3n para obtener la certificaci\u00f3n de educaci\u00f3n b\u00e1sica en primaria y secundaria y alfabetizaci\u00f3n) y Salas de Lectura (centros educativos que se encargan de brindar capacitaci\u00f3n para obtener la certificaci\u00f3n de educaci\u00f3n b\u00e1sica en primaria y secundaria y alfabetizaci\u00f3n, as\u00ed como apoyo en asesor\u00eda en tareas escolares), ambas modalidades para la edad de 10-14 a\u00f1os en adelante para educaci\u00f3n primaria y de 15 a\u00f1os en adelante en educaci\u00f3n primaria y secundaria. Estos centros se encuentran instalados f\u00edsicamente\u00a0 en localidades en el Estado de Baja California Sur.<\/p>\n<ul class=\"nav nav-tabs\" id=\"\"><li class=\"active\"><a href=\"#custom-tab-0-ea6b2efbdd4255a9f1b3bbc6399b58f4\" data-toggle=\"tab\" >2019<\/a><\/li><li><a href=\"#custom-tab-0-84ddfb34126fc3a48ee38d7044e87276\" data-toggle=\"tab\" >2018<\/a><\/li><\/ul><div class=\"tab-content\">\n    <div id=\"custom-tab-0-ea6b2efbdd4255a9f1b3bbc6399b58f4\" class=\"tab-pane active\"> <\/p>\n<div class=\"alert alert-info text-center\"><strong style=\"font-size: 20px;\">2019<\/strong><\/div>\n<div class=\"col-md-6\"><strong>Descargar<\/strong> <a class=\"btn btn-success btn-xs\" href=\"wp-content\/themes\/TemaSEPUIT\/assets\/images\/doc\/sep\/2019\/PADRON DE MISIONES CULTURALES Y SALAS DE LECTURA.xlsx\">xls<\/a> <a class=\"btn btn-primary btn-xs\" href=\"wp-content\/themes\/TemaSEPUIT\/assets\/images\/doc\/sep\/2019\/PADRON DE MISIONES CULTURALES Y SALAS DE LECTURA.csv\">csv<br \/>\n<\/a><\/div>\n<div class=\"col-md-6\" style=\"padding-bottom: 35px;\">Diccionario Descargar <a class=\"btn btn-success btn-xs\" href=\"wp-content\/themes\/TemaSEPUIT\/assets\/images\/doc\/sep\/2019\/DICCIONARIO_PADRON DE  MISIONES CULTURALES Y SALAS DE LECTURA.xlsx\">xls<\/a> <a class=\"btn btn-primary btn-xs\" href=\"wp-content\/themes\/TemaSEPUIT\/assets\/images\/doc\/sep\/2019\/DICCIONARIO_PADRON DE  MISIONES CULTURALES Y SALAS DE LECTURA.csv\">csv<\/a><\/div>\n<p style=\"text-align: center;\"><span style=\"font-size: 16px;\"><strong>Metadato<\/strong><\/span><\/p>\n<table class=\"table table-striped\" width=\"960\" cellspacing=\"0\" cellpadding=\"0\">\n<tbody>\n<tr>\n<td bgcolor=\"#CCCCCC\"><strong>Campo<\/strong><\/td>\n<td bgcolor=\"#CCCCCC\"><strong>Valor<\/strong><\/td>\n<\/tr>\n<tr>\n<td width=\"351\">T\u00edtulo<\/td>\n<td width=\"601\">Padr\u00f3n de Misiones Culturales y Salas de Lectura.<\/td>\n<\/tr>\n<tr>\n<td width=\"351\">Descripci\u00f3n<\/td>\n<td width=\"601\">Padr\u00f3n de Misiones Culturales (centros educativos que se encargan de brindar capacitaci\u00f3n para el trabajo y capacitaci\u00f3n para obtener la certificaci\u00f3n de educaci\u00f3n b\u00e1sica en primaria y secundaria y alfabetizaci\u00f3n) y Salas de Lectura (centros educativos que se encargan de brindar capacitaci\u00f3n para obtener la certificaci\u00f3n de educaci\u00f3n b\u00e1sica en primaria y secundaria y alfabetizaci\u00f3n, as\u00ed como apoyo en asesor\u00eda en tareas escolares), ambas modalidades para la edad de 10-14 a\u00f1os en adelante para educaci\u00f3n primaria y de 15 a\u00f1os en adelante en educaci\u00f3n primaria y secundaria. Estos centros se encuentran instalados f\u00edsicamente\u00a0 en localidades en el Estado de Baja California Sur.<\/td>\n<\/tr>\n<tr>\n<td width=\"351\">Etiquetas<\/td>\n<td width=\"601\">\u201cplantel, matricula, localidad \u201d.<\/td>\n<\/tr>\n<tr>\n<td width=\"351\">Publicado<\/td>\n<td width=\"601\">19\/03\/2019,\u00a0 13:00:00 HRS<\/td>\n<\/tr>\n<tr>\n<td width=\"351\">Frecuencia de Actualizaci\u00f3n<\/td>\n<td width=\"601\">Ciclo escolar.<\/td>\n<\/tr>\n<tr>\n<td width=\"351\">\u00daltima modificaci\u00f3n<\/td>\n<td width=\"601\">11\/02\/2019,\u00a0 13:00:00 HRS<\/td>\n<\/tr>\n<tr>\n<td width=\"351\">Tema<\/td>\n<td width=\"601\">Educaci\u00f3n.<\/td>\n<\/tr>\n<tr>\n<td width=\"351\">Nombre del Publicador<\/td>\n<td width=\"601\">Coordinaci\u00f3n de Misiones Culturales.<\/td>\n<\/tr>\n<tr>\n<td width=\"351\">Contacto<\/td>\n<td width=\"601\">Mar\u00eda Antonia Torres Reyes.<\/td>\n<\/tr>\n<tr>\n<td width=\"351\">Correo electr\u00f3nico<\/td>\n<td width=\"601\"><a href=\"mailto:misiones.culturales@sepbcs.gob.mx\">misiones.culturales@sepbcs.gob.mx\u00a0\u00a0\u00a0<\/a><\/td>\n<\/tr>\n<tr>\n<td width=\"351\">Identificador \u00fanico del documento en el cat\u00e1logo de la entidad.<\/td>\n<td width=\"601\">Sin clave.<\/td>\n<\/tr>\n<tr>\n<td width=\"351\">Nivel de acceso.<\/td>\n<td width=\"601\">P\u00fablico<\/td>\n<\/tr>\n<\/tbody>\n<\/table>\n<p>    <\/div>\n    <div id=\"custom-tab-0-84ddfb34126fc3a48ee38d7044e87276\" class=\"tab-pane\">\n<div class=\"alert alert-success text-center\"><strong style=\"font-size: 14px;\">2018<\/strong><\/div>\n<div class=\"col-md-6\"><strong>Descargar<\/strong> <a class=\"btn btn-success btn-xs\" href=\"wp-content\/themes\/TemaSEPUIT\/assets\/images\/doc\/sep\/2018\/PADRON DE MISIONES CULTURALES Y SALAS DE LECTURA.xlsx\">xls<\/a> <a class=\"btn btn-primary btn-xs\" href=\"wp-content\/themes\/TemaSEPUIT\/assets\/images\/doc\/sep\/2018\/PADRON DE MISIONES CULTURALES Y SALAS DE LECTURA.csv\">csv<br \/>\n<\/a><\/div>\n<div class=\"col-md-6\" style=\"padding-bottom: 35px;\">Diccionario Descargar <a class=\"btn btn-success btn-xs\" href=\"wp-content\/themes\/TemaSEPUIT\/assets\/images\/doc\/sep\/2018\/DICCIONARIO_PADRON DE  MISIONES CULTURALES Y SALAS DE LECTURA.xlsx\">xls<\/a> <a class=\"btn btn-primary btn-xs\" href=\"wp-content\/themes\/TemaSEPUIT\/assets\/images\/doc\/sep\/2018\/DICCIONARIO_PADRON DE  MISIONES CULTURALES Y SALAS DE LECTURA.csv\">csv<\/a><\/div>\n<p style=\"text-align: center;\"><span style=\"font-size: 16px;\"><strong>Metadato<\/strong><\/span><\/p>\n<table class=\"table table-striped\" width=\"960\" cellspacing=\"0\" cellpadding=\"0\">\n<tbody>\n<tr>\n<td bgcolor=\"#CCCCCC\"><strong>Campo<\/strong><\/td>\n<td bgcolor=\"#CCCCCC\"><strong>Valor<\/strong><\/td>\n<\/tr>\n<tr>\n<td width=\"351\">T\u00edtulo<\/td>\n<td width=\"601\">Padr\u00f3n de Misiones Culturales y Salas de Lectura.<\/td>\n<\/tr>\n<tr>\n<td width=\"351\">Descripci\u00f3n<\/td>\n<td width=\"601\">Padr\u00f3n de Misiones Culturales (centros educativos que se encargan de brindar capacitaci\u00f3n para el trabajo y capacitaci\u00f3n para obtener la certificaci\u00f3n de educaci\u00f3n b\u00e1sica en primaria y secundaria y alfabetizaci\u00f3n) y Salas de Lectura (centros educativos que se encargan de brindar capacitaci\u00f3n para obtener la certificaci\u00f3n de educaci\u00f3n b\u00e1sica en primaria y secundaria y alfabetizaci\u00f3n, as\u00ed como apoyo en asesor\u00eda en tareas escolares), ambas modalidades para la edad de 10-14 a\u00f1os en adelante para educaci\u00f3n primaria y de 15 a\u00f1os en adelante en educaci\u00f3n primaria y secundaria. Estos centros se encuentran instalados f\u00edsicamente  en localidades en el Estado de Baja California Sur.<\/td>\n<\/tr>\n<tr>\n<td width=\"351\">Etiquetas<\/td>\n<td width=\"601\">\u201cplantel, matricula, localidad \u201d.<\/td>\n<\/tr>\n<tr>\n<td width=\"351\">Publicado<\/td>\n<td width=\"601\">19\/03\/2018,  13:00:00 HRS<\/td>\n<\/tr>\n<tr>\n<td width=\"351\">Frecuencia de Actualizaci\u00f3n<\/td>\n<td width=\"601\">Ciclo escolar.<\/td>\n<\/tr>\n<tr>\n<td width=\"351\">\u00daltima modificaci\u00f3n<\/td>\n<td width=\"601\">11\/02\/2018,  13:00:00 HRS<\/td>\n<\/tr>\n<tr>\n<td width=\"351\">Tema<\/td>\n<td width=\"601\">Educaci\u00f3n.<\/td>\n<\/tr>\n<tr>\n<td width=\"351\">Nombre del Publicador<\/td>\n<td width=\"601\">Coordinaci\u00f3n de Misiones Culturales.<\/td>\n<\/tr>\n<tr>\n<td width=\"351\">Contacto<\/td>\n<td width=\"601\">Mar\u00eda Antonia Torres Reyes.<\/td>\n<\/tr>\n<tr>\n<td width=\"351\">Correo electr\u00f3nico<\/td>\n<td width=\"601\"><a href=\"mailto:misiones.culturales@sepbcs.gob.mx\">misiones.culturales@sepbcs.gob.mx   <\/a><\/td>\n<\/tr>\n<tr>\n<td width=\"351\">Identificador \u00fanico del documento en el cat\u00e1logo de la entidad.<\/td>\n<td width=\"601\">Sin clave.<\/td>\n<\/tr>\n<tr>\n<td width=\"351\">Nivel de acceso.<\/td>\n<td width=\"601\">P\u00fablico<\/td>\n<\/tr>\n<\/tbody>\n<\/table>\n<p>    <\/div>\n<\/div>\n","protected":false},"excerpt":{"rendered":"<p>Padr\u00f3n de Misiones Culturales (centros educativos que se encargan de brindar capacitaci\u00f3n para el trabajo y capacitaci\u00f3n para obtener la certificaci\u00f3n de educaci\u00f3n b\u00e1sica en primaria y secundaria y alfabetizaci\u00f3n) y Salas de Lectura (centros educativos que se encargan de brindar capacitaci\u00f3n para obtener la certificaci\u00f3n de educaci\u00f3n b\u00e1sica en primaria y secundaria y alfabetizaci\u00f3n, &hellip; <a href=\"https:\/\/datos.bcs.gob.mx\/?page_id=5895\">Continued<\/a><\/p>\n","protected":false},"author":1,"featured_media":0,"parent":0,"menu_order":0,"comment_status":"closed","ping_status":"closed","template":"templates\/barra.php","meta":{"_acf_changed":false,"footnotes":"","_links_to":"","_links_to_target":""},"class_list":["post-5895","page","type-page","status-publish","hentry","catalogo_de_datos-educacion"],"acf":[],"_links":{"self":[{"href":"https:\/\/datos.bcs.gob.mx\/index.php?rest_route=\/wp\/v2\/pages\/5895"}],"collection":[{"href":"https:\/\/datos.bcs.gob.mx\/index.php?rest_route=\/wp\/v2\/pages"}],"about":[{"href":"https:\/\/datos.bcs.gob.mx\/index.php?rest_route=\/wp\/v2\/types\/page"}],"author":[{"embeddable":true,"href":"https:\/\/datos.bcs.gob.mx\/index.php?rest_route=\/wp\/v2\/users\/1"}],"replies":[{"embeddable":true,"href":"https:\/\/datos.bcs.gob.mx\/index.php?rest_route=%2Fwp%2Fv2%2Fcomments&post=5895"}],"version-history":[{"count":19,"href":"https:\/\/datos.bcs.gob.mx\/index.php?rest_route=\/wp\/v2\/pages\/5895\/revisions"}],"predecessor-version":[{"id":5908,"href":"https:\/\/datos.bcs.gob.mx\/index.php?rest_route=\/wp\/v2\/pages\/5895\/revisions\/5908"}],"wp:attachment":[{"href":"https:\/\/datos.bcs.gob.mx\/index.php?rest_route=%2Fwp%2Fv2%2Fmedia&parent=5895"}],"curies":[{"name":"wp","href":"https:\/\/api.w.org\/{rel}","templated":true}]}}