{"id":5887,"date":"2018-09-17T16:47:55","date_gmt":"2018-09-17T22:47:55","guid":{"rendered":"http:\/\/datos.bcs.gob.mx\/?page_id=5887"},"modified":"2018-10-29T14:58:17","modified_gmt":"2018-10-29T20:58:17","slug":"padron-principales-causas-egresos-hospitalarios-en-2016","status":"publish","type":"page","link":"https:\/\/datos.bcs.gob.mx\/?page_id=5887","title":{"rendered":"TOTAL DE EGRESOS HOSPITALARIOS DE 2016"},"content":{"rendered":"<p><\/br><br \/>\nTabla que comprende las principales causas de atenci\u00f3n hospitalaria en Baja California Sur.<br \/>\n<\/br><\/p>\n<div class=\"col-md-6\"><strong>Descargar<\/strong> <span class=\"glyphicon glyphicon-download-alt\"><\/span> <a class=\"btn btn-success btn-xs\" href=\"wp-content\/themes\/TemaSEPUIT\/assets\/images\/doc\/salud\/2016\/PADRON_Principales Causas de Egresos Hospitalarios SS 2016.xlsx\">xls<\/a> <a class=\"btn btn-primary btn-xs\" href=\"wp-content\/themes\/TemaSEPUIT\/assets\/images\/doc\/salud\/2016\/PADRON_Principales Causas de Egresos Hospitalarios SS 2016.csv\">csv<br \/>\n<\/a><\/div>\n<div style=\"padding-bottom:35px\" class=\"col-md-6\"><strong>Diccionario Descargar<\/strong> <span class=\"glyphicon glyphicon-download-alt\"><\/span>  <a class=\"btn btn-success btn-xs\" href=\"wp-content\/themes\/TemaSEPUIT\/assets\/images\/doc\/salud\/2016\/DICCIONARIO_Principales Causas de Egresos Hospitalarios SS 2016.xlsx\">xls<\/a> <a class=\"btn btn-primary btn-xs\" href=\"wp-content\/themes\/TemaSEPUIT\/assets\/images\/doc\/salud\/2016\/DICCIONARIO_Principales Causas de Egresos Hospitalarios SS 2016.csv\">csv<\/a><\/div>\n<p style=\"text-align: center;\"><span style=\"font-size: 16px;\"><strong>Metadato<\/strong><\/span><\/p>\n<table class=\"table table-striped\" width=\"960\" cellspacing=\"0\" cellpadding=\"0\">\n<tbody>\n<tr>\n<td bgcolor=\"#CCCCCC\"><strong>Campo<\/strong><\/td>\n<td bgcolor=\"#CCCCCC\"><strong>Valor<\/strong><\/td>\n<\/tr>\n<tr>\n<td width=\"399\">T\u00edtulo<\/td>\n<td width=\"751\">Total de Egresos Hospitalarios 2016<\/td>\n<\/tr>\n<tr>\n<td width=\"399\">Descripci\u00f3n<\/td>\n<td width=\"751\">Tabla que comprende las principales causas de atenci\u00f3n hospitalaria en Baja California Sur.<\/td>\n<\/tr>\n<tr>\n<td width=\"399\">Etiquetas<\/td>\n<td width=\"751\">Egresos, baja california sur,    motivo, morbilidad<\/td>\n<\/tr>\n<tr>\n<td width=\"399\">Publicado<\/td>\n<td width=\"751\">&nbsp;<\/td>\n<\/tr>\n<tr>\n<td width=\"399\">Frecuencia    de Actualizaci\u00f3n<\/td>\n<td width=\"751\">Anual<\/td>\n<\/tr>\n<tr>\n<td width=\"399\">\u00daltima    modificaci\u00f3n<\/td>\n<td width=\"751\">&nbsp;<\/td>\n<\/tr>\n<tr>\n<td width=\"399\">Tema<\/td>\n<td width=\"751\">Salud<\/td>\n<\/tr>\n<tr>\n<td width=\"399\">Nombre    del Publicador<\/td>\n<td width=\"751\">Secretar\u00eda de Salud en Baja    California Sur<\/td>\n<\/tr>\n<tr>\n<td width=\"399\">Contacto<\/td>\n<td width=\"751\">Lic. Selene Marisol Ortega    Castro<\/td>\n<\/tr>\n<tr>\n<td width=\"399\">Correo    electr\u00f3nico <\/td>\n<td width=\"751\"><a href=\"mailto:selene.ortega@saludbcs.gob.mx\">selene.ortega@saludbcs.gob.mx<\/a><\/td>\n<\/tr>\n<tr>\n<td width=\"399\">Identificador    \u00fanico del documento en el cat\u00e1logo de la entidad. <\/td>\n<td width=\"751\">BCS-ISSBCS-017<\/td>\n<\/tr>\n<tr>\n<td width=\"399\">Nivel    de acceso. <\/td>\n<td width=\"751\">P\u00fablico<\/td>\n<\/tr>\n<\/table>\n","protected":false},"excerpt":{"rendered":"<p>Tabla que comprende las principales causas de atenci\u00f3n hospitalaria en Baja California Sur. Descargar xls csv Diccionario Descargar xls csv Metadato Campo Valor T\u00edtulo Total de Egresos Hospitalarios 2016 Descripci\u00f3n Tabla que comprende las principales causas de atenci\u00f3n hospitalaria en Baja California Sur. Etiquetas Egresos, baja california sur, motivo, morbilidad Publicado &nbsp; Frecuencia de Actualizaci\u00f3n &hellip; <a href=\"https:\/\/datos.bcs.gob.mx\/?page_id=5887\">Continued<\/a><\/p>\n","protected":false},"author":1,"featured_media":0,"parent":0,"menu_order":0,"comment_status":"closed","ping_status":"closed","template":"templates\/barra.php","meta":{"_acf_changed":false,"footnotes":"","_links_to":"","_links_to_target":""},"class_list":["post-5887","page","type-page","status-publish","hentry","catalogo_de_datos-salud"],"acf":[],"_links":{"self":[{"href":"https:\/\/datos.bcs.gob.mx\/index.php?rest_route=\/wp\/v2\/pages\/5887"}],"collection":[{"href":"https:\/\/datos.bcs.gob.mx\/index.php?rest_route=\/wp\/v2\/pages"}],"about":[{"href":"https:\/\/datos.bcs.gob.mx\/index.php?rest_route=\/wp\/v2\/types\/page"}],"author":[{"embeddable":true,"href":"https:\/\/datos.bcs.gob.mx\/index.php?rest_route=\/wp\/v2\/users\/1"}],"replies":[{"embeddable":true,"href":"https:\/\/datos.bcs.gob.mx\/index.php?rest_route=%2Fwp%2Fv2%2Fcomments&post=5887"}],"version-history":[{"count":9,"href":"https:\/\/datos.bcs.gob.mx\/index.php?rest_route=\/wp\/v2\/pages\/5887\/revisions"}],"predecessor-version":[{"id":7312,"href":"https:\/\/datos.bcs.gob.mx\/index.php?rest_route=\/wp\/v2\/pages\/5887\/revisions\/7312"}],"wp:attachment":[{"href":"https:\/\/datos.bcs.gob.mx\/index.php?rest_route=%2Fwp%2Fv2%2Fmedia&parent=5887"}],"curies":[{"name":"wp","href":"https:\/\/api.w.org\/{rel}","templated":true}]}}