{"id":5883,"date":"2018-09-17T16:41:27","date_gmt":"2018-09-17T22:41:27","guid":{"rendered":"http:\/\/datos.bcs.gob.mx\/?page_id=5883"},"modified":"2018-10-29T16:25:12","modified_gmt":"2018-10-29T22:25:12","slug":"padron-consultas-medicas-en-2016-municipio","status":"publish","type":"page","link":"https:\/\/datos.bcs.gob.mx\/?page_id=5883","title":{"rendered":"TOTAL DE CONSULTAS POR MUNICIPIOS  DE 2016"},"content":{"rendered":"<p><\/br><br \/>\nTabla de consultas m\u00e9dicas otorgadas en las Unidades M\u00e9dicas del Estado de Baja California Sur.<br \/>\n<\/br><\/p>\n<div class=\"col-md-6\"><strong>Descargar<\/strong> <span class=\"glyphicon glyphicon-download-alt\"><\/span> <a class=\"btn btn-success btn-xs\" href=\"wp-content\/themes\/TemaSEPUIT\/assets\/images\/doc\/salud\/2016\/PADRON_Total de Consulta por Municipio 2016 (003).xlsx\">xls<\/a> <a class=\"btn btn-primary btn-xs\" href=\"wp-content\/themes\/TemaSEPUIT\/assets\/images\/doc\/salud\/2016\/PADRON_Total de Consulta por Municipio 2016 (003).csv\">csv<br \/>\n<\/a><\/div>\n<div style=\"padding-bottom:35px\" class=\"col-md-6\">Diccionario Descargar <span class=\"glyphicon glyphicon-download-alt\"><\/span>  <a class=\"btn btn-success btn-xs\" href=\"wp-content\/themes\/TemaSEPUIT\/assets\/images\/doc\/salud\/2016\/DICCIONARIO_Total de Consulta por Municipio 2016 (003).xlsx\">xls<\/a> <a class=\"btn btn-primary btn-xs\" href=\"wp-content\/themes\/TemaSEPUIT\/assets\/images\/doc\/salud\/2016\/DICCIONARIO_Total de Consulta por Municipio 2016 (003).csv\">csv<\/a><\/div>\n<p style=\"text-align: center;\"><span style=\"font-size: 16px;\"><strong>Metadato<\/strong><\/span><\/p>\n<table class=\"table table-striped\" width=\"960\" cellspacing=\"0\" cellpadding=\"0\">\n<tbody>\n<tr>\n<td bgcolor=\"#CCCCCC\"><strong>Campo<\/strong><\/td>\n<td bgcolor=\"#CCCCCC\"><strong>Valor<\/strong><\/td>\n<\/tr>\n<tr>\n<td width=\"423\">T\u00edtulo<\/td>\n<td width=\"634\">Total de Consultas por Municipios  de  2016<\/td>\n<\/tr>\n<tr>\n<td width=\"423\">Descripci\u00f3n<\/td>\n<td width=\"634\">Tabla de consultas m\u00e9dicas  otorgadas en las Unidades M\u00e9dicas del Estado de Baja California Sur.<\/td>\n<\/tr>\n<tr>\n<td width=\"423\">Etiquetas<\/td>\n<td width=\"634\">Consultas, baja california sur.<\/td>\n<\/tr>\n<tr>\n<td width=\"423\">Publicado<\/td>\n<td width=\"634\">&nbsp;<\/td>\n<\/tr>\n<tr>\n<td width=\"423\">Frecuencia    de Actualizaci\u00f3n<\/td>\n<td width=\"634\">Anual<\/td>\n<\/tr>\n<tr>\n<td width=\"423\">\u00daltima    modificaci\u00f3n<\/td>\n<td width=\"634\">&nbsp;<\/td>\n<\/tr>\n<tr>\n<td width=\"423\">Tema<\/td>\n<td width=\"634\">Salud<\/td>\n<\/tr>\n<tr>\n<td width=\"423\">Nombre    del Publicador<\/td>\n<td width=\"634\">Secretar\u00eda de Salud en Baja    California Sur<\/td>\n<\/tr>\n<tr>\n<td width=\"423\">Contacto<\/td>\n<td width=\"634\">Lic. Selene Marisol Ortega    Castro<\/td>\n<\/tr>\n<tr>\n<td width=\"423\">Correo    electr\u00f3nico <\/td>\n<td width=\"634\"><a href=\"mailto:selene.ortega@saludbcs.gob.mx\">selene.ortega@saludbcs.gob.mx<\/a><\/td>\n<\/tr>\n<tr>\n<td width=\"423\">Identificador    \u00fanico del documento en el cat\u00e1logo de la entidad. <\/td>\n<td width=\"634\">BCS-ISSBCS-015<\/td>\n<\/tr>\n<tr>\n<td width=\"423\">Nivel    de acceso. <\/td>\n<td width=\"634\">P\u00fablico<\/td>\n<\/tr>\n<\/table>\n","protected":false},"excerpt":{"rendered":"<p>Tabla de consultas m\u00e9dicas otorgadas en las Unidades M\u00e9dicas del Estado de Baja California Sur. Descargar xls csv Diccionario Descargar xls csv Metadato Campo Valor T\u00edtulo Total de Consultas por Municipios de 2016 Descripci\u00f3n Tabla de consultas m\u00e9dicas otorgadas en las Unidades M\u00e9dicas del Estado de Baja California Sur. Etiquetas Consultas, baja california sur. Publicado &hellip; <a href=\"https:\/\/datos.bcs.gob.mx\/?page_id=5883\">Continued<\/a><\/p>\n","protected":false},"author":1,"featured_media":0,"parent":0,"menu_order":0,"comment_status":"closed","ping_status":"closed","template":"templates\/barra.php","meta":{"_acf_changed":false,"footnotes":"","_links_to":"","_links_to_target":""},"class_list":["post-5883","page","type-page","status-publish","hentry","catalogo_de_datos-salud"],"acf":[],"_links":{"self":[{"href":"https:\/\/datos.bcs.gob.mx\/index.php?rest_route=\/wp\/v2\/pages\/5883"}],"collection":[{"href":"https:\/\/datos.bcs.gob.mx\/index.php?rest_route=\/wp\/v2\/pages"}],"about":[{"href":"https:\/\/datos.bcs.gob.mx\/index.php?rest_route=\/wp\/v2\/types\/page"}],"author":[{"embeddable":true,"href":"https:\/\/datos.bcs.gob.mx\/index.php?rest_route=\/wp\/v2\/users\/1"}],"replies":[{"embeddable":true,"href":"https:\/\/datos.bcs.gob.mx\/index.php?rest_route=%2Fwp%2Fv2%2Fcomments&post=5883"}],"version-history":[{"count":7,"href":"https:\/\/datos.bcs.gob.mx\/index.php?rest_route=\/wp\/v2\/pages\/5883\/revisions"}],"predecessor-version":[{"id":7313,"href":"https:\/\/datos.bcs.gob.mx\/index.php?rest_route=\/wp\/v2\/pages\/5883\/revisions\/7313"}],"wp:attachment":[{"href":"https:\/\/datos.bcs.gob.mx\/index.php?rest_route=%2Fwp%2Fv2%2Fmedia&parent=5883"}],"curies":[{"name":"wp","href":"https:\/\/api.w.org\/{rel}","templated":true}]}}