{"id":5833,"date":"2018-09-17T12:35:16","date_gmt":"2018-09-17T18:35:16","guid":{"rendered":"http:\/\/datos.bcs.gob.mx\/?page_id=5833"},"modified":"2018-10-29T14:33:50","modified_gmt":"2018-10-29T20:33:50","slug":"padron-en-establecimientos-en-salud-2018","status":"publish","type":"page","link":"https:\/\/datos.bcs.gob.mx\/?page_id=5833","title":{"rendered":"CAT\u00c1LOGO DE ESTABLECIMIENTOS EN SALUD 2018"},"content":{"rendered":"<p><\/br><br \/>\nListado de Establecimientos en Salud en Baja California Sur, de la Secretar\u00eda de Salud 2018<br \/>\n<\/br><\/p>\n<div class=\"col-md-6\"><strong>Descargar<\/strong> <span class=\"glyphicon glyphicon-download-alt\"><\/span> <a class=\"btn btn-success btn-xs\" href=\"wp-content\/themes\/TemaSEPUIT\/assets\/images\/doc\/salud\/2018\/PADRON_ESTABLECIMIENTOS.xls\">xls<\/a> <a class=\"btn btn-primary btn-xs\" href=\"wp-content\/themes\/TemaSEPUIT\/assets\/images\/doc\/salud\/2018\/PADRON_ESTABLECIMIENTOS.csv\">csv<br \/>\n<\/a><\/div>\n<div style=\"padding-bottom:35px\" class=\"col-md-6\"><strong>Diccionario Descargar<\/strong> <span class=\"glyphicon glyphicon-download-alt\"><\/span>  <a class=\"btn btn-success btn-xs\" href=\"wp-content\/themes\/TemaSEPUIT\/assets\/images\/doc\/salud\/2018\/DICCIONARIO_ESTABLECIMIENTOS.xls\">xls<\/a> <a class=\"btn btn-primary btn-xs\" href=\"wp-content\/themes\/TemaSEPUIT\/assets\/images\/doc\/salud\/2018\/DICCIONARIO_ESTABLECIMIENTOS.csv\">csv<\/a><\/div>\n<p style=\"text-align: center;\"><span style=\"font-size: 16px;\"><strong>Metadato<\/strong><\/span><\/p>\n<table class=\"table table-striped\" width=\"960\" cellspacing=\"0\" cellpadding=\"0\">\n<tbody>\n<tr>\n<td bgcolor=\"#CCCCCC\"><strong>Campo<\/strong><\/td>\n<td bgcolor=\"#CCCCCC\"><strong>Valor<\/strong><\/td>\n<\/tr>\n<tr>\n<td width=\"381\">T\u00edtulo<\/td>\n<td width=\"655\">Cat\u00e1logo de Establecimientos en salud 2018.<\/td>\n<\/tr>\n<tr>\n<td width=\"381\">Descripci\u00f3n<\/td>\n<td width=\"655\">Listado de Establecimientos en    Salud en Baja California Sur de la Secretar\u00eda de Salud 2018<\/td>\n<\/tr>\n<tr>\n<td width=\"381\">Etiquetas<\/td>\n<td width=\"655\">Unidad m\u00e9dica, establecimiento    en salud<\/td>\n<\/tr>\n<tr>\n<td width=\"381\">Publicado<\/td>\n<td width=\"655\">&nbsp;<\/td>\n<\/tr>\n<tr>\n<td width=\"381\">Frecuencia    de Actualizaci\u00f3n<\/td>\n<td width=\"655\">Anual<\/td>\n<\/tr>\n<tr>\n<td width=\"381\">\u00daltima    modificaci\u00f3n<\/td>\n<td width=\"655\">&nbsp;<\/td>\n<\/tr>\n<tr>\n<td width=\"381\">Tema<\/td>\n<td width=\"655\">Salud<\/td>\n<\/tr>\n<tr>\n<td width=\"381\">Nombre    del Publicador<\/td>\n<td width=\"655\">Secretar\u00eda de Salud en Baja    California Sur<\/td>\n<\/tr>\n<tr>\n<td width=\"381\">Contacto<\/td>\n<td width=\"655\">Lic. Selene Marisol Ortega    Castro<\/td>\n<\/tr>\n<tr>\n<td width=\"381\">Correo    electr\u00f3nico\u00a0<\/td>\n<td width=\"655\"><a href=\"mailto:selene.ortega@saludbcs.gob.mx\">selene.ortega@saludbcs.gob.mx<\/a><\/td>\n<\/tr>\n<tr>\n<td width=\"381\">Identificador    \u00fanico del documento en el cat\u00e1logo de la entidad.\u00a0<\/td>\n<td width=\"655\">BCS-ISSBCS-009<\/td>\n<\/tr>\n<tr>\n<td width=\"381\">Nivel    de acceso.\u00a0<\/td>\n<td width=\"655\">P\u00fablico<\/td>\n<\/tr>\n<\/table>\n","protected":false},"excerpt":{"rendered":"<p>Listado de Establecimientos en Salud en Baja California Sur, de la Secretar\u00eda de Salud 2018 Descargar xls csv Diccionario Descargar xls csv Metadato Campo Valor T\u00edtulo Cat\u00e1logo de Establecimientos en salud 2018. Descripci\u00f3n Listado de Establecimientos en Salud en Baja California Sur de la Secretar\u00eda de Salud 2018 Etiquetas Unidad m\u00e9dica, establecimiento en salud Publicado &hellip; <a href=\"https:\/\/datos.bcs.gob.mx\/?page_id=5833\">Continued<\/a><\/p>\n","protected":false},"author":1,"featured_media":0,"parent":0,"menu_order":0,"comment_status":"closed","ping_status":"closed","template":"templates\/barra.php","meta":{"_acf_changed":false,"footnotes":"","_links_to":"","_links_to_target":""},"class_list":["post-5833","page","type-page","status-publish","hentry","catalogo_de_datos-salud"],"acf":[],"_links":{"self":[{"href":"https:\/\/datos.bcs.gob.mx\/index.php?rest_route=\/wp\/v2\/pages\/5833"}],"collection":[{"href":"https:\/\/datos.bcs.gob.mx\/index.php?rest_route=\/wp\/v2\/pages"}],"about":[{"href":"https:\/\/datos.bcs.gob.mx\/index.php?rest_route=\/wp\/v2\/types\/page"}],"author":[{"embeddable":true,"href":"https:\/\/datos.bcs.gob.mx\/index.php?rest_route=\/wp\/v2\/users\/1"}],"replies":[{"embeddable":true,"href":"https:\/\/datos.bcs.gob.mx\/index.php?rest_route=%2Fwp%2Fv2%2Fcomments&post=5833"}],"version-history":[{"count":11,"href":"https:\/\/datos.bcs.gob.mx\/index.php?rest_route=\/wp\/v2\/pages\/5833\/revisions"}],"predecessor-version":[{"id":7301,"href":"https:\/\/datos.bcs.gob.mx\/index.php?rest_route=\/wp\/v2\/pages\/5833\/revisions\/7301"}],"wp:attachment":[{"href":"https:\/\/datos.bcs.gob.mx\/index.php?rest_route=%2Fwp%2Fv2%2Fmedia&parent=5833"}],"curies":[{"name":"wp","href":"https:\/\/api.w.org\/{rel}","templated":true}]}}