{"id":5709,"date":"2018-09-15T10:18:02","date_gmt":"2018-09-15T16:18:02","guid":{"rendered":"http:\/\/datos.bcs.gob.mx\/?page_id=5709"},"modified":"2019-01-24T16:40:31","modified_gmt":"2019-01-24T22:40:31","slug":"padron-matrimonio-2017","status":"publish","type":"page","link":"https:\/\/datos.bcs.gob.mx\/?page_id=5709","title":{"rendered":"Matrimonios por Municipios 2008-2017"},"content":{"rendered":"<p><\/br><br \/>\nRegistros de matrimonios por a\u00f1o, municipio y oficialia  en Baja California    Sur<br \/>\n<\/br><\/p>\n<div class=\"col-md-6\">\n<strong>Descargar<\/strong>  <span class=\"glyphicon glyphicon-download-alt\"> <\/span> <a class=\"btn btn-success btn-xs\" href=\"wp-content\/themes\/TemaSEPUIT\/assets\/images\/doc\/desarrollo\/reg_civil\/2008-2017\/PADRON_MATRIMONIOS.xls\">xls<\/a> <a class=\"btn btn-primary btn-xs\" href=\"wp-content\/themes\/TemaSEPUIT\/assets\/images\/doc\/desarrollo\/reg_civil\/2008-2017\/PADRON_MATRIMONIOS.csv\">csv<br \/>\n<\/a>\n<\/div>\n<div style=\"padding-bottom:35px\" class=\"col-md-6\">\n<strong>Diccionario Descargar<\/strong>  <span class=\"glyphicon glyphicon-download-alt\"> <\/span> <a class=\"btn btn-success btn-xs\" href=\"wp-content\/themes\/TemaSEPUIT\/assets\/images\/doc\/desarrollo\/reg_civil\/2008-2017\/DICCIONARIO_MATRIMONIOS.xls\">xls<\/a> <a class=\"btn btn-primary btn-xs\" href=\"wp-content\/themes\/TemaSEPUIT\/assets\/images\/doc\/desarrollo\/reg_civil\/2008-2017\/DICCIONARIO_MATRIMONIOS.csv\">csv<br \/>\n<\/a>\n<\/div>\n<p style=\"text-align: center;\"><span style=\"font-size: 16px;\"><strong>Metadato<\/strong><\/span><\/p>\n<table class=\"table table-striped\" cellspacing=\"0\" cellpadding=\"0\">\n<col width=\"435\">\n<col width=\"545\">\n<tr>\n<td bgcolor=\"#CCCCCC\"><strong>Campo<\/strong><\/td>\n<td bgcolor=\"#CCCCCC\"><strong>Valor<\/strong><\/td>\n<\/tr>\n<tr>\n<td>T\u00edtulo<\/td>\n<td>Padr\u00f3n de Matrimonios por Municipios 2008-2017<\/td>\n<\/tr>\n<tr>\n<td>Descripci\u00f3n<\/td>\n<td>Registros de matrimonio por a\u00f1o, municipio y oficialia en Baja California    Sur<\/td>\n<\/tr>\n<tr>\n<td>Etiquetas<\/td>\n<td>&quot;Matrimonios,Registros,Municipio,Oficialia,A\u00f1o&rdquo;.<\/td>\n<\/tr>\n<tr>\n<td>Publicado<\/td>\n<td>01\/01\/2018,\u00a0 11:03:00 HRS<\/td>\n<\/tr>\n<tr>\n<td>Frecuencia de Actualizaci\u00f3n<\/td>\n<td>Anual<\/td>\n<\/tr>\n<tr>\n<td>\u00daltima modificaci\u00f3n<\/td>\n<td>01\/01\/2018,\u00a0 11:03:00 HRS<\/td>\n<\/tr>\n<tr>\n<td>Tema<\/td>\n<td>Estadistica<\/td>\n<\/tr>\n<tr>\n<td>Nombre del Publicador<\/td>\n<td>Direcci\u00f3n Estatal del Registro Civil<\/td>\n<\/tr>\n<tr>\n<td>Contacto<\/td>\n<td>Jes\u00fas Trujillo S\u00e1nchez<\/td>\n<\/tr>\n<tr>\n<td>Correo electr\u00f3nico\u00a0<\/td>\n<td>jesus.trujillo@bcs.gob.mx<\/td>\n<\/tr>\n<tr>\n<td>Identificador \u00fanico del documento en el    cat\u00e1logo de la entidad.\u00a0<\/td>\n<td>BCS-DRC-S001<\/td>\n<\/tr>\n<tr>\n<td>Nivel de acceso.\u00a0<\/td>\n<td>P\u00fablico<\/td>\n<\/tr>\n<\/table>\n<p><\/body><\/p>\n","protected":false},"excerpt":{"rendered":"<p>Registros de matrimonios por a\u00f1o, municipio y oficialia en Baja California Sur Descargar xls csv Diccionario Descargar xls csv Metadato Campo Valor T\u00edtulo Padr\u00f3n de Matrimonios por Municipios 2008-2017 Descripci\u00f3n Registros de matrimonio por a\u00f1o, municipio y oficialia en Baja California Sur Etiquetas &quot;Matrimonios,Registros,Municipio,Oficialia,A\u00f1o&rdquo;. Publicado 01\/01\/2018,\u00a0 11:03:00 HRS Frecuencia de Actualizaci\u00f3n Anual \u00daltima modificaci\u00f3n 01\/01\/2018,\u00a0 &hellip; <a href=\"https:\/\/datos.bcs.gob.mx\/?page_id=5709\">Continued<\/a><\/p>\n","protected":false},"author":1,"featured_media":0,"parent":0,"menu_order":0,"comment_status":"closed","ping_status":"closed","template":"templates\/barra.php","meta":{"_acf_changed":false,"footnotes":"","_links_to":"","_links_to_target":""},"class_list":["post-5709","page","type-page","status-publish","hentry","catalogo_de_datos-registro-civil"],"acf":[],"_links":{"self":[{"href":"https:\/\/datos.bcs.gob.mx\/index.php?rest_route=\/wp\/v2\/pages\/5709"}],"collection":[{"href":"https:\/\/datos.bcs.gob.mx\/index.php?rest_route=\/wp\/v2\/pages"}],"about":[{"href":"https:\/\/datos.bcs.gob.mx\/index.php?rest_route=\/wp\/v2\/types\/page"}],"author":[{"embeddable":true,"href":"https:\/\/datos.bcs.gob.mx\/index.php?rest_route=\/wp\/v2\/users\/1"}],"replies":[{"embeddable":true,"href":"https:\/\/datos.bcs.gob.mx\/index.php?rest_route=%2Fwp%2Fv2%2Fcomments&post=5709"}],"version-history":[{"count":14,"href":"https:\/\/datos.bcs.gob.mx\/index.php?rest_route=\/wp\/v2\/pages\/5709\/revisions"}],"predecessor-version":[{"id":7572,"href":"https:\/\/datos.bcs.gob.mx\/index.php?rest_route=\/wp\/v2\/pages\/5709\/revisions\/7572"}],"wp:attachment":[{"href":"https:\/\/datos.bcs.gob.mx\/index.php?rest_route=%2Fwp%2Fv2%2Fmedia&parent=5709"}],"curies":[{"name":"wp","href":"https:\/\/api.w.org\/{rel}","templated":true}]}}