{"id":5707,"date":"2018-09-15T10:16:48","date_gmt":"2018-09-15T16:16:48","guid":{"rendered":"http:\/\/datos.bcs.gob.mx\/?page_id=5707"},"modified":"2018-12-10T15:20:52","modified_gmt":"2018-12-10T21:20:52","slug":"padron-nacimientos-2017","status":"publish","type":"page","link":"https:\/\/datos.bcs.gob.mx\/?page_id=5707","title":{"rendered":"NACIMIENTOS POR MUNICIPIOS 2008-2017"},"content":{"rendered":"<p><\/br><br \/>\nRegistros de nacimiento por a\u00f1o, municipio y oficialia en Baja California Sur<br \/>\n<\/br><\/p>\n<div class=\"col-md-6\"><strong>Descargar<\/strong> <span class=\"glyphicon glyphicon-download-alt\"><\/span> <a class=\"btn btn-success btn-xs\" href=\"wp-content\/themes\/TemaSEPUIT\/assets\/images\/doc\/desarrollo\/reg_civil\/2008-2017\/PADRON_NACIMIENTOS.xls\">xls<\/a> <a class=\"btn btn-primary btn-xs\" href=\"wp-content\/themes\/TemaSEPUIT\/assets\/images\/doc\/desarrollo\/reg_civil\/2008-2017\/PADRON_NACIMIENTOS.csv\">csv<br \/>\n<\/a><\/div>\n<div style=\"padding-bottom:35px\" class=\"col-md-6\"><strong>Diccionario Descargar<\/strong> <span class=\"glyphicon glyphicon-download-alt\"><\/span>  <a class=\"btn btn-success btn-xs\" href=\"wp-content\/themes\/TemaSEPUIT\/assets\/images\/doc\/desarrollo\/reg_civil\/2008-2017\/DICCIONARIO_NACIMIENTOS.xls\">xls<\/a> <a class=\"btn btn-primary btn-xs\" href=\"wp-content\/themes\/TemaSEPUIT\/assets\/images\/doc\/desarrollo\/reg_civil\/2008-2017\/DICCIONARIO_NACIMIENTOS.csv\">csv<\/a><\/div>\n<p style=\"text-align: center;\"><span style=\"font-size: 16px;\"><strong>Metadato<\/strong><\/span><\/p>\n<table class=\"table table-striped\" width=\"960\" cellspacing=\"0\" cellpadding=\"0\">\n<tbody>\n<tr>\n<td bgcolor=\"#CCCCCC\"><strong>Campo<\/strong><\/td>\n<td bgcolor=\"#CCCCCC\"><strong>Valor<\/strong><\/td>\n<\/tr>\n<tr>\n<td>T\u00edtulo<\/td>\n<td>Padr\u00f3n de Nacimientos por Municipios 2008-2017<\/td>\n<\/tr>\n<tr>\n<td>Descripci\u00f3n<\/td>\n<td>Registros de nacimiento por a\u00f1o, municipio y oficialia en Baja California Sur<\/td>\n<\/tr>\n<tr>\n<td>Etiquetas<\/td>\n<td>&#8220;Nacimientos,Registros,Municipio,Oficialia,A\u00f1o&#8221;.<\/td>\n<\/tr>\n<tr>\n<td>Publicado<\/td>\n<td>01\/01\/2018, 11:03:00 HRS<\/td>\n<\/tr>\n<tr>\n<td>Frecuencia de Actualizaci\u00f3n<\/td>\n<td>Anual<\/td>\n<\/tr>\n<tr>\n<td>\u00daltima modificaci\u00f3n<\/td>\n<td>01\/01\/2018, 11:03:00 HRS<\/td>\n<\/tr>\n<tr>\n<td>Tema<\/td>\n<td>Estadistica<\/td>\n<\/tr>\n<tr>\n<td>Nombre del Publicador<\/td>\n<td>Direcci\u00f3n Estatal del Registro Civil<\/td>\n<\/tr>\n<tr>\n<td>Contacto<\/td>\n<td>Jes\u00fas Trujillo S\u00e1nchez<\/td>\n<\/tr>\n<tr>\n<td>Correo electr\u00f3nico<\/td>\n<td>jesus.trujillo@bcs.gob.mx<\/td>\n<\/tr>\n<tr>\n<td>Identificador \u00fanico del documento en el cat\u00e1logo de la entidad.<\/td>\n<td>BCS-DRC-S001<\/td>\n<\/tr>\n<tr>\n<td>Nivel de acceso.<\/td>\n<td>P\u00fablico<\/td>\n<\/tr>\n<tr>\n<td><\/td>\n<td><\/td>\n<\/tr>\n<\/tbody>\n<\/table>\n","protected":false},"excerpt":{"rendered":"<p>Registros de nacimiento por a\u00f1o, municipio y oficialia en Baja California Sur Descargar xls csv Diccionario Descargar xls csv Metadato Campo Valor T\u00edtulo Padr\u00f3n de Nacimientos por Municipios 2008-2017 Descripci\u00f3n Registros de nacimiento por a\u00f1o, municipio y oficialia en Baja California Sur Etiquetas &#8220;Nacimientos,Registros,Municipio,Oficialia,A\u00f1o&#8221;. Publicado 01\/01\/2018, 11:03:00 HRS Frecuencia de Actualizaci\u00f3n Anual \u00daltima modificaci\u00f3n 01\/01\/2018, &hellip; <a href=\"https:\/\/datos.bcs.gob.mx\/?page_id=5707\">Continued<\/a><\/p>\n","protected":false},"author":1,"featured_media":0,"parent":0,"menu_order":0,"comment_status":"closed","ping_status":"closed","template":"templates\/barra.php","meta":{"_acf_changed":false,"footnotes":"","_links_to":"","_links_to_target":""},"class_list":["post-5707","page","type-page","status-publish","hentry","catalogo_de_datos-registro-civil"],"acf":[],"_links":{"self":[{"href":"https:\/\/datos.bcs.gob.mx\/index.php?rest_route=\/wp\/v2\/pages\/5707"}],"collection":[{"href":"https:\/\/datos.bcs.gob.mx\/index.php?rest_route=\/wp\/v2\/pages"}],"about":[{"href":"https:\/\/datos.bcs.gob.mx\/index.php?rest_route=\/wp\/v2\/types\/page"}],"author":[{"embeddable":true,"href":"https:\/\/datos.bcs.gob.mx\/index.php?rest_route=\/wp\/v2\/users\/1"}],"replies":[{"embeddable":true,"href":"https:\/\/datos.bcs.gob.mx\/index.php?rest_route=%2Fwp%2Fv2%2Fcomments&post=5707"}],"version-history":[{"count":51,"href":"https:\/\/datos.bcs.gob.mx\/index.php?rest_route=\/wp\/v2\/pages\/5707\/revisions"}],"predecessor-version":[{"id":7490,"href":"https:\/\/datos.bcs.gob.mx\/index.php?rest_route=\/wp\/v2\/pages\/5707\/revisions\/7490"}],"wp:attachment":[{"href":"https:\/\/datos.bcs.gob.mx\/index.php?rest_route=%2Fwp%2Fv2%2Fmedia&parent=5707"}],"curies":[{"name":"wp","href":"https:\/\/api.w.org\/{rel}","templated":true}]}}