{"id":5703,"date":"2018-09-15T09:40:23","date_gmt":"2018-09-15T15:40:23","guid":{"rendered":"http:\/\/datos.bcs.gob.mx\/?page_id=5703"},"modified":"2018-10-29T14:39:05","modified_gmt":"2018-10-29T20:39:05","slug":"mortalidad-2017","status":"publish","type":"page","link":"https:\/\/datos.bcs.gob.mx\/?page_id=5703","title":{"rendered":"10 PRINCIPALES CAUSA DE MORTALIDAD, POR MUNICIPIOS DE 2015"},"content":{"rendered":"<p><\/br><br \/>\nTabla de causas de fallecimiento presentadas en la poblaci\u00f3n de Baja California Sur, durante el a\u00f1o 2015,    Estatal y por Municipio<br \/>\n<\/br><\/p>\n<div class=\"col-md-6\"><strong>Descargar<\/strong> <span class=\"glyphicon glyphicon-download-alt\"><\/span> <a class=\"btn btn-success btn-xs\" href=\"wp-content\/themes\/TemaSEPUIT\/assets\/images\/doc\/salud\/2015\/PADRON_MORTALIDAD.xls\">xls<\/a> <a class=\"btn btn-primary btn-xs\" href=\"wp-content\/themes\/TemaSEPUIT\/assets\/images\/doc\/salud\/2015\/PADRON_MORTALIDAD.csv\">csv<br \/>\n<\/a><\/div>\n<div style=\"padding-bottom:35px\" class=\"col-md-6\"><strong>Diccionario Descargar<strong> <span class=\"glyphicon glyphicon-download-alt\"><\/span>  <a class=\"btn btn-success btn-xs\" href=\"wp-content\/themes\/TemaSEPUIT\/assets\/images\/doc\/salud\/2015\/DICCIONARIO_MORTALIDAD.xls\">xls<\/a> <a class=\"btn btn-primary btn-xs\" href=\"wp-content\/themes\/TemaSEPUIT\/assets\/images\/doc\/salud\/2015\/DICCIONARIO_MORTALIDAD.csv\">csv<\/a><\/div>\n<p style=\"text-align: center;\"><span style=\"font-size: 16px;\"><strong>Metadato<\/strong><\/span><\/p>\n<table class=\"table table-striped\" width=\"960\" cellspacing=\"0\" cellpadding=\"0\">\n<tbody>\n<tr>\n<td bgcolor=\"#CCCCCC\"><strong>Campo<\/strong><\/td>\n<td bgcolor=\"#CCCCCC\"><strong>Valor<\/strong><\/td>\n<\/tr>\n<tr>\n<td width=\"453\">T\u00edtulo<\/td>\n<td width=\"604\">10 Principales causas de  Mortalidad, por Municipios de 2015.<\/td>\n<\/tr>\n<tr>\n<td width=\"453\">Descripci\u00f3n<\/td>\n<td width=\"604\">Tabla de causas de fallecimiento    presentadas en la poblaci\u00f3n de Baja California Sur, durante el a\u00f1o 2015,    Estatal y por municipio.<\/td>\n<\/tr>\n<tr>\n<td width=\"453\">Etiquetas<\/td>\n<td width=\"604\">Mortalidad, padecimiento.<\/td>\n<\/tr>\n<tr>\n<td width=\"453\">Publicado<\/td>\n<td width=\"604\">&nbsp;<\/td>\n<\/tr>\n<tr>\n<td width=\"453\">Frecuencia    de Actualizaci\u00f3n<\/td>\n<td width=\"604\">Anual<\/td>\n<\/tr>\n<tr>\n<td width=\"453\">\u00daltima    modificaci\u00f3n<\/td>\n<td width=\"604\">&nbsp;<\/td>\n<\/tr>\n<tr>\n<td width=\"453\">Tema<\/td>\n<td width=\"604\">Salud<\/td>\n<\/tr>\n<tr>\n<td width=\"453\">Nombre    del Publicador<\/td>\n<td width=\"604\">Secretar\u00eda de Salud en Baja    California Sur.<\/td>\n<\/tr>\n<tr>\n<td width=\"453\">Contacto<\/td>\n<td width=\"604\">Lic. Selene Marisol Ortega    Castro<\/td>\n<\/tr>\n<tr>\n<td width=\"453\">Correo    electr\u00f3nico\u00a0<\/td>\n<td width=\"604\"><a href=\"mailto:selene.ortega@saludbcs.gob.mx\">selene.ortega@saludbcs.gob.mx<\/a><\/td>\n<\/tr>\n<tr>\n<td width=\"453\">Identificador    \u00fanico del documento en el cat\u00e1logo de la entidad.\u00a0<\/td>\n<td width=\"604\">BCS-ISSBCS-011<\/td>\n<\/tr>\n<tr>\n<td width=\"453\">Nivel    de acceso.\u00a0<\/td>\n<td width=\"604\">P\u00fablico<\/td>\n<\/tr>\n<\/table>\n","protected":false},"excerpt":{"rendered":"<p>Tabla de causas de fallecimiento presentadas en la poblaci\u00f3n de Baja California Sur, durante el a\u00f1o 2015, Estatal y por Municipio Descargar xls csv Diccionario Descargar xls csv Metadato Campo Valor T\u00edtulo 10 Principales causas de Mortalidad, por Municipios de 2015. Descripci\u00f3n Tabla de causas de fallecimiento presentadas en la poblaci\u00f3n de Baja California Sur, &hellip; <a href=\"https:\/\/datos.bcs.gob.mx\/?page_id=5703\">Continued<\/a><\/p>\n","protected":false},"author":1,"featured_media":0,"parent":0,"menu_order":0,"comment_status":"closed","ping_status":"closed","template":"templates\/barra.php","meta":{"_acf_changed":false,"footnotes":"","_links_to":"","_links_to_target":""},"class_list":["post-5703","page","type-page","status-publish","hentry","catalogo_de_datos-salud"],"acf":[],"_links":{"self":[{"href":"https:\/\/datos.bcs.gob.mx\/index.php?rest_route=\/wp\/v2\/pages\/5703"}],"collection":[{"href":"https:\/\/datos.bcs.gob.mx\/index.php?rest_route=\/wp\/v2\/pages"}],"about":[{"href":"https:\/\/datos.bcs.gob.mx\/index.php?rest_route=\/wp\/v2\/types\/page"}],"author":[{"embeddable":true,"href":"https:\/\/datos.bcs.gob.mx\/index.php?rest_route=\/wp\/v2\/users\/1"}],"replies":[{"embeddable":true,"href":"https:\/\/datos.bcs.gob.mx\/index.php?rest_route=%2Fwp%2Fv2%2Fcomments&post=5703"}],"version-history":[{"count":17,"href":"https:\/\/datos.bcs.gob.mx\/index.php?rest_route=\/wp\/v2\/pages\/5703\/revisions"}],"predecessor-version":[{"id":7306,"href":"https:\/\/datos.bcs.gob.mx\/index.php?rest_route=\/wp\/v2\/pages\/5703\/revisions\/7306"}],"wp:attachment":[{"href":"https:\/\/datos.bcs.gob.mx\/index.php?rest_route=%2Fwp%2Fv2%2Fmedia&parent=5703"}],"curies":[{"name":"wp","href":"https:\/\/api.w.org\/{rel}","templated":true}]}}