{"id":5701,"date":"2018-09-15T09:38:49","date_gmt":"2018-09-15T15:38:49","guid":{"rendered":"http:\/\/datos.bcs.gob.mx\/?page_id=5701"},"modified":"2018-12-10T15:12:08","modified_gmt":"2018-12-10T21:12:08","slug":"padron-divorcios-2017","status":"publish","type":"page","link":"https:\/\/datos.bcs.gob.mx\/?page_id=5701","title":{"rendered":"DIVORCIOS POR MUNICIPIOS  2008-2017"},"content":{"rendered":"<p><\/br><br \/>\nRegistros de Divorcio por a\u00f1o,    municipio y oficialia en Baja California Sur<br \/>\n<\/br><\/p>\n<div class=\"col-md-6\">\n<strong>Descargar<\/strong>  <span class=\"glyphicon glyphicon-download-alt\"> <\/span> <a class=\"btn btn-success btn-xs\" href=\"wp-content\/themes\/TemaSEPUIT\/assets\/images\/doc\/desarrollo\/reg_civil\/2008-2017\/PADRON_DIVORCIOS.xls\">xls<\/a> <a class=\"btn btn-primary btn-xs\" href=\"wp-content\/themes\/TemaSEPUIT\/assets\/images\/doc\/desarrollo\/reg_civil\/2008-2017\/PADRON_DIVORCIOS.csv\">csv<br \/>\n<\/a>\n<\/div>\n<div style=\"padding-bottom:35px\"class=\"col-md-6\">\n<strong>Diccionario Descargar<\/strong>  <span class=\"glyphicon glyphicon-download-alt\"> <\/span> <a class=\"btn btn-success btn-xs\" href=\"wp-content\/themes\/TemaSEPUIT\/assets\/images\/doc\/desarrollo\/reg_civil\/2008-2017\/DICCIONARIO_DIVORCIOS.xls\">xls<\/a> <a class=\"btn btn-primary btn-xs\" href=\"wp-content\/themes\/TemaSEPUIT\/assets\/images\/doc\/desarrollo\/reg_civil\/2008-2017\/DICCIONARIO_DIVORCIOS.csv\">csv<br \/>\n<\/a>\n<\/div>\n<p style=\"text-align: center;\"><span style=\"font-size: 16px;\"><strong>Metadato<\/strong><\/span><\/p>\n<table class=\"table table-striped\" cellspacing=\"0\" cellpadding=\"0\">\n<col width=\"435\">\n<col width=\"545\">\n<tr>\n<td bgcolor=\"#CCCCCC\"><strong>Campo<\/strong><\/td>\n<td bgcolor=\"#CCCCCC\"><strong>Valor<\/strong><\/td>\n<tr>\n<td width=\"532\">T\u00edtulo<\/td>\n<td width=\"532\">Padr\u00f3n de Divorcios por Municipios 2008-2017<\/td>\n<\/tr>\n<tr>\n<td width=\"532\">Descripci\u00f3n<\/td>\n<td width=\"532\">Registros de Divorcio por a\u00f1o,    municipio y oficialia en Baja California Sur<\/td>\n<\/tr>\n<tr>\n<td width=\"532\">Etiquetas<\/td>\n<td width=\"532\">&quot;Divorcios,Registros,Municipio, Oficialia,A\u00f1o&rdquo;.<\/td>\n<\/tr>\n<tr>\n<td width=\"532\">Publicado<\/td>\n<td width=\"532\">01\/01\/2018,\u00a0 11:03:00 HRS<\/td>\n<\/tr>\n<tr>\n<td width=\"532\">Frecuencia    de Actualizaci\u00f3n<\/td>\n<td width=\"532\">Anual<\/td>\n<\/tr>\n<tr>\n<td width=\"532\">\u00daltima    modificaci\u00f3n<\/td>\n<td width=\"532\">01\/01\/2018,\u00a0 11:03:00 HRS<\/td>\n<\/tr>\n<tr>\n<td width=\"532\">Tema<\/td>\n<td width=\"532\">Estadistica<\/td>\n<\/tr>\n<tr>\n<td width=\"532\">Nombre    del Publicador<\/td>\n<td width=\"532\">Direcci\u00f3n Estatal del Registro    Civil<\/td>\n<\/tr>\n<tr>\n<td width=\"532\">Contacto<\/td>\n<td width=\"532\">Jes\u00fas Trujillo S\u00e1nchez<\/td>\n<\/tr>\n<tr>\n<td width=\"532\">Correo    electr\u00f3nico\u00a0<\/td>\n<td width=\"532\"><a href=\"mailto:jesus.trujillo@bcs.gob.mx\">jesus.trujillo@bcs.gob.mx<\/a><\/td>\n<\/tr>\n<tr>\n<td width=\"532\">Identificador    \u00fanico del documento en el cat\u00e1logo de la entidad.\u00a0<\/td>\n<td width=\"532\">BCS-DRC-S001<\/td>\n<\/tr>\n<tr>\n<td width=\"532\">Nivel    de acceso.\u00a0<\/td>\n<td width=\"532\">P\u00fablico<\/td>\n<\/tr>\n<\/table>\n","protected":false},"excerpt":{"rendered":"<p>Registros de Divorcio por a\u00f1o, municipio y oficialia en Baja California Sur Descargar xls csv Diccionario Descargar xls csv Metadato Campo Valor T\u00edtulo Padr\u00f3n de Divorcios por Municipios 2008-2017 Descripci\u00f3n Registros de Divorcio por a\u00f1o, municipio y oficialia en Baja California Sur Etiquetas &quot;Divorcios,Registros,Municipio, Oficialia,A\u00f1o&rdquo;. Publicado 01\/01\/2018,\u00a0 11:03:00 HRS Frecuencia de Actualizaci\u00f3n Anual \u00daltima modificaci\u00f3n &hellip; <a href=\"https:\/\/datos.bcs.gob.mx\/?page_id=5701\">Continued<\/a><\/p>\n","protected":false},"author":1,"featured_media":0,"parent":0,"menu_order":0,"comment_status":"closed","ping_status":"closed","template":"templates\/barra.php","meta":{"_acf_changed":false,"footnotes":"","_links_to":"","_links_to_target":""},"class_list":["post-5701","page","type-page","status-publish","hentry","catalogo_de_datos-registro-civil"],"acf":[],"_links":{"self":[{"href":"https:\/\/datos.bcs.gob.mx\/index.php?rest_route=\/wp\/v2\/pages\/5701"}],"collection":[{"href":"https:\/\/datos.bcs.gob.mx\/index.php?rest_route=\/wp\/v2\/pages"}],"about":[{"href":"https:\/\/datos.bcs.gob.mx\/index.php?rest_route=\/wp\/v2\/types\/page"}],"author":[{"embeddable":true,"href":"https:\/\/datos.bcs.gob.mx\/index.php?rest_route=\/wp\/v2\/users\/1"}],"replies":[{"embeddable":true,"href":"https:\/\/datos.bcs.gob.mx\/index.php?rest_route=%2Fwp%2Fv2%2Fcomments&post=5701"}],"version-history":[{"count":10,"href":"https:\/\/datos.bcs.gob.mx\/index.php?rest_route=\/wp\/v2\/pages\/5701\/revisions"}],"predecessor-version":[{"id":7482,"href":"https:\/\/datos.bcs.gob.mx\/index.php?rest_route=\/wp\/v2\/pages\/5701\/revisions\/7482"}],"wp:attachment":[{"href":"https:\/\/datos.bcs.gob.mx\/index.php?rest_route=%2Fwp%2Fv2%2Fmedia&parent=5701"}],"curies":[{"name":"wp","href":"https:\/\/api.w.org\/{rel}","templated":true}]}}