{"id":5324,"date":"2018-08-27T13:36:10","date_gmt":"2018-08-27T19:36:10","guid":{"rendered":"http:\/\/datos.bcs.gob.mx\/?page_id=5324"},"modified":"2018-10-05T16:14:14","modified_gmt":"2018-10-05T22:14:14","slug":"educacion","status":"publish","type":"page","link":"https:\/\/datos.bcs.gob.mx\/?page_id=5324","title":{"rendered":"Educaci\u00f3n"},"content":{"rendered":"<p style=\"font-size:140%;\"><strong>24 Conjuntos de datos publicados<\/strong><\/p>\n<p><\/br><br \/>\n<style>.wp-show-posts-columns#wpsp-5725 {margin-left: -1em; }.wp-show-posts-columns#wpsp-5725 .wp-show-posts-inner {margin: 0 0 1em 1em; }<\/style><section id=\"wpsp-5725\" class=\" wp-show-posts\" style=\"\"><article class=\" wp-show-posts-single wpsp-clearfix post-7867 page type-page status-publish hentry catalogo_de_datos-educacion\" itemtype=\"http:\/\/schema.org\/CreativeWork\" itemscope><div class=\"wp-show-posts-inner\" style=\"\">\t\t\t\t\t\t<header class=\"wp-show-posts-entry-header\">\n\t\t\t\t\t\t\t<h5 class=\"wp-show-posts-entry-title\" itemprop=\"headline\"><a href=\"https:\/\/datos.bcs.gob.mx\/?page_id=7867\" rel=\"bookmark\">Padr\u00f3n de Beneficiarios, Secretar\u00eda de Educaci\u00f3n P\u00fablica<\/a><\/h5><div class=\"wp-show-posts-entry-meta wp-show-posts-entry-meta-below-title post-meta-inline\"><span class=\"wp-show-posts-posted-on wp-show-posts-meta\">\n\t\t\t\t\t<a href=\"https:\/\/datos.bcs.gob.mx\/?page_id=7867\" title=\"12:26 pm\" rel=\"bookmark\"><time class=\"wp-show-posts-entry-date published\" datetime=\"2023-06-12T12:26:42-06:00\" itemprop=\"datePublished\">12 junio, 2023<\/time><time class=\"wp-show-posts-updated\" datetime=\"2023-06-12T12:28:19-06:00\" itemprop=\"dateModified\">12 junio, 2023<\/time><\/a>\n\t\t\t\t<\/span><\/div>\t\t\t\t\t\t<\/header><!-- .entry-header -->\n\t\t\t\t\t<\/div><!-- wp-show-posts-inner --><div class=\"wpsp-clear\"><\/div><\/article><article class=\" wp-show-posts-single wpsp-clearfix post-7752 page type-page status-publish hentry catalogo_de_datos-educacion\" itemtype=\"http:\/\/schema.org\/CreativeWork\" itemscope><div class=\"wp-show-posts-inner\" style=\"\">\t\t\t\t\t\t<header class=\"wp-show-posts-entry-header\">\n\t\t\t\t\t\t\t<h5 class=\"wp-show-posts-entry-title\" itemprop=\"headline\"><a href=\"https:\/\/datos.bcs.gob.mx\/?page_id=7752\" rel=\"bookmark\">Centros de Atenci\u00f3n Infantil<\/a><\/h5><div class=\"wp-show-posts-entry-meta wp-show-posts-entry-meta-below-title post-meta-inline\"><span class=\"wp-show-posts-posted-on wp-show-posts-meta\">\n\t\t\t\t\t<a href=\"https:\/\/datos.bcs.gob.mx\/?page_id=7752\" title=\"12:16 pm\" rel=\"bookmark\"><time class=\"wp-show-posts-entry-date published\" datetime=\"2019-08-23T12:16:45-06:00\" itemprop=\"datePublished\">23 agosto, 2019<\/time><\/a>\n\t\t\t\t<\/span><\/div>\t\t\t\t\t\t<\/header><!-- .entry-header -->\n\t\t\t\t\t<\/div><!-- wp-show-posts-inner --><div class=\"wpsp-clear\"><\/div><\/article><article class=\" wp-show-posts-single wpsp-clearfix post-6707 page type-page status-publish hentry catalogo_de_datos-educacion\" itemtype=\"http:\/\/schema.org\/CreativeWork\" itemscope><div class=\"wp-show-posts-inner\" style=\"\">\t\t\t\t\t\t<header class=\"wp-show-posts-entry-header\">\n\t\t\t\t\t\t\t<h5 class=\"wp-show-posts-entry-title\" itemprop=\"headline\"><a href=\"https:\/\/datos.bcs.gob.mx\/?page_id=6707\" rel=\"bookmark\">ESCUELAS PARA NI\u00d1OS MIGRANTES (NIVEL PREESCOLAR Y PRIMARIA)<\/a><\/h5><div class=\"wp-show-posts-entry-meta wp-show-posts-entry-meta-below-title post-meta-inline\"><span class=\"wp-show-posts-posted-on wp-show-posts-meta\">\n\t\t\t\t\t<a href=\"https:\/\/datos.bcs.gob.mx\/?page_id=6707\" title=\"12:36 pm\" rel=\"bookmark\"><time class=\"wp-show-posts-entry-date published\" datetime=\"2018-10-02T12:36:56-06:00\" itemprop=\"datePublished\">2 octubre, 2018<\/time><time class=\"wp-show-posts-updated\" datetime=\"2019-08-28T11:36:02-06:00\" itemprop=\"dateModified\">28 agosto, 2019<\/time><\/a>\n\t\t\t\t<\/span><\/div>\t\t\t\t\t\t<\/header><!-- .entry-header -->\n\t\t\t\t\t<\/div><!-- wp-show-posts-inner --><div class=\"wpsp-clear\"><\/div><\/article><article class=\" wp-show-posts-single wpsp-clearfix post-6117 page type-page status-publish hentry catalogo_de_datos-educacion\" itemtype=\"http:\/\/schema.org\/CreativeWork\" itemscope><div class=\"wp-show-posts-inner\" style=\"\">\t\t\t\t\t\t<header class=\"wp-show-posts-entry-header\">\n\t\t\t\t\t\t\t<h5 class=\"wp-show-posts-entry-title\" itemprop=\"headline\"><a href=\"https:\/\/datos.bcs.gob.mx\/?page_id=6117\" rel=\"bookmark\">SUPERVISORES DE EDUCACI\u00d3N PRIMARIA<\/a><\/h5><div class=\"wp-show-posts-entry-meta wp-show-posts-entry-meta-below-title post-meta-inline\"><span class=\"wp-show-posts-posted-on wp-show-posts-meta\">\n\t\t\t\t\t<a href=\"https:\/\/datos.bcs.gob.mx\/?page_id=6117\" title=\"12:03 pm\" rel=\"bookmark\"><time class=\"wp-show-posts-entry-date published\" datetime=\"2018-09-19T12:03:01-06:00\" itemprop=\"datePublished\">19 septiembre, 2018<\/time><time class=\"wp-show-posts-updated\" datetime=\"2019-08-28T13:29:55-06:00\" itemprop=\"dateModified\">28 agosto, 2019<\/time><\/a>\n\t\t\t\t<\/span><\/div>\t\t\t\t\t\t<\/header><!-- .entry-header -->\n\t\t\t\t\t<\/div><!-- wp-show-posts-inner --><div class=\"wpsp-clear\"><\/div><\/article><article class=\" wp-show-posts-single wpsp-clearfix post-6105 page type-page status-publish hentry catalogo_de_datos-educacion\" itemtype=\"http:\/\/schema.org\/CreativeWork\" itemscope><div class=\"wp-show-posts-inner\" style=\"\">\t\t\t\t\t\t<header class=\"wp-show-posts-entry-header\">\n\t\t\t\t\t\t\t<h5 class=\"wp-show-posts-entry-title\" itemprop=\"headline\"><a href=\"https:\/\/datos.bcs.gob.mx\/?page_id=6105\" rel=\"bookmark\">SUPERVISORES DE EDUCACI\u00d3N PREESCOLAR<\/a><\/h5><div class=\"wp-show-posts-entry-meta wp-show-posts-entry-meta-below-title post-meta-inline\"><span class=\"wp-show-posts-posted-on wp-show-posts-meta\">\n\t\t\t\t\t<a href=\"https:\/\/datos.bcs.gob.mx\/?page_id=6105\" title=\"11:51 am\" rel=\"bookmark\"><time class=\"wp-show-posts-entry-date published\" datetime=\"2018-09-19T11:51:11-06:00\" itemprop=\"datePublished\">19 septiembre, 2018<\/time><time class=\"wp-show-posts-updated\" datetime=\"2019-08-30T11:48:15-06:00\" itemprop=\"dateModified\">30 agosto, 2019<\/time><\/a>\n\t\t\t\t<\/span><\/div>\t\t\t\t\t\t<\/header><!-- .entry-header -->\n\t\t\t\t\t<\/div><!-- wp-show-posts-inner --><div class=\"wpsp-clear\"><\/div><\/article><article class=\" wp-show-posts-single wpsp-clearfix post-6085 page type-page status-publish hentry catalogo_de_datos-educacion\" itemtype=\"http:\/\/schema.org\/CreativeWork\" itemscope><div class=\"wp-show-posts-inner\" style=\"\">\t\t\t\t\t\t<header class=\"wp-show-posts-entry-header\">\n\t\t\t\t\t\t\t<h5 class=\"wp-show-posts-entry-title\" itemprop=\"headline\"><a href=\"https:\/\/datos.bcs.gob.mx\/?page_id=6085\" rel=\"bookmark\">SUPERVISORES DE EDUCACI\u00d3N F\u00cdSICA<\/a><\/h5><div class=\"wp-show-posts-entry-meta wp-show-posts-entry-meta-below-title post-meta-inline\"><span class=\"wp-show-posts-posted-on wp-show-posts-meta\">\n\t\t\t\t\t<a href=\"https:\/\/datos.bcs.gob.mx\/?page_id=6085\" title=\"11:18 am\" rel=\"bookmark\"><time class=\"wp-show-posts-entry-date published\" datetime=\"2018-09-19T11:18:50-06:00\" itemprop=\"datePublished\">19 septiembre, 2018<\/time><time class=\"wp-show-posts-updated\" datetime=\"2019-08-28T12:17:40-06:00\" itemprop=\"dateModified\">28 agosto, 2019<\/time><\/a>\n\t\t\t\t<\/span><\/div>\t\t\t\t\t\t<\/header><!-- .entry-header -->\n\t\t\t\t\t<\/div><!-- wp-show-posts-inner --><div class=\"wpsp-clear\"><\/div><\/article><article class=\" wp-show-posts-single wpsp-clearfix post-6068 page type-page status-publish hentry catalogo_de_datos-educacion\" itemtype=\"http:\/\/schema.org\/CreativeWork\" itemscope><div class=\"wp-show-posts-inner\" style=\"\">\t\t\t\t\t\t<header class=\"wp-show-posts-entry-header\">\n\t\t\t\t\t\t\t<h5 class=\"wp-show-posts-entry-title\" itemprop=\"headline\"><a href=\"https:\/\/datos.bcs.gob.mx\/?page_id=6068\" rel=\"bookmark\">PLANTELES EDUCATIVOS DE EDUCACI\u00d3N PRIMARIA<\/a><\/h5><div class=\"wp-show-posts-entry-meta wp-show-posts-entry-meta-below-title post-meta-inline\"><span class=\"wp-show-posts-posted-on wp-show-posts-meta\">\n\t\t\t\t\t<a href=\"https:\/\/datos.bcs.gob.mx\/?page_id=6068\" title=\"10:44 am\" rel=\"bookmark\"><time class=\"wp-show-posts-entry-date published\" datetime=\"2018-09-19T10:44:51-06:00\" itemprop=\"datePublished\">19 septiembre, 2018<\/time><time class=\"wp-show-posts-updated\" datetime=\"2019-08-28T11:14:47-06:00\" itemprop=\"dateModified\">28 agosto, 2019<\/time><\/a>\n\t\t\t\t<\/span><\/div>\t\t\t\t\t\t<\/header><!-- .entry-header -->\n\t\t\t\t\t<\/div><!-- wp-show-posts-inner --><div class=\"wpsp-clear\"><\/div><\/article><article class=\" wp-show-posts-single wpsp-clearfix post-6059 page type-page status-publish hentry catalogo_de_datos-educacion\" itemtype=\"http:\/\/schema.org\/CreativeWork\" itemscope><div class=\"wp-show-posts-inner\" style=\"\">\t\t\t\t\t\t<header class=\"wp-show-posts-entry-header\">\n\t\t\t\t\t\t\t<h5 class=\"wp-show-posts-entry-title\" itemprop=\"headline\"><a href=\"https:\/\/datos.bcs.gob.mx\/?page_id=6059\" rel=\"bookmark\">PLANTELES EDUCATIVOS DE EDUCACI\u00d3N PREESCOLAR<\/a><\/h5><div class=\"wp-show-posts-entry-meta wp-show-posts-entry-meta-below-title post-meta-inline\"><span class=\"wp-show-posts-posted-on wp-show-posts-meta\">\n\t\t\t\t\t<a href=\"https:\/\/datos.bcs.gob.mx\/?page_id=6059\" title=\"10:33 am\" rel=\"bookmark\"><time class=\"wp-show-posts-entry-date published\" datetime=\"2018-09-19T10:33:43-06:00\" itemprop=\"datePublished\">19 septiembre, 2018<\/time><time class=\"wp-show-posts-updated\" datetime=\"2019-04-04T11:11:43-06:00\" itemprop=\"dateModified\">4 abril, 2019<\/time><\/a>\n\t\t\t\t<\/span><\/div>\t\t\t\t\t\t<\/header><!-- .entry-header -->\n\t\t\t\t\t<\/div><!-- wp-show-posts-inner --><div class=\"wpsp-clear\"><\/div><\/article><article class=\" wp-show-posts-single wpsp-clearfix post-6039 page type-page status-publish hentry catalogo_de_datos-educacion\" itemtype=\"http:\/\/schema.org\/CreativeWork\" itemscope><div class=\"wp-show-posts-inner\" style=\"\">\t\t\t\t\t\t<header class=\"wp-show-posts-entry-header\">\n\t\t\t\t\t\t\t<h5 class=\"wp-show-posts-entry-title\" itemprop=\"headline\"><a href=\"https:\/\/datos.bcs.gob.mx\/?page_id=6039\" rel=\"bookmark\">PLANTELES EDUCATIVOS PARTICULARES DE EDUCACI\u00d3N SUPERIOR QUE CUENTAN  CON RVOE<\/a><\/h5><div class=\"wp-show-posts-entry-meta wp-show-posts-entry-meta-below-title post-meta-inline\"><span class=\"wp-show-posts-posted-on wp-show-posts-meta\">\n\t\t\t\t\t<a href=\"https:\/\/datos.bcs.gob.mx\/?page_id=6039\" title=\"9:29 am\" rel=\"bookmark\"><time class=\"wp-show-posts-entry-date published\" datetime=\"2018-09-19T09:29:50-06:00\" itemprop=\"datePublished\">19 septiembre, 2018<\/time><time class=\"wp-show-posts-updated\" datetime=\"2019-04-04T11:18:41-06:00\" itemprop=\"dateModified\">4 abril, 2019<\/time><\/a>\n\t\t\t\t<\/span><\/div>\t\t\t\t\t\t<\/header><!-- .entry-header -->\n\t\t\t\t\t<\/div><!-- wp-show-posts-inner --><div class=\"wpsp-clear\"><\/div><\/article><article class=\" wp-show-posts-single wpsp-clearfix post-6035 page type-page status-publish hentry catalogo_de_datos-educacion\" itemtype=\"http:\/\/schema.org\/CreativeWork\" itemscope><div class=\"wp-show-posts-inner\" style=\"\">\t\t\t\t\t\t<header class=\"wp-show-posts-entry-header\">\n\t\t\t\t\t\t\t<h5 class=\"wp-show-posts-entry-title\" itemprop=\"headline\"><a href=\"https:\/\/datos.bcs.gob.mx\/?page_id=6035\" rel=\"bookmark\">PLANTELES EDUCATIVOS PARTICULARES QUE CUENTAN CON ACUERDO DE INCORPORACI\u00d3N DE EDUCACI\u00d3N B\u00c1SICA<\/a><\/h5><div class=\"wp-show-posts-entry-meta wp-show-posts-entry-meta-below-title post-meta-inline\"><span class=\"wp-show-posts-posted-on wp-show-posts-meta\">\n\t\t\t\t\t<a href=\"https:\/\/datos.bcs.gob.mx\/?page_id=6035\" title=\"9:14 am\" rel=\"bookmark\"><time class=\"wp-show-posts-entry-date published\" datetime=\"2018-09-19T09:14:30-06:00\" itemprop=\"datePublished\">19 septiembre, 2018<\/time><time class=\"wp-show-posts-updated\" datetime=\"2019-08-28T10:55:42-06:00\" itemprop=\"dateModified\">28 agosto, 2019<\/time><\/a>\n\t\t\t\t<\/span><\/div>\t\t\t\t\t\t<\/header><!-- .entry-header -->\n\t\t\t\t\t<\/div><!-- wp-show-posts-inner --><div class=\"wpsp-clear\"><\/div><\/article><\/section><!-- .wp-show-posts --><div class=\"wpsp-load-more\"><span aria-current=\"page\" class=\"page-numbers current\">1<\/span>\n<a class=\"page-numbers\" href=\"https:\/\/datos.bcs.gob.mx\/index.php\/?paged=2&#038;rest_route=%2Fwp%2Fv2%2Fpages%2F5324\">2<\/a>\n<a class=\"page-numbers\" href=\"https:\/\/datos.bcs.gob.mx\/index.php\/?paged=3&#038;rest_route=%2Fwp%2Fv2%2Fpages%2F5324\">3<\/a>\n<a class=\"next page-numbers\" href=\"https:\/\/datos.bcs.gob.mx\/index.php\/?paged=2&#038;rest_route=%2Fwp%2Fv2%2Fpages%2F5324\">Next &rarr;<\/a><\/div>\n","protected":false},"excerpt":{"rendered":"<p>24 Conjuntos de datos publicados<\/p>\n","protected":false},"author":1,"featured_media":0,"parent":0,"menu_order":0,"comment_status":"closed","ping_status":"closed","template":"templates\/barra.php","meta":{"_acf_changed":false,"footnotes":"","_links_to":"","_links_to_target":""},"class_list":["post-5324","page","type-page","status-publish","hentry"],"acf":[],"_links":{"self":[{"href":"https:\/\/datos.bcs.gob.mx\/index.php?rest_route=\/wp\/v2\/pages\/5324"}],"collection":[{"href":"https:\/\/datos.bcs.gob.mx\/index.php?rest_route=\/wp\/v2\/pages"}],"about":[{"href":"https:\/\/datos.bcs.gob.mx\/index.php?rest_route=\/wp\/v2\/types\/page"}],"author":[{"embeddable":true,"href":"https:\/\/datos.bcs.gob.mx\/index.php?rest_route=\/wp\/v2\/users\/1"}],"replies":[{"embeddable":true,"href":"https:\/\/datos.bcs.gob.mx\/index.php?rest_route=%2Fwp%2Fv2%2Fcomments&post=5324"}],"version-history":[{"count":62,"href":"https:\/\/datos.bcs.gob.mx\/index.php?rest_route=\/wp\/v2\/pages\/5324\/revisions"}],"predecessor-version":[{"id":6882,"href":"https:\/\/datos.bcs.gob.mx\/index.php?rest_route=\/wp\/v2\/pages\/5324\/revisions\/6882"}],"wp:attachment":[{"href":"https:\/\/datos.bcs.gob.mx\/index.php?rest_route=%2Fwp%2Fv2%2Fmedia&parent=5324"}],"curies":[{"name":"wp","href":"https:\/\/api.w.org\/{rel}","templated":true}]}}