{"id":5236,"date":"2018-08-23T10:56:51","date_gmt":"2018-08-23T16:56:51","guid":{"rendered":"http:\/\/turismo.bcs.gob.mx\/?page_id=5236"},"modified":"2018-11-05T14:38:54","modified_gmt":"2018-11-05T20:38:54","slug":"caracteristicas-los-datos-abiertos","status":"publish","type":"page","link":"https:\/\/datos.bcs.gob.mx\/?page_id=5236","title":{"rendered":"Caracter\u00edsticas de los Datos Abiertos"},"content":{"rendered":"<style>\n p {\n  line-height: 1;\n}<\/p>\n<\/style>\n<p><\/br><\/p>\n<div class=\"row\">\n<div class=\"col-md-6\">\n<div class=\"col-md-2\">\n  <img loading=\"lazy\" decoding=\"async\" class=\"wp-image-5313 aligncenter\" src=\"http:\/\/datos.bcs.gob.mx\/wp-content\/themes\/TemaSEPUIT\/assets\/images\/gratuitos.png\" alt=\"\" width=\"40\" height=\"40\" \/>\n    <\/div>\n<div class=\"col-md-10\">\n<h5 class=\"is-mayus\"><strong>Gratuitos<\/strong><\/h5>\n<p>Obtenlos sin entregar a cambio contraprestaci\u00f3n alguna.<\/p>\n<\/p><\/div>\n<\/p><\/div>\n<p> <!--col6--><\/p>\n<div style=\"margin-top:-10px;\" class=\"col-md-6\">\n<div class=\"col-md-2\">\n   <img loading=\"lazy\" decoding=\"async\" class=\"wp-image-5313 aligncenter\" src=\"http:\/\/datos.bcs.gob.mx\/wp-content\/themes\/TemaSEPUIT\/assets\/images\/discriminatorio.png\" alt=\"\" width=\"40\" height=\"40\" \/>\n    <\/div>\n<div class=\"col-md-10\">\n<h5 class=\"is-mayus\"><strong>No discriminatorios<\/strong><\/h5>\n<p>Son accesibles sin restricciones de acceso para ninguno de los usuarios.\n   <\/p><\/div>\n<\/p><\/div>\n<p> <!--col6-->\n<\/div>\n<p> <!--row--><\/p>\n<p><!--row No. 2--><\/p>\n<div class=\"row\">\n<div class=\"col-md-6\">\n<div class=\"col-md-2\">\n  <img loading=\"lazy\" decoding=\"async\" class=\"wp-image-5313 aligncenter\" src=\"http:\/\/datos.bcs.gob.mx\/wp-content\/themes\/TemaSEPUIT\/assets\/images\/libre_uso.png\" alt=\"\" width=\"40\" height=\"40\" \/>\n    <\/div>\n<div class=\"col-md-10\">\n<h5 class=\"is-mayus\"><strong>De libre uso<\/strong><\/h5>\n<p>Citar la fuente de origen como \u00fanico requerimiento para ser utilizados libremente.\n   <\/p><\/div>\n<\/p><\/div>\n<p> <!--col6--><\/p>\n<div style=\"margin-top:-10px;\" class=\"col-md-6\">\n<div class=\"col-md-2\">\n  <img decoding=\"async\" class=\"wp-image-5313 aligncenter\" src=\"http:\/\/datos.bcs.gob.mx\/wp-content\/themes\/TemaSEPUIT\/assets\/images\/legible.png\" alt=\"\" width=\"40 height=\"40\" \/><\/p><\/div>\n<div class=\"col-md-10\">\n<h5 class=\"is-mayus\"><strong>Legibles por maquina<\/strong><\/h5>\n<p>Estructurados, total o parcialmente, para ser procesados e interpretados.\n   <\/p><\/div>\n<\/p><\/div>\n<p> <!--col6-->\n<\/div>\n<p> <!--row--><\/p>\n<p><!--row No.3--><\/p>\n<div class=\"row\">\n<div class=\"col-md-6\">\n<div class=\"col-md-2\">\n  <img loading=\"lazy\" decoding=\"async\" class=\"wp-image-5313 aligncenter\" src=\"http:\/\/datos.bcs.gob.mx\/wp-content\/themes\/TemaSEPUIT\/assets\/images\/integrales.png\" alt=\"\" width=\"40\" height=\"40\" \/><\/p><\/div>\n<div class=\"col-md-10\">\n<h5 class=\"is-mayus\"><strong>Integrales<\/strong><\/h5>\n<p>Contienen, en la medida de lo posible, el tema que describen a detalle y con los metadatos necesarios\n   <\/p><\/div>\n<\/p><\/div>\n<p> <!--col6--><\/p>\n<div style=\"margin-top:-10px;\" class=\"col-md-6\">\n<div class=\"col-md-2\">\n  <img loading=\"lazy\" decoding=\"async\" class=\"wp-image-5313 aligncenter\" src=\"http:\/\/datos.bcs.gob.mx\/wp-content\/themes\/TemaSEPUIT\/assets\/images\/primarios.png\" alt=\"\" width=\"40\" height=\"40\" \/>\n    <\/div>\n<div class=\"col-md-10\">\n<h5 class=\"is-mayus\"><strong>Primarios<\/strong><\/h5>\n<p>Provendr\u00e1n de la fuente de origen con el m\u00e1ximo nivel de desagregaci\u00f3n posible.\n   <\/p><\/div>\n<\/p><\/div>\n<p> <!--col6-->\n<\/div>\n<p> <!--row--><\/p>\n<p><!--row No. 4--><\/p>\n<div class=\"row\">\n<div class=\"col-md-6\">\n<div class=\"col-md-2\">\n  <img loading=\"lazy\" decoding=\"async\" class=\"wp-image-5313 aligncenter\" src=\"http:\/\/datos.bcs.gob.mx\/wp-content\/themes\/TemaSEPUIT\/assets\/images\/oportunos.png\" alt=\"\" width=\"40\" height=\"40\" \/><\/p><\/div>\n<div class=\"col-md-10\">\n<h5 class=\"is-mayus\"><strong>Oportunos<\/strong><\/h5>\n<p>Ser\u00e1n actualizados peri\u00f3dicamente, conforme se generen.<\/p><\/div>\n<\/p><\/div>\n<p> <!--col6--><\/p>\n<div style=\"margin-top:-10px;\" class=\"col-md-6\">\n<div class=\"col-md-2\">\n  <img loading=\"lazy\" decoding=\"async\" class=\"wp-image-5313 aligncenter\" src=\"http:\/\/datos.bcs.gob.mx\/wp-content\/themes\/TemaSEPUIT\/assets\/images\/permanentes.png\" alt=\"\" width=\"40\" height=\"40\" \/>\n    <\/div>\n<div class=\"col-md-10\">\n<h5 class=\"is-mayus\"><strong>Permanentes<\/strong><\/h5>\n<p>Se deber\u00e1n conservar en el tiempo, para lo cual, las versiones hist\u00f3ricas relevantes para uso p\u00fablico, se mantendr\u00e1n disponibles a trav\u00e9s de identificadores adecuados para tal efecto.\n   <\/p><\/div>\n<\/p><\/div>\n<p> <!--col6-->\n<\/div>\n<p> <!--row--><\/p>\n","protected":false},"excerpt":{"rendered":"<p>Gratuitos Obtenlos sin entregar a cambio contraprestaci\u00f3n alguna. No discriminatorios Son accesibles sin restricciones de acceso para ninguno de los usuarios. De libre uso Citar la fuente de origen como \u00fanico requerimiento para ser utilizados libremente.<\/p>\n","protected":false},"author":1,"featured_media":0,"parent":0,"menu_order":0,"comment_status":"closed","ping_status":"closed","template":"","meta":{"_acf_changed":false,"footnotes":"","_links_to":"","_links_to_target":""},"class_list":["post-5236","page","type-page","status-publish","hentry"],"acf":[],"_links":{"self":[{"href":"https:\/\/datos.bcs.gob.mx\/index.php?rest_route=\/wp\/v2\/pages\/5236"}],"collection":[{"href":"https:\/\/datos.bcs.gob.mx\/index.php?rest_route=\/wp\/v2\/pages"}],"about":[{"href":"https:\/\/datos.bcs.gob.mx\/index.php?rest_route=\/wp\/v2\/types\/page"}],"author":[{"embeddable":true,"href":"https:\/\/datos.bcs.gob.mx\/index.php?rest_route=\/wp\/v2\/users\/1"}],"replies":[{"embeddable":true,"href":"https:\/\/datos.bcs.gob.mx\/index.php?rest_route=%2Fwp%2Fv2%2Fcomments&post=5236"}],"version-history":[{"count":39,"href":"https:\/\/datos.bcs.gob.mx\/index.php?rest_route=\/wp\/v2\/pages\/5236\/revisions"}],"predecessor-version":[{"id":7347,"href":"https:\/\/datos.bcs.gob.mx\/index.php?rest_route=\/wp\/v2\/pages\/5236\/revisions\/7347"}],"wp:attachment":[{"href":"https:\/\/datos.bcs.gob.mx\/index.php?rest_route=%2Fwp%2Fv2%2Fmedia&parent=5236"}],"curies":[{"name":"wp","href":"https:\/\/api.w.org\/{rel}","templated":true}]}}